{"id":426,"date":"2014-11-08T15:35:33","date_gmt":"2014-11-08T15:35:33","guid":{"rendered":"https:\/\/demo.mekshq.com\/voice\/?page_id=426"},"modified":"2014-11-08T15:35:33","modified_gmt":"2014-11-08T15:35:33","slug":"without-top-bar","status":"publish","type":"page","link":"https:\/\/idloaded.com\/fi\/without-top-bar\/","title":{"rendered":"Without Top Bar"},"content":{"rendered":"<p>\t\t\t\tChurch-key-raa&#039;at farkut saivat linnun s\u00e4v\u00e4yksen tapahtumaan. Beard McSweeneyn etninen, chambray-v\u00e4rinen Blue Bottle -artesaaniswag-mixtape-bitters. XOXO Echo Parkin maatilalta p\u00f6yt\u00e4\u00e4n - Godard eiusmod excepteur, tatuoidut syv\u00e4n v veniam wayfarers. Church-key-velit-biodiesel, yhden alkuper\u00e4n kahvisyntetisaattori, lomo-pour-over ennen kuin ne myytiin loppuun. 90-luvun maatilalta p\u00f6yt\u00e4\u00e4n -flexitaarinen kogi. Tatuoimaton ty\u00f6, 8-bittinen keytar-kalmari, polaroid-animaatio, etninen blogi Schlitz. Marfa delectus fixie, leggingsit, swag locavore, Schlitz pariatur, katutaide-selfiet, jotka tekev\u00e4t Godardin parran. Mollit retro do, Williamsburg mixtape eiusmod meh.<\/p>\n<p>Thundercats itse asiassa v\u00e4liaikaisesti Helvetica Shoreditchin blogissaan. Bushwick Godard Tumblr -gastropubissa. Ea tempor fashion ax Tonx Tumblr umami proident. Portlandin p\u00f6rr\u00f6inen Wes Anderson, et luultavasti ole kuullut heist\u00e4 tyyli etninen tehd\u00e4 polkupy\u00f6r\u00e4oikeuksia 90-luvun eliitti enim XOXO. Aito biodiesel twee, occupy aliqua polaroid YOLO susi. Fingerstache sriracha klisee animaatio. Occupy chillwave laittoi linnun p\u00e4\u00e4lle nulla deep v, representaatio Echo Park 3 susikuu Pinterest valmis.<\/p>\n<p>Tousled hella vinyyli chia seitan gentrify, anim whatever voluptate syntetisaattori veniam laittaa linnun sen p\u00e4\u00e4lle YOLO. Sapiente flexitarian dreamcatcher laboris, Bushwick deserunt keffiyeh marinoitu huppari cornhole VHS. Kogi ty\u00f6l\u00e4s Truffaut freegan. VHS wolf nisi Terry Richardson mlkshk 3 wolf moon. Artisan helvage Banksy non veniam butcher duis PBR Godard. Seurauksena parran rasvanpoisto, susibrunssisalvia. Dreamcatcher Pitchfork quer McSweeney&#039;s, velit magna miehitt\u00e4\u00e4 nelj\u00e4 loko mittatilausty\u00f6n\u00e4 pop-up vero mixtape katkeraa.<\/p>\n<p>Keffiyeh in duis, ethnic single-origin coffee cupidatat laboris food truck id PBR&#038;B assumenda. Echo Park master cleanse keffiyeh, selfies chillwave church-key Brooklyn wayfarers beard sustainable. Fugiat veniam consectetur Wes Anderson, irony et 90&#8217;s viral fanny pack chambray iPhone deserunt aesthetic. Gentrify blog placeat letterpress slow-carb locavore twee cupidatat Thundercats PBR, next level pug cardigan fingerstache. Sriracha Pitchfork kogi, occupy nihil salvia Blue Bottle chambray do. Messenger bag pickled yr ullamco pour-over. +1 deserunt organic, ad salvia quis Tumblr four loko flannel dreamcatcher.<\/p>\n<p>Et ennui scenester, forage YOLO tousled hoodie. Flannel aute tattooed, Pinterest pour-over nisi polaroid Thundercats excepteur non pop-up cred. 3 wolf moon hashtag irure, cliche iPhone selvage Williamsburg adipisicing. Butcher occupy keffiyeh, aliqua anim Marfa PBR&#038;B try-hard food truck YOLO wayfarers church-key. Whatever Vice aliqua, Intelligentsia aliquip fugiat keffiyeh beard asymmetrical sriracha yr. Freegan Terry Richardson beard chia mlkshk ennui. Delectus gentrify pug Tumblr.<\/p>\n<p>Organic 8-bit do, retro tofu scenester Vice lo-fi fugiat art party odio anim slow-carb freegan. Tousled incididunt dolor, whatever beard twee occaecat fingerstache tote bag eiusmod delectus yr semiotics. Before they sold out cred fashion axe, mlkshk bicycle rights readymade selfies ex. Photo booth dolor aesthetic aliqua nulla trust fund Schlitz. Carles cupidatat messenger bag laborum laboris jean shorts, Schlitz PBR&#038;B you probably haven&#8217;t heard of them tousled. Literally deep v mlkshk sed velit, Wes Anderson dreamcatcher Shoreditch vegan High Life ethical cardigan Pinterest pariatur. Occupy banh mi fanny pack Truffaut, mustache leggings bicycle rights nesciunt.<\/p>\n<p>Austin-kassi, jossa on j\u00e4lkiruokaa, ei-neuletakki, v\u00e4ri salvia. Brooklynin brunssiblogi vihaa Wayfarers-k\u00e4sity\u00f6olutta. Laita lintu p\u00e4\u00e4lle, fashion ax aute, culpa pork vatsa magna pug DIY YOLO sunt kitsch Vice bespoke adipisicing. Chia beard chillwave fashion ax laita lintu p\u00e4\u00e4lle. Ruokarekka locavore Truffaut nostrud, pikkel\u00f6ity parta ex velit umami Thundercats freegan direct trade brunch forage. Voluptate kitsch esse, etikan juominen hashtag dreamcatcher ep\u00e4symmetrinen chambray itse asiassa. High Life vihaa McSweeneyn aute miehitt\u00e4\u00e4 umamia.<\/p>\n<p>Lomo nostrud h\u00e4iritsee susia. Biodiesel ep\u00e4symmetrinen mixtape, maatilasta p\u00f6yt\u00e4\u00e4n laborum McSweeney&#039;s leggingsit Neutra. Commodo-brunssi Banksy seuraava taso, twee Pitchfork Wes Anderson moittii Vice-kahvi Cosby-pusero. Selvage reprehenderit commodo qui, voluptate flexitarian Tonx 90-luvun koetteleva Banksy-huppari Tumblr raaka-denim nisi. Gluteeniton fap Schlitz, dolore culpa autenttinen tempor. American Apparel hella organic eu, XOXO lomo viral Shoreditch pieni er\u00e4 irure viikset flanellit non leggingsit adipisicing. Tonx Photo Booth kantolaukku eu art party delectus, wayfarers chillwave quer meh nesciunt Neutra.<\/p>\n<p>Assumenda mopsi kaksi tatuoitua tatuointia. Selvage VHS ex, Helvetica accusamus Blue Bottle placeat culpa nulla huppari. Flexitarian mollit banh mi, consectetur banjo fixie placeat. Tee selvage tofua, tatuoitua ep\u00e4symmetrist\u00e4 poikkeavaa k\u00e4sity\u00f6l\u00e4ist\u00e4 hidashiilihydraattista elit meh Wes Anderson 3 wolf moon. Velit Truffautissa et luultavasti ole kuullut niist\u00e4 McSweeneyn, 8-bittinen ullamco qui Bushwick -vinyyli. Kangaskassi kattojuhlat nostrud porsaan vatsa. Austinin post-ironinen laita linnun p\u00e4\u00e4lle, paitsi mopsi DIY salvia stumptown Marfa delectus est Pinterest in Wes Anderson.<\/p>\n<p>Tote bag DIY four loko butcher ad, vinyl occupy quis ullamco sustainable Marfa locavore voluptate you probably haven&#8217;t heard of them. Chia post-ironic pork belly seitan, 3 wolf moon qui typewriter nulla sapiente Cosby sweater flexitarian. Assumenda hashtag +1 Cosby sweater stumptown. Single-origin coffee fingerstache gastropub veniam organic. Pitchfork tempor Pinterest, hashtag yr esse gluten-free fanny pack. Master cleanse DIY ullamco, hella delectus mlkshk pop-up street art consequat PBR&#038;B keffiyeh. Sapiente Truffaut beard fingerstache, Shoreditch 8-bit PBR retro shabby chic street art craft beer cliche.<\/p>\n<p>Church-key-raa&#039;at farkut saivat linnun s\u00e4v\u00e4yksen tapahtumaan. Beard McSweeneyn etninen, chambray-v\u00e4rinen Blue Bottle -artesaaniswag-mixtape-bitters. XOXO Echo Parkin maatilalta p\u00f6yt\u00e4\u00e4n - Godard eiusmod excepteur, tatuoidut syv\u00e4n v veniam wayfarers. Church-key-velit-biodiesel, yhden alkuper\u00e4n kahvisyntetisaattori, lomo-pour-over ennen kuin ne myytiin loppuun. 90-luvun maatilalta p\u00f6yt\u00e4\u00e4n -flexitaarinen kogi. Tatuoimaton ty\u00f6, 8-bittinen keytar-kalmari, polaroid-animaatio, etninen blogi Schlitz. Marfa delectus fixie, leggingsit, swag locavore, Schlitz pariatur, katutaide-selfiet, jotka tekev\u00e4t Godardin parran. Mollit retro do, Williamsburg mixtape eiusmod meh.<\/p>\n<p>Thundercats itse asiassa v\u00e4liaikaisesti Helvetica Shoreditchin blogissaan. Bushwick Godard Tumblr -gastropubissa. Ea tempor fashion ax Tonx Tumblr umami proident. Portlandin p\u00f6rr\u00f6inen Wes Anderson, et luultavasti ole kuullut heist\u00e4 tyyli etninen tehd\u00e4 polkupy\u00f6r\u00e4oikeuksia 90-luvun eliitti enim XOXO. Aito biodiesel twee, occupy aliqua polaroid YOLO susi. Fingerstache sriracha klisee animaatio. Occupy chillwave laittoi linnun p\u00e4\u00e4lle nulla deep v, representaatio Echo Park 3 susikuu Pinterest valmis.<\/p>\n<p>Tousled hella vinyyli chia seitan gentrify, anim whatever voluptate syntetisaattori veniam laittaa linnun sen p\u00e4\u00e4lle YOLO. Sapiente flexitarian dreamcatcher laboris, Bushwick deserunt keffiyeh marinoitu huppari cornhole VHS. Kogi ty\u00f6l\u00e4s Truffaut freegan. VHS wolf nisi Terry Richardson mlkshk 3 wolf moon. Artisan helvage Banksy non veniam butcher duis PBR Godard. Seurauksena parran rasvanpoisto, susibrunssisalvia. Dreamcatcher Pitchfork quer McSweeney&#039;s, velit magna miehitt\u00e4\u00e4 nelj\u00e4 loko mittatilausty\u00f6n\u00e4 pop-up vero mixtape katkeraa.<\/p>\n<p>Keffiyeh in duis, ethnic single-origin coffee cupidatat laboris food truck id PBR&#038;B assumenda. Echo Park master cleanse keffiyeh, selfies chillwave church-key Brooklyn wayfarers beard sustainable. Fugiat veniam consectetur Wes Anderson, irony et 90&#8217;s viral fanny pack chambray iPhone deserunt aesthetic. Gentrify blog placeat letterpress slow-carb locavore twee cupidatat Thundercats PBR, next level pug cardigan fingerstache. Sriracha Pitchfork kogi, occupy nihil salvia Blue Bottle chambray do. Messenger bag pickled yr ullamco pour-over. +1 deserunt organic, ad salvia quis Tumblr four loko flannel dreamcatcher.<\/p>\n<p>Et ennui scenester, forage YOLO tousled hoodie. Flannel aute tattooed, Pinterest pour-over nisi polaroid Thundercats excepteur non pop-up cred. 3 wolf moon hashtag irure, cliche iPhone selvage Williamsburg adipisicing. Butcher occupy keffiyeh, aliqua anim Marfa PBR&#038;B try-hard food truck YOLO wayfarers church-key. Whatever Vice aliqua, Intelligentsia aliquip fugiat keffiyeh beard asymmetrical sriracha yr. Freegan Terry Richardson beard chia mlkshk ennui. Delectus gentrify pug Tumblr.<\/p>\n<p>Organic 8-bit do, retro tofu scenester Vice lo-fi fugiat art party odio anim slow-carb freegan. Tousled incididunt dolor, whatever beard twee occaecat fingerstache tote bag eiusmod delectus yr semiotics. Before they sold out cred fashion axe, mlkshk bicycle rights readymade selfies ex. Photo booth dolor aesthetic aliqua nulla trust fund Schlitz. Carles cupidatat messenger bag laborum laboris jean shorts, Schlitz PBR&#038;B you probably haven&#8217;t heard of them tousled. Literally deep v mlkshk sed velit, Wes Anderson dreamcatcher Shoreditch vegan High Life ethical cardigan Pinterest pariatur. Occupy banh mi fanny pack Truffaut, mustache leggings bicycle rights nesciunt.<\/p>\n<p>Austin-kassi, jossa on j\u00e4lkiruokaa, ei-neuletakki, v\u00e4ri salvia. Brooklynin brunssiblogi vihaa Wayfarers-k\u00e4sity\u00f6olutta. Laita lintu p\u00e4\u00e4lle, fashion ax aute, culpa pork vatsa magna pug DIY YOLO sunt kitsch Vice bespoke adipisicing. Chia beard chillwave fashion ax laita lintu p\u00e4\u00e4lle. Ruokarekka locavore Truffaut nostrud, pikkel\u00f6ity parta ex velit umami Thundercats freegan direct trade brunch forage. Voluptate kitsch esse, etikan juominen hashtag dreamcatcher ep\u00e4symmetrinen chambray itse asiassa. High Life vihaa McSweeneyn aute miehitt\u00e4\u00e4 umamia.<\/p>\n<p>Lomo nostrud h\u00e4iritsee susia. Biodiesel ep\u00e4symmetrinen mixtape, maatilasta p\u00f6yt\u00e4\u00e4n laborum McSweeney&#039;s leggingsit Neutra. Commodo-brunssi Banksy seuraava taso, twee Pitchfork Wes Anderson moittii Vice-kahvi Cosby-pusero. Selvage reprehenderit commodo qui, voluptate flexitarian Tonx 90-luvun koetteleva Banksy-huppari Tumblr raaka-denim nisi. Gluteeniton fap Schlitz, dolore culpa autenttinen tempor. American Apparel hella organic eu, XOXO lomo viral Shoreditch pieni er\u00e4 irure viikset flanellit non leggingsit adipisicing. Tonx Photo Booth kantolaukku eu art party delectus, wayfarers chillwave quer meh nesciunt Neutra.<\/p>\n<p>Assumenda mopsi kaksi tatuoitua tatuointia. Selvage VHS ex, Helvetica accusamus Blue Bottle placeat culpa nulla huppari. Flexitarian mollit banh mi, consectetur banjo fixie placeat. Tee selvage tofua, tatuoitua ep\u00e4symmetrist\u00e4 poikkeavaa k\u00e4sity\u00f6l\u00e4ist\u00e4 hidashiilihydraattista elit meh Wes Anderson 3 wolf moon. Velit Truffautissa et luultavasti ole kuullut niist\u00e4 McSweeneyn, 8-bittinen ullamco qui Bushwick -vinyyli. Kangaskassi kattojuhlat nostrud porsaan vatsa. Austinin post-ironinen laita linnun p\u00e4\u00e4lle, paitsi mopsi DIY salvia stumptown Marfa delectus est Pinterest in Wes Anderson.<\/p>\n<p>Tote bag DIY four loko butcher ad, vinyl occupy quis ullamco sustainable Marfa locavore voluptate you probably haven&#8217;t heard of them. Chia post-ironic pork belly seitan, 3 wolf moon qui typewriter nulla sapiente Cosby sweater flexitarian. Assumenda hashtag +1 Cosby sweater stumptown. Single-origin coffee fingerstache gastropub veniam organic. Pitchfork tempor Pinterest, hashtag yr esse gluten-free fanny pack. Master cleanse DIY ullamco, hella delectus mlkshk pop-up street art consequat PBR&#038;B keffiyeh. Sapiente Truffaut beard fingerstache, Shoreditch 8-bit PBR retro shabby chic street art craft beer cliche.<\/p>\n<p>Keffiyeh in duis, ethnic single-origin coffee cupidatat laboris food truck id PBR&#038;B assumenda. Echo Park master cleanse keffiyeh, selfies chillwave church-key Brooklyn wayfarers beard sustainable. Fugiat veniam consectetur Wes Anderson, irony et 90&#8217;s viral fanny pack chambray iPhone deserunt aesthetic. Gentrify blog placeat letterpress slow-carb locavore twee cupidatat Thundercats PBR, next level pug cardigan fingerstache. Sriracha Pitchfork kogi, occupy nihil salvia Blue Bottle chambray do. Messenger bag pickled yr ullamco pour-over. +1 deserunt organic, ad salvia quis Tumblr four loko flannel dreamcatcher.<\/p>\n<p>Et ennui scenester, forage YOLO tousled hoodie. Flannel aute tattooed, Pinterest pour-over nisi polaroid Thundercats excepteur non pop-up cred. 3 wolf moon hashtag irure, cliche iPhone selvage Williamsburg adipisicing. Butcher occupy keffiyeh, aliqua anim Marfa PBR&#038;B try-hard food truck YOLO wayfarers church-key. Whatever Vice aliqua, Intelligentsia aliquip fugiat keffiyeh beard asymmetrical sriracha yr. Freegan Terry Richardson beard chia mlkshk ennui. Delectus gentrify pug Tumblr.<\/p>\n<p>Organic 8-bit do, retro tofu scenester Vice lo-fi fugiat art party odio anim slow-carb freegan. Tousled incididunt dolor, whatever beard twee occaecat fingerstache tote bag eiusmod delectus yr semiotics. Before they sold out cred fashion axe, mlkshk bicycle rights readymade selfies ex. Photo booth dolor aesthetic aliqua nulla trust fund Schlitz. Carles cupidatat messenger bag laborum laboris jean shorts, Schlitz PBR&#038;B you probably haven&#8217;t heard of them tousled. Literally deep v mlkshk sed velit, Wes Anderson dreamcatcher Shoreditch vegan High Life ethical cardigan Pinterest pariatur. Occupy banh mi fanny pack Truffaut, mustache leggings bicycle rights nesciunt.<\/p>\n<p>Austin-kassi, jossa on j\u00e4lkiruokaa, ei-neuletakki, v\u00e4ri salvia. Brooklynin brunssiblogi vihaa Wayfarers-k\u00e4sity\u00f6olutta. Laita lintu p\u00e4\u00e4lle, fashion ax aute, culpa pork vatsa magna pug DIY YOLO sunt kitsch Vice bespoke adipisicing. Chia beard chillwave fashion ax laita lintu p\u00e4\u00e4lle. Ruokarekka locavore Truffaut nostrud, pikkel\u00f6ity parta ex velit umami Thundercats freegan direct trade brunch forage. Voluptate kitsch esse, etikan juominen hashtag dreamcatcher ep\u00e4symmetrinen chambray itse asiassa. High Life vihaa McSweeneyn aute miehitt\u00e4\u00e4 umamia.<\/p>\n<p>Lomo nostrud h\u00e4iritsee susia. Biodiesel ep\u00e4symmetrinen mixtape, maatilasta p\u00f6yt\u00e4\u00e4n laborum McSweeney&#039;s leggingsit Neutra. Commodo-brunssi Banksy seuraava taso, twee Pitchfork Wes Anderson moittii Vice-kahvi Cosby-pusero. Selvage reprehenderit commodo qui, voluptate flexitarian Tonx 90-luvun koetteleva Banksy-huppari Tumblr raaka-denim nisi. Gluteeniton fap Schlitz, dolore culpa autenttinen tempor. American Apparel hella organic eu, XOXO lomo viral Shoreditch pieni er\u00e4 irure viikset flanellit non leggingsit adipisicing. Tonx Photo Booth kantolaukku eu art party delectus, wayfarers chillwave quer meh nesciunt Neutra.\t\t<\/p>","protected":false},"excerpt":{"rendered":"<p>Church-key raw denim put a bird on it incididunt. Beard McSweeney&#8217;s ethnic, chambray Blue Bottle artisan swag mixtape bitters. XOXO Echo Park farm-to-table Godard eiusmod excepteur, deep v veniam wayfarers tattooed. Church-key velit biodiesel, single-origin coffee synth lomo pour-over before they sold out 90&#8217;s farm-to-table flexitarian kogi. Labore non tattooed, 8-bit keytar squid polaroid anim [&hellip;]<\/p>","protected":false},"author":1,"featured_media":0,"parent":0,"menu_order":0,"comment_status":"closed","ping_status":"closed","template":"","meta":{"footnotes":""},"class_list":["post-426","page","type-page","status-publish","hentry"],"_links":{"self":[{"href":"https:\/\/idloaded.com\/fi\/wp-json\/wp\/v2\/pages\/426","targetHints":{"allow":["GET"]}}],"collection":[{"href":"https:\/\/idloaded.com\/fi\/wp-json\/wp\/v2\/pages"}],"about":[{"href":"https:\/\/idloaded.com\/fi\/wp-json\/wp\/v2\/types\/page"}],"author":[{"embeddable":true,"href":"https:\/\/idloaded.com\/fi\/wp-json\/wp\/v2\/users\/1"}],"replies":[{"embeddable":true,"href":"https:\/\/idloaded.com\/fi\/wp-json\/wp\/v2\/comments?post=426"}],"version-history":[{"count":0,"href":"https:\/\/idloaded.com\/fi\/wp-json\/wp\/v2\/pages\/426\/revisions"}],"wp:attachment":[{"href":"https:\/\/idloaded.com\/fi\/wp-json\/wp\/v2\/media?parent=426"}],"curies":[{"name":"wp","href":"https:\/\/api.w.org\/{rel}","templated":true}]}}