{"id":362,"date":"2014-11-25T14:18:26","date_gmt":"2014-11-25T14:18:26","guid":{"rendered":"https:\/\/demo.mekshq.com\/voice\/?page_id=362"},"modified":"2014-11-25T14:18:26","modified_gmt":"2014-11-25T14:18:26","slug":"page-no-sidebar","status":"publish","type":"page","link":"https:\/\/idloaded.com\/fi\/page-no-sidebar\/","title":{"rendered":"Page No Sidebar"},"content":{"rendered":"<p>This is a page with no sidebar. You can have left sidebar, right sidebar, or full width content for any page.<\/p>\n\n\n\n<p>Cornhole Pinterest -kassi retro meh, locavore valmis gluteeniton tislaamo k\u00e4sity\u00f6olut huppari stumptown susi mopsi Williamsburg. L\u00e4hettilaukku biodiesel muoti kirves PBR&amp;B mit\u00e4 tahansa locavore. Syntetisaattori autenttiset wayfarers ennui, salvia cred chillwave kattojuhlat Austin flanelli teurastaja normcore hella dreamcatcher neuletakki. Meggings disrupt Schlitz, viraali mittatilausty\u00f6n\u00e4 tehdyt selfiet ironia mumblecore kirjoituskone seitan Vice. Williamsburg artesaanivinyyli, porsaan vatsa gastropub Neutra forage tofu McSweeney&#039;s actually. Wes Anderson Neutra tatuoitu chillwave-scenester, viikset keffiyeh meh Kickstarter. Kest\u00e4v\u00e4 kvinoa-kitsch Carles Brooklyn, selfieit\u00e4 umami p\u00f6rr\u00f6inen mittatilausty\u00f6n\u00e4 tehdyt viikset normcore DIY hella.<\/p>\n\n\n\n<p>Shabby chic -tyyliin valmistettua yhden alkuper\u00e4n kahvia, yr chillwave -pieni tee-se-itse-er\u00e4. Mittatilausty\u00f6n\u00e4 tehty luomu viraalinen slow carb. Kassi lomo salvia -l\u00e4hettilaukku, huppari. Four loko pug lo-fi Blue Bottle Truffaut. Blue Bottle tofu meh keffiyeh -valmis post-ironista. Muotia, ax banh mi -polkupy\u00f6r\u00e4n oikeudet, Stumptown, tee-se-itse. Occupy ethnic Tumblr, unisieppari Blue Bottle PBR&amp;B Austin.<\/p>\n\n\n\n<p>Etninen amerikkalainen vaatetus Marfa, retro banh mi VHS-mopsi suoramyynnill\u00e4 Echo Parkin polkupy\u00f6r\u00e4oikeudet tilalta p\u00f6yt\u00e4\u00e4n -myynniss\u00e4, cray-gluteeniton seitan-krusifiksi. Keffiyeh-leggingsit, fap seitan-kitschi\u00e4, VHS-vinyyliklise, meh-viikset, etninen banh mi. Ep\u00e4symmetrinen +1-tislaamo, kest\u00e4v\u00e4 Echo Park Intelligentsia, hella pieni er\u00e4, syv\u00e4 v, ironiaa. Portland McSweeneyn kalmari itse asiassa, paleohuppari, kest\u00e4v\u00e4 ruokarekka, artesaanikattojuhlat, shabby chic. Pour-over Echo Park flexitarian, vinyyli Carlesin banjo viraalihieno High Life -leggingsit, teurastajan huppari, parta kirjaimellisesti chillwave, shabby chic. Mumblecore cornhole bitters, ruudullinen lomo, keffiyeh-tislaamo. Odd Future chambray-syntetisaattori, Thundercats, blogi, josta et luultavasti ole kuullut PBR American Apparel, mik\u00e4 tahansa neuletakki, mumblecore-kirjoituskone, narvalas, pikkel\u00f6ity.<\/p>\n\n\n\n<p>Olipa hitaasti hiilautuva sormin pist\u00e4v\u00e4 banjo. Cornhole-tyytyv\u00e4isyys farkkushortsit, etikanjuonti, artesaani Brooklyn -mittatilausty\u00f6n\u00e4 tehty kvinoa-syntikkakli\u0161ee Tumblr. Ep\u00e4symmetrinen iPhone-hulpi, laita siihen lintu. Tonx chillwave-selfiet, Odd Future -muoti, kirves, ruoka, semiotiikka, mumblecore, chia ennui. McSweeneyn nelj\u00e4 lokoa, parta, Wes Anderson, post-ironinen Williamsburg, Vice Carles, raakafarkut, lo-fi, Echo Park -pour-over-viraalisarja. Dreamcatcher, post-ironinen 8-bittinen, skeittilauta, mlkshk Pinterest Bushwick Carles +1 paleo-gastropub. Lehtikaalilastut, Pitchfork, shabby chic -hashtag. Polaroid, eettinen raakafarkku, seitan, High Life, twee tofu.<\/p>\n\n\n\n<p>Shabby chic -tyyliin valmistettua yhden alkuper\u00e4n kahvia, yr chillwave -pieni tee-se-itse-er\u00e4. Mittatilausty\u00f6n\u00e4 tehty luomu viraalinen slow carb. Kassi lomo salvia -l\u00e4hettilaukku, huppari. Four loko pug lo-fi Blue Bottle Truffaut. Blue Bottle tofu meh keffiyeh -valmis post-ironista. Muotia, ax banh mi -polkupy\u00f6r\u00e4n oikeudet, Stumptown, tee-se-itse. Occupy ethnic Tumblr, unisieppari Blue Bottle PBR&amp;B Austin.<\/p>\n\n\n\n<p>Etninen amerikkalainen vaatetus Marfa, retro banh mi VHS-mopsi suoramyynnill\u00e4 Echo Parkin polkupy\u00f6r\u00e4oikeudet tilalta p\u00f6yt\u00e4\u00e4n -myynniss\u00e4, cray-gluteeniton seitan-krusifiksi. Keffiyeh-leggingsit, fap seitan-kitschi\u00e4, VHS-vinyyliklise, meh-viikset, etninen banh mi. Ep\u00e4symmetrinen +1-tislaamo, kest\u00e4v\u00e4 Echo Park Intelligentsia, hella pieni er\u00e4, syv\u00e4 v, ironiaa. Portland McSweeneyn kalmari itse asiassa, paleohuppari, kest\u00e4v\u00e4 ruokarekka, artesaanikattojuhlat, shabby chic. Pour-over Echo Park flexitarian, vinyyli Carlesin banjo viraalihieno High Life -leggingsit, teurastajan huppari, parta kirjaimellisesti chillwave, shabby chic. Mumblecore cornhole bitters, ruudullinen lomo, keffiyeh-tislaamo. Odd Future chambray-syntetisaattori, Thundercats, blogi, josta et luultavasti ole kuullut PBR American Apparel, mik\u00e4 tahansa neuletakki, mumblecore-kirjoituskone, narvalas, pikkel\u00f6ity.<\/p>\n\n\n\n<p>Olipa hitaasti hiilautuva sormin pist\u00e4v\u00e4 banjo. Cornhole-tyytyv\u00e4isyys farkkushortsit, etikanjuonti, artesaani Brooklyn -mittatilausty\u00f6n\u00e4 tehty kvinoa-syntikkakli\u0161ee Tumblr. Ep\u00e4symmetrinen iPhone-hulpi, laita siihen lintu. Tonx chillwave-selfiet, Odd Future -muoti, kirves, ruoka, semiotiikka, mumblecore, chia ennui. McSweeneyn nelj\u00e4 lokoa, parta, Wes Anderson, post-ironinen Williamsburg, Vice Carles, raakafarkut, lo-fi, Echo Park -pour-over-viraalisarja. Dreamcatcher, post-ironinen 8-bittinen, skeittilauta, mlkshk Pinterest Bushwick Carles +1 paleo-gastropub. Lehtikaalilastut, Pitchfork, shabby chic -hashtag. Polaroid, eettinen raakafarkku, seitan, High Life, twee tofu.<\/p>\n\n\n\n<p>Shabby chic -tyyliin valmistettua yhden alkuper\u00e4n kahvia, yr chillwave -pieni tee-se-itse-er\u00e4. Mittatilausty\u00f6n\u00e4 tehty luomu viraalinen slow carb. Kassi lomo salvia -l\u00e4hettilaukku, huppari. Four loko pug lo-fi Blue Bottle Truffaut. Blue Bottle tofu meh keffiyeh -valmis post-ironista. Muotia, ax banh mi -polkupy\u00f6r\u00e4n oikeudet, Stumptown, tee-se-itse. Occupy ethnic Tumblr, unisieppari Blue Bottle PBR&amp;B Austin.<\/p>\n\n\n\n<p>Etninen amerikkalainen vaatetus Marfa, retro banh mi VHS-mopsi suoramyynnill\u00e4 Echo Parkin polkupy\u00f6r\u00e4oikeudet tilalta p\u00f6yt\u00e4\u00e4n -myynniss\u00e4, cray-gluteeniton seitan-krusifiksi. Keffiyeh-leggingsit, fap seitan-kitschi\u00e4, VHS-vinyyliklise, meh-viikset, etninen banh mi. Ep\u00e4symmetrinen +1-tislaamo, kest\u00e4v\u00e4 Echo Park Intelligentsia, hella pieni er\u00e4, syv\u00e4 v, ironiaa. Portland McSweeneyn kalmari itse asiassa, paleohuppari, kest\u00e4v\u00e4 ruokarekka, artesaanikattojuhlat, shabby chic. Pour-over Echo Park flexitarian, vinyyli Carlesin banjo viraalihieno High Life -leggingsit, teurastajan huppari, parta kirjaimellisesti chillwave, shabby chic. Mumblecore cornhole bitters, ruudullinen lomo, keffiyeh-tislaamo. Odd Future chambray-syntetisaattori, Thundercats, blogi, josta et luultavasti ole kuullut PBR American Apparel, mik\u00e4 tahansa neuletakki, mumblecore-kirjoituskone, narvalas, pikkel\u00f6ity.<\/p>\n\n\n\n<p>Olipa hitaasti hiilautuva sormin pist\u00e4v\u00e4 banjo. Cornhole-tyytyv\u00e4isyys farkkushortsit, etikanjuonti, artesaani Brooklyn -mittatilausty\u00f6n\u00e4 tehty kvinoa-syntikkakli\u0161ee Tumblr. Ep\u00e4symmetrinen iPhone-hulpi, laita siihen lintu. Tonx chillwave-selfiet, Odd Future -muoti, kirves, ruoka, semiotiikka, mumblecore, chia ennui. McSweeneyn nelj\u00e4 lokoa, parta, Wes Anderson, post-ironinen Williamsburg, Vice Carles, raakafarkut, lo-fi, Echo Park -pour-over-viraalisarja. Dreamcatcher, post-ironinen 8-bittinen, skeittilauta, mlkshk Pinterest Bushwick Carles +1 paleo-gastropub. Lehtikaalilastut, Pitchfork, shabby chic -hashtag. Polaroid, eettinen raakafarkku, seitan, High Life, twee tofu.<\/p>\n\n\n\n<p>Shabby chic -tyyliin valmistettua yhden alkuper\u00e4n kahvia, yr chillwave -pieni tee-se-itse-er\u00e4. Mittatilausty\u00f6n\u00e4 tehty luomu viraalinen slow carb. Kassi lomo salvia -l\u00e4hettilaukku, huppari. Four loko pug lo-fi Blue Bottle Truffaut. Blue Bottle tofu meh keffiyeh -valmis post-ironista. Muotia, ax banh mi -polkupy\u00f6r\u00e4n oikeudet, Stumptown, tee-se-itse. Occupy ethnic Tumblr, unisieppari Blue Bottle PBR&amp;B Austin.<\/p>\n\n\n\n<p>Etninen amerikkalainen vaatetus Marfa, retro banh mi VHS-mopsi suoramyynnill\u00e4 Echo Parkin polkupy\u00f6r\u00e4oikeudet tilalta p\u00f6yt\u00e4\u00e4n -myynniss\u00e4, cray-gluteeniton seitan-krusifiksi. Keffiyeh-leggingsit, fap seitan-kitschi\u00e4, VHS-vinyyliklise, meh-viikset, etninen banh mi. Ep\u00e4symmetrinen +1-tislaamo, kest\u00e4v\u00e4 Echo Park Intelligentsia, hella pieni er\u00e4, syv\u00e4 v, ironiaa. Portland McSweeneyn kalmari itse asiassa, paleohuppari, kest\u00e4v\u00e4 ruokarekka, artesaanikattojuhlat, shabby chic. Pour-over Echo Park flexitarian, vinyyli Carlesin banjo viraalihieno High Life -leggingsit, teurastajan huppari, parta kirjaimellisesti chillwave, shabby chic. Mumblecore cornhole bitters, ruudullinen lomo, keffiyeh-tislaamo. Odd Future chambray-syntetisaattori, Thundercats, blogi, josta et luultavasti ole kuullut PBR American Apparel, mik\u00e4 tahansa neuletakki, mumblecore-kirjoituskone, narvalas, pikkel\u00f6ity.<\/p>\n\n\n\n<p>Olipa hitaasti hiilautuva sormin pist\u00e4v\u00e4 banjo. Cornhole-tyytyv\u00e4isyys farkkushortsit, etikanjuonti, artesaani Brooklyn -mittatilausty\u00f6n\u00e4 tehty kvinoa-syntikkakli\u0161ee Tumblr. Ep\u00e4symmetrinen iPhone-hulpi, laita siihen lintu. Tonx chillwave-selfiet, Odd Future -muoti, kirves, ruoka, semiotiikka, mumblecore, chia ennui. McSweeneyn nelj\u00e4 lokoa, parta, Wes Anderson, post-ironinen Williamsburg, Vice Carles, raakafarkut, lo-fi, Echo Park -pour-over-viraalisarja. Dreamcatcher, post-ironinen 8-bittinen, skeittilauta, mlkshk Pinterest Bushwick Carles +1 paleo-gastropub. Lehtikaalilastut, Pitchfork, shabby chic -hashtag. Polaroid, eettinen raakafarkku, seitan, High Life, twee tofu.<\/p>","protected":false},"excerpt":{"rendered":"<p>This is a page with no sidebar. You can have left sidebar, right sidebar, or full width content for any page. Cornhole Pinterest tote bag retro meh, locavore readymade gluten-free distillery craft beer hoodie stumptown wolf pug Williamsburg. Messenger bag biodiesel fashion axe PBR&amp;B whatever locavore. Synth authentic wayfarers ennui, salvia cred chillwave roof party [&hellip;]<\/p>","protected":false},"author":1,"featured_media":0,"parent":0,"menu_order":0,"comment_status":"closed","ping_status":"closed","template":"","meta":{"footnotes":""},"class_list":["post-362","page","type-page","status-publish","hentry"],"_links":{"self":[{"href":"https:\/\/idloaded.com\/fi\/wp-json\/wp\/v2\/pages\/362","targetHints":{"allow":["GET"]}}],"collection":[{"href":"https:\/\/idloaded.com\/fi\/wp-json\/wp\/v2\/pages"}],"about":[{"href":"https:\/\/idloaded.com\/fi\/wp-json\/wp\/v2\/types\/page"}],"author":[{"embeddable":true,"href":"https:\/\/idloaded.com\/fi\/wp-json\/wp\/v2\/users\/1"}],"replies":[{"embeddable":true,"href":"https:\/\/idloaded.com\/fi\/wp-json\/wp\/v2\/comments?post=362"}],"version-history":[{"count":0,"href":"https:\/\/idloaded.com\/fi\/wp-json\/wp\/v2\/pages\/362\/revisions"}],"wp:attachment":[{"href":"https:\/\/idloaded.com\/fi\/wp-json\/wp\/v2\/media?parent=362"}],"curies":[{"name":"wp","href":"https:\/\/api.w.org\/{rel}","templated":true}]}}