{"id":337,"date":"2014-11-25T13:52:17","date_gmt":"2014-11-25T13:52:17","guid":{"rendered":"https:\/\/demo.mekshq.com\/voice\/?page_id=337"},"modified":"2014-11-25T13:52:17","modified_gmt":"2014-11-25T13:52:17","slug":"lyhytkoodit","status":"publish","type":"page","link":"https:\/\/idloaded.com\/fi\/lyhytkoodit\/","title":{"rendered":"Lyhytkoodit"},"content":{"rendered":"<p>\t\t\t\tTeemassa on t\u00e4ysi tuki Meks Flexible Shortcodes WordPress -lis\u00e4osallemme. Katso esimerkkej\u00e4 siit\u00e4, mit\u00e4 voit luoda sis\u00e4sivuille\/postauksiin lyhytkoodeillamme.<\/p>\n<h3>Voit lis\u00e4t\u00e4 joitakin sarakkeita\u2026<\/h3>\n<p>[mks_col]<\/p>\n<p>[mks_one_half]Paitsi lihavia, yritt\u00e4vi\u00e4 lehtikaalilastuja ym. Meh susi anim delectus rullalauta. Forage scenester viiksiskeittilauta tee-se-itse, sapient ty\u00f6 mit\u00e4 tahansa. Eettinen suunnittelu, ei +1 p\u00f6rr\u00f6inen autenttinen. Enim viraalinen delectus seuraavalle tasolle. Kest\u00e4v\u00e4 Helvetica Brooklynin kattojuhlat, gluteeniton veniam, nostrud tatuoitu ironia, porsaanvatsa, shabby chic, joka juo etikkaa. Truffaut flexitaarinen, ei moitittava Pitchfork, maatilalta p\u00f6yt\u00e4\u00e4n Bushwickin tapahtuma.[\/mks_one_half]<\/p>\n<p>[mks_one_half]Umami parta Godard, cornhole semiotics cray eiusmod ruudullinen kirjoituskone nuhjuinen tyylik\u00e4s sartorial Wes Anderson. Non forage laborum tatuoitu, art party DIY mumblecore veniam accusamus American Apparel master puhdistaa selfiet miehitt\u00e4\u00e4 ea maatilalta p\u00f6yt\u00e4\u00e4n. Exercitation kohopaino duis ennui mittatilausty\u00f6n\u00e4 valmiina. Sapient tofu consequat nelj\u00e4 loko quer. Ennui vinyyli umami esiintyvyys Austin cardigan voluptate.[\/mks_one_half]<\/p>\n<p>[\/mks_col]<\/p>\n<h3>Ehk\u00e4 jotain edistymispalkkeja?<\/h3>\n<p>[mks_progressbar name=\u201d\u00c4lyk\u00e4s\u201d level=\u201dKorkea\u201d value=\u201d70\u2033 height=\u201d20\u2033 color=\u201d#e23a3e\u201d style=\u201dneli\u00f6\u201d]<br \/>\n[mks_progressbar name=\u201dLuova\u201d level=\u201dEritt\u00e4in korkea\u201d value=\u201d90\u2033 height=\u201d20\u2033 color=\u201d#f7c24e\u201d style=\u201dneli\u00f6\u201d]<br \/>\n[mks_progressbar name=\u201dPessimisti\u201d level=\u201dMatala\u201d value=\u201d30\u2033 height=\u201d20\u2033 color=\u201d#2c9cb1\u2033 style=\u201dneli\u00f6\u201d]<br \/>\n[mks_progressbar name=\u201dOptimist\u201d level=\u201dKeskim\u00e4\u00e4r\u00e4inen\u201d value=\u201d50\u2033 height=\u201d20\u2033 color=\u201d#000000\u2033 style=\u201dsquared\u201d]<\/p>\n<p>[mks_separator tyyli = \u201dtyhj\u00e4\u201d korkeus = \u201d20\u2033]<\/p>\n<h4>Upeita fonttikuvakkeita?<\/h4>\n<h3>[mks_icon icon=\u201dfa-power-off\u201d color=\u201d#e23a3e\u201d] [mks_icon icon=\u201dfa-cog\u201d color=\u201d#e23a3e\u201d] [mks_icon icon=\u201dfa-th-list\u201d color=\u201d#e23a3e\u201d] [mks_icon icon=\u201dfa-file-o\u201d color=\u201d#e23a3e\u201d] [mks_icon icon=\u201dfa-video-camera\u201d color=\u201d#e23a3e\u201d] [mks_icon icon=\u201dfa-calendar\u201d color=\u201d#e23a3e\u201d] [mks_icon icon=\u201dfa-book\u201d color=\u201d#e23a3e\u201d] [mks_icon icon=\u201dfa-eye\u201d color=\u201d#e23a3e\u201d] [mks_icon icon=\u201dfa-heart-o\u201d v\u00e4ri=\u201d#2c9cb1\u2033] [mks_icon kuvake=\u201dfa-sateenvarjo\u201d v\u00e4ri=\u201d#2c9cb1\u2033] [mks_icon kuvake=\u201dfa-mikrofoni\u201d v\u00e4ri=\u201d#2c9cb1\u2033]<\/h3>\n<p>[mks_separator tyyli = \u201dtyhj\u00e4\u201d korkeus = \u201d20\u2033]<\/p>\n<h3>Tai jotain hienoja nappeja?<\/h3>\n<p>[mks_button size=\u201dpieni\u201d title=\u201dPieni\u201d style=\u201dneli\u00f6\u201d url=\u201dhttps:\/\/mekshq.com\u201d target=\u201d_blank\u201d bg_color=\u201d#e23a3e\u201d txt_color=\u201d#FFFFFF\u201d icon=\u201dfa-music\u201d]<\/p>\n<p>[mks_button size=\u201dpieni\u201d title=\u201dPieni\u201d style=\u201dneli\u00f6\u201d url=\u201dhttps:\/\/mekshq.com\u201d target=\u201d_blank\u201d bg_color=\u201d#f7c24e\u201d txt_color=\u201d#FFFFFF\u201d icon=\u201dfa-music\u201d]<\/p>\n<p>[mks_button size=\u201dpieni\u201d title=\u201dPieni\u201d style=\u201dneli\u00f6\u201d url=\u201dhttps:\/\/mekshq.com\u201d target=\u201d_blank\u201d bg_color=\u201d#2c9cb1\u2033 txt_color=\u201d#FFFFFF\u201d icon=\u201dfa-music\u201d]<\/p>\n<p>[mks_separator tyyli = \u201dtyhj\u00e4\u201d korkeus = \u201d1\u2033]<\/p>\n<p>[mks_button size=\u201dmedium\u201d title=\u201dMedium\u201d style=\u201drounded\u201d url=\u201dhttps:\/\/mekshq.com\u201d target=\u201d_blank\u201d bg_color=\u201d#e23a3e\u201d txt_color=\u201d#FFFFFF\u201d icon=\u201dfa-power-off\u201d]<\/p>\n<p>[mks_button size=\u201dmedium\u201d title=\u201dMedium\u201d style=\u201drounded\u201d url=\u201dhttps:\/\/mekshq.com\u201d target=\u201d_blank\u201d bg_color=\u201d#f7c24e\u201d txt_color=\u201d#FFFFFF\u201d icon=\u201dfa-power-off\u201d]<\/p>\n<p>[mks_button size=\u201dmedium\u201d title=\u201dMedium\u201d style=\u201drounded\u201d url=\u201dhttps:\/\/mekshq.com\u201d target=\u201d_blank\u201d bg_color=\u201d#2c9cb1\u2033 txt_color=\u201d#FFFFFF\u201d icon=\u201dfa-power-off\u201d]<\/p>\n<p>[mks_separator tyyli = \u201dtyhj\u00e4\u201d korkeus = \u201d1\u2033]<\/p>\n<p>[mks_button size=\u201dlarge\u201d title=\u201dSuuri painike\u201d style=\u201drounded\u201d url=\u201dhttps:\/\/mekshq.com\u201d target=\u201d_blank\u201d bg_color=\u201d#e23a3e\u201d txt_color=\u201d#FFFFFF\u201d icon=\u201d\u201d]<\/p>\n<p>[mks_button size=\u201dlarge\u201d title=\u201dSuuri painike\u201d style=\u201drounded\u201d url=\u201dhttps:\/\/mekshq.com\u201d target=\u201d_blank\u201d bg_color=\u201d#f7c24e\u201d txt_color=\u201d#FFFFFF\u201d icon=\u201d\u201d]<\/p>\n<p>[mks_button size=\u201dlarge\u201d title=\u201dSuuri painike\u201d style=\u201drounded\u201d url=\u201dhttps:\/\/mekshq.com\u201d target=\u201d_blank\u201d bg_color=\u201d#2c9cb1\u2033 txt_color=\u201d#FFFFFF\u201d icon=\u201d\u201d]<\/p>\n<p>[mks_separator tyyli = \u201dtyhj\u00e4\u201d korkeus = \u201d20\u2033]<\/p>\n<h3>Ehk\u00e4 joitakin sosiaalisia ikoneja?<\/h3>\n<p>[mks_social icon=\u201daim\u201d size=\u201d48\u2033 style=\u201drounded\u201d url=\u201dhttp:\/\/\u201d target=\u201d_self\u201d][mks_social icon=\u201dskype\u201d size=\u201d48\u2033 style=\u201drounded\u201d url=\u201dhttp:\/\/\u201d target=\u201d_self\u201d][mks_social icon=\u201ddribbble\u201d size=\u201d48\u2033 style=\u201drounded\u201d url=\u201dhttp:\/\/\u201d target=\u201d_self\u201d][mks_social icon=\u201dfacebook\u201d size=\u201d48\u2033 style=\u201drounded\u201d url=\u201dhttp:\/\/\u201d target=\u201d_self\u201d][mks_social icon=\u201dpinterest\u201d size=\u201d48\u2033 style=\u201drounded\u201d url=\u201dhttp:\/\/\u201d target=\u201d_self\u201d][mks_social icon=\u201dlinkedin\u201d size=\u201d48\u2033 style=\u201drounded\u201d url=\u201dhttp:\/\/\u201d target=\u201d_self\u201d][mks_social icon=\u201dgrooveshark\u201d size=\u201d48\u2033 style=\u201drounded\u201d url=\u201dhttp:\/\/\u201d target=\u201d_self\u201d][mks_social icon=\u201dforrst\u201d size=\u201d48\u2033 style=\u201drounded\u201d url=\u201dhttp:\/\/\u201d target=\u201d_self\u201d][mks_social icon=\u201dinstagram\u201d size=\u201d48\u2033 style=\u201drounded\u201d url=\u201dhttp:\/\/\u201d target=\u201d_self\u201d][mks_social icon=\u201dflickr\u201d size=\u201d48\u2033 style=\u201drounded\u201d url=\u201dhttp:\/\/\u201d target=\u201d_self\u201d][mks_social icon=\u201devernote\u201d size=\u201d48\u2033 style=\u201drounded\u201d url=\u201dhttp:\/\/\u201d target=\u201d_self\u201d][mks_social icon=\u201dyahoo\u201d size=\u201d48\u2033 style=\u201drounded\u201d url=\u201dhttp:\/\/\u201d target=\u201d_self\u201d]<\/p>\n<p>[mks_social icon=\u201daim\u201d size=\u201d48\u2033 style=\u201dcircle\u201d url=\u201dhttp:\/\/\u201d target=\u201d_self\u201d][mks_social icon=\u201dskype\u201d size=\u201d48\u2033 style=\u201dcircle\u201d url=\u201dhttp:\/\/\u201d target=\u201d_self\u201d][mks_social icon=\u201ddribbble\u201d size=\u201d48\u2033 style=\u201dcircle\u201d url=\u201dhttp:\/\/\u201d target=\u201d_self\u201d][mks_social icon=\u201dfacebook\u201d size=\u201d48\u2033 style=\u201dcircle\u201d url=\u201dhttp:\/\/\u201d target=\u201d_self\u201d][mks_social icon=\u201dpinterest\u201d size=\u201d48\u2033 style=\u201dcircle\u201d url=\u201dhttp:\/\/\u201d target=\u201d_self\u201d][mks_social icon=\u201dlinkedin\u201d size=\u201d48\u2033 style=\u201dcircle\u201d url=\u201dhttp:\/\/\u201d target=\u201d_self\u201d][mks_social icon=\u201dgrooveshark\u201d size=\u201d48\u2033 style=\u201dcircle\u201d url=\u201dhttp:\/\/\u201d target=\u201d_self\u201d][mks_social icon=\u201dforrst\u201d size=\u201d48\u2033 style=\u201dcircle\u201d url=\u201dhttp:\/\/\u201d target=\u201d_self\u201d][mks_social icon=\u201dinstagram\u201d size=\u201d48\u2033 style=\u201dcircle\u201d url=\u201dhttp:\/\/\u201d target=\u201d_self\u201d][mks_social icon=\u201dflickr\u201d size=\u201d48\u2033 style=\u201dcircle\u201d url=\u201dhttp:\/\/\u201d target=\u201d_self\u201d][mks_social icon=\u201devernote\u201d size=\u201d48\u2033 style=\u201dcircle\u201d url=\u201dhttp:\/\/\u201d target=\u201d_self\u201d][mks_social icon=\u201dyahoo\u201d size=\u201d48\u2033 style=\u201dcircle\u201d url=\u201dhttp:\/\/\u201d target=\u201d_self\u201d]<\/p>\n<p>[mks_social icon=\u201daim\u201d size=\u201d48\u2033 style=\u201dsquare\u201d url=\u201dhttp:\/\/\u201d target=\u201d_self\u201d][mks_social icon=\u201dskype\u201d size=\u201d48\u2033 style=\u201dsquare\u201d url=\u201dhttp:\/\/\u201d target=\u201d_self\u201d][mks_social icon=\u201ddribbble\u201d size=\u201d48\u2033 style=\u201dsquare\u201d url=\u201dhttp:\/\/\u201d target=\u201d_self\u201d][mks_social icon=\u201dfacebook\u201d size=\u201d48\u2033 style=\u201dsquare\u201d url=\u201dhttp:\/\/\u201d target=\u201d_self\u201d][mks_social icon=\u201dpinterest\u201d size=\u201d48\u2033 style=\u201dsquare\u201d url=\u201dhttp:\/\/\u201d target=\u201d_self\u201d][mks_social icon=\u201dlinkedin\u201d size=\u201d48\u2033 style=\u201dsquare\u201d url=\u201dhttp:\/\/\u201d target=\u201d_self\u201d][mks_social icon=\u201dgrooveshark\u201d size=\u201d48\u2033 style=\u201dsquare\u201d url=\u201dhttp:\/\/\u201d target=\u201d_self\u201d][mks_social icon=\u201dforrst\u201d size=\u201d48\u2033 style=\u201dsquare\u201d url=\u201dhttp:\/\/\u201d target=\u201d_self\u201d][mks_social icon=\u201dinstagram\u201d size=\u201d48\u2033 style=\u201dsquare\u201d url=\u201dhttp:\/\/\u201d target=\u201d_self\u201d][mks_social icon=\u201dflickr\u201d size=\u201d48\u2033 style=\u201dsquare\u201d url=\u201dhttp:\/\/\u201d target=\u201d_self\u201d][mks_social icon=\u201devernote\u201d size=\u201d48\u2033 style=\u201dsquare\u201d url=\u201dhttp:\/\/\u201d target=\u201d_self\u201d][mks_social icon=\u201dyahoo\u201d size=\u201d48\u2033 style=\u201dsquare\u201d url=\u201dhttp:\/\/\u201d target=\u201d_self\u201d]<\/p>\n<div class=\"clear\">[mks_separator tyyli = \u201dtyhj\u00e4\u201d korkeus = \u201d30\u2033]<\/div>\n<h3>Dropcapsit?<\/h3>\n<p>[mks_dropcap style=\u201dletter\u201d size=\u201d50\u2033 bg_color=\u201d#ffffff\u201d txt_color=\u201d#000000\u2033]A[\/mks_dropcap]xcepteur adiposing try-hard leaves ym. Meh wolf anim delectus rullalauta. Forage scenester viiksiskeittilauta tee-se-itse, sapient work whatever. Eettinen suunnittelu, ei +1 p\u00f6rr\u00f6inen aito. Enim viral delectus seuraavalle tasolle. Kest\u00e4v\u00e4 Helvetica Brooklynin kattojuhlat, gluteeniton veniam, nostrud tatuoitu ironia, porsaanvatsa, shabby chic, joka juo etikkaa. Truffaut flexitaarinen, ei moitittava Pitchfork, maatilalta p\u00f6yt\u00e4\u00e4n Bushwickin tapahtuma.<\/p>\n<p>[mks_dropcap style=\u201dsquare\u201d size=\u201d50\u2033 bg_color=\u201d#91c842\u2033 txt_color=\u201d#ffffff\u201d]A[\/mks_dropcap]excepteur adiposing try-hard leaves ym. Meh wolf anim delectus rullalauta. Forage scenester viiksiskeittilauta tee-se-itse, sapient work whatever. Eettinen suunnittelu, ei +1 p\u00f6rr\u00f6inen aito. Enim viral delectus seuraavalle tasolle. Kest\u00e4v\u00e4 Helvetica Brooklynin kattojuhlat, gluteeniton veniam, nostrud tatuoitu ironia, porsaanvatsa, shabby chic, joka juo etikkaa. Truffaut flexitaarinen, ei moitittava Pitchfork, maatilalta p\u00f6yt\u00e4\u00e4n Bushwickin tapahtuma.<\/p>\n<p>[mks_dropcap style=\u201dcircle\u201d size=\u201d50\u2033 bg_color=\u201d#f7c24e\u201d txt_color=\u201d#ffffff\u201d]A[\/mks_dropcap]excepteur adipisicing try-hard leaves ym. Meh wolf anim delectus rullalauta. Forage scenester viiksiskeittilauta tee-se-itse, sapient work whatever. Eettinen suunnittelu, ei +1 p\u00f6rr\u00f6inen aito. Enim viral delectus seuraavalle tasolle. Kest\u00e4v\u00e4 Helvetica Brooklynin kattojuhlat, gluteeniton veniam, nostrud tatuoitu ironia, porsaanvatsa, shabby chic, joka juo etikkaa.<\/p>\n<p>[mks_dropcap style=\u201drounded\u201d size=\u201d50\u2033 bg_color=\u201d#2c9cb1\u2033 txt_color=\u201d#ffffff\u201d]A[\/mks_dropcap]excepteur adiposing try-hard leaves ym. Meh wolf anim delectus rullalauta. Forage scenester viiksiskeittilauta tee-se-itse, sapient work whatever. Eettinen suunnittelu, ei +1 p\u00f6rr\u00f6inen aito. Enim viral delectus seuraavalle tasolle. Kest\u00e4v\u00e4 Helvetica Brooklynin kattojuhlat, gluteeniton veniam, nostrud tatuoitu ironia, porsaanvatsa, shabby chic, joka juo etikkaa. Truffaut flexitaarinen, ei moitittava Pitchfork, maatilalta p\u00f6yt\u00e4\u00e4n Bushwickin tapahtuma.<\/p>\n<h3>Ved\u00e4 lainauksia?<\/h3>\n<p>[mks_pullquote align=\u201dleft\u201d width=\u201d300\u2033 size=\u201d24\u2033 bg_color=\u201d#f7c24e\u201d txt_color=\u201d#ffffff\u201d]Chia kitsch laborum, Etsy iPhone Echo Park Thundercats kirkkoavain maissinreik\u00e4 luomu lo-fi. [\/mks_pullquote] Letterpress sartorial meh lomo hashtag, eiusmod aliqua in. Semiotiikka etninen rehu, irure dreamcatcher h\u00e4irit\u00e4 wayfarers slow-carb eu. IPhone tatuoitu labore 3 wolf moon Odd Future, dolore rullalauta. Est reprehenderit mopsi mumblecore swag etninen. Chia kitsch laborum, Etsy iPhone Echo Park Thundercats kirkon avain cornhole orgaaninen lo-fi. Tuomitsee pop-up susi, kokeile pariatur k\u00e4sity\u00f6olut keytar kalmari ja laukku Echo Park. Nelj\u00e4 loko mlkshk ylpe\u00e4, yhden alkuper\u00e4n kahvi ullamco h\u00e4irit\u00e4 banh mi lo-fi freegan Shoreditch ironia. Kohopaino sartorial meh lomo hashtag, eiusmod aliqua in. Semiotiikka etninen rehu, irure dreamcatcher disrupt wayfarers slow-carb eu. IPhone tatuoitu labore 3 wolf moon Odd Future, dolore rullalauta. Est reprehenderit mopsi mumblecore swag etninen. Chia kitsch laborum, Etsy iPhone Echo Park Thundercats kirkon avain cornhole orgaaninen lo-fi.<\/p>\n<p>[mks_pullquote align=\u201dright\u201d width=\u201d300\u2033 size=\u201d24\u2033 bg_color=\u201d#2c9cb1\u2033 txt_color=\u201d#ffffff\u201d]Chia kitsch laborum, Etsy iPhone Echo Park Thundercats kirkko-avain maissinreik\u00e4 [quotetl orgaaninen lo-rehenfip. wolf, try-hard ut pariatur olut keytar kalmari et tote bag Echo Park, yksi alkuper\u00e4 kahvi ullamco disrupt banh mi freegan Shoreditch ironia Letterpress sartorial meh lomo hashtag, eiusmod aliqua in. Est reprehenderit mopsi mumblecore etninen swag, Etsy iPhone Echo Park Thundercats kirkon avain luomu-lo-fi wolf, try-hard ut pariatur craft beer keytar kalmari ja laukku Echo Park. Nelj\u00e4 loko mlkshk ylpe\u00e4, yhden alkuper\u00e4n kahvi ullamco h\u00e4irit\u00e4 banh mi lo-fi freegan Shoreditch ironia. Kohopaino sartorial meh lomo hashtag, eiusmod aliqua in. Semiotiikka etninen rehu, irure dreamcatcher disrupt wayfarers slow-carb eu. IPhone tatuoitu labore 3 wolf moon Odd Future, dolore rullalauta. Est reprehenderit mopsi mumblecore swag etninen. Chia kitsch laborum, Etsy iPhone Echo Park Thundercats kirkon avain cornhole orgaaninen lo-fi.<\/p>\n<h3>V\u00e4lilehdet?<\/h3>\n<p>[mks_tabs nav=\u201dvaakasuora\u201d]<br \/>\n[mks_tab_item title=\u201dOtsikko 1\u201d]<br \/>\nChia kitsch laborum, Etsy iPhone Echo Park Thundercats kirkon avain cornhole orgaaninen lo-fi. Tuomitsee pop-up susi, kokeile pariatur k\u00e4sity\u00f6olut keytar kalmari ja laukku Echo Park. Nelj\u00e4 loko mlkshk ylpe\u00e4, yhden alkuper\u00e4n kahvi ullamco h\u00e4irit\u00e4 banh mi lo-fi freegan Shoreditch ironia. Kohopaino sartorial meh lomo hashtag, eiusmod aliqua in. Semiotiikka etninen rehu, irure dreamcatcher disrupt wayfarers slow-carb eu. IPhone tatuoitu labore 3 wolf moon Odd Future, dolore rullalauta.<br \/>\n[mks_tab_item]<br \/>\n[mks_tab_item title=\u201dOsa 2\u201d]<br \/>\nNarvalaiden tatuoinnilla koristeltu neuletakki, kvinoa-mekkoja synteettisess\u00e4 pariaturissa, etnisi\u00e4 selfieit\u00e4, High Life. Master Cleanse -banjossa, ei Thundercatsia. Gastropub-fap fixie, Portlandin 8-bittiset Ullamco-farkkushortsit, flanelli XOXO-esse. Biodieselin seuraavan tason fixie-kohopaino, yritelty gluteeniton porsaan vatsa -ty\u00f6, aurinkoinen. Paleo, jolla on Thundercats-tyyliin tehty avain. Synteettinen church-key -mainos, Terry Richardson olettaen kes\u00e4n, bitterin maatilalta p\u00f6yt\u00e4\u00e4n -ty\u00f6, ei Ullamco-unisieppari. Kirjoituskone ex Helvetica, polaroid single-origin -kahvi hashtag-pukumixtape s\u00e4il\u00f6tty.<br \/>\n[mks_tab_item]<br \/>\n[mks_tab_item title=\u201dOsa 3\u201d]<br \/>\nKirjaimellisesti enim elit id, Vice tousled Intelligentsia. Fixie sint nostrud mlkshk, delectus synth Marfa et. Nihil VHS aito porsa belly sunt, sapiente in Austin kogi paleo PBR&amp;B 8-bit. Tumblr neuletakki h\u00e4iritsee paleo tatuoitua rahastoa, Truffaut odio sunt juontietikkaa. Polaroid-valmisteinen cray-neuletakki Shoreditch-mopsisyntikka, aito freegan aliquip banjo fugiat. S\u00e4\u00e4ti\u00f6rahasto hella McSweeney&#039;s maalta p\u00f6yt\u00e4\u00e4n reprehenderit, parta anim kirkko-key cillum eu lo-fi kirjoituskoneen ponnahdusikkuna. Quis ennen loppuunmyytyj\u00e4 scenester banjo, muotikirves nesciunt sartorial veniam Portland magna aute Vice.<br \/>\n[mks_tab_item]<br \/>\n[\/mks_tabs]<\/p>\n<p>[mks_tabs nav=\u201dvertical\u201d]<br \/>\n[mks_tab_item title=\u201dOtsikko 1\u201d]<br \/>\nChia kitsch laborum, Etsy iPhone Echo Park Thundercats kirkon avain cornhole orgaaninen lo-fi. Tuomitsee pop-up susi, kokeile pariatur k\u00e4sity\u00f6olut keytar kalmari ja laukku Echo Park. Nelj\u00e4 loko mlkshk ylpe\u00e4, yhden alkuper\u00e4n kahvi ullamco h\u00e4irit\u00e4 banh mi lo-fi freegan Shoreditch ironia. Kohopaino sartorial meh lomo hashtag, eiusmod aliqua in. Semiotiikka etninen rehu, irure dreamcatcher disrupt wayfarers slow-carb eu. IPhone tatuoitu labore 3 wolf moon Odd Future, dolore rullalauta.<br \/>\n[mks_tab_item]<br \/>\n[mks_tab_item title=\u201dOsa 2\u201d]<br \/>\nNarvalaiden tatuoinnilla koristeltu neuletakki, kvinoa-mekkoja synteettisess\u00e4 pariaturissa, etnisi\u00e4 selfieit\u00e4, High Life. Master Cleanse -banjossa, ei Thundercatsia. Gastropub-fap fixie, Portlandin 8-bittiset Ullamco-farkkushortsit, flanelli XOXO-esse. Biodieselin seuraavan tason fixie-kohopaino, yritelty gluteeniton porsaan vatsa -ty\u00f6, aurinkoinen. Paleo, jolla on Thundercats-tyyliin tehty avain. Synteettinen church-key -mainos, Terry Richardson olettaen kes\u00e4n, bitterin maatilalta p\u00f6yt\u00e4\u00e4n -ty\u00f6, ei Ullamco-unisieppari. Kirjoituskone ex Helvetica, polaroid single-origin -kahvi hashtag-pukumixtape s\u00e4il\u00f6tty.<br \/>\n[mks_tab_item]<br \/>\n[mks_tab_item title=\u201dOsa 3\u201d]<br \/>\nKirjaimellisesti enim elit id, Vice tousled Intelligentsia. Fixie sint nostrud mlkshk, delectus synth Marfa et. Nihil VHS aito porsa belly sunt, sapiente in Austin kogi paleo PBR&amp;B 8-bit. Tumblr neuletakki h\u00e4iritsee paleo tatuoitua rahastoa, Truffaut odio sunt juontietikkaa. Polaroid-valmisteinen cray-neuletakki Shoreditch-mopsisyntikka, aito freegan aliquip banjo fugiat. S\u00e4\u00e4ti\u00f6rahasto hella McSweeney&#039;s maalta p\u00f6yt\u00e4\u00e4n reprehenderit, parta anim kirkko-key cillum eu lo-fi kirjoituskoneen ponnahdusikkuna. Quis ennen loppuunmyytyj\u00e4 scenester banjo, muotikirves nesciunt sartorial veniam Portland magna aute Vice.<br \/>\n[mks_tab_item]<br \/>\n[\/mks_tabs]<\/p>\n<h3>Harmonikat?<\/h3>\n<p>[mks_harmonikka]<br \/>\n[mks_accordion_item title=\u201dOsa 1\u201d]<br \/>\nKirjaimellisesti enim elit id, Vice tousled Intelligentsia. Fixie sint nostrud mlkshk, delectus synth Marfa et. Nihil VHS aito porsa belly sunt, sapiente in Austin kogi paleo PBR&amp;B 8-bit. Tumblr neuletakki h\u00e4iritsee paleo tatuoitua rahastoa, Truffaut odio sunt juontietikkaa. Polaroid-valmisteinen cray-neuletakki Shoreditch-mopsisyntikka, aito freegan aliquip banjo fugiat. S\u00e4\u00e4ti\u00f6rahasto hella McSweeney&#039;s maalta p\u00f6yt\u00e4\u00e4n reprehenderit, parta anim kirkko-key cillum eu lo-fi kirjoituskoneen ponnahdusikkuna. Quis ennen loppuunmyytyj\u00e4 scenester banjo, muotikirves nesciunt sartorial veniam Portland magna aute Vice.<br \/>\n[\/mks_harmonikka_tuote]<br \/>\n[mks_accordion_item title=\u201dOsa 2\u201d]<br \/>\nNarvalaiden tatuoinnilla koristeltu neuletakki, kvinoa-mekkoja synteettisess\u00e4 pariaturissa, etnisi\u00e4 selfieit\u00e4, High Life. Master Cleanse -banjossa, ei Thundercatsia. Gastropub-fap fixie, Portlandin 8-bittiset Ullamco-farkkushortsit, flanelli XOXO-esse. Biodieselin seuraavan tason fixie-kohopaino, yritelty gluteeniton porsaan vatsa -ty\u00f6, aurinkoinen. Paleo, jolla on Thundercats-tyyliin tehty avain. Synteettinen church-key -mainos, Terry Richardson olettaen kes\u00e4n, bitterin maatilalta p\u00f6yt\u00e4\u00e4n -ty\u00f6, ei Ullamco-unisieppari. Kirjoituskone ex Helvetica, polaroid single-origin -kahvi hashtag-pukumixtape s\u00e4il\u00f6tty.<br \/>\n[\/mks_harmonikka_tuote]<br \/>\n[mks_accordion_item title=\u201dOsa 3\u201d]<br \/>\nChia kitsch laborum, Etsy iPhone Echo Park Thundercats kirkon avain cornhole orgaaninen lo-fi. Tuomitsee pop-up susi, kokeile pariatur k\u00e4sity\u00f6olut keytar kalmari ja laukku Echo Park. Nelj\u00e4 loko mlkshk ylpe\u00e4, yhden alkuper\u00e4n kahvi ullamco h\u00e4irit\u00e4 banh mi lo-fi freegan Shoreditch ironia. Kohopaino sartorial meh lomo hashtag, eiusmod aliqua in. Semiotiikka etninen rehu, irure dreamcatcher disrupt wayfarers slow-carb eu. IPhone tatuoitu labore 3 wolf moon Odd Future, dolore rullalauta.<br \/>\n[\/mks_harmonikka_tuote]<br \/>\n[\/mks_harmonikka]<\/p>\n<h3>Vaihda?<\/h3>\n<p>[mks_toggle title=\u201dEsimerkkiotsikko\u201d state=\u201dopen\u201d]Chia kitsch laborum, Etsy iPhone Echo Park Thundercats kirkon avain cornhole orgaaninen lo-fi. Tuomitsee pop-up susi, kokeile pariatur k\u00e4sity\u00f6olut keytar kalmari ja laukku Echo Park. Nelj\u00e4 loko mlkshk ylpe\u00e4, yhden alkuper\u00e4n kahvi ullamco h\u00e4irit\u00e4 banh mi lo-fi freegan Shoreditch ironia. Letterpress sartorial meh lomo hashtag, eiusmod aliqua in.[\/mks_toggle]<\/p>\n<p>[mks_toggle title=\u201dExample Title\u201d state=\u201dclose\u201d]Chia kitsch laborum, Etsy iPhone Echo Park Thundercats kirkon avain cornhole orgaaninen lo-fi. Tuomitsee pop-up susi, kokeile pariatur k\u00e4sity\u00f6olut keytar kalmari ja laukku Echo Park. Nelj\u00e4 loko mlkshk ylpe\u00e4, yhden alkuper\u00e4n kahvi ullamco h\u00e4irit\u00e4 banh mi lo-fi freegan Shoreditch ironia. Letterpress sartorial meh lomo hashtag, eiusmod aliqua in.[\/mks_toggle]\t\t<\/p>","protected":false},"excerpt":{"rendered":"<p>Theme comes with full support for our Meks Flexible Shortcodes WordPress plugin. Check some examples of what can you create inside page\/post content with our shortcodes. You can add some columns&#8230; [mks_col] [mks_one_half]Excepteur adipisicing try-hard kale chips et. Meh wolf anim delectus skateboard. Forage scenester mustache skateboard DIY, sapiente laborum whatever. Ethical consectetur non +1 [&hellip;]<\/p>","protected":false},"author":1,"featured_media":0,"parent":0,"menu_order":0,"comment_status":"closed","ping_status":"closed","template":"","meta":{"footnotes":""},"class_list":["post-337","page","type-page","status-publish","hentry"],"_links":{"self":[{"href":"https:\/\/idloaded.com\/fi\/wp-json\/wp\/v2\/pages\/337","targetHints":{"allow":["GET"]}}],"collection":[{"href":"https:\/\/idloaded.com\/fi\/wp-json\/wp\/v2\/pages"}],"about":[{"href":"https:\/\/idloaded.com\/fi\/wp-json\/wp\/v2\/types\/page"}],"author":[{"embeddable":true,"href":"https:\/\/idloaded.com\/fi\/wp-json\/wp\/v2\/users\/1"}],"replies":[{"embeddable":true,"href":"https:\/\/idloaded.com\/fi\/wp-json\/wp\/v2\/comments?post=337"}],"version-history":[{"count":0,"href":"https:\/\/idloaded.com\/fi\/wp-json\/wp\/v2\/pages\/337\/revisions"}],"wp:attachment":[{"href":"https:\/\/idloaded.com\/fi\/wp-json\/wp\/v2\/media?parent=337"}],"curies":[{"name":"wp","href":"https:\/\/api.w.org\/{rel}","templated":true}]}}