{"id":328,"date":"2014-11-25T13:48:50","date_gmt":"2014-11-25T13:48:50","guid":{"rendered":"https:\/\/demo.mekshq.com\/voice\/?page_id=328"},"modified":"2014-11-25T13:48:50","modified_gmt":"2014-11-25T13:48:50","slug":"typografia","status":"publish","type":"page","link":"https:\/\/idloaded.com\/fi\/typografia\/","title":{"rendered":"Typografia"},"content":{"rendered":"<p>[mks_dropcap style=\u201dsquare\u201d size=\u201d50\u2033 bg_color=\u201d#cf4d35\u2033 txt_color=\u201d#ffffff\u201d]A[\/mks_dropcap]orem ipsum Id tempor laborum in consequat ut in ecididuit id quids in sitidam it quid eu Duis sunt laborum in consequat tempor laborum seurauksena Excepteur <a href=\"https:\/\/mekshq.com\" target=\"_blank\" rel=\"noopener noreferrer\">consectetur reprehenderit<\/a> culpa deserunt cillum aute dolor dolor dolor qui. Id tempor laborum in consequat Ut in eu id eu. Shoreditch gastropubi mit\u00e4 tahansa. Reprehenderit quer polaroid aben digeth manu.<\/p>\n\n\n\n<h1 class=\"wp-block-heading\">T\u00e4m\u00e4 on H1-esimerkkiotsikko<\/h1>\n\n\n\n<p>Narwhal-l\u00e4hettilaukku, sormin kiinnitett\u00e4v\u00e4 kvinoa, ruokarekka, nelj\u00e4 loko-polkupy\u00f6r\u00e4n oikeuksia, kohopaino, laita lintu siihen, tofu, banjo, cray, semiotiikka, iPhone. Mlkshk twee, Neutral Bushwick. Williamsburgin krusifiksi, keytar-vy\u00f6laukku, American Apparel, flexitaarinen VHS. Chillwave Godard, cray-huppari, Neutra. Vinyylinen pop-up-ruokarekka, Wayfarers, semiotiikka, katutaide.<\/p>\n\n\n\n<h2 class=\"wp-block-heading\">T\u00e4m\u00e4 on H2-esimerkin otsikko.<\/h2>\n\n\n\n<p>Blogi Brooklyn keytar et ole luultavasti kuullut heist\u00e4 mixtape, swag direct trade hashtag organic church-key crucifix stumptown cliche try-hard ethnic. Flexitarian narwhal PBR&amp;B +1 locavore. Sartorial-farkkushortsit, Neutra-katutaidetta, porsaanvatsaa, viikset mittatilausty\u00f6n\u00e4.<\/p>\n\n\n\n<h3 class=\"wp-block-heading\">T\u00e4m\u00e4 on h3-esimerkkiotsikko<\/h3>\n\n\n\n<p>Narwhal-l\u00e4hettilaukku, sormin kiinnitett\u00e4v\u00e4 kvinoa, ruokarekka, nelj\u00e4 loko-polkupy\u00f6r\u00e4n oikeuksia, kohopaino, laita lintu siihen, tofu, banjo, cray, semiotiikka, iPhone. Mlkshk twee, Neutral Bushwick. Williamsburgin krusifiksi, keytar-vy\u00f6laukku, American Apparel, flexitaarinen VHS. Chillwave Godard, cray-huppari, Neutra. Vinyylinen pop-up-ruokarekka, Wayfarers, semiotiikka, katutaide.<\/p>\n\n\n\n<h4 class=\"wp-block-heading\">T\u00e4m\u00e4 on h4-esimerkkiotsikko<\/h4>\n\n\n\n<p>Blogi Brooklyn keytar et ole luultavasti kuullut heist\u00e4 mixtape, swag direct trade hashtag organic church-key crucifix stumptown cliche try-hard ethnic. Flexitarian narwhal PBR&amp;B +1 locavore. Sartorial-farkkushortsit, Neutra-katutaidetta, porsaanvatsaa, viikset mittatilausty\u00f6n\u00e4.<\/p>\n\n\n\n<h5 class=\"wp-block-heading\">T\u00e4m\u00e4 on esimerkki h5-otsikosta<\/h5>\n\n\n\n<p>Blogi Brooklyn keytar et ole luultavasti kuullut heist\u00e4 mixtape, swag direct trade hashtag organic church-key crucifix stumptown cliche try-hard ethnic. Flexitarian narwhal PBR&amp;B +1 locavore. Sartorial-farkkushortsit, Neutra-katutaidetta, porsaanvatsaa, viikset mittatilausty\u00f6n\u00e4.<\/p>\n\n\n\n<h6 class=\"wp-block-heading\">T\u00e4m\u00e4 on h6-esimerkkiotsikko<\/h6>\n\n\n\n<p>Lorem ipsum Id tempor laborum in consequat Ut in eu id eu incididunt ut sed elit quis veniam sint id sit Duis sunt Excepteur consectetur reprehenderit culpa deserunt cillum aute dolor dolor dolor qui.<\/p>\n\n\n\n<div class=\"wp-block-image\"><figure class=\"alignleft\"><a href=\"https:\/\/demo.mekshq.com\/voice\/wp-content\/uploads\/2014\/11\/voice_16.jpg\"><img decoding=\"async\" src=\"https:\/\/demo.mekshq.com\/voice\/wp-content\/uploads\/2014\/11\/voice_16-300x300.jpg\" alt=\"Muotifanaatikko\" class=\"wp-image-83\"\/><\/a><figcaption>Muotifanaatikko<\/figcaption><\/figure><\/div>\n\n\n\n<p>Kaada p\u00e4\u00e4lle ja sihise, commodo Marfa Dreamcatcher aliquip. Luottamusrahasto ennen kuin ne myytiin loppuun mumblecore YOLO. Placeat-luottamusrahaston syyllisyys, keffiyeh twee labore vero. McSweeneyn chia polaroid-susi. Laborum-vy\u00f6laukku Vice Pitchfork Tumblr, Pinterest Blue Bottle -jumppa High Life 8-bittinen mlkshk-brunssimuotikirves Helvetica. Polaroid ei-valmis, sattumanvaraiset leggingsit kohtauksessa. <a href=\"#\">Pitchfork juo etikkaa <\/a>ep\u00e4eettinen viraali. Banjo-unisieppari-nyytti Etsy. Sapient-huppari Wayfarers Mumblecore vuosi sitten adipisicing Placeat single-origin kahvi. Banksy vuosi sitten ruokarekka Neutra eiusmod forage, itse asiassa porsaanvatsahuppari mlkshk keytar synth laboris Intelligentsia. Edustaako kukaan polaroidista? XOXO syytt\u00e4\u00e4, Shoreditch gastropub mit\u00e4 tahansa. Edustaako kukaan polaroidista? XOXO syytt\u00e4\u00e4, Shoreditch gastropub.<\/p>\n\n\n\n<div class=\"wp-block-image\"><figure class=\"alignright\"><a href=\"https:\/\/demo.mekshq.com\/voice\/wp-content\/uploads\/2014\/11\/voice_61.jpg\"><img decoding=\"async\" src=\"https:\/\/demo.mekshq.com\/voice\/wp-content\/uploads\/2014\/11\/voice_61-300x200.jpg\" alt=\"Valokuvausninja\" class=\"wp-image-86\"\/><\/a><figcaption>Valokuvausninja<\/figcaption><\/figure><\/div>\n\n\n\n<p>Yhden alkuper\u00e4n kahvi <a href=\"#\">Ullamco Pariatur<\/a>, id accusamus sunt ponnahdusikkuna. Fugiat porsaan vatsa Terry Richardson 3 wolf moon, commodo placeat Intelligentsia irure huppari Etsy do Neutra aliqua cray. Pariatur leggingsit Banksy anim pour-over dolor, labore cornhole Pinterest delectus cray voluptate. Banjo-vinyyli Austin, Truffaut-skenesteri olettaen PBR&amp;B porsaan vatsa eiusmod narwhal Vice selvage meh consequat. Gastropub proident h\u00e4iritsee raaka denim consectetur, karvas Echo Park Tonx chia. Pitchfork accusamus kogi Tonx. Elit etniset Thundercats fap, erota Marfa Direct trade ja American Apparel quinoa stumptown.<\/p>\n\n\n<p>[mks_separator tyyli = \u201dsolid\u201d korkeus = \u201d1\u201d]<\/p>\n\n\n\n<h4 class=\"wp-block-heading\">Lainauslohko<\/h4>\n\n\n\n<p>\u00c4lyk\u00e4s huppari Wayfarers Mumblecore vuosi sitten adipisicing placeat single-origin coffee. Banksy vuosi sitten ruokarekka Neutra eiusmod forage, itse asiassa porsaanvatsahuppari mlkshk keytar synth laboris Intelligentsia. Edustaako polaroid XOXO:ta, Shoreditch gastropub mit\u00e4 tahansa.<\/p>\n\n\n\n<blockquote class=\"wp-block-quote is-layout-flow wp-block-quote-is-layout-flow\"><p>Aikasi on rajallinen, joten \u00e4l\u00e4 tuhlaa sit\u00e4 el\u00e4m\u00e4ll\u00e4 jonkun toisen el\u00e4m\u00e4\u00e4. \u00c4l\u00e4 j\u00e4\u00e4 dogmien ansaan \u2013 eli el\u00e4 muiden ihmisten ajattelun tulosten kanssa. \u00c4l\u00e4 anna muiden mielipiteiden melun hukuttaa omaa sis\u00e4ist\u00e4 \u00e4\u00e4nt\u00e4si. Ja mik\u00e4 t\u00e4rkeint\u00e4, ole rohkea seuraamaan syd\u00e4nt\u00e4si ja intuitiotasi.<\/p><\/blockquote>\n\n\n\n<p>\u00c4lyk\u00e4s huppari Wayfarers Mumblecore vuosi sitten adipisicing placeat single-origin coffee. Banksy vuosi sitten ruokarekka Neutra eiusmod forage, itse asiassa porsaanvatsahuppari mlkshk keytar synth laboris Intelligentsia. Edustaako polaroid XOXO:ta, Shoreditch gastropub mit\u00e4 tahansa.<\/p>\n\n\n\n<h4 class=\"wp-block-heading\">Kohokohdat<\/h4>\n\n\n\n<p>Lorem ipsum Id tempor laborum in <\/p>\n\n\n<p>[mks_highlight color=\u201d#cf4d35\u201d]<span style=\"color: #ffffff;\">veniam sint id<\/span>[\/mks_highlight]<\/p>\n\n\n\n<p> consequat Ut in eu id eu incididunt ut sed elit quis sit Duis sunt Excepteur consectetur reprehenderit culpa deserunt cillum aute dolor dolor dolor qui.<\/p>\n\n\n<p>[mks_col]<br \/>\n[mks_one_half]<\/p>\n<h4 style=\"text-align: left;\">J\u00e4rjest\u00e4m\u00e4t\u00f6n luettelo<\/h4>\n<ul>\n<li>Sapiente-huppari Wayfarers<\/li>\n<li>Pariatur-legginsit Banksy<\/li>\n<li>Pitchforkin syyt\u00f6s<\/li>\n<li>Helvetican tislaamon tuska<\/li>\n<\/ul>\n<p>[\/mks_one_half]<\/p>\n<p>[mks_one_half]<\/p>\n<h4>J\u00e4rjestetty lista<\/h4>\n<ol>\n<li>Echo Park -liikunta<\/li>\n<li>Pinterest delectus cray voluptate<\/li>\n<li>Aliqua uskoo Terry Richardsonin<\/li>\n<li>Pitchforkin syyt\u00f6s<\/li>\n<\/ol>\n<p>[\/mks_one_half]<\/p>\n<p>[\/mks_col]<\/p>\n\n\n\n<h4 class=\"wp-block-heading\">Koodiesimerkki<\/h4>\n\n\n\n<pre class=\"wp-block-preformatted\">.super_class:before{ background:url(&#039;images\/awesome.jpg&#039;) ei toistoa keskell\u00e4 keskell\u00e4; float:left; display:block; content: &quot;Mahtava&quot;; }<\/pre>\n\n\n\n<h4 class=\"wp-block-heading\">Taulukkoesimerkki<\/h4>\n\n\n\n<table class=\"wp-block-table\"><thead><tr><td>Nimi<\/td><td>Lempinimi<\/td><td>M\u00e4\u00e4r\u00e4<\/td><\/tr><\/thead><tbody><tr><td>Jill<\/td><td>Jokeri<\/td><td>50<\/td><\/tr><tr><td>Eeva<\/td><td>Batman<\/td><td>94<\/td><\/tr><tr><td>Johannes<\/td><td>Punarinta<\/td><td>80<\/td><\/tr><\/tbody><\/table>","protected":false},"excerpt":{"rendered":"<p>[mks_dropcap style=&#8221;square&#8221; size=&#8221;50&#8243; bg_color=&#8221;#cf4d35&#8243; txt_color=&#8221;#ffffff&#8221;]A[\/mks_dropcap]orem ipsum Id tempor laborum in consequat ut in eu id eu incididunt ut sed elit quis veniam sint id sit Duis sunt laborum in consequat&nbsp;tempor laborum in consequat&nbsp;Excepteur consectetur reprehenderit culpa deserunt cillum aute dolor dolor dolor qui. Id tempor laborum in consequat Ut in eu id eu.&nbsp;Shoreditch gastropub whatever.&nbsp;Reprehenderit [&hellip;]<\/p>","protected":false},"author":1,"featured_media":0,"parent":0,"menu_order":0,"comment_status":"closed","ping_status":"closed","template":"","meta":{"footnotes":""},"class_list":["post-328","page","type-page","status-publish","hentry"],"_links":{"self":[{"href":"https:\/\/idloaded.com\/fi\/wp-json\/wp\/v2\/pages\/328","targetHints":{"allow":["GET"]}}],"collection":[{"href":"https:\/\/idloaded.com\/fi\/wp-json\/wp\/v2\/pages"}],"about":[{"href":"https:\/\/idloaded.com\/fi\/wp-json\/wp\/v2\/types\/page"}],"author":[{"embeddable":true,"href":"https:\/\/idloaded.com\/fi\/wp-json\/wp\/v2\/users\/1"}],"replies":[{"embeddable":true,"href":"https:\/\/idloaded.com\/fi\/wp-json\/wp\/v2\/comments?post=328"}],"version-history":[{"count":0,"href":"https:\/\/idloaded.com\/fi\/wp-json\/wp\/v2\/pages\/328\/revisions"}],"wp:attachment":[{"href":"https:\/\/idloaded.com\/fi\/wp-json\/wp\/v2\/media?parent=328"}],"curies":[{"name":"wp","href":"https:\/\/api.w.org\/{rel}","templated":true}]}}