{"id":76,"date":"2023-12-01T00:53:30","date_gmt":"2023-12-01T03:53:30","guid":{"rendered":"http:\/\/idloaded.com\/?page_id=76"},"modified":"2024-07-04T19:23:39","modified_gmt":"2024-07-04T22:23:39","slug":"lahtiutlemine","status":"publish","type":"page","link":"https:\/\/idloaded.com\/et\/lahtiutlemine\/","title":{"rendered":"Vastutusest loobumine"},"content":{"rendered":"<h2>Vastutusest loobumine<\/h2>\n<p>IdLoadedi veebisaidil olev teave on m\u00f5eldud \u00fcldiseks teabeks. Kuigi p\u00fc\u00fcame pakkuda t\u00e4pset ja ajakohast teavet, ei garanteeri me sellel veebisaidil esitatud sisu t\u00e4ielikkust, usaldusv\u00e4\u00e4rsust ega t\u00e4psust.<\/p>\n<h3>Professionaalsed n\u00f5uanded<\/h3>\n<p>IdLoadedi sisu ei asenda professionaalset n\u00f5u, diagnoosi ega ravi. Soovitame alati konsulteerida kvalifitseeritud spetsialistiga k\u00f5igi tervise, ohutuse v\u00f5i tehnoloogia ja uuendustega seotud k\u00fcsimuste v\u00f5i muredega.<\/p>\n<h3>Eeldatav risk<\/h3>\n<p>Tehnoloogia ja uuendustega seotud tegevustel on omased riskid. Me ei vastuta vigastuste, kaotuste v\u00f5i kahjude eest, mis v\u00f5ivad tekkida sellel saidil esitatud teabe v\u00f5i k\u00e4sitletud toodete ja tehnoloogiate kasutamise tulemusena.<\/p>\n<h3>V\u00e4lised lingid<\/h3>\n<p>IdLoaded v\u00f5ib sisaldada linke v\u00e4listele veebisaitidele v\u00f5i ressurssidele. Me ei toeta ega garanteeri nendel v\u00e4listel saitidel esitatud teabe t\u00e4psust. Soovitame teil olla ettevaatlik ja vaadata l\u00e4bi k\u00f5igi k\u00fclastatavate kolmandate osapoolte veebisaitide tingimused ja privaatsuspoliitika.<\/p>\n<h3>Autori\u00f5igus ja kasutamine<\/h3>\n<p>Kogu sellel veebisaidil olev sisu, sealhulgas tekst, pildid, graafika ja muud materjalid, on autori\u00f5igusega kaitstud. Mis tahes IdLoaded sisu reprodutseerimine, levitamine v\u00f5i kasutamine ilma meie selges\u00f5nalise kirjaliku loata on keelatud.<\/p>\n<h3>Sisu muudatused<\/h3>\n<p>J\u00e4tame endale \u00f5iguse selle veebisaidi sisu oma \u00e4ran\u00e4gemise j\u00e4rgi muuta, v\u00e4rskendada v\u00f5i eemaldada.<\/p>\n<h3>N\u00f5usolek<\/h3>\n<p>IdLoadedi veebisaiti kasutades n\u00f5ustute selle teatisega ja n\u00f5ustute selle tingimustega.<\/p>\n<h3>K\u00fcsimused<\/h3>\n<p>Kui teil on selle teatise kohta k\u00fcsimusi v\u00f5i muresid, v\u00f5tke meiega \u00fchendust aadressil <a rel=\"noreferrer\">contact@idloaded.com<\/a>.<\/p>\n<p>Seda veebisaiti kasutades kinnitate, et olete selle teatise l\u00e4bi lugenud ja sellest aru saanud. Hindame teie m\u00f5istvat suhtumist ja p\u00fchendumust tehnoloogia ja uuenduste turvalise ja informatiivse kogemuse tagamisel.<\/p>","protected":false},"excerpt":{"rendered":"<p>Aviso de Isen\u00e7\u00e3o de Responsabilidade As informa\u00e7\u00f5es dispon\u00edveis no site IdLoaded s\u00e3o para fins informativos gerais. Embora nos esforcemos para fornecer informa\u00e7\u00f5es precisas e atualizadas, n\u00e3o garantimos a completude, confiabilidade ou exatid\u00e3o do conte\u00fado apresentado neste site. Conselho Profissional O conte\u00fado do IdLoaded n\u00e3o substitui o conselho, diagn\u00f3stico ou tratamento profissional. Recomendamos sempre consultar um [&hellip;]<\/p>","protected":false},"author":1,"featured_media":0,"parent":0,"menu_order":0,"comment_status":"closed","ping_status":"closed","template":"","meta":{"footnotes":""},"class_list":["post-76","page","type-page","status-publish","hentry"],"_links":{"self":[{"href":"https:\/\/idloaded.com\/et\/wp-json\/wp\/v2\/pages\/76","targetHints":{"allow":["GET"]}}],"collection":[{"href":"https:\/\/idloaded.com\/et\/wp-json\/wp\/v2\/pages"}],"about":[{"href":"https:\/\/idloaded.com\/et\/wp-json\/wp\/v2\/types\/page"}],"author":[{"embeddable":true,"href":"https:\/\/idloaded.com\/et\/wp-json\/wp\/v2\/users\/1"}],"replies":[{"embeddable":true,"href":"https:\/\/idloaded.com\/et\/wp-json\/wp\/v2\/comments?post=76"}],"version-history":[{"count":6,"href":"https:\/\/idloaded.com\/et\/wp-json\/wp\/v2\/pages\/76\/revisions"}],"predecessor-version":[{"id":507,"href":"https:\/\/idloaded.com\/et\/wp-json\/wp\/v2\/pages\/76\/revisions\/507"}],"wp:attachment":[{"href":"https:\/\/idloaded.com\/et\/wp-json\/wp\/v2\/media?parent=76"}],"curies":[{"name":"wp","href":"https:\/\/api.w.org\/{rel}","templated":true}]}}