{"id":75,"date":"2023-12-01T00:53:30","date_gmt":"2023-12-01T03:53:30","guid":{"rendered":"http:\/\/idloaded.com\/?page_id=75"},"modified":"2024-07-04T19:24:35","modified_gmt":"2024-07-04T22:24:35","slug":"meie-kohta","status":"publish","type":"page","link":"https:\/\/idloaded.com\/et\/meie-kohta\/","title":{"rendered":"Sees"},"content":{"rendered":"<h2>Teave IdLoadedi kohta<\/h2>\n<p>IdLoadedis juhib meid meie kirg integreerida tehnoloogiamaailm uusima ja k\u00f5ige asjakohasema teabega. Meie eesm\u00e4rk on olla tugipunktiks tehnoloogiahuvilistele, valdkonna professionaalidele ja k\u00f5igile, kes on huvitatud viimastest uuendustest.<\/p>\n<h3>Meie eesm\u00e4rk<\/h3>\n<p>Meie p\u00f5hieesm\u00e4rk on luua ruum, kust tehnoloogiahuvilised leiaksid laialdast teavet tehnoloogiliste uuenduste, rakendusmeetodite ja viimaste trendide kohta. P\u00fc\u00fcame \u00fchendada traditsioone innovatsiooniga, aidates professionaalidel v\u00f5tta omaks uusimad edusammud, s\u00e4ilitades samas oma traditsioonilised tavad.<\/p>\n<h3>Meie teenused<\/h3>\n<p><strong>Informatiivsed artiklid:<\/strong> Pakume laias valikus artikleid, mis k\u00e4sitlevad teemasid intelligentsest andmehaldusest kuni kantavate ja nutiseadmete uusimate teemadeni.<\/p>\n<p><strong>Kogukonna suhtlus:<\/strong> Kutsume tehnoloogiahuvilisi osalema ja oma teadmisi jagama, edendades elavat ja mitmekesist kogukonda.<\/p>\n<p><strong>Innovatsiooni esilet\u00f5stmised:<\/strong> Avastage uusimaid tehnoloogiaid, seadmeid ja vidinaid, mis kujundavad tulevikku.<\/p>\n<p><strong>Toote \u00fclevaated:<\/strong> Tehke teadlikke otsuseid meie erapooletute toote\u00fclevaadete ja soovituste abil.<\/p>\n<p><strong>\u00d5ppematerjalid:<\/strong> Meie harivate juhendite ja \u00f5petuste abil saate teadmisi kogenud spetsialistidelt ja ekspertidelt.<\/p>\n<p><strong>Meie p\u00fchendumus:<\/strong> Oleme p\u00fchendunud t\u00e4pse ja usaldusv\u00e4\u00e4rse teabe pakkumisele. Meie meeskond on p\u00fchendunud kiire tehnoloogiamaailmaga sammu pidamisele ja teiega oma teadmiste jagamisele.<\/p>\n<h3>Tunnustust<\/h3>\n<p>T\u00e4name s\u00fcdamest oma lugejaid ja kaast\u00f6\u00f6lisi. Teie tugi v\u00f5imaldab IdLoadedil areneda. Liituge meiega traditsioonide ja tehnoloogiliste uuenduste intrigeeriva kombinatsiooni avastamisel. \u00dcheskoos saame liikuda tulevikku, j\u00e4rgides samal ajal oma p\u00fchendumust teabe kvaliteedile ja t\u00e4psusele.<\/p>\n<p>T\u00e4name, et olete osa IdLoaded kogukonnast! Saate meiega \u00fchendust v\u00f5tta meie veebisaidi kaudu aadressil <a href=\"http:\/\/idloaded.com\/et\/\" target=\"_new\" rel=\"noreferrer noopener\">http:\/\/idloaded.com\/<\/a>. Lisateabe saamiseks v\u00f5ite k\u00fclastada ka meie sotsiaalmeedia lehte aadressil IdLoaded.<\/p>","protected":false},"excerpt":{"rendered":"<p>Sobre o IdLoaded No IdLoaded, somos movidos pela nossa paix\u00e3o por integrar o mundo da tecnologia com as informa\u00e7\u00f5es mais recentes e relevantes. Nosso objetivo \u00e9 ser o ponto de refer\u00eancia para entusiastas de tecnologia, profissionais da \u00e1rea e todos aqueles interessados nas \u00faltimas inova\u00e7\u00f5es. Nosso Objetivo Nosso principal objetivo \u00e9 criar um espa\u00e7o onde [&hellip;]<\/p>","protected":false},"author":1,"featured_media":0,"parent":0,"menu_order":0,"comment_status":"closed","ping_status":"closed","template":"","meta":{"footnotes":""},"class_list":["post-75","page","type-page","status-publish","hentry"],"_links":{"self":[{"href":"https:\/\/idloaded.com\/et\/wp-json\/wp\/v2\/pages\/75","targetHints":{"allow":["GET"]}}],"collection":[{"href":"https:\/\/idloaded.com\/et\/wp-json\/wp\/v2\/pages"}],"about":[{"href":"https:\/\/idloaded.com\/et\/wp-json\/wp\/v2\/types\/page"}],"author":[{"embeddable":true,"href":"https:\/\/idloaded.com\/et\/wp-json\/wp\/v2\/users\/1"}],"replies":[{"embeddable":true,"href":"https:\/\/idloaded.com\/et\/wp-json\/wp\/v2\/comments?post=75"}],"version-history":[{"count":8,"href":"https:\/\/idloaded.com\/et\/wp-json\/wp\/v2\/pages\/75\/revisions"}],"predecessor-version":[{"id":508,"href":"https:\/\/idloaded.com\/et\/wp-json\/wp\/v2\/pages\/75\/revisions\/508"}],"wp:attachment":[{"href":"https:\/\/idloaded.com\/et\/wp-json\/wp\/v2\/media?parent=75"}],"curies":[{"name":"wp","href":"https:\/\/api.w.org\/{rel}","templated":true}]}}