{"id":73,"date":"2023-12-01T00:53:30","date_gmt":"2023-12-01T03:53:30","guid":{"rendered":"http:\/\/idloaded.com\/?page_id=73"},"modified":"2024-07-04T19:18:00","modified_gmt":"2024-07-04T22:18:00","slug":"privaatsuspoliitika","status":"publish","type":"page","link":"https:\/\/idloaded.com\/et\/privaatsuspoliitika\/","title":{"rendered":"Privaatsuspoliitika"},"content":{"rendered":"<h2>IdLoadedi privaatsusjuhised<\/h2>\n<p>IdLoadedis, mille leiate aadressilt <a href=\"http:\/\/idloaded.com\/et\/\" target=\"_new\" rel=\"noreferrer noopener\">http:\/\/idloaded.com\/<\/a>, peame esmat\u00e4htsaks oma k\u00fclastajate privaatsust. See dokument kirjeldab, millist t\u00fc\u00fcpi teavet me IdLoadedis kogume ja salvestame ning kuidas me seda kasutame.<\/p>\n<p>Kui teil on lisak\u00fcsimusi v\u00f5i vajate meie privaatsusjuhiste kohta lisateavet, v\u00f5tke meiega julgelt \u00fchendust.<\/p>\n<p>Need privaatsusjuhised kehtivad ainult meie veebitegevuste kohta ja on olulised meie veebisaidi k\u00fclastajate jaoks seoses teabega, mida nad IdLoadedis jagavad ja\/v\u00f5i koguvad. Need juhised ei kehti teabe kohta, mida kogutakse v\u00f5rgu\u00fchenduseta v\u00f5i muude kanalite kaudu peale selle veebisaidi.<\/p>\n<h3>Kokkulepe<\/h3>\n<p>Meie veebisaidile sisenedes n\u00f5ustute meie privaatsusjuhistega ja n\u00f5ustute selle tingimustega.<\/p>\n<h3>Andmed, mida me kogume<\/h3>\n<p>Selgitame selgelt, miks me vajame taotletud isikuandmeid ajal, mil seda k\u00fcsime.<\/p>\n<p>Kui v\u00f5tate meiega otse \u00fchendust, v\u00f5ime saada teie kohta lisateavet, nagu teie nimi, e-posti aadress, telefoninumber, mis tahes s\u00f5numite ja\/v\u00f5i manuste sisu, mille v\u00f5ite meile saata, ja mis tahes muud teavet, mille v\u00f5ite esitada.<\/p>\n<p>Kui loote konto, v\u00f5ime k\u00fcsida teie kontaktteavet, sealhulgas selliseid elemente nagu nimi, ettev\u00f5tte nimi, aadress, e-posti aadress ja telefoninumber.<\/p>\n<h3>Kuidas me teie andmeid kasutame<\/h3>\n<p>Kasutame kogutud andmeid mitmel viisil, sealhulgas:<\/p>\n<ul>\n<li>Pakkuda, hallata ja hooldada meie veebisaiti<\/li>\n<li>T\u00e4iustage, kohandage ja laiendage meie veebisaiti<\/li>\n<li>M\u00f5istke ja anal\u00fc\u00fcsige, kuidas te meie veebisaiti kasutate<\/li>\n<li>Looge uusi tooteid, teenuseid, funktsioone ja funktsioone<\/li>\n<li>Suhtleme teiega otse v\u00f5i m\u00f5ne meie partneri kaudu klienditeeninduse, saidiga seotud v\u00e4rskenduste ja muu teabe edastamiseks ning turunduse ja reklaamimise eesm\u00e4rgil<\/li>\n<li>Saada e-kirju<\/li>\n<li>Avastage ja v\u00e4ltige pettusi<\/li>\n<\/ul>\n<h3>Registrifailid<\/h3>\n<p>IdLoaded j\u00e4rgib logifailide kasutamise standardprotseduuri. Need failid salvestavad k\u00fclastajaid, kui nad veebisaite k\u00fclastavad. K\u00f5ik hostimisettev\u00f5tted teevad seda oma hostimise anal\u00fc\u00fcsiteenuste osana. Logifailide kogutav teave h\u00f5lmab Interneti-protokolli (IP) aadresse, brauseri t\u00fc\u00fcpi, Interneti-teenuse pakkujat (ISP), kuup\u00e4eva ja kellaaja templit, viitavaid\/v\u00e4ljuvaid lehti ja v\u00f5ib-olla ka klikkide arvu. See teave ei ole seotud \u00fchegi isikut tuvastava teabega. Teabe eesm\u00e4rk on suundumuste anal\u00fc\u00fcsimine, saidi haldamine, kasutajate liikumise j\u00e4lgimine veebisaidil ja demograafilise teabe kogumine.<\/p>\n<h3>K\u00fcpsised ja veebisignaalid<\/h3>\n<p>Nagu iga teine veebisait, kasutab IdLoaded k\u00fcpsiseid. Neid k\u00fcpsiseid kasutatakse teabe, sealhulgas k\u00fclastajate eelistuste ja veebisaidi lehtede salvestamiseks, mida k\u00fclastaja k\u00fclastas v\u00f5i k\u00fclastas. Seda teavet kasutatakse kasutajate kogemuse optimeerimiseks, kohandades meie veebilehe sisu vastavalt k\u00fclastaja brauseri t\u00fc\u00fcbile ja\/v\u00f5i muule teabele.<\/p>\n<h3>Google DoubleClick DART-k\u00fcpsis<\/h3>\n<p>Google on meie saidil \u00fcks kolmandatest osapooltest. Samuti kasutab see k\u00fcpsiseid, mida nimetatakse DART-k\u00fcpsisteks, et pakkuda meie veebisaidi k\u00fclastajatele reklaame nende k\u00fclastuse p\u00f5hjal <a href=\"http:\/\/www.website.com\" target=\"_new\" rel=\"noreferrer noopener\">www.website.com<\/a> ja muudel Interneti-saitidel. K\u00fcll aga v\u00f5ivad k\u00fclastajad keelduda DART-k\u00fcpsiste kasutamisest, k\u00fclastades Google&#039;i reklaami- ja sisuv\u00f5rgu privaatsuspoliitikat j\u00e4rgmisel URL-il \u2013 <a href=\"https:\/\/policies.google.com\/technologies\/ads\" target=\"_new\" rel=\"noreferrer noopener\">https:\/\/policies.google.com\/technologies\/ads<\/a>.<\/p>\n<h3>Privaatsusjuhised IdLoaded Advertising Partnersile<\/h3>\n<p>Saate vaadata seda loendit, et leida iga IdLoadedi reklaamipartneri privaatsusjuhised.<\/p>\n<p>Kolmanda osapoole reklaamiserverid v\u00f5i reklaamiv\u00f5rgud kasutavad oma vastavates reklaamides ja linkides, mis kuvatakse saidil IdLoaded ja mis saadetakse otse kasutajate brauserisse, selliseid tehnoloogiaid nagu k\u00fcpsised, JavaScript v\u00f5i veebimajakad. Kui see juhtub, saavad nad teie IP-aadressi automaatselt. Neid tehnoloogiaid kasutatakse nende reklaamikampaaniate t\u00f5hususe m\u00f5\u00f5tmiseks ja\/v\u00f5i k\u00fclastatavatel veebisaitidel kuvatava reklaamisisu isikup\u00e4rastamiseks.<\/p>\n<p>Pange t\u00e4hele, et IdLoadedil ei ole juurdep\u00e4\u00e4su ega kontrolli kolmandate osapoolte reklaamijate kasutatavatele k\u00fcpsistele.<\/p>\n<h3>Kolmanda osapoole privaatsusjuhised<\/h3>\n<p>IdLoadedi privaatsuspoliitika ei kehti teistele reklaamijatele ega veebisaitidele. Seet\u00f5ttu soovitame teil \u00fcksikasjalikuma teabe saamiseks tutvuda nende kolmandate osapoolte reklaamiserverite vastavate privaatsuseeskirjadega. See v\u00f5ib sisaldada tavasid ja juhiseid teatud valikutest loobumise kohta.<\/p>\n<p>Teil on v\u00f5imalus k\u00fcpsised keelata oma brauseri individuaalsete valikute kaudu. T\u00e4psema teabe saamiseks k\u00fcpsiste haldamise kohta konkreetsete veebibrauseritega leiate selle brauserite vastavatelt veebisaitidelt.<\/p>\n<h3>CCPA privaatsus\u00f5igused (\u00e4ra m\u00fc\u00fc minu isikuandmeid)<\/h3>\n<p>CCPA alusel on California tarbijatel \u00f5igus:<\/p>\n<ul>\n<li>N\u00f5uda, et tarbija isikuandmeid koguv ettev\u00f5tja avalikustaks kategooriad ja konkreetsed isikuandmete osad, mida ettev\u00f5te on tarbijate kohta kogunud.<\/li>\n<li>Taotlege, et ettev\u00f5te kustutaks k\u00f5ik tarbija isikuandmed, mida ettev\u00f5te on kogunud.<\/li>\n<li>N\u00f5uda, et tarbija isikuandmeid m\u00fc\u00fcv ettev\u00f5te ei m\u00fc\u00fcks tarbija isikuandmeid.<\/li>\n<\/ul>\n<p>Kui esitate p\u00e4ringu, on meil teile vastamiseks aega \u00fcks kuu. Kui soovite m\u00f5nda neist \u00f5igustest kasutada, v\u00f5tke meiega \u00fchendust.<\/p>\n<h3>GDPR andmekaitse\u00f5igused<\/h3>\n<p>Soovime tagada, et olete t\u00e4ielikult teadlik k\u00f5igist oma andmekaitse\u00f5igustest. Igal kasutajal on \u00f5igus j\u00e4rgmisele:<\/p>\n<ul>\n<li>Juurdep\u00e4\u00e4su\u00f5igus \u2013 Teil on \u00f5igus n\u00f5uda oma isikuandmete koopiaid. V\u00f5ime selle teenuse eest v\u00f5tta v\u00e4ikese tasu.<\/li>\n<li>\u00d5igus andmete parandamisele \u2013 teil on \u00f5igus n\u00f5uda, et me parandaksime mis tahes teabe, mis teie arvates on eba\u00f5ige. Samuti on teil \u00f5igus n\u00f5uda, et me t\u00e4iendaksime teavet, mis teie arvates on puudulik.<\/li>\n<li>\u00d5igus kustutamisele \u2013 teil on teatud tingimustel \u00f5igus n\u00f5uda, et me kustutaksime teie isikuandmed.<\/li>\n<li>\u00d5igus piirata t\u00f6\u00f6tlemist \u2013 Teil on \u00f5igus n\u00f5uda, et me piirame teie isikuandmete t\u00f6\u00f6tlemist teatud tingimustel.<\/li>\n<li>\u00d5igus esitada vastuv\u00e4iteid t\u00f6\u00f6tlemisele \u2013 teil on teatud tingimustel \u00f5igus esitada vastuv\u00e4iteid teie isikuandmete t\u00f6\u00f6tlemisele meie poolt.<\/li>\n<li>\u00d5igus andmete teisaldatavusele \u2013 Teil on \u00f5igus n\u00f5uda, et me edastaksime kogutud andmed teatud tingimustel teisele organisatsioonile v\u00f5i otse teile.<\/li>\n<\/ul>\n<p>Kui esitate p\u00e4ringu, on meil teile vastamiseks aega \u00fcks kuu. Kui soovite m\u00f5nda neist \u00f5igustest kasutada, v\u00f5tke meiega \u00fchendust.<\/p>\n<h3>Teave alaealiste kohta<\/h3>\n<p>\u00dcks meie suurimaid prioriteete on lastele Interneti-kasutamise ajal kaitse lisamine. Julgustame vanemaid ja eestkostjaid oma veebitegevusi j\u00e4lgima, neis osalema ja\/v\u00f5i j\u00e4lgima ja juhendama.<\/p>\n<p>IdLoaded ei kogu alla 13-aastastelt lastelt teadlikult isikut tuvastavat teavet. Kui arvate, et teie laps on meie veebisaidil sellist teavet esitanud, soovitame teil tungivalt meiega viivitamatult \u00fchendust v\u00f5tta ja teeme k\u00f5ik endast oleneva, et selline teave kiiresti meie registritest eemaldada.<\/p>\n<h3>Meie privaatsusjuhiste v\u00e4rskendused<\/h3>\n<p>Meie privaatsusjuhised v\u00f5ivad aeg-ajalt muutuda. Seet\u00f5ttu soovitame teil seda lehte regulaarselt k\u00fclastada, et olla kursis muudatustega. Teavitame teid k\u00f5igist uuendustest, postitades sellele lehele muudetud privaatsusjuhised. Need v\u00e4rskendused j\u00f5ustuvad kohe p\u00e4rast sellele lehele postitamist.<\/p>\n<p>Meie privaatsusjuhiste loomisel aitas kaasa privaatsuspoliitika generaator.<\/p>\n<h3>V\u00f5tke meiega \u00fchendust<\/h3>\n<p>Kui teil on meie privaatsusjuhiste kohta k\u00fcsimusi v\u00f5i ettepanekuid, v\u00f5tke meiega \u00fchendust aadressil IdLoaded. Leiate meid meie veebisaidilt aadressil <a href=\"http:\/\/idloaded.com\/et\/\" target=\"_new\" rel=\"noreferrer noopener\">http:\/\/idloaded.com\/<\/a>. Lisateabe saamiseks v\u00f5ite vaadata ka meie sotsiaalmeedia lehte aadressil IdLoaded.<\/p>","protected":false},"excerpt":{"rendered":"<p>Diretrizes de Privacidade para IdLoaded No IdLoaded, que pode ser encontrado em http:\/\/idloaded.com\/, priorizamos a privacidade dos nossos visitantes. Este documento descreve os tipos de informa\u00e7\u00f5es que coletamos e registramos no IdLoaded e como as utilizamos. Caso tenha mais perguntas ou precise de mais detalhes sobre nossas Diretrizes de Privacidade, sinta-se \u00e0 vontade para nos [&hellip;]<\/p>","protected":false},"author":1,"featured_media":0,"parent":0,"menu_order":0,"comment_status":"closed","ping_status":"closed","template":"","meta":{"footnotes":""},"class_list":["post-73","page","type-page","status-publish","hentry"],"_links":{"self":[{"href":"https:\/\/idloaded.com\/et\/wp-json\/wp\/v2\/pages\/73","targetHints":{"allow":["GET"]}}],"collection":[{"href":"https:\/\/idloaded.com\/et\/wp-json\/wp\/v2\/pages"}],"about":[{"href":"https:\/\/idloaded.com\/et\/wp-json\/wp\/v2\/types\/page"}],"author":[{"embeddable":true,"href":"https:\/\/idloaded.com\/et\/wp-json\/wp\/v2\/users\/1"}],"replies":[{"embeddable":true,"href":"https:\/\/idloaded.com\/et\/wp-json\/wp\/v2\/comments?post=73"}],"version-history":[{"count":6,"href":"https:\/\/idloaded.com\/et\/wp-json\/wp\/v2\/pages\/73\/revisions"}],"predecessor-version":[{"id":503,"href":"https:\/\/idloaded.com\/et\/wp-json\/wp\/v2\/pages\/73\/revisions\/503"}],"wp:attachment":[{"href":"https:\/\/idloaded.com\/et\/wp-json\/wp\/v2\/media?parent=73"}],"curies":[{"name":"wp","href":"https:\/\/api.w.org\/{rel}","templated":true}]}}