{"id":69,"date":"2023-12-01T00:51:50","date_gmt":"2023-12-01T03:51:50","guid":{"rendered":"http:\/\/idloaded.com\/?page_id=69"},"modified":"2024-07-04T19:21:46","modified_gmt":"2024-07-04T22:21:46","slug":"votke-meiega-uhendust","status":"publish","type":"page","link":"https:\/\/idloaded.com\/et\/votke-meiega-uhendust\/","title":{"rendered":"V\u00f5tke \u00fchendust"},"content":{"rendered":"<h2>V\u00f5tke meiega \u00fchendust<\/h2>\n<p>T\u00e4name, et tundsite huvi IdLoadedi vastu. Hindame teie arvamusi ja k\u00fcsimusi. Siin on v\u00f5imalused meiega \u00fchendust v\u00f5tmiseks:<\/p>\n<h3>E-post<\/h3>\n<p>\u00dcldiste k\u00fcsimuste, ettepanekute v\u00f5i kommentaaride korral saatke e-kiri <a rel=\"noreferrer\">contact@idloaded.com<\/a>. Meie meeskond p\u00fc\u00fcab teie k\u00fcsimustele vastata nii kiiresti kui v\u00f5imalik.<\/p>\n<h3>Kontaktivorm<\/h3>\n<p>Kui teil on konkreetseid k\u00fcsimusi v\u00f5i soovite esitada tehnoloogiaga seotud artiklit, saatke e-kiri <a rel=\"noreferrer\">contact@idloaded.com<\/a>. Ootame kaast\u00f6id \u00fcldinfos\u00f5pradelt ja tehnoloogiahuvilistelt.<\/p>\n<h3>Postiaadress<\/h3>\n<p>Kui eelistate traditsioonilist posti, leiate meid j\u00e4rgmiselt aadressilt:<\/p>\n<p><strong>IdLoaded<\/strong><\/p>\n<p>837 Pawprint Lane<\/p>\n<p>Dogville, TX 75001<\/p>\n<p>USA<\/p>\n<h3>Infoleht<\/h3>\n<p>Et olla kursis IdLoaded kogukonna viimaste artiklite, tehnikatrendide ja uudistega, registreeruge meie uudiskirja saamiseks. Lihtsalt sisestage oma e-post meie kodulehe allosas olevasse registreerumiskasti.<\/p>\n<h3>Tagasiside<\/h3>\n<p>P\u00fc\u00fcame pidevalt oma sisu ja kasutajakogemust t\u00e4iustada. Kui teil on ettepanekuid v\u00f5i kommentaare selle kohta, kuidas saaksime teie IdLoaded-kogemust parandada, jagage neid meiega e-posti teel.<\/p>\n<p>Hindame teie huvi ja ootame teie tagasisidet. IdLoaded on siin, et \u00fchendada teabemaailm uusima tehnoloogiaga ning teie panus on meil selle missiooni saavutamisel \u00fclioluline.<\/p>\n<p>T\u00e4name, et olete osa meie \u00fcldisest teabekogukonnast!<\/p>","protected":false},"excerpt":{"rendered":"<p>Entre em Contato Conosco Obrigado pelo seu interesse no IdLoaded. Valorizamos suas opini\u00f5es e perguntas. Aqui est\u00e3o as formas de nos contatar: Email Para perguntas gerais, sugest\u00f5es ou coment\u00e1rios, envie um e-mail para contact@idloaded.com. Nossa equipe se esfor\u00e7ar\u00e1 para responder \u00e0s suas perguntas o mais r\u00e1pido poss\u00edvel. Formul\u00e1rio de Contato Se voc\u00ea tiver perguntas espec\u00edficas [&hellip;]<\/p>","protected":false},"author":1,"featured_media":0,"parent":0,"menu_order":0,"comment_status":"closed","ping_status":"closed","template":"","meta":{"footnotes":""},"class_list":["post-69","page","type-page","status-publish","hentry"],"_links":{"self":[{"href":"https:\/\/idloaded.com\/et\/wp-json\/wp\/v2\/pages\/69","targetHints":{"allow":["GET"]}}],"collection":[{"href":"https:\/\/idloaded.com\/et\/wp-json\/wp\/v2\/pages"}],"about":[{"href":"https:\/\/idloaded.com\/et\/wp-json\/wp\/v2\/types\/page"}],"author":[{"embeddable":true,"href":"https:\/\/idloaded.com\/et\/wp-json\/wp\/v2\/users\/1"}],"replies":[{"embeddable":true,"href":"https:\/\/idloaded.com\/et\/wp-json\/wp\/v2\/comments?post=69"}],"version-history":[{"count":6,"href":"https:\/\/idloaded.com\/et\/wp-json\/wp\/v2\/pages\/69\/revisions"}],"predecessor-version":[{"id":506,"href":"https:\/\/idloaded.com\/et\/wp-json\/wp\/v2\/pages\/69\/revisions\/506"}],"wp:attachment":[{"href":"https:\/\/idloaded.com\/et\/wp-json\/wp\/v2\/media?parent=69"}],"curies":[{"name":"wp","href":"https:\/\/api.w.org\/{rel}","templated":true}]}}