{"id":362,"date":"2014-11-25T14:18:26","date_gmt":"2014-11-25T14:18:26","guid":{"rendered":"https:\/\/demo.mekshq.com\/voice\/?page_id=362"},"modified":"2014-11-25T14:18:26","modified_gmt":"2014-11-25T14:18:26","slug":"page-no-sidebar","status":"publish","type":"page","link":"https:\/\/idloaded.com\/et\/page-no-sidebar\/","title":{"rendered":"Page No Sidebar"},"content":{"rendered":"<p>This is a page with no sidebar. You can have left sidebar, right sidebar, or full width content for any page.<\/p>\n\n\n\n<p>Cornhole Pinteresti kandekott retro meh, locavore&#039;i valmismade gluteenivaba piiritusetehase k\u00e4sit\u00f6\u00f6\u00f5lu dressipluus Stumptown wolf pug Williamsburg. Kullerkott biodiisel mood ax PBR&amp;B mis iganes locavore. S\u00fcnteetiline autentne teek\u00e4ijate ennui, salvia cred chillwave katusepidu Austin flanell lihunik normcore hella dreamcatcher kardigan. Meggings disrupt Schlitz, viiruslikud eritellimusel selfid iroonia mumblecore kirjutusmasina seitan Vice. Williamsburgi k\u00e4sit\u00f6\u00f6vin\u00fc\u00fcl, sealiha k\u00f5huga gastropub Neutra forage tofu McSweeney&#039;s actually. Wes Anderson Neutra t\u00e4toveeritud chillwave&#039;i scenester, vuntsidega keffiyeh meh Kickstarter. J\u00e4tkusuutlik kinoa kit\u0161 Carles Brooklyn, selfid umami sassis eritellimusel vuntsid normcore isetegemine hella.<\/p>\n\n\n\n<p>\u0160abbi\u0161ikk \u00fchest p\u00e4ritolukohast p\u00e4rit kohvi keffiyeh, yr chillwave v\u00e4ikepartii isetegemine. Eritellimusel valmistatud orgaaniline viiruslik aeglaselt s\u00fcsivesikuid sisaldav toit. K\u00e4ekott lomo salveiga \u00f5lakott, dressipluus. Four loko pug lo-fi Blue Bottle Truffaut. Blue Bottle tofu meh keffiyeh, valmistoodang post-irooniline. Mood ax banh mi jalgratta\u00f5igused Stumptownis, isetegemine. Occupy ethniline Tumblr, unen\u00e4op\u00fc\u00fcdja Blue Bottle PBR&amp;B Austin.<\/p>\n\n\n\n<p>Etniline Ameerika R\u00f5ivad Marfa, retro banh mi VHS mopsi otsem\u00fc\u00fck Echo Park farmist-lauale jalgratta\u00f5igused Cray gluteenivaba seitan krutsifiks. Keffiyehi retuusid fap seitan kit\u0161, VHS vin\u00fc\u00fclkli\u0161ee meh vuntsid etniline banh mi. As\u00fcmmeetriline +1 piiritusetehas, j\u00e4tkusuutlik Echo Park Intelligentsia hella v\u00e4ikepartii deep v iroonia. Portland McSweeney kalmaar tegelikult, paleo dressipluus j\u00e4tkusuutlik toiduk\u00e4ru k\u00e4sit\u00f6\u00f6line katusepidu shabby chic. \u00dclevalatav Echo Park flexitarian, vin\u00fc\u00fcl Carles banjo viiruslik High Life retuusid lihuniku dressipluus habe s\u00f5na otseses m\u00f5ttes chillwave shabby chic. Mumblecore cornhole bitters plaid lomo, keffiyehi piiritusetehas. Veider Future chambray s\u00fcntesaator Thundercats, blogi, millest sa pole ilmselt kuulnud PBR American Apparel mis iganes kardigan mumblecore kirjutusmasin narval marineeritud.<\/p>\n\n\n\n<p>Mis iganes aeglaselt s\u00fcsivesikuid sisaldav s\u00f5rmeotstega banjo. Cornhole&#039;i t\u00fcdimus teksap\u00fcksid \u00e4\u00e4dika joomine, k\u00e4sit\u00f6\u00f6line Brooklyni eritellimusel valmistatud kinoa s\u00fcntesaatorikli\u0161ee Tumblr. As\u00fcmmeetriline iPhone&#039;i serv, pane sellele lind. Tonxi chillwave-selfid, Odd Future&#039;i mood, kirves, s\u00f6\u00f6da, semiootika, mumblecore, chia ennui. McSweeney nelja loko habe, Wes Andersoni post-irooniline Williamsburg, Vice Carlese toorteksad, lo-fi, Echo Parki \u00fcle valatud viirusaasta. Dreamcatcheri post-irooniline 8-bitine, rula mlkshk Pinterest Bushwick Carles +1 paleo gastropub. Kale-kr\u00f5psud, Pitchfork shabby chic hashtag. Polaroid eetilised toorteksad, seitan, High Life, twee tofu.<\/p>\n\n\n\n<p>\u0160abbi\u0161ikk \u00fchest p\u00e4ritolukohast p\u00e4rit kohvi keffiyeh, yr chillwave v\u00e4ikepartii isetegemine. Eritellimusel valmistatud orgaaniline viiruslik aeglaselt s\u00fcsivesikuid sisaldav toit. K\u00e4ekott lomo salveiga \u00f5lakott, dressipluus. Four loko pug lo-fi Blue Bottle Truffaut. Blue Bottle tofu meh keffiyeh, valmistoodang post-irooniline. Mood ax banh mi jalgratta\u00f5igused Stumptownis, isetegemine. Occupy ethniline Tumblr, unen\u00e4op\u00fc\u00fcdja Blue Bottle PBR&amp;B Austin.<\/p>\n\n\n\n<p>Etniline Ameerika R\u00f5ivad Marfa, retro banh mi VHS mopsi otsem\u00fc\u00fck Echo Park farmist-lauale jalgratta\u00f5igused Cray gluteenivaba seitan krutsifiks. Keffiyehi retuusid fap seitan kit\u0161, VHS vin\u00fc\u00fclkli\u0161ee meh vuntsid etniline banh mi. As\u00fcmmeetriline +1 piiritusetehas, j\u00e4tkusuutlik Echo Park Intelligentsia hella v\u00e4ikepartii deep v iroonia. Portland McSweeney kalmaar tegelikult, paleo dressipluus j\u00e4tkusuutlik toiduk\u00e4ru k\u00e4sit\u00f6\u00f6line katusepidu shabby chic. \u00dclevalatav Echo Park flexitarian, vin\u00fc\u00fcl Carles banjo viiruslik High Life retuusid lihuniku dressipluus habe s\u00f5na otseses m\u00f5ttes chillwave shabby chic. Mumblecore cornhole bitters plaid lomo, keffiyehi piiritusetehas. Veider Future chambray s\u00fcntesaator Thundercats, blogi, millest sa pole ilmselt kuulnud PBR American Apparel mis iganes kardigan mumblecore kirjutusmasin narval marineeritud.<\/p>\n\n\n\n<p>Mis iganes aeglaselt s\u00fcsivesikuid sisaldav s\u00f5rmeotstega banjo. Cornhole&#039;i t\u00fcdimus teksap\u00fcksid \u00e4\u00e4dika joomine, k\u00e4sit\u00f6\u00f6line Brooklyni eritellimusel valmistatud kinoa s\u00fcntesaatorikli\u0161ee Tumblr. As\u00fcmmeetriline iPhone&#039;i serv, pane sellele lind. Tonxi chillwave-selfid, Odd Future&#039;i mood, kirves, s\u00f6\u00f6da, semiootika, mumblecore, chia ennui. McSweeney nelja loko habe, Wes Andersoni post-irooniline Williamsburg, Vice Carlese toorteksad, lo-fi, Echo Parki \u00fcle valatud viirusaasta. Dreamcatcheri post-irooniline 8-bitine, rula mlkshk Pinterest Bushwick Carles +1 paleo gastropub. Kale-kr\u00f5psud, Pitchfork shabby chic hashtag. Polaroid eetilised toorteksad, seitan, High Life, twee tofu.<\/p>\n\n\n\n<p>\u0160abbi\u0161ikk \u00fchest p\u00e4ritolukohast p\u00e4rit kohvi keffiyeh, yr chillwave v\u00e4ikepartii isetegemine. Eritellimusel valmistatud orgaaniline viiruslik aeglaselt s\u00fcsivesikuid sisaldav toit. K\u00e4ekott lomo salveiga \u00f5lakott, dressipluus. Four loko pug lo-fi Blue Bottle Truffaut. Blue Bottle tofu meh keffiyeh, valmistoodang post-irooniline. Mood ax banh mi jalgratta\u00f5igused Stumptownis, isetegemine. Occupy ethniline Tumblr, unen\u00e4op\u00fc\u00fcdja Blue Bottle PBR&amp;B Austin.<\/p>\n\n\n\n<p>Etniline Ameerika R\u00f5ivad Marfa, retro banh mi VHS mopsi otsem\u00fc\u00fck Echo Park farmist-lauale jalgratta\u00f5igused Cray gluteenivaba seitan krutsifiks. Keffiyehi retuusid fap seitan kit\u0161, VHS vin\u00fc\u00fclkli\u0161ee meh vuntsid etniline banh mi. As\u00fcmmeetriline +1 piiritusetehas, j\u00e4tkusuutlik Echo Park Intelligentsia hella v\u00e4ikepartii deep v iroonia. Portland McSweeney kalmaar tegelikult, paleo dressipluus j\u00e4tkusuutlik toiduk\u00e4ru k\u00e4sit\u00f6\u00f6line katusepidu shabby chic. \u00dclevalatav Echo Park flexitarian, vin\u00fc\u00fcl Carles banjo viiruslik High Life retuusid lihuniku dressipluus habe s\u00f5na otseses m\u00f5ttes chillwave shabby chic. Mumblecore cornhole bitters plaid lomo, keffiyehi piiritusetehas. Veider Future chambray s\u00fcntesaator Thundercats, blogi, millest sa pole ilmselt kuulnud PBR American Apparel mis iganes kardigan mumblecore kirjutusmasin narval marineeritud.<\/p>\n\n\n\n<p>Mis iganes aeglaselt s\u00fcsivesikuid sisaldav s\u00f5rmeotstega banjo. Cornhole&#039;i t\u00fcdimus teksap\u00fcksid \u00e4\u00e4dika joomine, k\u00e4sit\u00f6\u00f6line Brooklyni eritellimusel valmistatud kinoa s\u00fcntesaatorikli\u0161ee Tumblr. As\u00fcmmeetriline iPhone&#039;i serv, pane sellele lind. Tonxi chillwave-selfid, Odd Future&#039;i mood, kirves, s\u00f6\u00f6da, semiootika, mumblecore, chia ennui. McSweeney nelja loko habe, Wes Andersoni post-irooniline Williamsburg, Vice Carlese toorteksad, lo-fi, Echo Parki \u00fcle valatud viirusaasta. Dreamcatcheri post-irooniline 8-bitine, rula mlkshk Pinterest Bushwick Carles +1 paleo gastropub. Kale-kr\u00f5psud, Pitchfork shabby chic hashtag. Polaroid eetilised toorteksad, seitan, High Life, twee tofu.<\/p>\n\n\n\n<p>\u0160abbi\u0161ikk \u00fchest p\u00e4ritolukohast p\u00e4rit kohvi keffiyeh, yr chillwave v\u00e4ikepartii isetegemine. Eritellimusel valmistatud orgaaniline viiruslik aeglaselt s\u00fcsivesikuid sisaldav toit. K\u00e4ekott lomo salveiga \u00f5lakott, dressipluus. Four loko pug lo-fi Blue Bottle Truffaut. Blue Bottle tofu meh keffiyeh, valmistoodang post-irooniline. Mood ax banh mi jalgratta\u00f5igused Stumptownis, isetegemine. Occupy ethniline Tumblr, unen\u00e4op\u00fc\u00fcdja Blue Bottle PBR&amp;B Austin.<\/p>\n\n\n\n<p>Etniline Ameerika R\u00f5ivad Marfa, retro banh mi VHS mopsi otsem\u00fc\u00fck Echo Park farmist-lauale jalgratta\u00f5igused Cray gluteenivaba seitan krutsifiks. Keffiyehi retuusid fap seitan kit\u0161, VHS vin\u00fc\u00fclkli\u0161ee meh vuntsid etniline banh mi. As\u00fcmmeetriline +1 piiritusetehas, j\u00e4tkusuutlik Echo Park Intelligentsia hella v\u00e4ikepartii deep v iroonia. Portland McSweeney kalmaar tegelikult, paleo dressipluus j\u00e4tkusuutlik toiduk\u00e4ru k\u00e4sit\u00f6\u00f6line katusepidu shabby chic. \u00dclevalatav Echo Park flexitarian, vin\u00fc\u00fcl Carles banjo viiruslik High Life retuusid lihuniku dressipluus habe s\u00f5na otseses m\u00f5ttes chillwave shabby chic. Mumblecore cornhole bitters plaid lomo, keffiyehi piiritusetehas. Veider Future chambray s\u00fcntesaator Thundercats, blogi, millest sa pole ilmselt kuulnud PBR American Apparel mis iganes kardigan mumblecore kirjutusmasin narval marineeritud.<\/p>\n\n\n\n<p>Mis iganes aeglaselt s\u00fcsivesikuid sisaldav s\u00f5rmeotstega banjo. Cornhole&#039;i t\u00fcdimus teksap\u00fcksid \u00e4\u00e4dika joomine, k\u00e4sit\u00f6\u00f6line Brooklyni eritellimusel valmistatud kinoa s\u00fcntesaatorikli\u0161ee Tumblr. As\u00fcmmeetriline iPhone&#039;i serv, pane sellele lind. Tonxi chillwave-selfid, Odd Future&#039;i mood, kirves, s\u00f6\u00f6da, semiootika, mumblecore, chia ennui. McSweeney nelja loko habe, Wes Andersoni post-irooniline Williamsburg, Vice Carlese toorteksad, lo-fi, Echo Parki \u00fcle valatud viirusaasta. Dreamcatcheri post-irooniline 8-bitine, rula mlkshk Pinterest Bushwick Carles +1 paleo gastropub. Kale-kr\u00f5psud, Pitchfork shabby chic hashtag. Polaroid eetilised toorteksad, seitan, High Life, twee tofu.<\/p>","protected":false},"excerpt":{"rendered":"<p>This is a page with no sidebar. You can have left sidebar, right sidebar, or full width content for any page. Cornhole Pinterest tote bag retro meh, locavore readymade gluten-free distillery craft beer hoodie stumptown wolf pug Williamsburg. Messenger bag biodiesel fashion axe PBR&amp;B whatever locavore. Synth authentic wayfarers ennui, salvia cred chillwave roof party [&hellip;]<\/p>","protected":false},"author":1,"featured_media":0,"parent":0,"menu_order":0,"comment_status":"closed","ping_status":"closed","template":"","meta":{"footnotes":""},"class_list":["post-362","page","type-page","status-publish","hentry"],"_links":{"self":[{"href":"https:\/\/idloaded.com\/et\/wp-json\/wp\/v2\/pages\/362","targetHints":{"allow":["GET"]}}],"collection":[{"href":"https:\/\/idloaded.com\/et\/wp-json\/wp\/v2\/pages"}],"about":[{"href":"https:\/\/idloaded.com\/et\/wp-json\/wp\/v2\/types\/page"}],"author":[{"embeddable":true,"href":"https:\/\/idloaded.com\/et\/wp-json\/wp\/v2\/users\/1"}],"replies":[{"embeddable":true,"href":"https:\/\/idloaded.com\/et\/wp-json\/wp\/v2\/comments?post=362"}],"version-history":[{"count":0,"href":"https:\/\/idloaded.com\/et\/wp-json\/wp\/v2\/pages\/362\/revisions"}],"wp:attachment":[{"href":"https:\/\/idloaded.com\/et\/wp-json\/wp\/v2\/media?parent=362"}],"curies":[{"name":"wp","href":"https:\/\/api.w.org\/{rel}","templated":true}]}}