{"id":337,"date":"2014-11-25T13:52:17","date_gmt":"2014-11-25T13:52:17","guid":{"rendered":"https:\/\/demo.mekshq.com\/voice\/?page_id=337"},"modified":"2014-11-25T13:52:17","modified_gmt":"2014-11-25T13:52:17","slug":"luhikoodid","status":"publish","type":"page","link":"https:\/\/idloaded.com\/et\/luhikoodid\/","title":{"rendered":"L\u00fchikoodid"},"content":{"rendered":"<p>\t\t\t\tTeema toetab t\u00e4ielikult meie Meks Flexible Shortcodes WordPressi pistikprogrammi. Vaadake n\u00e4iteid selle kohta, mida saate meie l\u00fchikoodidega lehe\/postituse sisesisu luua.<\/p>\n<h3>Saate lisada m\u00f5ned veerud\u2026<\/h3>\n<p>[mks_col]<\/p>\n<p>[mks_one_half]Eksklusiivne rasvumine, proovimis- ja lehtkapsalaastud jne. Meh, hunt, animaalne r\u00f5\u00f5m, rula. S\u00f6\u00f6maaeg, vuntsid, rula, isetegemine, tark t\u00f6\u00f6, mis iganes. Eetiline konstruktsioon, mitte +1 sassis autentne. Enim, viiruslik r\u00f5\u00f5m, j\u00e4rgmine tase. J\u00e4tkusuutlik Helvetica, Brooklyni katusepidu, gluteenivaba veniam, nostrud, t\u00e4toveeritud iroonia, sealiha k\u00f5ht, shabby chic, mis joob \u00e4\u00e4dikat. Truffaut, paindlik, mitte laitmatu, Pitchfork, farmist lauale Bushwicki juhtum.[\/mks_one_half]<\/p>\n<p>[mks_one_half]Umami habe Godard, cornhole semiotics cray eiusmod ruuduline kirjutusmasin r\u00e4bal \u0161ikk sartorial Wes Anderson. Non forage laborum t\u00e4toveeritud, kunstipidu DIY mumblecore veniam accusamus American Apparel meister puhastab selfisid h\u00f5ivavad ea talust lauale. Harjutus k\u00f5rgtr\u00fckk duis ennui eritellimusel readymade. Sapient tofu consequat four loko quer. Ennui vin\u00fc\u00fclumami esinemissagedus Austini kardigan voluptate.[\/mks_one_half]<\/p>\n<p>[\/mks_col]<\/p>\n<h3>V\u00f5ib-olla m\u00f5ned edenemisribad?<\/h3>\n<p>[mks_progressbar name=\u201dNutikas\u201d level=\u201dK\u00f5rge\u201d value=\u201d70\u2033 height=\u201d20\u2033 color=\u201d#e23a3e\u201d style=\u201druuduline\u201d]<br \/>\n[mks_progressbar name=\u201dLoov\u201d level=\u201dV\u00e4ga k\u00f5rge\u201d value=\u201d90\u2033 height=\u201d20\u2033 color=\u201d#f7c24e\u201d style=\u201druuduline\u201d]<br \/>\n[mks_progressbar name=\u201dPessimist\u201d level=\u201dMadal\u201d value=\u201d30\u2033 height=\u201d20\u2033 color=\u201d#2c9cb1\u2033 style=\u201druuduline\u201d]<br \/>\n[mks_progressbar name=\u201dOptimist\u201d level=\u201dKeskmine\u201d value=\u201d50\u2033 height=\u201d20\u2033 color=\u201d#000000\u2033 style=\u201druuduline\u201d]<\/p>\n<p>[mks_separator style=\u201dt\u00fchi\u201d k\u00f5rgus=\u201d20\u2033]<\/p>\n<h4>Vingeid fondiikoone?<\/h4>\n<h3>[mks_icon icon=\u201dfa-power-off\u201d color=\u201d#e23a3e\u201d] [mks_icon icon=\u201dfa-cog\u201d color=\u201d#e23a3e\u201d] [mks_icon icon=\u201dfa-th-list\u201d color=\u201d#e23a3e\u201d] [mks_icon icon=\u201dfa-file-o\u201d color=\u201d#e23a3e\u201d] [mks_icon icon=\u201dfa-video-camera\u201d color=\u201d#e23a3e\u201d] [mks_icon icon=\u201dfa-calendar\u201d color=\u201d#e23a3e\u201d] [mks_icon icon=\u201dfa-book\u201d color=\u201d#e23a3e\u201d] [mks_icon icon=\u201dfa-eye\u201d color=\u201d#e23a3e\u201d] [mks_icon icon=\u201dfa-heart-o\u201d v\u00e4rv=\u201d#2c9cb1\u2033] [mks_icon icon=\u201dfa-umbrella\u201d v\u00e4rv=\u201d#2c9cb1\u2033] [mks_icon icon=\u201dfa-mikrofon\u201d v\u00e4rv=\u201d#2c9cb1\u2033]<\/h3>\n<p>[mks_separator style=\u201dt\u00fchi\u201d k\u00f5rgus=\u201d20\u2033]<\/p>\n<h3>V\u00f5i m\u00f5ned ilusad nupud?<\/h3>\n<p>[mks_button size=\u201dv\u00e4ike\u201d title=\u201dV\u00e4ike\u201d style=\u201druuduline\u201d url=\u201dhttps:\/\/mekshq.com\u201d target=\u201d_blank\u201d bg_color=\u201d#e23a3e\u201d txt_color=\u201d#FFFFFF\u201d icon=\u201dfa-music\u201d]<\/p>\n<p>[mks_button size=\u201dv\u00e4ike\u201d title=\u201dV\u00e4ike\u201d style=\u201druuduline\u201d url=\u201dhttps:\/\/mekshq.com\u201d target=\u201d_blank\u201d bg_color=\u201d#f7c24e\u201d txt_color=\u201d#FFFFFF\u201d icon=\u201dfa-music\u201d]<\/p>\n<p>[mks_button size=\u201dv\u00e4ike\u201d title=\u201dV\u00e4ike\u201d style=\u201druuduline\u201d url=\u201dhttps:\/\/mekshq.com\u201d target=\u201d_blank\u201d bg_color=\u201d#2c9cb1\u2033 txt_color=\u201d#FFFFFF\u201d icon=\u201dfa-music\u201d]<\/p>\n<p>[mks_separator style=\u201dt\u00fchi\u201d k\u00f5rgus=\u201d1\u2033]<\/p>\n<p>[mks_button size=\u201dkeskmine\u201d title=\u201dKeskmine\u201d style=\u201d\u00fcmar\u201d url=\u201dhttps:\/\/mekshq.com\u201d target=\u201d_blank\u201d bg_color=\u201d#e23a3e\u201d txt_color=\u201d#FFFFFF\u201d icon=\u201dfa-power-off\u201d]<\/p>\n<p>[mks_button size=\u201dkeskmine\u201d title=\u201dKeskmine\u201d style=\u201d\u00fcmar\u201d url=\u201dhttps:\/\/mekshq.com\u201d target=\u201d_blank\u201d bg_color=\u201d#f7c24e\u201d txt_color=\u201d#FFFFFF\u201d icon=\u201dfa-power-off\u201d]<\/p>\n<p>[mks_button size=\u201dkeskmine\u201d title=\u201dKeskmine\u201d style=\u201d\u00fcmar\u201d url=\u201dhttps:\/\/mekshq.com\u201d target=\u201d_blank\u201d bg_color=\u201d#2c9cb1\u2033 txt_color=\u201d#FFFFFF\u201d icon=\u201dfa-power-off\u201d]<\/p>\n<p>[mks_separator style=\u201dt\u00fchi\u201d k\u00f5rgus=\u201d1\u2033]<\/p>\n<p>[mks_button size=\u201dlarge\u201d title=\u201dSuur nupp\u201d style=\u201d\u00fcmar\u201d url=\u201dhttps:\/\/mekshq.com\u201d target=\u201d_blank\u201d bg_color=\u201d#e23a3e\u201d txt_color=\u201d#FFFFFF\u201d icon=\u201d\u201d]<\/p>\n<p>[mks_button size=\u201dlarge\u201d title=\u201dSuur nupp\u201d style=\u201d\u00fcmar\u201d url=\u201dhttps:\/\/mekshq.com\u201d target=\u201d_blank\u201d bg_color=\u201d#f7c24e\u201d txt_color=\u201d#FFFFFF\u201d icon=\u201d\u201d]<\/p>\n<p>[mks_button size=\u201dlarge\u201d title=\u201dSuur nupp\u201d style=\u201d\u00fcmar\u201d url=\u201dhttps:\/\/mekshq.com\u201d target=\u201d_blank\u201d bg_color=\u201d#2c9cb1\u2033 txt_color=\u201d#FFFFFF\u201d icon=\u201d\u201d]<\/p>\n<p>[mks_separator style=\u201dt\u00fchi\u201d k\u00f5rgus=\u201d20\u2033]<\/p>\n<h3>V\u00f5ib-olla m\u00f5ned sotsiaalsed ikoonid?<\/h3>\n<p>[mks_social icon=\u201daim\u201d size=\u201d48\u2033 style=\u201d\u00fcmar\u201d url=\u201dhttp:\/\/\u201d target=\u201d_self\u201d][mks_social icon=\u201dskype\u201d size=\u201d48\u2033 style=\u201d\u00fcmar\u201d url=\u201dhttp:\/\/\u201d target=\u201d_self\u201d][mks_social icon=\u201ddribbble\u201d size=\u201d48\u2033 style=\u201d\u00fcmar\u201d url=\u201dhttp:\/\/\u201d target=\u201d_self\u201d][mks_social icon=\u201dfacebook\u201d size=\u201d48\u2033 style=\u201d\u00fcmar\u201d url=\u201dhttp:\/\/\u201d target=\u201d_self\u201d][mks_social icon=\u201dpinterest\u201d size=\u201d48\u2033 style=\u201d\u00fcmar\u201d url=\u201dhttp:\/\/\u201d target=\u201d_self\u201d][mks_social icon=\u201dlinkedin\u201d size=\u201d48\u2033 style=\u201d\u00fcmar\u201d url=\u201dhttp:\/\/\u201d target=\u201d_self\u201d][mks_social icon=\u201dgrooveshark\u201d size=\u201d48\u2033 style=\u201d\u00fcmar\u201d url=\u201dhttp:\/\/\u201d target=\u201d_self\u201d][mks_social icon=\u201dforrst\u201d size=\u201d48\u2033 style=\u201d\u00fcmar\u201d url=\u201dhttp:\/\/\u201d target=\u201d_self\u201d][mks_social icon=\u201dinstagram\u201d size=\u201d48\u2033 style=\u201d\u00fcmar\u201d url=\u201dhttp:\/\/\u201d target=\u201d_self\u201d][mks_social icon=\u201dflickr\u201d size=\u201d48\u2033 style=\u201d\u00fcmar\u201d url=\u201dhttp:\/\/\u201d target=\u201d_self\u201d][mks_social icon=\u201devernote\u201d size=\u201d48\u2033 style=\u201d\u00fcmar\u201d url=\u201dhttp:\/\/\u201d target=\u201d_self\u201d][mks_social icon=\u201dyahoo\u201d size=\u201d48\u2033 style=\u201d\u00fcmar\u201d url=\u201dhttp:\/\/\u201d target=\u201d_self\u201d]<\/p>\n<p>[mks_social icon=\u201daim\u201d size=\u201d48\u2033 style=\u201dcircle\u201d url=\u201dhttp:\/\/\u201d target=\u201d_self\u201d][mks_social icon=\u201dskype\u201d size=\u201d48\u2033 style=\u201dcircle\u201d url=\u201dhttp:\/\/\u201d target=\u201d_self\u201d][mks_social icon=\u201ddribbble\u201d size=\u201d48\u2033 style=\u201dcircle\u201d url=\u201dhttp:\/\/\u201d target=\u201d_self\u201d][mks_social icon=\u201dfacebook\u201d size=\u201d48\u2033 style=\u201dcircle\u201d url=\u201dhttp:\/\/\u201d target=\u201d_self\u201d][mks_social icon=\u201dpinterest\u201d size=\u201d48\u2033 style=\u201dcircle\u201d url=\u201dhttp:\/\/\u201d target=\u201d_self\u201d][mks_social icon=\u201dlinkedin\u201d size=\u201d48\u2033 style=\u201dcircle\u201d url=\u201dhttp:\/\/\u201d target=\u201d_self\u201d][mks_social icon=\u201dgrooveshark\u201d size=\u201d48\u2033 style=\u201dcircle\u201d url=\u201dhttp:\/\/\u201d target=\u201d_self\u201d][mks_social icon=\u201dforrst\u201d size=\u201d48\u2033 style=\u201dcircle\u201d url=\u201dhttp:\/\/\u201d target=\u201d_self\u201d][mks_social icon=\u201dinstagram\u201d size=\u201d48\u2033 style=\u201dcircle\u201d url=\u201dhttp:\/\/\u201d target=\u201d_self\u201d][mks_social icon=\u201dflickr\u201d size=\u201d48\u2033 style=\u201dcircle\u201d url=\u201dhttp:\/\/\u201d target=\u201d_self\u201d][mks_social icon=\u201devernote\u201d size=\u201d48\u2033 style=\u201dcircle\u201d url=\u201dhttp:\/\/\u201d target=\u201d_self\u201d][mks_social icon=\u201dyahoo\u201d size=\u201d48\u2033 style=\u201dcircle\u201d url=\u201dhttp:\/\/\u201d target=\u201d_self\u201d]<\/p>\n<p>[mks_social icon=\u201daim\u201d size=\u201d48\u2033 style=\u201dsquare\u201d url=\u201dhttp:\/\/\u201d target=\u201d_self\u201d][mks_social icon=\u201dskype\u201d size=\u201d48\u2033 style=\u201dsquare\u201d url=\u201dhttp:\/\/\u201d target=\u201d_self\u201d][mks_social icon=\u201ddribbble\u201d size=\u201d48\u2033 style=\u201dsquare\u201d url=\u201dhttp:\/\/\u201d target=\u201d_self\u201d][mks_social icon=\u201dfacebook\u201d size=\u201d48\u2033 style=\u201dsquare\u201d url=\u201dhttp:\/\/\u201d target=\u201d_self\u201d][mks_social icon=\u201dpinterest\u201d size=\u201d48\u2033 style=\u201dsquare\u201d url=\u201dhttp:\/\/\u201d target=\u201d_self\u201d][mks_social icon=\u201dlinkedin\u201d size=\u201d48\u2033 style=\u201dsquare\u201d url=\u201dhttp:\/\/\u201d target=\u201d_self\u201d][mks_social icon=\u201dgrooveshark\u201d size=\u201d48\u2033 style=\u201dsquare\u201d url=\u201dhttp:\/\/\u201d target=\u201d_self\u201d][mks_social icon=\u201dforrst\u201d size=\u201d48\u2033 style=\u201dsquare\u201d url=\u201dhttp:\/\/\u201d target=\u201d_self\u201d][mks_social icon=\u201dinstagram\u201d size=\u201d48\u2033 style=\u201dsquare\u201d url=\u201dhttp:\/\/\u201d target=\u201d_self\u201d][mks_social icon=\u201dflickr\u201d size=\u201d48\u2033 style=\u201dsquare\u201d url=\u201dhttp:\/\/\u201d target=\u201d_self\u201d][mks_social icon=\u201devernote\u201d size=\u201d48\u2033 style=\u201dsquare\u201d url=\u201dhttp:\/\/\u201d target=\u201d_self\u201d][mks_social icon=\u201dyahoo\u201d size=\u201d48\u2033 style=\u201dsquare\u201d url=\u201dhttp:\/\/\u201d target=\u201d_self\u201d]<\/p>\n<div class=\"clear\">[mks_separator style=\u201dt\u00fchi\u201d k\u00f5rgus=\u201d30\u2033]<\/div>\n<h3>Dropcaps&#039;id?<\/h3>\n<p>[mks_dropcap style=\u201dletter\u201d size=\u201d50\u2033 bg_color=\u201d#ffffff\u201d txt_color=\u201d#000000\u2033]A[\/mks_dropcap]excepteur adiposicing try-hard lehtkapsalaastud jne. Meh wolf animal delectus rula. Forage scenester vuntsidega rula isetegemine, tark t\u00f6\u00f6 mis iganes. Eetiline konstruktsioon mitte +1 sassis autentne. Enim viiruslik delectus j\u00e4rgmisele tasemele. J\u00e4tkusuutlik Helvetica Brooklyni katusepidu gluteenivaba veniam, nostrud t\u00e4toveeritud iroonia sealiha k\u00f5ht shabby chic, mis joob \u00e4\u00e4dikat. Truffaut flexitaarlane mitte laitmatu Pitchfork, farmist lauale Bushwicki juhtum.<\/p>\n<p>[mks_dropcap style=\u201dsquare\u201d size=\u201d50\u2033 bg_color=\u201d#91c842\u2033 txt_color=\u201d#ffffff\u201d]A[\/mks_dropcap]excepteur adiposicing try-hard lehtkapsalaastud jne. Meh wolf animal delectus rula. Forage scenester vuntsidega rula isetegemine, tark t\u00f6\u00f6 mis iganes. Eetiline konstruktsioon mitte +1 sassis autentne. Enim viiruslik delectus j\u00e4rgmisele tasemele. J\u00e4tkusuutlik Helvetica Brooklyni katusepidu gluteenivaba veniam, nostrud t\u00e4toveeritud iroonia sealiha k\u00f5ht shabby chic, mis joob \u00e4\u00e4dikat. Truffaut flexitaarlane mitte laitmatu Pitchfork, farmist lauale Bushwicki juhtum.<\/p>\n<p>[mks_dropcap style=\u201dcircle\u201d size=\u201d50\u2033 bg_color=\u201d#f7c24e\u201d txt_color=\u201d#ffffff\u201d]A[\/mks_dropcap]excepteur adipisicing try-hard lehtkapsalaastud jne. Meh wolf animal delectus rula. Forage scenester vuntsidega rula isetegemine, tark t\u00f6\u00f6 mis iganes. Eetiline konstruktsioon mitte +1 sassis autentne. Enim viral delectus j\u00e4rgmisele tasemele. J\u00e4tkusuutlik Helvetica Brooklyni katusepidu gluteenivaba veniam, nostrud t\u00e4toveeritud iroonia sealiha k\u00f5ht shabby chic v\u00f5i \u00e4\u00e4dika joomine.<\/p>\n<p>[mks_dropcap style=\u201drounded\u201d size=\u201d50\u2033 bg_color=\u201d#2c9cb1\u2033 txt_color=\u201d#ffffff\u201d]A[\/mks_dropcap]excepteur adiposicing try-hard lehtkapsalaastud jne. Meh wolf animal delectus rula. Forage scenester vuntsidega rula isetegemine, tark t\u00f6\u00f6 mis iganes. Eetiline konstruktsioon mitte +1 sassis autentne. Enim viiruslik delectus j\u00e4rgmisele tasemele. J\u00e4tkusuutlik Helvetica Brooklyni katusepidu gluteenivaba veniam, nostrud t\u00e4toveeritud iroonia sealiha k\u00f5ht shabby chic, mis joob \u00e4\u00e4dikat. Truffaut flexitaarlane mitte laitmatu Pitchfork, farmist lauale Bushwicki juhtum.<\/p>\n<h3>T\u00f5mba tsitaate?<\/h3>\n<p>[mks_pullquote align=\u201dleft\u201d width=\u201d300\u2033 size=\u201d24\u2033 bg_color=\u201d#f7c24e\u201d txt_color=\u201d#ffffff\u201d]Chia kitsch laborum, Etsy iPhone Echo Park Thundercats kirikuv\u00f5tmega maisiaugu orgaaniline lo-fi. [\/mks_pullquote] K\u00f5rgpress sartorial meh lomo hashtag, eiusmod aliqua in. Semiootika etniline s\u00f6\u00f6t, irure unen\u00e4op\u00fc\u00fcdja h\u00e4irib teek\u00e4ijaid aeglaselt s\u00fcsivesikuid eu. IPhone t\u00e4toveeritud labore 3 wolf moon Odd Future, dolore rula. Est rerehenderit mops mumblecore swag etniline. Chia kitsch laborum, Etsy iPhone Echo Park Thundercats kiriku v\u00f5tmes cornhole orgaaniline lo-fi. Rerehenderit pop-up hunt, proovige k\u00f5vasti ut pariatur k\u00e4sit\u00f6\u00f6\u00f5lut keytar kalmaari ja kandekott Echo Park. Neli loko mlkshk proident, \u00fche p\u00e4ritoluga kohvi ullamco disrupt banh mi lo-fi freegan Shoreditchi irooniat. K\u00f5rgpress sartorial meh lomo hashtag, eiusmod aliqua in. Semiootika etniline s\u00f6\u00f6t, irure dreamcatcher disrupt wayfarers slow-carb eu. IPhone t\u00e4toveeritud labore 3 wolf moon Odd Future, dolore rula. Est rerehenderit mops mumblecore swag etniline. Chia kitsch laborum, Etsy iPhone Echo Park Thundercats kiriku v\u00f5tmes cornhole orgaaniline lo-fi.<\/p>\n<p>[mks_pullquote align=\u201dright\u201d width=\u201d300\u2033 size=\u201d24\u2033 bg_color=\u201d#2c9cb1\u2033 txt_color=\u201d#ffffff\u201d]Chia kitsch laborum, Etsy iPhone Echo Park Thundercats kirik-v\u00f5ti maisiaugu [\/quote cornhole] lo-Re_prehenlderit] wolf, try-hard ut pariatur craft beer keytar squid et tote bag Echo Park, \u00fche p\u00e4ritoluga kohv ullamco disrupt banh mi freegan Shoreditch irony Letterpress sartorial meh lomo hashtag, eiusmod aliqua in. Est reprehenderit mops mumblecore etniline kitsch laborum, Etsy iPhone Echo Park Thundercats, orgaaniline lo-fi hunt, try-hard ut pariatur k\u00e4sit\u00f6\u00f6\u00f5lu keytar squid et tote bag Echo Park. Neli loko mlkshk proident, \u00fche p\u00e4ritoluga kohvi ullamco disrupt banh mi lo-fi freegan Shoreditchi irooniat. K\u00f5rgpress sartorial meh lomo hashtag, eiusmod aliqua in. Semiootika etniline s\u00f6\u00f6t, irure dreamcatcher disrupt wayfarers slow-carb eu. IPhone t\u00e4toveeritud labore 3 wolf moon Odd Future, dolore rula. Est rerehenderit mops mumblecore swag etniline. Chia kitsch laborum, Etsy iPhone Echo Park Thundercats kiriku v\u00f5tmes cornhole orgaaniline lo-fi.<\/p>\n<h3>Vahelehed?<\/h3>\n<p>[mks_tabs nav=\u201dhorisontaalne\u201d]<br \/>\n[mks_tab_item title=\u201dPealkiri 1\u201d]<br \/>\nChia kitsch laborum, Etsy iPhone Echo Park Thundercats kiriku v\u00f5tmes cornhole orgaaniline lo-fi. Rerehenderit pop-up hunt, proovige k\u00f5vasti ut pariatur k\u00e4sit\u00f6\u00f6\u00f5lut keytar kalmaari ja kandekott Echo Park. Neli loko mlkshk proident, \u00fche p\u00e4ritoluga kohvi ullamco disrupt banh mi lo-fi freegan Shoreditchi irooniat. K\u00f5rgpress sartorial meh lomo hashtag, eiusmod aliqua in. Semiootika etniline s\u00f6\u00f6t, irure dreamcatcher disrupt wayfarers slow-carb eu. IPhone t\u00e4toveeritud labore 3 wolf moon Odd Future, dolore rula.<br \/>\n[mks_tab_item]<br \/>\n[mks_tab_item title=\u201dPealkiri 2\u201d]<br \/>\nNarvali t\u00e4toveeritud kardigan, kinoa meggingsid s\u00fcnteetilisest pariaturist etnilistest selfidest, High Life. Master Cleanse&#039;is banjo, mis ei ole Thundercats. Gastropubi fap fixie, Portlandi 8-bitised Ullamco teksap\u00fcksid, flanell XOXO esse. Biodiisli j\u00e4rgmise taseme fixie k\u00f5rgtr\u00fckk, proovikivi gluteenivaba sealiha k\u00f5hut\u00f6\u00f6, sunt. Paleo, mis Thundercatsile ei sobi. S\u00fcnteetilise kirikuv\u00f5tme reklaam Terry Richardsonile, eeldades suve, bitterid farmist lauale t\u00f6\u00f6, mis ei ole Ullamco unen\u00e4op\u00fc\u00fcdja. Kirjutusmasin ex Helvetica, Polaroid single-origin kohvi hashtag riietumismixtape marineeritud.<br \/>\n[mks_tab_item]<br \/>\n[mks_tab_item title=\u201dPealkiri 3\u201d]<br \/>\nS\u00f5na otseses m\u00f5ttes enim elit id, Vice tousled Intelligentsia. Fixie sint nostrud mlkshk, delectus synth Marfa et. Nihil VHS autentne pork belly sunt, sapiente in Austin kogi paleo PBR&amp;B 8-bit. Tumblr kardigan h\u00e4irib paleo t\u00e4toveeritud usaldusfondi, Truffaut odio sunt joogi\u00e4\u00e4dikat. Polaroid valmis kardigan Shoreditch mops s\u00fcntees, autentne freegan aliquip banjo fugiat. Usaldusfond hella McSweeney talust lauale rerehenderit, habe anim kirik-key cillum eu lo-fi kirjutusmasina h\u00fcpikaken. Quis, enne kui need v\u00e4lja m\u00fc\u00fcdi scenester banjo, mood ax nesciunt sartorial veniam Portland magna aute Vice.<br \/>\n[mks_tab_item]<br \/>\n[\/mks_tabs]<\/p>\n<p>[mks_tabs nav=\u201dvertikaalne\u201d]<br \/>\n[mks_tab_item title=\u201dPealkiri 1\u201d]<br \/>\nChia kitsch laborum, Etsy iPhone Echo Park Thundercats kiriku v\u00f5tmes cornhole orgaaniline lo-fi. Rerehenderit pop-up hunt, proovige k\u00f5vasti ut pariatur k\u00e4sit\u00f6\u00f6\u00f5lut keytar kalmaari ja kandekott Echo Park. Neli loko mlkshk proident, \u00fche p\u00e4ritoluga kohvi ullamco disrupt banh mi lo-fi freegan Shoreditchi irooniat. K\u00f5rgpress sartorial meh lomo hashtag, eiusmod aliqua in. Semiootika etniline s\u00f6\u00f6t, irure dreamcatcher disrupt wayfarers slow-carb eu. IPhone t\u00e4toveeritud labore 3 wolf moon Odd Future, dolore rula.<br \/>\n[mks_tab_item]<br \/>\n[mks_tab_item title=\u201dPealkiri 2\u201d]<br \/>\nNarvali t\u00e4toveeritud kardigan, kinoa meggingsid s\u00fcnteetilisest pariaturist etnilistest selfidest, High Life. Master Cleanse&#039;is banjo, mis ei ole Thundercats. Gastropubi fap fixie, Portlandi 8-bitised Ullamco teksap\u00fcksid, flanell XOXO esse. Biodiisli j\u00e4rgmise taseme fixie k\u00f5rgtr\u00fckk, proovikivi gluteenivaba sealiha k\u00f5hut\u00f6\u00f6, sunt. Paleo, mis Thundercatsile ei sobi. S\u00fcnteetilise kirikuv\u00f5tme reklaam Terry Richardsonile, eeldades suve, bitterid farmist lauale t\u00f6\u00f6, mis ei ole Ullamco unen\u00e4op\u00fc\u00fcdja. Kirjutusmasin ex Helvetica, Polaroid single-origin kohvi hashtag riietumismixtape marineeritud.<br \/>\n[mks_tab_item]<br \/>\n[mks_tab_item title=\u201dPealkiri 3\u201d]<br \/>\nS\u00f5na otseses m\u00f5ttes enim elit id, Vice tousled Intelligentsia. Fixie sint nostrud mlkshk, delectus synth Marfa et. Nihil VHS autentne pork belly sunt, sapiente in Austin kogi paleo PBR&amp;B 8-bit. Tumblr kardigan h\u00e4irib paleo t\u00e4toveeritud usaldusfondi, Truffaut odio sunt joogi\u00e4\u00e4dikat. Polaroid valmis kardigan Shoreditch mops s\u00fcntees, autentne freegan aliquip banjo fugiat. Usaldusfond hella McSweeney talust lauale rerehenderit, habe anim kirik-key cillum eu lo-fi kirjutusmasina h\u00fcpikaken. Quis, enne kui need v\u00e4lja m\u00fc\u00fcdi scenester banjo, mood ax nesciunt sartorial veniam Portland magna aute Vice.<br \/>\n[mks_tab_item]<br \/>\n[\/mks_tabs]<\/p>\n<h3>Akordionid?<\/h3>\n<p>[mks_akordion]<br \/>\n[mks_accordion_item title=\u201dPealkiri 1\u201d]<br \/>\nS\u00f5na otseses m\u00f5ttes enim elit id, Vice tousled Intelligentsia. Fixie sint nostrud mlkshk, delectus synth Marfa et. Nihil VHS autentne pork belly sunt, sapiente in Austin kogi paleo PBR&amp;B 8-bit. Tumblr kardigan h\u00e4irib paleo t\u00e4toveeritud usaldusfondi, Truffaut odio sunt joogi\u00e4\u00e4dikat. Polaroid valmis kardigan Shoreditch mops s\u00fcntees, autentne freegan aliquip banjo fugiat. Usaldusfond hella McSweeney talust lauale rerehenderit, habe anim kirik-key cillum eu lo-fi kirjutusmasina h\u00fcpikaken. Quis, enne kui need v\u00e4lja m\u00fc\u00fcdi scenester banjo, mood ax nesciunt sartorial veniam Portland magna aute Vice.<br \/>\n[\/mks_akordioni_item]<br \/>\n[mks_accordion_item pealkiri = \u201dPealkiri 2\u201d]<br \/>\nNarvali t\u00e4toveeritud kardigan, kinoa meggingsid s\u00fcnteetilisest pariaturist etnilistest selfidest, High Life. Master Cleanse&#039;is banjo, mis ei ole Thundercats. Gastropubi fap fixie, Portlandi 8-bitised Ullamco teksap\u00fcksid, flanell XOXO esse. Biodiisli j\u00e4rgmise taseme fixie k\u00f5rgtr\u00fckk, proovikivi gluteenivaba sealiha k\u00f5hut\u00f6\u00f6, sunt. Paleo, mis Thundercatsile ei sobi. S\u00fcnteetilise kirikuv\u00f5tme reklaam Terry Richardsonile, eeldades suve, bitterid farmist lauale t\u00f6\u00f6, mis ei ole Ullamco unen\u00e4op\u00fc\u00fcdja. Kirjutusmasin ex Helvetica, Polaroid single-origin kohvi hashtag riietumismixtape marineeritud.<br \/>\n[\/mks_akordioni_item]<br \/>\n[mks_accordion_item pealkiri=\u201dPealkiri 3\u201d]<br \/>\nChia kitsch laborum, Etsy iPhone Echo Park Thundercats kiriku v\u00f5tmes cornhole orgaaniline lo-fi. Rerehenderit pop-up hunt, proovige k\u00f5vasti ut pariatur k\u00e4sit\u00f6\u00f6\u00f5lut keytar kalmaari ja kandekott Echo Park. Neli loko mlkshk proident, \u00fche p\u00e4ritoluga kohvi ullamco disrupt banh mi lo-fi freegan Shoreditchi irooniat. K\u00f5rgpress sartorial meh lomo hashtag, eiusmod aliqua in. Semiootika etniline s\u00f6\u00f6t, irure dreamcatcher disrupt wayfarers slow-carb eu. IPhone t\u00e4toveeritud labore 3 wolf moon Odd Future, dolore rula.<br \/>\n[\/mks_akordioni_item]<br \/>\n[\/mks_akordion]<\/p>\n<h3>L\u00fclitab sisse\/v\u00e4lja?<\/h3>\n<p>[mks_toggle title=\u201dN\u00e4idete pealkiri\u201d state=\u201dopen\u201d]Chia kitsch laborum, Etsy iPhone Echo Park Thundercats kiriku v\u00f5tmes cornhole orgaaniline lo-fi. Rerehenderit pop-up hunt, proovige k\u00f5vasti ut pariatur k\u00e4sit\u00f6\u00f6\u00f5lut keytar kalmaari ja kandekott Echo Park. Neli loko mlkshk proident, \u00fche p\u00e4ritoluga kohvi ullamco disrupt banh mi lo-fi freegan Shoreditchi irooniat. K\u00f5rgpress sartorial meh lomo hashtag, eiusmod aliqua in.[\/mks_toggle]<\/p>\n<p>[mks_toggle title=\u201dN\u00e4idete pealkiri\u201d state=\u201dclose\u201d]Chia kitsch laborum, Etsy iPhone Echo Park Thundercats kiriku v\u00f5tmes cornhole orgaaniline lo-fi. Rerehenderit pop-up hunt, proovige k\u00f5vasti ut pariatur k\u00e4sit\u00f6\u00f6\u00f5lut keytar kalmaari ja kandekott Echo Park. Neli loko mlkshk proident, \u00fche p\u00e4ritoluga kohvi ullamco disrupt banh mi lo-fi freegan Shoreditchi irooniat. K\u00f5rgpress sartorial meh lomo hashtag, eiusmod aliqua in.[\/mks_toggle]\t\t<\/p>","protected":false},"excerpt":{"rendered":"<p>Theme comes with full support for our Meks Flexible Shortcodes WordPress plugin. Check some examples of what can you create inside page\/post content with our shortcodes. You can add some columns&#8230; [mks_col] [mks_one_half]Excepteur adipisicing try-hard kale chips et. Meh wolf anim delectus skateboard. Forage scenester mustache skateboard DIY, sapiente laborum whatever. Ethical consectetur non +1 [&hellip;]<\/p>","protected":false},"author":1,"featured_media":0,"parent":0,"menu_order":0,"comment_status":"closed","ping_status":"closed","template":"","meta":{"footnotes":""},"class_list":["post-337","page","type-page","status-publish","hentry"],"_links":{"self":[{"href":"https:\/\/idloaded.com\/et\/wp-json\/wp\/v2\/pages\/337","targetHints":{"allow":["GET"]}}],"collection":[{"href":"https:\/\/idloaded.com\/et\/wp-json\/wp\/v2\/pages"}],"about":[{"href":"https:\/\/idloaded.com\/et\/wp-json\/wp\/v2\/types\/page"}],"author":[{"embeddable":true,"href":"https:\/\/idloaded.com\/et\/wp-json\/wp\/v2\/users\/1"}],"replies":[{"embeddable":true,"href":"https:\/\/idloaded.com\/et\/wp-json\/wp\/v2\/comments?post=337"}],"version-history":[{"count":0,"href":"https:\/\/idloaded.com\/et\/wp-json\/wp\/v2\/pages\/337\/revisions"}],"wp:attachment":[{"href":"https:\/\/idloaded.com\/et\/wp-json\/wp\/v2\/media?parent=337"}],"curies":[{"name":"wp","href":"https:\/\/api.w.org\/{rel}","templated":true}]}}