{"id":328,"date":"2014-11-25T13:48:50","date_gmt":"2014-11-25T13:48:50","guid":{"rendered":"https:\/\/demo.mekshq.com\/voice\/?page_id=328"},"modified":"2014-11-25T13:48:50","modified_gmt":"2014-11-25T13:48:50","slug":"tupograafia","status":"publish","type":"page","link":"https:\/\/idloaded.com\/et\/tupograafia\/","title":{"rendered":"T\u00fcpograafia"},"content":{"rendered":"<p>[mks_dropcap style=\u201dsquare\u201d size=\u201d50\u2033 bg_color=\u201d#cf4d35\u2033 txt_color=\u201d#ffffff\u201d]A[\/mks_dropcap]orem ipsum Id tempor laborum in consequat ut in ecididuit id quids in sitidam id quid eu Duis sunt laborum in consequat tempor laborum in following Excepteur <a href=\"https:\/\/mekshq.com\" target=\"_blank\" rel=\"noopener noreferrer\">consectetur reprehenderit<\/a> culpa deserunt cillum aute dolor dolor dolor qui. Id tempor laborum in consequat Ut in eu id eu. Shoreditchi gastropubi mida iganes. Rerehenderit quer polaroid aben digeth manu.<\/p>\n\n\n\n<h1 class=\"wp-block-heading\">See on H1 n\u00e4idispealkiri<\/h1>\n\n\n\n<p>Narwhali kullerkott, s\u00f5rmega kinnitatav kinoa, toiduk\u00e4ru, neli loko jalgratta\u00f5igusi, k\u00f5rgtr\u00fckk, pane lind peale, tofu, banjo, Cray, semiootika, iPhone. Mlkshk twee, Neutral Bushwick. Williamsburgi krutsifiks, keytar puusakott, American Apparel flexitarian VHS. Chillwave Godard Cray dressipluus, Neutra. Vin\u00fc\u00fclist h\u00fcpiktoiduk\u00e4ru, Wayfarers, semiootika, t\u00e4navakunst.<\/p>\n\n\n\n<h2 class=\"wp-block-heading\">See on H2 n\u00e4ite pealkiri.<\/h2>\n\n\n\n<p>Blogi Brooklyn keytar sa pole neist ilmselt kuulnudki: mixtape, swag, direct trade, hashtag, organic, church-key, crucifiks, stumptown, cliche, try-hard, ethniline. Flexitarian narwhal, PBR&amp;B +1 locavore. R\u00f5ivakujundus: dreamcatcher, teksap\u00fcksid, Neutra t\u00e4navakunst, sealihak\u00f5ht, vuntsid eritellimusel.<\/p>\n\n\n\n<h3 class=\"wp-block-heading\">See on h3 n\u00e4idispealkiri<\/h3>\n\n\n\n<p>Narwhali kullerkott, s\u00f5rmega kinnitatav kinoa, toiduk\u00e4ru, neli loko jalgratta\u00f5igusi, k\u00f5rgtr\u00fckk, pane lind peale, tofu, banjo, Cray, semiootika, iPhone. Mlkshk twee, Neutral Bushwick. Williamsburgi krutsifiks, keytar puusakott, American Apparel flexitarian VHS. Chillwave Godard Cray dressipluus, Neutra. Vin\u00fc\u00fclist h\u00fcpiktoiduk\u00e4ru, Wayfarers, semiootika, t\u00e4navakunst.<\/p>\n\n\n\n<h4 class=\"wp-block-heading\">See on h4 n\u00e4idispealkiri<\/h4>\n\n\n\n<p>Blogi Brooklyn keytar sa pole neist ilmselt kuulnudki: mixtape, swag, direct trade, hashtag, organic, church-key, crucifiks, stumptown, cliche, try-hard, ethniline. Flexitarian narwhal, PBR&amp;B +1 locavore. R\u00f5ivakujundus: dreamcatcher, teksap\u00fcksid, Neutra t\u00e4navakunst, sealihak\u00f5ht, vuntsid eritellimusel.<\/p>\n\n\n\n<h5 class=\"wp-block-heading\">See on h5 n\u00e4idispealkiri<\/h5>\n\n\n\n<p>Blogi Brooklyn keytar sa pole neist ilmselt kuulnudki: mixtape, swag, direct trade, hashtag, organic, church-key, crucifiks, stumptown, cliche, try-hard, ethniline. Flexitarian narwhal, PBR&amp;B +1 locavore. R\u00f5ivakujundus: dreamcatcher, teksap\u00fcksid, Neutra t\u00e4navakunst, sealihak\u00f5ht, vuntsid eritellimusel.<\/p>\n\n\n\n<h6 class=\"wp-block-heading\">See on h6 n\u00e4idispealkiri<\/h6>\n\n\n\n<p>Lorem ipsum Id tempor laborum in consequat Ut in eu id eu incididunt ut sed elit quis veniam sint id sit Duis sunt Excepteur consectetur reprehenderit culpa deserunt cillum aute dolor dolor dolor qui.<\/p>\n\n\n\n<div class=\"wp-block-image\"><figure class=\"alignleft\"><a href=\"https:\/\/demo.mekshq.com\/voice\/wp-content\/uploads\/2014\/11\/voice_16.jpg\"><img decoding=\"async\" src=\"https:\/\/demo.mekshq.com\/voice\/wp-content\/uploads\/2014\/11\/voice_16-300x300.jpg\" alt=\"Moefanaatik\" class=\"wp-image-83\"\/><\/a><figcaption>Moefanaatik<\/figcaption><\/figure><\/div>\n\n\n\n<p>Vala \u00fcle ja s\u00e4rise, commodo Marfa unen\u00e4op\u00fc\u00fcdja aliquip. Usaldusfond enne, kui nad v\u00e4lja m\u00fc\u00fcsid mumblecore YOLO. Placeat usaldusfondi s\u00fc\u00fc, keffiyeh twee labore vero. McSweeney chia polaroid wolf. Laborumi puusakott Vice Pitchfork Tumblr, Pinterest Blue Bottle&#039;i harjutus High Life 8-bitine mlkshk brunch moekirves Helvetica. Polaroid mitte-consectetur, intsidentsed retuusid stseenester <a href=\"#\">Pitchfork joob \u00e4\u00e4dikat <\/a>mitteeetiline viirus. Banjo unen\u00e4op\u00fc\u00fcdja nokam\u00fcts Etsy. Sapient dressipluus Wayfarers Mumblecore aasta adipisicing placeat single-origin kohvik. Banksy aasta toiduk\u00e4ru Neutra eiusmod forage, tegelikult sealiha k\u00f5hut\u00e4ie dressipluus mlkshk keytar synth laboris Intelligentsia. Esinda seda, mis polaroid XOXO s\u00fc\u00fcdi on, Shoreditch gastropub mis iganes. Esinda seda, mis polaroid XOXO s\u00fc\u00fcdi on, Shoreditch gastropub.<\/p>\n\n\n\n<div class=\"wp-block-image\"><figure class=\"alignright\"><a href=\"https:\/\/demo.mekshq.com\/voice\/wp-content\/uploads\/2014\/11\/voice_61.jpg\"><img decoding=\"async\" src=\"https:\/\/demo.mekshq.com\/voice\/wp-content\/uploads\/2014\/11\/voice_61-300x200.jpg\" alt=\"Fotograafia ninja\" class=\"wp-image-86\"\/><\/a><figcaption>Fotograafia ninja<\/figcaption><\/figure><\/div>\n\n\n\n<p>\u00dche p\u00e4ritoluga kohv <a href=\"#\">Ullamco pariatur<\/a>, id accusamus sunt h\u00fcpikaken. Fugiat seak\u00f5ht Terry Richardson 3 hundikuu, commodo placeat Intelligentsia irure kapuuts Etsy do Neutra aliqua cray. Pariatur s\u00e4\u00e4rised Banksy anim pour-over dolor, labore cornhole Pinterest delectus cray voluptate. Banjo vin\u00fc\u00fcl Austin, Truffaut scenester eeldades PBR&amp;B sealiha k\u00f5ht eiusmod narval Vice selvage meh consequat. Gastropub proident h\u00e4irib toores teksariidest consectetur, m\u00f5ru Echo Park Tonx chia. Pitchfork accusamus kogi Tonx. Elit etniline Thundercats fap, aliquip Marfa otsekaubandus ja American Apparel quinoa stumptown.<\/p>\n\n\n<p>[mks_separator style=\u201dsolid\u201d k\u00f5rgus=\u201d1\u2033]<\/p>\n\n\n\n<h4 class=\"wp-block-heading\">Plokktsitaat<\/h4>\n\n\n\n<p>Tark dressipluus Wayfarers mumblecore aasta adipisicing placeat single-origin kohvik. Banksy aasta toiduk\u00e4ru Neutra eiusmod forage, tegelikult sealiha k\u00f5huga dressipluus mlkshk keytar synth laboris Intelligentsia. Esindatakse vaid polaroid XOXO s\u00fc\u00fcdistust, Shoreditch gastropub mis iganes.<\/p>\n\n\n\n<blockquote class=\"wp-block-quote is-layout-flow wp-block-quote-is-layout-flow\"><p>Sinu aeg on piiratud, seega \u00e4ra raiska seda kellegi teise elu elades. \u00c4ra lange dogma l\u00f5ksu \u2013 see t\u00e4hendab teiste inimeste m\u00f5tlemise tulemustega elamist. \u00c4ra lase teiste arvamuste m\u00fcral l\u00e4mmatada oma siseh\u00e4\u00e4lt. Ja mis k\u00f5ige t\u00e4htsam \u2013 ole julge ja j\u00e4rgi oma s\u00fcdant ja intuitsiooni.<\/p><\/blockquote>\n\n\n\n<p>Tark dressipluus Wayfarers mumblecore aasta adipisicing placeat single-origin kohvik. Banksy aasta toiduk\u00e4ru Neutra eiusmod forage, tegelikult sealiha k\u00f5huga dressipluus mlkshk keytar synth laboris Intelligentsia. Esindatakse vaid polaroid XOXO s\u00fc\u00fcdistust, Shoreditch gastropub mis iganes.<\/p>\n\n\n\n<h4 class=\"wp-block-heading\">T\u00e4hts\u00fcndmused<\/h4>\n\n\n\n<p>Lorem ipsum Id tempor laborum in <\/p>\n\n\n<p>[mks_highlight color=\u201d#cf4d35\u201d]<span style=\"color: #ffffff;\">veniam sint id<\/span>[\/mks_highlight]<\/p>\n\n\n\n<p> consequat Ut in eu id eu incididunt ut sed elit quis sit Duis sunt Excepteur consectetur reprehenderit culpa deserunt cillum aute dolor dolor dolor qui.<\/p>\n\n\n<p>[mks_col]<br \/>\n[mks_one_half]<\/p>\n<h4 style=\"text-align: left;\">J\u00e4rjestamata loend<\/h4>\n<ul>\n<li>Sapiente kapuutsiga Wayfarersi dressipluus<\/li>\n<li>Pariatur-retuusid Banksy<\/li>\n<li>Pitchforki s\u00fc\u00fcdistus<\/li>\n<li>Helvetica piiritusetehase valu<\/li>\n<\/ul>\n<p>[\/mks_one_half]<\/p>\n<p>[mks_one_half]<\/p>\n<h4>J\u00e4rjestatud nimekiri<\/h4>\n<ol>\n<li>Echo Parki harjutus<\/li>\n<li>Pinterest delectus cray voluptate<\/li>\n<li>Aliqua autor Terry Richardson<\/li>\n<li>Pitchforki s\u00fc\u00fcdistus<\/li>\n<\/ol>\n<p>[\/mks_one_half]<\/p>\n<p>[\/mks_col]<\/p>\n\n\n\n<h4 class=\"wp-block-heading\">Koodi n\u00e4ide<\/h4>\n\n\n\n<pre class=\"wp-block-preformatted\">.super_class:before{ background:url(&#039;images\/awesome.jpg&#039;) no-repeat center center; float:left; display:block; content: &quot;Suurep\u00e4rane&quot;; }<\/pre>\n\n\n\n<h4 class=\"wp-block-heading\">Tabeli n\u00e4ide<\/h4>\n\n\n\n<table class=\"wp-block-table\"><thead><tr><td>Nimi<\/td><td>H\u00fc\u00fcdnimi<\/td><td>Number<\/td><\/tr><\/thead><tbody><tr><td>Jill<\/td><td>Jokker<\/td><td>50<\/td><\/tr><tr><td>Eeva<\/td><td>Batman<\/td><td>94<\/td><\/tr><tr><td>Johannes<\/td><td>Punarind<\/td><td>80<\/td><\/tr><\/tbody><\/table>","protected":false},"excerpt":{"rendered":"<p>[mks_dropcap style=&#8221;square&#8221; size=&#8221;50&#8243; bg_color=&#8221;#cf4d35&#8243; txt_color=&#8221;#ffffff&#8221;]A[\/mks_dropcap]orem ipsum Id tempor laborum in consequat ut in eu id eu incididunt ut sed elit quis veniam sint id sit Duis sunt laborum in consequat&nbsp;tempor laborum in consequat&nbsp;Excepteur consectetur reprehenderit culpa deserunt cillum aute dolor dolor dolor qui. Id tempor laborum in consequat Ut in eu id eu.&nbsp;Shoreditch gastropub whatever.&nbsp;Reprehenderit [&hellip;]<\/p>","protected":false},"author":1,"featured_media":0,"parent":0,"menu_order":0,"comment_status":"closed","ping_status":"closed","template":"","meta":{"footnotes":""},"class_list":["post-328","page","type-page","status-publish","hentry"],"_links":{"self":[{"href":"https:\/\/idloaded.com\/et\/wp-json\/wp\/v2\/pages\/328","targetHints":{"allow":["GET"]}}],"collection":[{"href":"https:\/\/idloaded.com\/et\/wp-json\/wp\/v2\/pages"}],"about":[{"href":"https:\/\/idloaded.com\/et\/wp-json\/wp\/v2\/types\/page"}],"author":[{"embeddable":true,"href":"https:\/\/idloaded.com\/et\/wp-json\/wp\/v2\/users\/1"}],"replies":[{"embeddable":true,"href":"https:\/\/idloaded.com\/et\/wp-json\/wp\/v2\/comments?post=328"}],"version-history":[{"count":0,"href":"https:\/\/idloaded.com\/et\/wp-json\/wp\/v2\/pages\/328\/revisions"}],"wp:attachment":[{"href":"https:\/\/idloaded.com\/et\/wp-json\/wp\/v2\/media?parent=328"}],"curies":[{"name":"wp","href":"https:\/\/api.w.org\/{rel}","templated":true}]}}