{"id":69,"date":"2023-12-01T00:51:50","date_gmt":"2023-12-01T03:51:50","guid":{"rendered":"http:\/\/idloaded.com\/?page_id=69"},"modified":"2024-07-04T19:21:46","modified_gmt":"2024-07-04T22:21:46","slug":"contactanos","status":"publish","type":"page","link":"https:\/\/idloaded.com\/es_es\/contactanos\/","title":{"rendered":"Contacto"},"content":{"rendered":"<h2>Ponte en contacto con nosotros<\/h2>\n<p>Gracias por su inter\u00e9s en IdLoaded. Valoramos sus opiniones y preguntas. Aqu\u00ed hay formas de contactarnos:<\/p>\n<h3>Correo electr\u00f3nico<\/h3>\n<p>Para preguntas generales, sugerencias o comentarios, env\u00ede un correo electr\u00f3nico. <a rel=\"noreferrer\">contacto@idloaded.com<\/a>. Nuestro equipo se esforzar\u00e1 por responder a sus preguntas lo m\u00e1s r\u00e1pido posible.<\/p>\n<h3>Formulario de contacto<\/h3>\n<p>Si tiene preguntas espec\u00edficas o desea enviar un art\u00edculo relacionado con la tecnolog\u00eda, env\u00ede un correo electr\u00f3nico <a rel=\"noreferrer\">contacto@idloaded.com<\/a>. Agradecemos las contribuciones de amantes de la informaci\u00f3n general y entusiastas de la tecnolog\u00eda.<\/p>\n<h3>direcci\u00f3n postal<\/h3>\n<p>Si prefieres el correo tradicional, puedes encontrarnos en la siguiente direcci\u00f3n:<\/p>\n<p><strong>ID cargado<\/strong><\/p>\n<p>837 Carril de huellas de patas<\/p>\n<p>Dogville, TX 75001<\/p>\n<p>EE.UU<\/p>\n<h3>Hoja informativa<\/h3>\n<p>Para mantenerse actualizado con los \u00faltimos art\u00edculos, tendencias tecnol\u00f3gicas y noticias de la comunidad IdLoaded, suscr\u00edbase a nuestro bolet\u00edn. Simplemente ingrese su correo electr\u00f3nico en el cuadro de registro en la parte inferior de nuestra p\u00e1gina de inicio.<\/p>\n<h3>Comentario<\/h3>\n<p>Siempre buscamos mejorar nuestro contenido y la experiencia del usuario. Si tiene sugerencias o comentarios sobre c\u00f3mo podemos mejorar su experiencia con IdLoaded, comp\u00e1rtalos con nosotros por correo electr\u00f3nico.<\/p>\n<p>Apreciamos su inter\u00e9s y esperamos tener noticias suyas. IdLoaded est\u00e1 aqu\u00ed para conectar el mundo de la informaci\u00f3n con lo \u00faltimo en tecnolog\u00eda y su contribuci\u00f3n es fundamental para ayudarnos a lograr esta misi\u00f3n.<\/p>\n<p>\u00a1Gracias por ser parte de nuestra comunidad de informaci\u00f3n general!<\/p>","protected":false},"excerpt":{"rendered":"<p>Entre em Contato Conosco Obrigado pelo seu interesse no IdLoaded. Valorizamos suas opini\u00f5es e perguntas. Aqui est\u00e3o as formas de nos contatar: Email Para perguntas gerais, sugest\u00f5es ou coment\u00e1rios, envie um e-mail para contact@idloaded.com. Nossa equipe se esfor\u00e7ar\u00e1 para responder \u00e0s suas perguntas o mais r\u00e1pido poss\u00edvel. Formul\u00e1rio de Contato Se voc\u00ea tiver perguntas espec\u00edficas [&hellip;]<\/p>","protected":false},"author":1,"featured_media":0,"parent":0,"menu_order":0,"comment_status":"closed","ping_status":"closed","template":"","meta":{"footnotes":""},"class_list":["post-69","page","type-page","status-publish","hentry"],"_links":{"self":[{"href":"https:\/\/idloaded.com\/es_es\/wp-json\/wp\/v2\/pages\/69","targetHints":{"allow":["GET"]}}],"collection":[{"href":"https:\/\/idloaded.com\/es_es\/wp-json\/wp\/v2\/pages"}],"about":[{"href":"https:\/\/idloaded.com\/es_es\/wp-json\/wp\/v2\/types\/page"}],"author":[{"embeddable":true,"href":"https:\/\/idloaded.com\/es_es\/wp-json\/wp\/v2\/users\/1"}],"replies":[{"embeddable":true,"href":"https:\/\/idloaded.com\/es_es\/wp-json\/wp\/v2\/comments?post=69"}],"version-history":[{"count":6,"href":"https:\/\/idloaded.com\/es_es\/wp-json\/wp\/v2\/pages\/69\/revisions"}],"predecessor-version":[{"id":506,"href":"https:\/\/idloaded.com\/es_es\/wp-json\/wp\/v2\/pages\/69\/revisions\/506"}],"wp:attachment":[{"href":"https:\/\/idloaded.com\/es_es\/wp-json\/wp\/v2\/media?parent=69"}],"curies":[{"name":"wp","href":"https:\/\/api.w.org\/{rel}","templated":true}]}}