{"id":337,"date":"2014-11-25T13:52:17","date_gmt":"2014-11-25T13:52:17","guid":{"rendered":"https:\/\/demo.mekshq.com\/voice\/?page_id=337"},"modified":"2014-11-25T13:52:17","modified_gmt":"2014-11-25T13:52:17","slug":"codigos-cortos","status":"publish","type":"page","link":"https:\/\/idloaded.com\/es_co\/codigos-cortos\/","title":{"rendered":"C\u00f3digos cortos"},"content":{"rendered":"<p>\t\t\t\tEl tema es totalmente compatible con nuestro plugin Meks Flexible Shortcodes para WordPress. Consulta algunos ejemplos de lo que puedes crear dentro del contenido de p\u00e1ginas\/entradas con nuestros shortcodes.<\/p>\n<h3>Puedes agregar algunas columnas\u2026<\/h3>\n<p>[mks_col]<\/p>\n<p>[mks_one_half]Excepto chips de col rizada con adiposicing try-hard et. Meh lobo anim delectus skateboard. Bigote de escena de forraje skateboard DIY, sapiente laborum lo que sea. \u00c9tico consectetur non +1 despeinado aut\u00e9ntico. Enim viral delectus de otro nivel. Fiesta en la azotea de Brooklyn con Helv\u00e9tica sostenible, veniam sin gluten, nostrud iron\u00eda tatuada, panceta de cerdo shabby chic que bebe vinagre. Truffaut flexitariano non reprehenderit Pitchfork, incidencia de Bushwick de la granja a la mesa.[\/mks_one_half]<\/p>\n<p>[mks_one_half] Barba umami Godard, semi\u00f3tica cornhole cray eiusmod m\u00e1quina de escribir a cuadros shabby chic sartorial Wes Anderson. Trabajo sin forraje tatuado, fiesta de arte DIY mumblecore veniam accusamus American Apparel master cleanse selfies ocupan cada uno de la granja a la mesa. Ejercicio tipogr\u00e1fico duis ennui confeccionado a medida. El tofu inteligente supone cuatro loko quer. Tedio vinilo incidencia umami Austin cardigan voluptate.[\/mks_one_half]<\/p>\n<p>[\/mks_col]<\/p>\n<h3>\u00bfQuiz\u00e1s algunas barras de progreso?<\/h3>\n<p>[mks_progressbar nombre=\u201dInteligente\u201d nivel=\u201dAlto\u201d valor=\u201d70\u2033 altura=\u201d20\u2033 color=\u201d#e23a3e\u201d estilo=\u201dcuadrado\u201d]<br \/>\n[mks_progressbar nombre=\u201dCreativo\u201d nivel=\u201dMuy alto\u201d valor=\u201d90\u2033 altura=\u201d20\u2033 color=\u201d#f7c24e\u201d estilo=\u201dcuadrado\u201d]<br \/>\n[mks_progressbar nombre=\u201dPesimista\u201d nivel=\u201dBajo\u201d valor=\u201d30\u2033 altura=\u201d20\u2033 color=\u201d#2c9cb1\u2033 estilo=\u201dcuadrado\u201d]<br \/>\n[mks_progressbar nombre=\u201dOptimista\u201d nivel=\u201dPromedio\u201d valor=\u201d50\u2033 altura=\u201d20\u2033 color=\u201d#000000\u2033 estilo=\u201dcuadrado\u201d]<\/p>\n<p>[mks_separator estilo=\u201den blanco\u201d altura=\u201d20\u2033]<\/p>\n<h4>\u00bfIconos de fuentes impresionantes?<\/h4>\n<h3>[mks_icon icon=\u201dfa-power-off\u201d color=\u201d#e23a3e\u201d] [mks_icon icon=\u201dfa-cog\u201d color=\u201d#e23a3e\u201d] [mks_icon icon=\u201dfa-th-list\u201d color=\u201d#e23a3e\u201d] [mks_icon icon=\u201dfa-file-o\u201d color=\u201d#e23a3e\u201d] [mks_icon icon=\u201dfa-video-camera\u201d color=\u201d#e23a3e\u201d] [mks_icon icon=\u201dfa-calendar\u201d color=\u201d#e23a3e\u201d] [mks_icon icon=\u201dfa-book\u201d color=\u201d#e23a3e\u201d] [mks_icon icon=\u201dfa-eye\u201d color=\u201d#e23a3e\u201d] [mks_icon icon=\u201dfa-heart-o\u201d color=\u201d#2c9cb1\u2033] [mks_icon icon=\u201dfa-umbrella\u201d color=\u201d#2c9cb1\u2033] [mks_icon icon=\u201dfa-microphone\u201d color=\u201d#2c9cb1\u2033]<\/h3>\n<p>[mks_separator estilo=\u201den blanco\u201d altura=\u201d20\u2033]<\/p>\n<h3>\u00bfO algunos botones bonitos?<\/h3>\n<p>[mks_button size=\u201dsmall\u201d title=\u201dSmall\u201d style=\u201dsquared\u201d url=\u201dhttps:\/\/mekshq.com\u201d target=\u201d_blank\u201d bg_color=\u201d#e23a3e\u201d txt_color=\u201d#FFFFFF\u201d icon=\u201dfa-music\u201d]<\/p>\n<p>[mks_button tama\u00f1o=\u201dpeque\u00f1o\u201d t\u00edtulo=\u201dPeque\u00f1o\u201d estilo=\u201dcuadrado\u201d url=\u201dhttps:\/\/mekshq.com\u201d objetivo=\u201d_blank\u201d bg_color=\u201d#f7c24e\u201d txt_color=\u201d#FFFFFF\u201d icono=\u201dfa-music\u201d]<\/p>\n<p>[mks_button size=\u201dsmall\u201d title=\u201dSmall\u201d style=\u201dsquared\u201d url=\u201dhttps:\/\/mekshq.com\u201d target=\u201d_blank\u201d bg_color=\u201d#2c9cb1\u2033 txt_color=\u201d#FFFFFF\u201d icon=\u201dfa-music\u201d]<\/p>\n<p>[mks_separator estilo=\u201den blanco\u201d altura=\u201d1\u2033]<\/p>\n<p>[mks_button size=\u201dmediano\u201d title=\u201dMediano\u201d style=\u201dredondeado\u201d url=\u201dhttps:\/\/mekshq.com\u201d target=\u201d_blank\u201d bg_color=\u201d#e23a3e\u201d txt_color=\u201d#FFFFFF\u201d icon=\u201dfa-power-off\u201d]<\/p>\n<p>[mks_button size=\u201dmediano\u201d title=\u201dMediano\u201d style=\u201dredondeado\u201d url=\u201dhttps:\/\/mekshq.com\u201d target=\u201d_blank\u201d bg_color=\u201d#f7c24e\u201d txt_color=\u201d#FFFFFF\u201d icon=\u201dfa-power-off\u201d]<\/p>\n<p>[mks_button size=\u201dmediano\u201d title=\u201dMediano\u201d style=\u201dredondeado\u201d url=\u201dhttps:\/\/mekshq.com\u201d target=\u201d_blank\u201d bg_color=\u201d#2c9cb1\u2033 txt_color=\u201d#FFFFFF\u201d icon=\u201dfa-power-off\u201d]<\/p>\n<p>[mks_separator estilo=\u201den blanco\u201d altura=\u201d1\u2033]<\/p>\n<p>[mks_button size=\u201dlarge\u201d title=\u201dBot\u00f3n grande\u201d style=\u201drounded\u201d url=\u201dhttps:\/\/mekshq.com\u201d target=\u201d_blank\u201d bg_color=\u201d#e23a3e\u201d txt_color=\u201d#FFFFFF\u201d icon=\u201d\u201d]<\/p>\n<p>[mks_button size=\u201dlarge\u201d title=\u201dBot\u00f3n grande\u201d style=\u201drounded\u201d url=\u201dhttps:\/\/mekshq.com\u201d target=\u201d_blank\u201d bg_color=\u201d#f7c24e\u201d txt_color=\u201d#FFFFFF\u201d icon=\u201d\u201d]<\/p>\n<p>[mks_button size=\u201dlarge\u201d title=\u201dBot\u00f3n grande\u201d style=\u201drounded\u201d url=\u201dhttps:\/\/mekshq.com\u201d target=\u201d_blank\u201d bg_color=\u201d#2c9cb1\u2033 txt_color=\u201d#FFFFFF\u201d icon=\u201d\u201d]<\/p>\n<p>[mks_separator estilo=\u201den blanco\u201d altura=\u201d20\u2033]<\/p>\n<h3>\u00bfQuiz\u00e1s algunos \u00edconos sociales?<\/h3>\n<p>[mks_social icon=\u201daim\u201d tama\u00f1o=\u201d48\u2033 estilo=\u201dredondeado\u201d url=\u201dhttp:\/\/\u201d objetivo=\u201d_self\u201d][mks_social icon=\u201dskype\u201d tama\u00f1o=\u201d48\u2033 estilo=\u201dredondeado\u201d url=\u201dhttp:\/\/\u201d objetivo=\u201d_self\u201d][mks_social icon=\u201ddribbble\u201d tama\u00f1o=\u201d48\u2033 estilo=\u201dredondeado\u201d url=\u201dhttp:\/\/\u201d objetivo=\u201d_self\u201d][mks_social icon=\u201dfacebook\u201d tama\u00f1o=\u201d48\u2033 estilo=\u201dredondeado\u201d url=\u201dhttp:\/\/\u201d objetivo=\u201d_self\u201d][mks_social icon=\u201dpinterest\u201d tama\u00f1o=\u201d48\u2033 estilo=\u201dredondeado\u201d url=\u201dhttp:\/\/\u201d objetivo=\u201d_self\u201d][mks_social icon=\u201dlinkedin\u201d tama\u00f1o=\u201d48\u2033 estilo=\u201dredondeado\u201d url=\u201dhttp:\/\/\u201d objetivo=\u201d_self\u201d][mks_social icon=\u201dgrooveshark\u201d Tama\u00f1o = &quot;48&quot; estilo = &quot;redondeado&quot; URL = &quot;http:\/\/&quot; objetivo = &quot;_self&quot;][\u00cdcono de mks_social = &quot;forrst&quot; tama\u00f1o = &quot;48&quot; estilo = &quot;redondeado&quot; URL = &quot;http:\/\/&quot; objetivo = &quot;_self&quot;][\u00cdcono de mks_social = &quot;instagram&quot; tama\u00f1o = &quot;48&quot; estilo = &quot;redondeado&quot; URL = &quot;http:\/\/&quot; objetivo = &quot;_self&quot;][\u00cdcono de mks_social = &quot;flickr&quot; tama\u00f1o = &quot;48&quot; estilo = &quot;redondeado&quot; URL = &quot;http:\/\/&quot; objetivo = &quot;_self&quot;][\u00cdcono de mks_social = &quot;evernote&quot; tama\u00f1o = &quot;48&quot; estilo = &quot;redondeado&quot; URL = &quot;http:\/\/&quot; objetivo = &quot;_self&quot;][\u00cdcono de mks_social = &quot;yahoo&quot; tama\u00f1o = &quot;48&quot; estilo = &quot;redondeado&quot; URL = &quot;http:\/\/&quot; objetivo = &quot;_self&quot;]<\/p>\n<p>[mks_social icon=\u201daim\u201d tama\u00f1o=\u201d48\u2033 estilo=\u201dc\u00edrculo\u201d url=\u201dhttp:\/\/\u201d objetivo=\u201d_self\u201d][mks_social icon=\u201dskype\u201d tama\u00f1o=\u201d48\u2033 estilo=\u201dc\u00edrculo\u201d url=\u201dhttp:\/\/\u201d objetivo=\u201d_self\u201d][mks_social icon=\u201ddribbble\u201d tama\u00f1o=\u201d48\u2033 estilo=\u201dc\u00edrculo\u201d url=\u201dhttp:\/\/\u201d objetivo=\u201d_self\u201d][mks_social icon=\u201dfacebook\u201d tama\u00f1o=\u201d48\u2033 estilo=\u201dc\u00edrculo\u201d url=\u201dhttp:\/\/\u201d objetivo=\u201d_self\u201d][mks_social icon=\u201dpinterest\u201d tama\u00f1o=\u201d48\u2033 estilo=\u201dc\u00edrculo\u201d url=\u201dhttp:\/\/\u201d objetivo=\u201d_self\u201d][mks_social icon=\u201dlinkedin\u201d tama\u00f1o=\u201d48\u2033 estilo=\u201dc\u00edrculo\u201d url=\u201dhttp:\/\/\u201d objetivo=\u201d_self\u201d][mks_social icon=\u201dgrooveshark\u201d tama\u00f1o=\u201d48\u2033 estilo=\u201dc\u00edrculo\u201d url=\u201dhttp:\/\/\u201d objetivo=\u201d_self\u201d][icono de mks_social=\u201dforrst\u201d tama\u00f1o=\u201d48\u2033 estilo=\u201dc\u00edrculo\u201d url=\u201dhttp:\/\/\u201d objetivo=\u201d_self\u201d][icono de mks_social=\u201dinstagram\u201d tama\u00f1o=\u201d48\u2033 estilo=\u201dc\u00edrculo\u201d url=\u201dhttp:\/\/\u201d objetivo=\u201d_self\u201d][icono de mks_social=\u201dflickr\u201d tama\u00f1o=\u201d48\u2033 estilo=\u201dc\u00edrculo\u201d url=\u201dhttp:\/\/\u201d objetivo=\u201d_self\u201d][icono de mks_social=\u201devernote\u201d tama\u00f1o=\u201d48\u2033 estilo=\u201dc\u00edrculo\u201d url=\u201dhttp:\/\/\u201d objetivo=\u201d_self\u201d][icono de mks_social=\u201dyahoo\u201d tama\u00f1o=\u201d48\u2033 estilo=\u201dc\u00edrculo\u201d url=\u201dhttp:\/\/\u201d objetivo=\u201d_self\u201d]<\/p>\n<p>[mks_social icon=\u201daim\u201d tama\u00f1o=\u201d48\u2033 estilo=\u201dcuadrado\u201d url=\u201dhttp:\/\/\u201d objetivo=\u201d_self\u201d][mks_social icon=\u201dskype\u201d tama\u00f1o=\u201d48\u2033 estilo=\u201dcuadrado\u201d url=\u201dhttp:\/\/\u201d objetivo=\u201d_self\u201d][mks_social icon=\u201ddribbble\u201d tama\u00f1o=\u201d48\u2033 estilo=\u201dcuadrado\u201d url=\u201dhttp:\/\/\u201d objetivo=\u201d_self\u201d][mks_social icon=\u201dfacebook\u201d tama\u00f1o=\u201d48\u2033 estilo=\u201dcuadrado\u201d url=\u201dhttp:\/\/\u201d objetivo=\u201d_self\u201d][mks_social icon=\u201dpinterest\u201d tama\u00f1o=\u201d48\u2033 estilo=\u201dcuadrado\u201d url=\u201dhttp:\/\/\u201d objetivo=\u201d_self\u201d][mks_social icon=\u201dlinkedin\u201d tama\u00f1o=\u201d48\u2033 estilo=\u201dcuadrado\u201d url=\u201dhttp:\/\/\u201d objetivo=\u201d_self\u201d][mks_social icon=\u201dgrooveshark\u201d tama\u00f1o=\u201d48\u2033 estilo=\u201dcuadrado\u201d url=\u201dhttp:\/\/\u201d objetivo=\u201d_self\u201d][icono de mks_social=\u201dforrst\u201d tama\u00f1o=\u201d48\u2033 estilo=\u201dcuadrado\u201d url=\u201dhttp:\/\/\u201d objetivo=\u201d_self\u201d][icono de mks_social=\u201dinstagram\u201d tama\u00f1o=\u201d48\u2033 estilo=\u201dcuadrado\u201d url=\u201dhttp:\/\/\u201d objetivo=\u201d_self\u201d][icono de mks_social=\u201dflickr\u201d tama\u00f1o=\u201d48\u2033 estilo=\u201dcuadrado\u201d url=\u201dhttp:\/\/\u201d objetivo=\u201d_self\u201d][icono de mks_social=\u201devernote\u201d tama\u00f1o=\u201d48\u2033 estilo=\u201dcuadrado\u201d url=\u201dhttp:\/\/\u201d objetivo=\u201d_self\u201d][icono de mks_social=\u201dyahoo\u201d tama\u00f1o=\u201d48\u2033 estilo=\u201dcuadrado\u201d url=\u201dhttp:\/\/\u201d objetivo=\u201d_self\u201d]<\/p>\n<div class=\"clear\">[mks_separator estilo=\u201den blanco\u201d altura=\u201d30\u2033]<\/div>\n<h3>\u00bfLetras capitulares?<\/h3>\n<p>[mks_dropcap style=\u201dletter\u201d size=\u201d50\u2033 bg_color=\u201d#ffffff\u201d txt_color=\u201d#000000\u2033]A[\/mks_dropcap]excepteur adiposicing try-hard kale chips et. Meh lobo anim delectus skateboard. Forage scenester bigote skateboard DIY, sapiente laborum lo que sea. \u00c9tico consectetur non +1 despeinado aut\u00e9ntico. Enim viral delectus de siguiente nivel. Fiesta en la azotea de Brooklyn Helvetica sostenible sin gluten veniam, nostrud iron\u00eda tatuada panceta de cerdo shabby chic qui bebiendo vinagre. Truffaut flexitariano non reprehenderit Pitchfork, incidencia de Bushwick de la granja a la mesa.<\/p>\n<p>[mks_dropcap style=\u201dsquare\u201d size=\u201d50\u2033 bg_color=\u201d#91c842\u2033 txt_color=\u201d#ffffff\u201d]A[\/mks_dropcap]excepteur adiposicing try-hard kale chips et. Meh lobo anim delectus skateboard. Forage scenester bigote skateboard DIY, sapiente laborum lo que sea. \u00c9tico consectetur non +1 despeinado aut\u00e9ntico. Enim viral delectus de siguiente nivel. Fiesta en la azotea de Brooklyn Helvetica sostenible sin gluten veniam, nostrud iron\u00eda tatuada panceta de cerdo shabby chic qui bebiendo vinagre. Truffaut flexitariano non reprehenderit Pitchfork, incidencia de Bushwick de la granja a la mesa.<\/p>\n<p>[mks_dropcap style=\u201dcircle\u201d size=\u201d50\u2033 bg_color=\u201d#f7c24e\u201d txt_color=\u201d#ffffff\u201d]A[\/mks_dropcap]excepteur adipisicing try-hard kale chips et. Meh lobo anim delectus skateboard. Forage scenester bigote skateboard DIY, sapiente laborum lo que sea. \u00c9tico consectetur non +1 despeinado aut\u00e9ntico. Enim viral delectus de siguiente nivel. Fiesta en la azotea de Brooklyn Helvetica sostenible sin gluten veniam, nostrud iron\u00eda tatuada panceta de cerdo shabby chic qui bebiendo vinagre.<\/p>\n<p>[mks_dropcap style=\u201drounded\u201d size=\u201d50\u2033 bg_color=\u201d#2c9cb1\u2033 txt_color=\u201d#ffffff\u201d]A[\/mks_dropcap]excepteur adiposicing try-hard kale chips et. Meh lobo anim delectus skateboard. Forage scenester bigote skateboard DIY, sapiente laborum lo que sea. \u00c9tico consectetur non +1 despeinado aut\u00e9ntico. Enim viral delectus de siguiente nivel. Fiesta en la azotea de Brooklyn Helvetica sostenible sin gluten veniam, nostrud iron\u00eda tatuada panceta de cerdo shabby chic qui bebiendo vinagre. Truffaut flexitariano non reprehenderit Pitchfork, incidencia de la granja a la mesa en Bushwick.<\/p>\n<h3>\u00bfCitas destacadas?<\/h3>\n<p>[mks_pullquote align=\u201dleft\u201d width=\u201d300\u2033 size=\u201d24\u2033 bg_color=\u201d#f7c24e\u201d txt_color=\u201d#ffffff\u201d]Chia kitsch laborum, Etsy iPhone Echo Park Thundercats iglesia-key cornhole lo-fi org\u00e1nico. [\/mks_pullquote] Hashtag meh lomo sartorial tipogr\u00e1fico, eiusmod aliqua in. Semi\u00f3tica forraje \u00e9tnico, irure dreamcatcher interrumpe a los caminantes de la ue de carbohidratos lentos. IPhone tatuado labore 3 lobo luna Odd Future, dolore skateboard. Est reprehenderit pug mumblecore swag \u00e9tnico. Chia kitsch laborum, Etsy iPhone Echo Park Thundercats iglesia-key cornhole lo-fi org\u00e1nico. Reprehenderit pop-up wolf, tryhard ut pariatur craft beer keytar squid y bolso de mano Echo Park. Cuatro loko mlkshk proident, caf\u00e9 de origen \u00fanico ullamco interrumpen la iron\u00eda de banh mi lo-fi freegan Shoreditch. Hashtag meh lomo sartorial tipogr\u00e1fico, eiusmod aliqua in. Forraje \u00e9tnico semi\u00f3tico, atrapasue\u00f1os irure perturban a los caminantes de carbohidratos lentos de la ue. IPhone tatuado labore 3 lobo luna Odd Future, dolore skateboard. Est reprehenderit pug mumblecore swag \u00e9tnico. Chia kitsch laborum, Etsy iPhone Echo Park Thundercats iglesia-key cornhole lo-fi org\u00e1nico.<\/p>\n<p>[mks_pullquote align=\u201dright\u201d width=\u201d300\u2033 size=\u201d24\u2033 bg_color=\u201d#2c9cb1\u2033 txt_color=\u201d#ffffff\u201d]Chia kitsch laborum, Etsy iPhone Echo Park Thundercats church-key cornhole lo-fi org\u00e1nico. [\/mks_pullquote]Reprehenderit pop-up wolf, try-hard ut pariatur craft beer keytar calamar y bolso de mano Echo Park Cuatro loko mlkshk proident, caf\u00e9 de origen \u00fanico ullamco interrumpen la iron\u00eda de banh mi freegan Shoreditch. baja fidelidad. Reprehenderit pop-up wolf, tryhard ut pariatur craft beer keytar squid y bolso de mano Echo Park. Cuatro loko mlkshk proident, caf\u00e9 de origen \u00fanico ullamco interrumpen la iron\u00eda de banh mi lo-fi freegan Shoreditch. Hashtag meh lomo sartorial tipogr\u00e1fico, eiusmod aliqua in. Forraje \u00e9tnico semi\u00f3tico, atrapasue\u00f1os irure perturban a los caminantes de carbohidratos lentos de la ue. IPhone tatuado labore 3 lobo luna Odd Future, dolore skateboard. Est reprehenderit pug mumblecore swag \u00e9tnico. Chia kitsch laborum, Etsy iPhone Echo Park Thundercats iglesia-key cornhole lo-fi org\u00e1nico.<\/p>\n<h3>\u00bfCortina a la italiana?<\/h3>\n<p>[mks_tabs nav=\u201dhorizontal\u201d]<br \/>\n[mks_tab_item title=\u201dT\u00edtulo 1\u2033]<br \/>\nChia kitsch laborum, Etsy iPhone Echo Park Thundercats iglesia-key cornhole lo-fi org\u00e1nico. Reprehenderit pop-up wolf, tryhard ut pariatur craft beer keytar squid y bolso de mano Echo Park. Cuatro loko mlkshk proident, caf\u00e9 de origen \u00fanico ullamco interrumpen la iron\u00eda de banh mi lo-fi freegan Shoreditch. Hashtag meh lomo sartorial tipogr\u00e1fico, eiusmod aliqua in. Forraje \u00e9tnico semi\u00f3tico, atrapasue\u00f1os irure perturban a los caminantes de carbohidratos lentos de la ue. IPhone tatuado labore 3 lobo luna Odd Future, dolore skateboard.<br \/>\n[elemento de pesta\u00f1a mks]<br \/>\n[mks_tab_item title=\u201dT\u00edtulo 2\u2033]<br \/>\nC\u00e1rdigan tatuado de narval, meggings de quinoa en selfies \u00e9tnicas de sintetizador pariatur High Life. Banjo con cred de limpieza maestra, no Thundercats. Fixie de gastropub, shorts vaqueros de franela Ullamco de Portland de 8 bits, XOXO esse. Impresi\u00f3n tipogr\u00e1fica fixie de biodi\u00e9sel de nivel superior, panceta de cerdo sin gluten y esforzada, laboris sunt. Paleo qui Thundercats, nostrud keytar nulla. Anuncio de sintetizador en clave de iglesia, Terry Richardson, asumiendo el verano, bitters de la granja a la mesa, labore, no Ullamco, atrapasue\u00f1os. M\u00e1quina de escribir ex Helv\u00e9tica, mixtape sartorial de hashtag de caf\u00e9 de origen \u00fanico Polaroid encurtido.<br \/>\n[elemento de pesta\u00f1a mks]<br \/>\n[mks_tab_item title=\u201dT\u00edtulo 3\u2033]<br \/>\nLiteralmente enim elit id, el vicio despein\u00f3 a la intelectualidad. Fixie sint nostrud mlkshk, delectus synth Marfa et. Nihil VHS aut\u00e9ntico panceta de cerdo sunt, sapiente en Austin kogi paleo PBR&amp;B de 8 bits. El c\u00e1rdigan de Tumblr interrumpe el fondo fiduciario tatuado paleo, Truffaut odio sunt bebiendo vinagre. Polaroid readymade cray cardigan Shoreditch pug synth, aut\u00e9ntico freegan aliquip banjo fugiat. Fondo fiduciario reprehenderit de la granja a la mesa de hella McSweeney, ventana emergente de m\u00e1quina de escribir de baja fidelidad con barba y llave de iglesia cillum eu. Quis antes de que se agotaran las entradas del banjo, la moda hacha nesciunt sartorial veniam Portland magna aute Vice.<br \/>\n[elemento de pesta\u00f1a mks]<br \/>\n[\/mks_tabs]<\/p>\n<p>[mks_tabs nav=\u201dvertical\u201d]<br \/>\n[mks_tab_item title=\u201dT\u00edtulo 1\u2033]<br \/>\nChia kitsch laborum, Etsy iPhone Echo Park Thundercats iglesia-key cornhole lo-fi org\u00e1nico. Reprehenderit pop-up wolf, tryhard ut pariatur craft beer keytar squid y bolso de mano Echo Park. Cuatro loko mlkshk proident, caf\u00e9 de origen \u00fanico ullamco interrumpen la iron\u00eda de banh mi lo-fi freegan Shoreditch. Hashtag meh lomo sartorial tipogr\u00e1fico, eiusmod aliqua in. Forraje \u00e9tnico semi\u00f3tico, atrapasue\u00f1os irure perturban a los caminantes de carbohidratos lentos de la ue. IPhone tatuado labore 3 lobo luna Odd Future, dolore skateboard.<br \/>\n[elemento de pesta\u00f1a mks]<br \/>\n[mks_tab_item title=\u201dT\u00edtulo 2\u2033]<br \/>\nC\u00e1rdigan tatuado de narval, meggings de quinoa en selfies \u00e9tnicas de sintetizador pariatur High Life. Banjo con cred de limpieza maestra, no Thundercats. Fixie de gastropub, shorts vaqueros de franela Ullamco de Portland de 8 bits, XOXO esse. Impresi\u00f3n tipogr\u00e1fica fixie de biodi\u00e9sel de nivel superior, panceta de cerdo sin gluten y esforzada, laboris sunt. Paleo qui Thundercats, nostrud keytar nulla. Anuncio de sintetizador en clave de iglesia, Terry Richardson, asumiendo el verano, bitters de la granja a la mesa, labore, no Ullamco, atrapasue\u00f1os. M\u00e1quina de escribir ex Helv\u00e9tica, mixtape sartorial de hashtag de caf\u00e9 de origen \u00fanico Polaroid encurtido.<br \/>\n[elemento de pesta\u00f1a mks]<br \/>\n[mks_tab_item title=\u201dT\u00edtulo 3\u2033]<br \/>\nLiteralmente enim elit id, el vicio despein\u00f3 a la intelectualidad. Fixie sint nostrud mlkshk, delectus synth Marfa et. Nihil VHS aut\u00e9ntico panceta de cerdo sunt, sapiente en Austin kogi paleo PBR&amp;B de 8 bits. El c\u00e1rdigan de Tumblr interrumpe el fondo fiduciario tatuado paleo, Truffaut odio sunt bebiendo vinagre. Polaroid readymade cray cardigan Shoreditch pug synth, aut\u00e9ntico freegan aliquip banjo fugiat. Fondo fiduciario reprehenderit de la granja a la mesa de hella McSweeney, ventana emergente de m\u00e1quina de escribir de baja fidelidad con barba y llave de iglesia cillum eu. Quis antes de que se agotaran las entradas del banjo, la moda hacha nesciunt sartorial veniam Portland magna aute Vice.<br \/>\n[elemento de pesta\u00f1a mks]<br \/>\n[\/mks_tabs]<\/p>\n<h3>\u00bfAcordeones?<\/h3>\n<p>[mks_acorde\u00f3n]<br \/>\n[mks_accordion_item title=\u201dT\u00edtulo 1\u2033]<br \/>\nLiteralmente enim elit id, el vicio despein\u00f3 a la intelectualidad. Fixie sint nostrud mlkshk, delectus synth Marfa et. Nihil VHS aut\u00e9ntico panceta de cerdo sunt, sapiente en Austin kogi paleo PBR&amp;B de 8 bits. El c\u00e1rdigan de Tumblr interrumpe el fondo fiduciario tatuado paleo, Truffaut odio sunt bebiendo vinagre. Polaroid readymade cray cardigan Shoreditch pug synth, aut\u00e9ntico freegan aliquip banjo fugiat. Fondo fiduciario reprehenderit de la granja a la mesa de hella McSweeney, ventana emergente de m\u00e1quina de escribir de baja fidelidad con barba y llave de iglesia cillum eu. Quis antes de que se agotaran las entradas del banjo, la moda hacha nesciunt sartorial veniam Portland magna aute Vice.<br \/>\n[\/mks_accordion_item]<br \/>\n[mks_accordion_item title=\u201dT\u00edtulo 2\u2033]<br \/>\nC\u00e1rdigan tatuado de narval, meggings de quinoa en selfies \u00e9tnicas de sintetizador pariatur High Life. Banjo con cred de limpieza maestra, no Thundercats. Fixie de gastropub, shorts vaqueros de franela Ullamco de Portland de 8 bits, XOXO esse. Impresi\u00f3n tipogr\u00e1fica fixie de biodi\u00e9sel de nivel superior, panceta de cerdo sin gluten y esforzada, laboris sunt. Paleo qui Thundercats, nostrud keytar nulla. Anuncio de sintetizador en clave de iglesia, Terry Richardson, asumiendo el verano, bitters de la granja a la mesa, labore, no Ullamco, atrapasue\u00f1os. M\u00e1quina de escribir ex Helv\u00e9tica, mixtape sartorial de hashtag de caf\u00e9 de origen \u00fanico Polaroid encurtido.<br \/>\n[\/mks_accordion_item]<br \/>\n[mks_accordion_item title=\u201dT\u00edtulo 3\u2033]<br \/>\nChia kitsch laborum, Etsy iPhone Echo Park Thundercats iglesia-key cornhole lo-fi org\u00e1nico. Reprehenderit pop-up wolf, tryhard ut pariatur craft beer keytar squid y bolso de mano Echo Park. Cuatro loko mlkshk proident, caf\u00e9 de origen \u00fanico ullamco interrumpen la iron\u00eda de banh mi lo-fi freegan Shoreditch. Hashtag meh lomo sartorial tipogr\u00e1fico, eiusmod aliqua in. Forraje \u00e9tnico semi\u00f3tico, atrapasue\u00f1os irure perturban a los caminantes de carbohidratos lentos de la ue. IPhone tatuado labore 3 lobo luna Odd Future, dolore skateboard.<br \/>\n[\/mks_accordion_item]<br \/>\n[\/mks_acorde\u00f3n]<\/p>\n<h3>\u00bfAlterna?<\/h3>\n<p>[mks_toggle title=\u201dT\u00edtulo de ejemplo\u201d state=\u201dopen\u201d]Chia kitsch laborum, Etsy iPhone Echo Park Thundercats iglesia-key cornhole lo-fi org\u00e1nico. Reprehenderit pop-up wolf, tryhard ut pariatur craft beer keytar squid y bolso de mano Echo Park. Cuatro loko mlkshk proident, caf\u00e9 de origen \u00fanico ullamco interrumpen la iron\u00eda de banh mi lo-fi freegan Shoreditch. Hashtag meh lomo sartorial tipogr\u00e1fico, eiusmod aliqua in.[\/mks_toggle]<\/p>\n<p>[mks_toggle title=\u201dT\u00edtulo de ejemplo\u201d state=\u201dclose\u201d]Chia kitsch laborum, Etsy iPhone Echo Park Thundercats iglesia-key cornhole lo-fi org\u00e1nico. Reprehenderit pop-up wolf, tryhard ut pariatur craft beer keytar squid y bolso de mano Echo Park. Cuatro loko mlkshk proident, caf\u00e9 de origen \u00fanico ullamco interrumpen la iron\u00eda de banh mi lo-fi freegan Shoreditch. Hashtag meh lomo sartorial tipogr\u00e1fico, eiusmod aliqua in.[\/mks_toggle]\t\t<\/p>","protected":false},"excerpt":{"rendered":"<p>Theme comes with full support for our Meks Flexible Shortcodes WordPress plugin. Check some examples of what can you create inside page\/post content with our shortcodes. You can add some columns&#8230; [mks_col] [mks_one_half]Excepteur adipisicing try-hard kale chips et. Meh wolf anim delectus skateboard. Forage scenester mustache skateboard DIY, sapiente laborum whatever. Ethical consectetur non +1 [&hellip;]<\/p>","protected":false},"author":1,"featured_media":0,"parent":0,"menu_order":0,"comment_status":"closed","ping_status":"closed","template":"","meta":{"footnotes":""},"class_list":["post-337","page","type-page","status-publish","hentry"],"_links":{"self":[{"href":"https:\/\/idloaded.com\/es_co\/wp-json\/wp\/v2\/pages\/337","targetHints":{"allow":["GET"]}}],"collection":[{"href":"https:\/\/idloaded.com\/es_co\/wp-json\/wp\/v2\/pages"}],"about":[{"href":"https:\/\/idloaded.com\/es_co\/wp-json\/wp\/v2\/types\/page"}],"author":[{"embeddable":true,"href":"https:\/\/idloaded.com\/es_co\/wp-json\/wp\/v2\/users\/1"}],"replies":[{"embeddable":true,"href":"https:\/\/idloaded.com\/es_co\/wp-json\/wp\/v2\/comments?post=337"}],"version-history":[{"count":0,"href":"https:\/\/idloaded.com\/es_co\/wp-json\/wp\/v2\/pages\/337\/revisions"}],"wp:attachment":[{"href":"https:\/\/idloaded.com\/es_co\/wp-json\/wp\/v2\/media?parent=337"}],"curies":[{"name":"wp","href":"https:\/\/api.w.org\/{rel}","templated":true}]}}