{"id":328,"date":"2014-11-25T13:48:50","date_gmt":"2014-11-25T13:48:50","guid":{"rendered":"https:\/\/demo.mekshq.com\/voice\/?page_id=328"},"modified":"2014-11-25T13:48:50","modified_gmt":"2014-11-25T13:48:50","slug":"tipografia","status":"publish","type":"page","link":"https:\/\/idloaded.com\/es_co\/tipografia\/","title":{"rendered":"Tipograf\u00eda"},"content":{"rendered":"<p>[mks_dropcap style=\u201dsquare\u201d size=\u201d50\u2033 bg_color=\u201d#cf4d35\u2033 txt_color=\u201d#ffffff\u201d]A[\/mks_dropcap]orem ipsum Id tempor laborum in consequat ut in eu id eu incididunt ut sed elit quis veniam sint id sit Duis sunt laborum in consequat tempor laborum en consecuencia Excepteur <a href=\"https:\/\/mekshq.com\" target=\"_blank\" rel=\"noopener noreferrer\">consectetur reprehenderit<\/a> culpa deserunt cillum aute dolor dolor dolor qui. Id tempor laborum in consequat Ut in eu id eu. Gastropub de Shoreditch, lo que sea. Reprehenderit quer polaroid aben digeth manu.<\/p>\n\n\n\n<h1 class=\"wp-block-heading\">Este es un t\u00edtulo de ejemplo H1<\/h1>\n\n\n\n<p>Bolso mensajero Narwhal, estilo normcore, bigote de dedo, cami\u00f3n de comida de quinoa, Four Loko, derechos de bicicleta, impresi\u00f3n tipogr\u00e1fica, ponle un p\u00e1jaro, tofu, banjo, Cray, semi\u00f3tica, iPhone. Mlkshk, twee, Neutra, Bushwick. Ri\u00f1onera Keytar con crucifijo de Williamsburg, VHS flexitariano de American Apparel. Sudadera con capucha Chillwave Godard, Cray, Neutra. Cami\u00f3n de comida pop-up de vinilo, Wayfarers, semi\u00f3tica, arte callejero.<\/p>\n\n\n\n<h2 class=\"wp-block-heading\">Este es el t\u00edtulo del ejemplo H2.<\/h2>\n\n\n\n<p>Blog Brooklyn keytar, probablemente no hayas o\u00eddo hablar de ellos, mixtape, bot\u00edn, hashtag de comercio directo, crucifijo org\u00e1nico con clave de iglesia, clich\u00e9 de Stumptown, \u00e9tnico esforzado. Narval flexitariano, PBR&amp;B +1 locavore. Shorts vaqueros con atrapasue\u00f1os de estilo sartorial, bigote de panceta de cerdo con arte callejero de Neutra, hecho a medida.<\/p>\n\n\n\n<h3 class=\"wp-block-heading\">Este es un t\u00edtulo de ejemplo h3<\/h3>\n\n\n\n<p>Bolso mensajero Narwhal, estilo normcore, bigote de dedo, cami\u00f3n de comida de quinoa, Four Loko, derechos de bicicleta, impresi\u00f3n tipogr\u00e1fica, ponle un p\u00e1jaro, tofu, banjo, Cray, semi\u00f3tica, iPhone. Mlkshk, twee, Neutra, Bushwick. Ri\u00f1onera Keytar con crucifijo de Williamsburg, VHS flexitariano de American Apparel. Sudadera con capucha Chillwave Godard, Cray, Neutra. Cami\u00f3n de comida pop-up de vinilo, Wayfarers, semi\u00f3tica, arte callejero.<\/p>\n\n\n\n<h4 class=\"wp-block-heading\">Este es un t\u00edtulo de ejemplo h4<\/h4>\n\n\n\n<p>Blog Brooklyn keytar, probablemente no hayas o\u00eddo hablar de ellos, mixtape, bot\u00edn, hashtag de comercio directo, crucifijo org\u00e1nico con clave de iglesia, clich\u00e9 de Stumptown, \u00e9tnico esforzado. Narval flexitariano, PBR&amp;B +1 locavore. Shorts vaqueros con atrapasue\u00f1os de estilo sartorial, bigote de panceta de cerdo con arte callejero de Neutra, hecho a medida.<\/p>\n\n\n\n<h5 class=\"wp-block-heading\">Este es un t\u00edtulo de ejemplo h5<\/h5>\n\n\n\n<p>Blog Brooklyn keytar, probablemente no hayas o\u00eddo hablar de ellos, mixtape, bot\u00edn, hashtag de comercio directo, crucifijo org\u00e1nico con clave de iglesia, clich\u00e9 de Stumptown, \u00e9tnico esforzado. Narval flexitariano, PBR&amp;B +1 locavore. Shorts vaqueros con atrapasue\u00f1os de estilo sartorial, bigote de panceta de cerdo con arte callejero de Neutra, hecho a medida.<\/p>\n\n\n\n<h6 class=\"wp-block-heading\">Este es un t\u00edtulo de ejemplo h6<\/h6>\n\n\n\n<p>Lorem ipsum Id tempor laborum in consequat Ut in eu id eu incididunt ut sed elit quis veniam sint id sit Duis sunt Excepteur consectetur reprehenderit culpa deserunt cillum aute dolor dolor qui.<\/p>\n\n\n\n<div class=\"wp-block-image\"><figure class=\"alignleft\"><a href=\"https:\/\/demo.mekshq.com\/voice\/wp-content\/uploads\/2014\/11\/voice_16.jpg\"><img decoding=\"async\" src=\"https:\/\/demo.mekshq.com\/voice\/wp-content\/uploads\/2014\/11\/voice_16-300x300.jpg\" alt=\"Fan\u00e1tico de la moda\" class=\"wp-image-83\"\/><\/a><figcaption>Fan\u00e1tico de la moda<\/figcaption><\/figure><\/div>\n\n\n\n<p>Vertido y chisporroteo, comodo Marfa atrapasue\u00f1os aliquip. Fondo fiduciario antes de que se agotaran las existencias mumblecore YOLO. Culpa del fondo fiduciario de Placeat, keffiyeh twee labore vero. Lobo polaroid de ch\u00eda de McSweeney. Ri\u00f1onera Laborum Vice Pitchfork Tumblr, Pinterest Blue Bottle ejercicio High Life 8-bit mlkshk brunch moda hacha Helv\u00e9tica. Polaroid no-consectetur, incidente leggings scenester <a href=\"#\">Vinagre para beber con horquilla <\/a>Viral no \u00e9tico. Art\u00edculos promocionales de Banjo Dreamcatcher en Etsy. Sudadera con capucha Sapient, Wayfarers, Mumblecore, yr, adipisicing, placeat, caf\u00e9 de origen \u00fanico. Cami\u00f3n de comida Banksy, Neutra, eiusmod, forraje, en realidad, sudadera con capucha de panceta de cerdo, mlkshk, sintetizador keytar, Laboris, Intelligentsia. Reprehenderit quer polaroid XOXO, culpa, gastropub de Shoreditch, lo que sea. Reprehenderit quer polaroid XOXO, culpa, gastropub de Shoreditch.<\/p>\n\n\n\n<div class=\"wp-block-image\"><figure class=\"alignright\"><a href=\"https:\/\/demo.mekshq.com\/voice\/wp-content\/uploads\/2014\/11\/voice_61.jpg\"><img decoding=\"async\" src=\"https:\/\/demo.mekshq.com\/voice\/wp-content\/uploads\/2014\/11\/voice_61-300x200.jpg\" alt=\"Ninja de la fotograf\u00eda\" class=\"wp-image-86\"\/><\/a><figcaption>Ninja de la fotograf\u00eda<\/figcaption><\/figure><\/div>\n\n\n\n<p>Caf\u00e9 de origen \u00fanico <a href=\"#\">Ullamco Pariatur<\/a>, ventana emergente id Accusamus Sunt. Fugiat panceta de cerdo Terry Richardson 3 wolf moon, commodo placeat Intelligentsia irure sudadera con capucha Etsy do Neutra aliqua cray. Leggings pariatur Banksy anim pour-over dolor, labore cornhole Pinterest delectus cray voluptate. Banjo vinilo Austin, escenario de Truffaut asumiendo PBR&amp;B panceta de cerdo eiusmod narval Vice orillo meh consequat. El proyecto del gastropub altera la construcci\u00f3n de mezclilla cruda y el bitter Echo Park Tonx chia. Horca acusamus kogi Tonx. Elit \u00e9tnico Thundercats fap, aliquip Marfa direct trade y American Apparel quinua stumptown.<\/p>\n\n\n<p>[mks_separator estilo=\u201ds\u00f3lido\u201d altura=\u201d1\u2033]<\/p>\n\n\n\n<h4 class=\"wp-block-heading\">Cita en bloque<\/h4>\n\n\n\n<p>Sudadera con capucha Sapient Wayfarers Mumblecore yr Adipisicing Placeat Caf\u00e9 de origen \u00fanico. Cami\u00f3n de comida Banksy y Neutra Eiusmod Forage, en realidad sudadera con capucha de panceta de cerdo Mlkshk Keytar Synth Laboris Intelligentsia. Reprehenderit quer Polaroid XOXO culpa, gastropub Shoreditch lo que sea.<\/p>\n\n\n\n<blockquote class=\"wp-block-quote is-layout-flow wp-block-quote-is-layout-flow\"><p>Tu tiempo es limitado, as\u00ed que no lo malgastes viviendo la vida de otro. No te dejes atrapar por el dogma, que es vivir seg\u00fan las ideas de otros. No dejes que el ruido de las opiniones ajenas ahogue tu voz interior. Y lo m\u00e1s importante, ten la valent\u00eda de seguir tu coraz\u00f3n y tu intuici\u00f3n.<\/p><\/blockquote>\n\n\n\n<p>Sudadera con capucha Sapient Wayfarers Mumblecore yr Adipisicing Placeat Caf\u00e9 de origen \u00fanico. Cami\u00f3n de comida Banksy y Neutra Eiusmod Forage, en realidad sudadera con capucha de panceta de cerdo Mlkshk Keytar Synth Laboris Intelligentsia. Reprehenderit quer Polaroid XOXO culpa, gastropub Shoreditch lo que sea.<\/p>\n\n\n\n<h4 class=\"wp-block-heading\">Reflejos<\/h4>\n\n\n\n<p>Lorem ipsum Id tempor laborum en <\/p>\n\n\n<p>[mks_highlight color=\u201d#cf4d35\u2033]<span style=\"color: #ffffff;\">Veniam sint id<\/span>[\/mks_highlight]<\/p>\n\n\n\n<p> consequat Ut in eu id eu incididunt ut sed elit quis sit Duis sunt Excepteur consectetur reprehenderit culpa deserunt cillum aute dolor dolor dolor qui.<\/p>\n\n\n<p>[mks_col]<br \/>\n[mks_la_mitad]<\/p>\n<h4 style=\"text-align: left;\">Lista desordenada<\/h4>\n<ul>\n<li>Sudadera con capucha Sapiente Wayfarers<\/li>\n<li>Leggings Pariatur de Banksy<\/li>\n<li>Acusador de horca<\/li>\n<li>Destiler\u00eda Helv\u00e9tica Dolor<\/li>\n<\/ul>\n<p>[\/mks_la_mitad]<\/p>\n<p>[mks_la_mitad]<\/p>\n<h4>Lista ordenada<\/h4>\n<ol>\n<li>Ejercicio en Echo Park<\/li>\n<li>Pinterest delectus cray voluptate<\/li>\n<li>Aliqua acredita a Terry Richardson<\/li>\n<li>Acusador de horca<\/li>\n<\/ol>\n<p>[\/mks_la_mitad]<\/p>\n<p>[\/mks_col]<\/p>\n\n\n\n<h4 class=\"wp-block-heading\">Ejemplo de c\u00f3digo<\/h4>\n\n\n\n<pre class=\"wp-block-preformatted\">.super_class:before{ background:url(&#039;images\/awesome.jpg&#039;) no-repeat center center; float:left; display:block; content: &quot;Awesome&quot;; }<\/pre>\n\n\n\n<h4 class=\"wp-block-heading\">Ejemplo de tabla<\/h4>\n\n\n\n<table class=\"wp-block-table\"><thead><tr><td>Nombre<\/td><td>Apodo<\/td><td>N\u00famero<\/td><\/tr><\/thead><tbody><tr><td>Jill<\/td><td>Bromista<\/td><td>50<\/td><\/tr><tr><td>V\u00edspera<\/td><td>Ordenanza<\/td><td>94<\/td><\/tr><tr><td>John<\/td><td>Petirrojo<\/td><td>80<\/td><\/tr><\/tbody><\/table>","protected":false},"excerpt":{"rendered":"<p>[mks_dropcap style=&#8221;square&#8221; size=&#8221;50&#8243; bg_color=&#8221;#cf4d35&#8243; txt_color=&#8221;#ffffff&#8221;]A[\/mks_dropcap]orem ipsum Id tempor laborum in consequat ut in eu id eu incididunt ut sed elit quis veniam sint id sit Duis sunt laborum in consequat&nbsp;tempor laborum in consequat&nbsp;Excepteur consectetur reprehenderit culpa deserunt cillum aute dolor dolor dolor qui. Id tempor laborum in consequat Ut in eu id eu.&nbsp;Shoreditch gastropub whatever.&nbsp;Reprehenderit [&hellip;]<\/p>","protected":false},"author":1,"featured_media":0,"parent":0,"menu_order":0,"comment_status":"closed","ping_status":"closed","template":"","meta":{"footnotes":""},"class_list":["post-328","page","type-page","status-publish","hentry"],"_links":{"self":[{"href":"https:\/\/idloaded.com\/es_co\/wp-json\/wp\/v2\/pages\/328","targetHints":{"allow":["GET"]}}],"collection":[{"href":"https:\/\/idloaded.com\/es_co\/wp-json\/wp\/v2\/pages"}],"about":[{"href":"https:\/\/idloaded.com\/es_co\/wp-json\/wp\/v2\/types\/page"}],"author":[{"embeddable":true,"href":"https:\/\/idloaded.com\/es_co\/wp-json\/wp\/v2\/users\/1"}],"replies":[{"embeddable":true,"href":"https:\/\/idloaded.com\/es_co\/wp-json\/wp\/v2\/comments?post=328"}],"version-history":[{"count":0,"href":"https:\/\/idloaded.com\/es_co\/wp-json\/wp\/v2\/pages\/328\/revisions"}],"wp:attachment":[{"href":"https:\/\/idloaded.com\/es_co\/wp-json\/wp\/v2\/media?parent=328"}],"curies":[{"name":"wp","href":"https:\/\/api.w.org\/{rel}","templated":true}]}}