{"id":75,"date":"2023-12-01T00:53:30","date_gmt":"2023-12-01T03:53:30","guid":{"rendered":"http:\/\/idloaded.com\/?page_id=75"},"modified":"2024-07-04T19:24:35","modified_gmt":"2024-07-04T22:24:35","slug":"sobre-nosotros","status":"publish","type":"page","link":"https:\/\/idloaded.com\/es_ar\/sobre-nosotros\/","title":{"rendered":"Acerca de"},"content":{"rendered":"<h2>Acerca de IdLoaded<\/h2>\n<p>En IdLoaded nos mueve nuestra pasi\u00f3n por integrar el mundo de la tecnolog\u00eda con la informaci\u00f3n m\u00e1s reciente y relevante. Nuestro objetivo es ser el punto de referencia para los entusiastas de la tecnolog\u00eda, los profesionales del sector y cualquier persona interesada en las \u00faltimas innovaciones.<\/p>\n<h3>Nuestro Objetivo<\/h3>\n<p>Nuestro principal objetivo es crear un espacio donde los entusiastas de la tecnolog\u00eda puedan encontrar una amplia gama de informaci\u00f3n sobre innovaciones tecnol\u00f3gicas, m\u00e9todos de implementaci\u00f3n y las \u00faltimas tendencias. Nos esforzamos por conectar la tradici\u00f3n con la innovaci\u00f3n, ayudando a los profesionales a adoptar los \u00faltimos avances y al mismo tiempo preservar sus pr\u00e1cticas tradicionales.<\/p>\n<h3>Nuestros Servicios<\/h3>\n<p><strong>Art\u00edculos informativos:<\/strong> Ofrecemos una amplia gama de art\u00edculos que analizan temas que van desde la gesti\u00f3n inteligente de datos hasta lo \u00faltimo en dispositivos port\u00e1tiles y inteligentes.<\/p>\n<p><strong>Interacci\u00f3n comunitaria:<\/strong> Invitamos a los amantes de la tecnolog\u00eda a participar y compartir sus conocimientos, fomentando una comunidad vibrante y variada.<\/p>\n<p><strong>Aspectos destacados de la innovaci\u00f3n:<\/strong> Descubra las \u00faltimas tecnolog\u00edas, equipos y dispositivos que est\u00e1n dando forma al futuro.<\/p>\n<p><strong>Rese\u00f1as de productos:<\/strong> Tome decisiones informadas con nuestras sugerencias y rese\u00f1as de productos imparciales.<\/p>\n<p><strong>Recursos de aprendizaje:<\/strong> Obtenga conocimientos de profesionales y expertos experimentados con nuestras gu\u00edas educativas y tutoriales.<\/p>\n<p><strong>Nuestra dedicaci\u00f3n:<\/strong> Estamos dedicados a proporcionar informaci\u00f3n precisa y confiable. Nuestro equipo est\u00e1 comprometido a mantenerse al d\u00eda con el vertiginoso mundo de la tecnolog\u00eda y a compartir nuestros conocimientos con usted.<\/p>\n<h3>Apreciaci\u00f3n<\/h3>\n<p>Agradecemos sinceramente a nuestros lectores y colaboradores. Su apoyo permite que IdLoaded prospere. \u00danase a nosotros para descubrir la intrigante combinaci\u00f3n de tradici\u00f3n e innovaci\u00f3n tecnol\u00f3gica. Juntos, podemos avanzar hacia el futuro manteniendo nuestro compromiso con la calidad y precisi\u00f3n de la informaci\u00f3n.<\/p>\n<p>\u00a1Gracias por ser parte de la comunidad IdLoaded! Puede conectarse con nosotros a trav\u00e9s de nuestro sitio web en <a href=\"http:\/\/idloaded.com\/es_ar\/\" target=\"_new\" rel=\"noreferrer noopener\">http:\/\/idloaded.com\/<\/a>. Para obtener m\u00e1s detalles, tambi\u00e9n puede visitar nuestra p\u00e1gina de redes sociales en IdLoaded.<\/p>","protected":false},"excerpt":{"rendered":"<p>Acerca de IdLoaded. En IdLoaded, nos apasiona conectar el mundo de la tecnolog\u00eda con la informaci\u00f3n m\u00e1s reciente y relevante. Nuestro objetivo es ser la fuente de referencia para entusiastas de la tecnolog\u00eda, profesionales de la industria y cualquier persona interesada en las \u00faltimas innovaciones. Nuestro objetivo principal es crear un espacio donde [\u2026]<\/p>","protected":false},"author":1,"featured_media":0,"parent":0,"menu_order":0,"comment_status":"closed","ping_status":"closed","template":"","meta":{"footnotes":""},"class_list":["post-75","page","type-page","status-publish","hentry"],"_links":{"self":[{"href":"https:\/\/idloaded.com\/es_ar\/wp-json\/wp\/v2\/pages\/75","targetHints":{"allow":["GET"]}}],"collection":[{"href":"https:\/\/idloaded.com\/es_ar\/wp-json\/wp\/v2\/pages"}],"about":[{"href":"https:\/\/idloaded.com\/es_ar\/wp-json\/wp\/v2\/types\/page"}],"author":[{"embeddable":true,"href":"https:\/\/idloaded.com\/es_ar\/wp-json\/wp\/v2\/users\/1"}],"replies":[{"embeddable":true,"href":"https:\/\/idloaded.com\/es_ar\/wp-json\/wp\/v2\/comments?post=75"}],"version-history":[{"count":8,"href":"https:\/\/idloaded.com\/es_ar\/wp-json\/wp\/v2\/pages\/75\/revisions"}],"predecessor-version":[{"id":508,"href":"https:\/\/idloaded.com\/es_ar\/wp-json\/wp\/v2\/pages\/75\/revisions\/508"}],"wp:attachment":[{"href":"https:\/\/idloaded.com\/es_ar\/wp-json\/wp\/v2\/media?parent=75"}],"curies":[{"name":"wp","href":"https:\/\/api.w.org\/{rel}","templated":true}]}}