{"id":73,"date":"2023-12-01T00:53:30","date_gmt":"2023-12-01T03:53:30","guid":{"rendered":"http:\/\/idloaded.com\/?page_id=73"},"modified":"2024-07-04T19:18:00","modified_gmt":"2024-07-04T22:18:00","slug":"politica-de-privacidad","status":"publish","type":"page","link":"https:\/\/idloaded.com\/es_ar\/politica-de-privacidad\/","title":{"rendered":"Pol\u00edtica de privacidad"},"content":{"rendered":"<h2>Pautas de privacidad para IdLoaded<\/h2>\n<p>En IdLoaded, que se puede encontrar en <a href=\"http:\/\/idloaded.com\/es_ar\/\" target=\"_new\" rel=\"noreferrer noopener\">http:\/\/idloaded.com\/<\/a>, priorizamos la privacidad de nuestros visitantes. Este documento describe los tipos de informaci\u00f3n que recopilamos y registramos en IdLoaded y c\u00f3mo la usamos.<\/p>\n<p>Si tiene m\u00e1s preguntas o necesita m\u00e1s detalles sobre nuestras Pautas de privacidad, no dude en contactarnos.<\/p>\n<p>Estas Pautas de privacidad se aplican \u00fanicamente a nuestras actividades en l\u00ednea y son relevantes para los visitantes de nuestro sitio web en relaci\u00f3n con la informaci\u00f3n que comparten y\/o recopilan en IdLoaded. Estas pautas no se aplican a ninguna informaci\u00f3n recopilada fuera de l\u00ednea o a trav\u00e9s de canales distintos a este sitio web.<\/p>\n<h3>Acuerdo<\/h3>\n<p>Al acceder a nuestro sitio web, usted acepta nuestras Pautas de privacidad y acepta sus t\u00e9rminos.<\/p>\n<h3>Datos que recopilamos<\/h3>\n<p>Le explicaremos claramente por qu\u00e9 necesitamos la informaci\u00f3n personal que solicitamos en el momento en que la solicitamos.<\/p>\n<p>Si se comunica con nosotros directamente, podemos recibir informaci\u00f3n adicional sobre usted, como su nombre, direcci\u00f3n de correo electr\u00f3nico, n\u00famero de tel\u00e9fono, el contenido de cualquier mensaje y\/o archivo adjunto que pueda enviarnos y cualquier otra informaci\u00f3n que elija proporcionar.<\/p>\n<p>Cuando crea una Cuenta, podemos solicitarle su informaci\u00f3n de contacto, incluidos elementos como nombre, nombre de la empresa, direcci\u00f3n, direcci\u00f3n de correo electr\u00f3nico y n\u00famero de tel\u00e9fono.<\/p>\n<h3>C\u00f3mo utilizamos sus datos<\/h3>\n<p>Usamos los datos que recopilamos de diversas maneras, que incluyen:<\/p>\n<ul>\n<li>Proporcionar, operar y mantener nuestro sitio web.<\/li>\n<li>Mejorar, personalizar y ampliar nuestro sitio web<\/li>\n<li>Comprender y analizar c\u00f3mo utiliza nuestro sitio web<\/li>\n<li>Crear nuevos productos, servicios, caracter\u00edsticas y funcionalidades.<\/li>\n<li>Comunicarnos con usted, directamente o a trav\u00e9s de uno de nuestros socios, para brindar servicio al cliente, brindarle actualizaciones y otra informaci\u00f3n relacionada con el sitio y con fines promocionales y de marketing.<\/li>\n<li>enviar correos electr\u00f3nicos<\/li>\n<li>Detectar y prevenir fraudes<\/li>\n<\/ul>\n<h3>Archivos de registro<\/h3>\n<p>IdLoaded sigue un procedimiento est\u00e1ndar de uso de archivos de registro. Estos archivos registran a los visitantes cuando visitan sitios web. Todas las empresas de hosting hacen esto como parte de sus servicios de an\u00e1lisis de hosting. La informaci\u00f3n recopilada por los archivos de registro incluye direcciones de protocolo de Internet (IP), tipo de navegador, proveedor de servicios de Internet (ISP), marca de fecha y hora, p\u00e1ginas de referencia\/salida y posiblemente la cantidad de clics. Esta informaci\u00f3n no est\u00e1 vinculada a ninguna informaci\u00f3n que sea de identificaci\u00f3n personal. El prop\u00f3sito de la informaci\u00f3n es analizar tendencias, administrar el sitio, rastrear el movimiento de los usuarios en el sitio web y recopilar informaci\u00f3n demogr\u00e1fica.<\/p>\n<h3>Cookies y se\u00f1ales web<\/h3>\n<p>Como cualquier otro sitio web, IdLoaded utiliza \u201ccookies\u201d. Estas cookies se utilizan para almacenar informaci\u00f3n, incluidas las preferencias de los visitantes y las p\u00e1ginas del sitio web a las que el visitante accedi\u00f3 o visit\u00f3. La informaci\u00f3n se utiliza para optimizar la experiencia de los usuarios personalizando el contenido de nuestra p\u00e1gina web seg\u00fan el tipo de navegador de los visitantes y\/u otra informaci\u00f3n.<\/p>\n<h3>Cookie DART de doble clic de Google<\/h3>\n<p>Google es uno de los proveedores externos de nuestro sitio. Tambi\u00e9n utiliza cookies, conocidas como cookies DART, para mostrar anuncios a los visitantes de nuestro sitio web en funci\u00f3n de su visita al <a href=\"http:\/\/www.website.com\" target=\"_new\" rel=\"noreferrer noopener\">www.sitioweb.com<\/a> y otros sitios en Internet. Sin embargo, los visitantes pueden optar por rechazar el uso de cookies de DART visitando la Pol\u00edtica de privacidad de la red de contenido y publicidad de Google en la siguiente URL: <a href=\"https:\/\/policies.google.com\/technologies\/ads\" target=\"_new\" rel=\"noreferrer noopener\">https:\/\/policies.google.com\/technologies\/ads<\/a>.<\/p>\n<h3>Pautas de privacidad para socios publicitarios de IdLoaded<\/h3>\n<p>Puede consultar esta lista para encontrar las pautas de privacidad de cada uno de los socios publicitarios de IdLoaded.<\/p>\n<p>Los servidores de anuncios o redes publicitarias de terceros utilizan tecnolog\u00edas como cookies, JavaScript o Web Beacons en sus respectivos anuncios y enlaces que aparecen en IdLoaded, que se env\u00edan directamente al navegador de los usuarios. Reciben autom\u00e1ticamente su direcci\u00f3n IP cuando esto ocurre. Estas tecnolog\u00edas se utilizan para medir la efectividad de sus campa\u00f1as publicitarias y\/o para personalizar el contenido publicitario que ve en los sitios web que visita.<\/p>\n<p>Tenga en cuenta que IdLoaded no tiene acceso ni control sobre estas cookies que utilizan los anunciantes externos.<\/p>\n<h3>Pautas de privacidad de terceros<\/h3>\n<p>La Pol\u00edtica de Privacidad de IdLoaded no se aplica a otros anunciantes o sitios web. Por lo tanto, le recomendamos que consulte las respectivas Pol\u00edticas de Privacidad de estos servidores de anuncios de terceros para obtener informaci\u00f3n m\u00e1s detallada. Puede incluir sus pr\u00e1cticas e instrucciones sobre c\u00f3mo excluirse de ciertas opciones.<\/p>\n<p>Tiene la opci\u00f3n de desactivar las cookies a trav\u00e9s de las opciones individuales de su navegador. Para conocer informaci\u00f3n m\u00e1s detallada sobre la gesti\u00f3n de cookies con navegadores web espec\u00edficos, puede encontrarla en los sitios web respectivos de los navegadores.<\/p>\n<h3>Derechos de privacidad CCPA (no vender mi informaci\u00f3n personal)<\/h3>\n<p>Seg\u00fan la CCPA, los consumidores de California tienen derecho a:<\/p>\n<ul>\n<li>Solicitar que una empresa que recopila datos personales de un consumidor revele las categor\u00edas y datos personales espec\u00edficos que una empresa ha recopilado sobre los consumidores.<\/li>\n<li>Solicitar que una empresa elimine cualquier dato personal sobre el consumidor que haya recopilado.<\/li>\n<li>Solicitar que una empresa que vende datos personales de un consumidor no venda los datos personales del consumidor.<\/li>\n<\/ul>\n<p>Si realiza una solicitud, tenemos un mes para responderle. Si desea ejercer alguno de estos derechos, p\u00f3ngase en contacto con nosotros.<\/p>\n<h3>Derechos de protecci\u00f3n de datos RGPD<\/h3>\n<p>Queremos asegurarnos de que usted conozca plenamente todos sus derechos en materia de protecci\u00f3n de datos. Todo usuario tiene derecho a lo siguiente:<\/p>\n<ul>\n<li>El derecho de acceso \u2013 Tiene derecho a solicitar copias de sus datos personales. Es posible que le cobremos una peque\u00f1a tarifa por este servicio.<\/li>\n<li>El derecho a la rectificaci\u00f3n: tiene derecho a solicitar que corrijamos cualquier informaci\u00f3n que crea que es incorrecta. Tambi\u00e9n tiene derecho a solicitar que completemos la informaci\u00f3n que considere incompleta.<\/li>\n<li>El derecho de eliminaci\u00f3n: tiene derecho a solicitar que eliminemos sus datos personales, bajo ciertas condiciones.<\/li>\n<li>El derecho a restringir el procesamiento: tiene derecho a solicitar que restrinjamos el procesamiento de sus datos personales, bajo ciertas condiciones.<\/li>\n<li>El derecho a oponerse al procesamiento: tiene derecho a oponerse a nuestro procesamiento de sus datos personales, bajo ciertas condiciones.<\/li>\n<li>El derecho a la portabilidad de los datos: tiene derecho a solicitar que transfiramos los datos que recopilamos a otra organizaci\u00f3n, o directamente a usted, bajo ciertas condiciones.<\/li>\n<\/ul>\n<p>Si realiza una solicitud, tenemos un mes para responderle. Si desea ejercer alguno de estos derechos, p\u00f3ngase en contacto con nosotros.<\/p>\n<h3>Informaci\u00f3n sobre menores<\/h3>\n<p>Una de nuestras mayores prioridades es agregar protecci\u00f3n para los ni\u00f1os mientras usan Internet. Alentamos a los padres y tutores a observar, participar y\/o monitorear y guiar sus actividades en l\u00ednea.<\/p>\n<p>IdLoaded no recopila intencionalmente ninguna informaci\u00f3n de identificaci\u00f3n personal de ni\u00f1os menores de 13 a\u00f1os. Si cree que su hijo ha proporcionado este tipo de informaci\u00f3n en nuestro sitio web, le recomendamos encarecidamente que se comunique con nosotros de inmediato y haremos todo lo posible para eliminar r\u00e1pidamente dicha informaci\u00f3n de nuestros registros.<\/p>\n<h3>Actualizaciones de nuestras pautas de privacidad<\/h3>\n<p>Nuestras pautas de privacidad pueden estar sujetas a cambios de vez en cuando. Por ello, le recomendamos que visite esta p\u00e1gina peri\u00f3dicamente para mantenerse informado de cualquier cambio. Le informaremos sobre cualquier actualizaci\u00f3n publicando las Pautas de privacidad revisadas en esta p\u00e1gina. Estas actualizaciones entrar\u00e1n en vigencia inmediatamente despu\u00e9s de ser publicadas en esta p\u00e1gina.<\/p>\n<p>La creaci\u00f3n de nuestras Pautas de privacidad cont\u00f3 con la ayuda del Generador de pol\u00edticas de privacidad.<\/p>\n<h3>Cont\u00e1ctenos<\/h3>\n<p>Si tiene alguna pregunta o sugerencia sobre nuestras Pautas de privacidad, no dude en contactarnos en IdLoaded. Puedes encontrarnos en nuestro sitio web en <a href=\"http:\/\/idloaded.com\/es_ar\/\" target=\"_new\" rel=\"noreferrer noopener\">http:\/\/idloaded.com\/<\/a>. Para obtener m\u00e1s detalles, tambi\u00e9n puede consultar nuestra p\u00e1gina de redes sociales en IdLoaded.<\/p>","protected":false},"excerpt":{"rendered":"<p>Diretrizes de Privacidade para IdLoaded No IdLoaded, que pode ser encontrado em http:\/\/idloaded.com\/, priorizamos a privacidade dos nossos visitantes. Este documento descreve os tipos de informa\u00e7\u00f5es que coletamos e registramos no IdLoaded e como as utilizamos. Caso tenha mais perguntas ou precise de mais detalhes sobre nossas Diretrizes de Privacidade, sinta-se \u00e0 vontade para nos [&hellip;]<\/p>","protected":false},"author":1,"featured_media":0,"parent":0,"menu_order":0,"comment_status":"closed","ping_status":"closed","template":"","meta":{"footnotes":""},"class_list":["post-73","page","type-page","status-publish","hentry"],"_links":{"self":[{"href":"https:\/\/idloaded.com\/es_ar\/wp-json\/wp\/v2\/pages\/73","targetHints":{"allow":["GET"]}}],"collection":[{"href":"https:\/\/idloaded.com\/es_ar\/wp-json\/wp\/v2\/pages"}],"about":[{"href":"https:\/\/idloaded.com\/es_ar\/wp-json\/wp\/v2\/types\/page"}],"author":[{"embeddable":true,"href":"https:\/\/idloaded.com\/es_ar\/wp-json\/wp\/v2\/users\/1"}],"replies":[{"embeddable":true,"href":"https:\/\/idloaded.com\/es_ar\/wp-json\/wp\/v2\/comments?post=73"}],"version-history":[{"count":6,"href":"https:\/\/idloaded.com\/es_ar\/wp-json\/wp\/v2\/pages\/73\/revisions"}],"predecessor-version":[{"id":503,"href":"https:\/\/idloaded.com\/es_ar\/wp-json\/wp\/v2\/pages\/73\/revisions\/503"}],"wp:attachment":[{"href":"https:\/\/idloaded.com\/es_ar\/wp-json\/wp\/v2\/media?parent=73"}],"curies":[{"name":"wp","href":"https:\/\/api.w.org\/{rel}","templated":true}]}}