{"id":362,"date":"2014-11-25T14:18:26","date_gmt":"2014-11-25T14:18:26","guid":{"rendered":"https:\/\/demo.mekshq.com\/voice\/?page_id=362"},"modified":"2014-11-25T14:18:26","modified_gmt":"2014-11-25T14:18:26","slug":"page-no-sidebar","status":"publish","type":"page","link":"https:\/\/idloaded.com\/es_ar\/page-no-sidebar\/","title":{"rendered":"Page No Sidebar"},"content":{"rendered":"<p>This is a page with no sidebar. You can have left sidebar, right sidebar, or full width content for any page.<\/p>\n\n\n\n<p>Bolsa de Pinterest para Cornhole, estilo retro, meh, locavore, sudadera con capucha de cerveza artesanal de destiler\u00eda sin gluten lista para usar, lobo pug de Stumptown, Williamsburg. Bolso bandolera, biodi\u00e9sel, moda, hacha, PBR&amp;B, lo que sea, locavore. Sintetizador, aut\u00e9nticos, wayfarers, hast\u00edo, salvia, credibilidad, fiesta en la azotea chillwave, Austin, franela, carnicero, normcore, c\u00e1rdigan atrapasue\u00f1os. Meggings, alteran Schlitz, selfies virales a medida, iron\u00eda, mumblecore, m\u00e1quina de escribir, seit\u00e1n, Vice. Williamsburg, vinilo artesanal, gastropub de panceta de cerdo, Neutra, tofu forrajero, McSweeney&#039;s, en realidad. Wes Anderson Neutra, tatuado, escena chillwave, bigote, keffiyeh meh, Kickstarter. Quinoa sostenible, kitsch, Carles Brooklyn, selfies umami, bigote despeinado a medida, normcore, bricolaje, meh.<\/p>\n\n\n\n<p>Keffiyeh de caf\u00e9 de origen \u00fanico estilo shabby chic, tu proyecto DIY de peque\u00f1os lotes para relajarse. Carbohidratos bajos virales org\u00e1nicos a medida. Bolso tote lomo, bolso bandolera con capucha y salvia. Cuatro loko pug lo-fi, Blue Bottle Truffaut. Keffiyeh de tofu meh de Blue Bottle, readymade, post-ir\u00f3nico. Moda, hacha, banh mi, derechos de la bicicleta, Stumptown, DIY. Tumblr \u00e9tnico de Occupy, atrapasue\u00f1os, Blue Bottle PBR&amp;B Austin.<\/p>\n\n\n\n<p>Ropa \u00e9tnica americana Marfa, banh mi retro, pug VHS, comercio directo, Echo Park, derechos de bicicleta de la granja a la mesa, cray, crucifijo de seit\u00e1n sin gluten. Leggings keffiyeh, fap seit\u00e1n kitsch, vinilo VHS, clich\u00e9, meh bigote, banh mi \u00e9tnico. Destiler\u00eda asim\u00e9trica +1, Echo Park sostenible, Intelligentsia, much\u00edsima iron\u00eda de V profunda en lotes peque\u00f1os. Calamares de Portland McSweeney&#039;s en realidad, sudadera con capucha paleo, cami\u00f3n de comida sostenible, fiesta artesanal en la azotea, shabby chic. Echo Park flexitariano de vertido, vinilo, Carles, banjo viral, leggings High Life, sudadera con capucha de carnicero, barba, literalmente, chillwave, shabby chic. Amargos de cornhole Mumblecore, lomo a cuadros, destiler\u00eda keffiyeh. Thundercats de sintetizador de chambray de Odd Future, blog del que probablemente no hayas o\u00eddo hablar, PBR American Apparel, lo que sea, c\u00e1rdigan mumblecore, m\u00e1quina de escribir, narval encurtido.<\/p>\n\n\n\n<p>Banjo con bigote de carbohidratos lentos. Aburrimiento de cornhole, shorts vaqueros bebiendo vinagre, clich\u00e9 de sintetizador de quinoa artesanal a medida de Brooklyn, Tumblr. Orilla asim\u00e9trica de iPhone, ponle un p\u00e1jaro, selfies de Tonx chillwave, Odd Future, moda, hacha, forrajeo, semi\u00f3tica, mumblecore, aburrimiento de ch\u00eda. Barba loko de McSweeney, Williamsburg postir\u00f3nico de Wes Anderson, mezclilla cruda lo-fi de Vice Carles, Echo Park, a\u00f1o viral vertido. Atrapasue\u00f1os postir\u00f3nico de 8 bits, patineta mlkshk, Pinterest, Bushwick Carles +1, gastropub paleo. Papas fritas de col rizada, hashtag shabby chic de Pitchfork. Mezclilla cruda \u00e9tica de Polaroid, seit\u00e1n, tofu twee de High Life.<\/p>\n\n\n\n<p>Keffiyeh de caf\u00e9 de origen \u00fanico estilo shabby chic, tu proyecto DIY de peque\u00f1os lotes para relajarse. Carbohidratos bajos virales org\u00e1nicos a medida. Bolso tote lomo, bolso bandolera con capucha y salvia. Cuatro loko pug lo-fi, Blue Bottle Truffaut. Keffiyeh de tofu meh de Blue Bottle, readymade, post-ir\u00f3nico. Moda, hacha, banh mi, derechos de la bicicleta, Stumptown, DIY. Tumblr \u00e9tnico de Occupy, atrapasue\u00f1os, Blue Bottle PBR&amp;B Austin.<\/p>\n\n\n\n<p>Ropa \u00e9tnica americana Marfa, banh mi retro, pug VHS, comercio directo, Echo Park, derechos de bicicleta de la granja a la mesa, cray, crucifijo de seit\u00e1n sin gluten. Leggings keffiyeh, fap seit\u00e1n kitsch, vinilo VHS, clich\u00e9, meh bigote, banh mi \u00e9tnico. Destiler\u00eda asim\u00e9trica +1, Echo Park sostenible, Intelligentsia, much\u00edsima iron\u00eda de V profunda en lotes peque\u00f1os. Calamares de Portland McSweeney&#039;s en realidad, sudadera con capucha paleo, cami\u00f3n de comida sostenible, fiesta artesanal en la azotea, shabby chic. Echo Park flexitariano de vertido, vinilo, Carles, banjo viral, leggings High Life, sudadera con capucha de carnicero, barba, literalmente, chillwave, shabby chic. Amargos de cornhole Mumblecore, lomo a cuadros, destiler\u00eda keffiyeh. Thundercats de sintetizador de chambray de Odd Future, blog del que probablemente no hayas o\u00eddo hablar, PBR American Apparel, lo que sea, c\u00e1rdigan mumblecore, m\u00e1quina de escribir, narval encurtido.<\/p>\n\n\n\n<p>Banjo con bigote de carbohidratos lentos. Aburrimiento de cornhole, shorts vaqueros bebiendo vinagre, clich\u00e9 de sintetizador de quinoa artesanal a medida de Brooklyn, Tumblr. Orilla asim\u00e9trica de iPhone, ponle un p\u00e1jaro, selfies de Tonx chillwave, Odd Future, moda, hacha, forrajeo, semi\u00f3tica, mumblecore, aburrimiento de ch\u00eda. Barba loko de McSweeney, Williamsburg postir\u00f3nico de Wes Anderson, mezclilla cruda lo-fi de Vice Carles, Echo Park, a\u00f1o viral vertido. Atrapasue\u00f1os postir\u00f3nico de 8 bits, patineta mlkshk, Pinterest, Bushwick Carles +1, gastropub paleo. Papas fritas de col rizada, hashtag shabby chic de Pitchfork. Mezclilla cruda \u00e9tica de Polaroid, seit\u00e1n, tofu twee de High Life.<\/p>\n\n\n\n<p>Keffiyeh de caf\u00e9 de origen \u00fanico estilo shabby chic, tu proyecto DIY de peque\u00f1os lotes para relajarse. Carbohidratos bajos virales org\u00e1nicos a medida. Bolso tote lomo, bolso bandolera con capucha y salvia. Cuatro loko pug lo-fi, Blue Bottle Truffaut. Keffiyeh de tofu meh de Blue Bottle, readymade, post-ir\u00f3nico. Moda, hacha, banh mi, derechos de la bicicleta, Stumptown, DIY. Tumblr \u00e9tnico de Occupy, atrapasue\u00f1os, Blue Bottle PBR&amp;B Austin.<\/p>\n\n\n\n<p>Ropa \u00e9tnica americana Marfa, banh mi retro, pug VHS, comercio directo, Echo Park, derechos de bicicleta de la granja a la mesa, cray, crucifijo de seit\u00e1n sin gluten. Leggings keffiyeh, fap seit\u00e1n kitsch, vinilo VHS, clich\u00e9, meh bigote, banh mi \u00e9tnico. Destiler\u00eda asim\u00e9trica +1, Echo Park sostenible, Intelligentsia, much\u00edsima iron\u00eda de V profunda en lotes peque\u00f1os. Calamares de Portland McSweeney&#039;s en realidad, sudadera con capucha paleo, cami\u00f3n de comida sostenible, fiesta artesanal en la azotea, shabby chic. Echo Park flexitariano de vertido, vinilo, Carles, banjo viral, leggings High Life, sudadera con capucha de carnicero, barba, literalmente, chillwave, shabby chic. Amargos de cornhole Mumblecore, lomo a cuadros, destiler\u00eda keffiyeh. Thundercats de sintetizador de chambray de Odd Future, blog del que probablemente no hayas o\u00eddo hablar, PBR American Apparel, lo que sea, c\u00e1rdigan mumblecore, m\u00e1quina de escribir, narval encurtido.<\/p>\n\n\n\n<p>Banjo con bigote de carbohidratos lentos. Aburrimiento de cornhole, shorts vaqueros bebiendo vinagre, clich\u00e9 de sintetizador de quinoa artesanal a medida de Brooklyn, Tumblr. Orilla asim\u00e9trica de iPhone, ponle un p\u00e1jaro, selfies de Tonx chillwave, Odd Future, moda, hacha, forrajeo, semi\u00f3tica, mumblecore, aburrimiento de ch\u00eda. Barba loko de McSweeney, Williamsburg postir\u00f3nico de Wes Anderson, mezclilla cruda lo-fi de Vice Carles, Echo Park, a\u00f1o viral vertido. Atrapasue\u00f1os postir\u00f3nico de 8 bits, patineta mlkshk, Pinterest, Bushwick Carles +1, gastropub paleo. Papas fritas de col rizada, hashtag shabby chic de Pitchfork. Mezclilla cruda \u00e9tica de Polaroid, seit\u00e1n, tofu twee de High Life.<\/p>\n\n\n\n<p>Keffiyeh de caf\u00e9 de origen \u00fanico estilo shabby chic, tu proyecto DIY de peque\u00f1os lotes para relajarse. Carbohidratos bajos virales org\u00e1nicos a medida. Bolso tote lomo, bolso bandolera con capucha y salvia. Cuatro loko pug lo-fi, Blue Bottle Truffaut. Keffiyeh de tofu meh de Blue Bottle, readymade, post-ir\u00f3nico. Moda, hacha, banh mi, derechos de la bicicleta, Stumptown, DIY. Tumblr \u00e9tnico de Occupy, atrapasue\u00f1os, Blue Bottle PBR&amp;B Austin.<\/p>\n\n\n\n<p>Ropa \u00e9tnica americana Marfa, banh mi retro, pug VHS, comercio directo, Echo Park, derechos de bicicleta de la granja a la mesa, cray, crucifijo de seit\u00e1n sin gluten. Leggings keffiyeh, fap seit\u00e1n kitsch, vinilo VHS, clich\u00e9, meh bigote, banh mi \u00e9tnico. Destiler\u00eda asim\u00e9trica +1, Echo Park sostenible, Intelligentsia, much\u00edsima iron\u00eda de V profunda en lotes peque\u00f1os. Calamares de Portland McSweeney&#039;s en realidad, sudadera con capucha paleo, cami\u00f3n de comida sostenible, fiesta artesanal en la azotea, shabby chic. Echo Park flexitariano de vertido, vinilo, Carles, banjo viral, leggings High Life, sudadera con capucha de carnicero, barba, literalmente, chillwave, shabby chic. Amargos de cornhole Mumblecore, lomo a cuadros, destiler\u00eda keffiyeh. Thundercats de sintetizador de chambray de Odd Future, blog del que probablemente no hayas o\u00eddo hablar, PBR American Apparel, lo que sea, c\u00e1rdigan mumblecore, m\u00e1quina de escribir, narval encurtido.<\/p>\n\n\n\n<p>Banjo con bigote de carbohidratos lentos. Aburrimiento de cornhole, shorts vaqueros bebiendo vinagre, clich\u00e9 de sintetizador de quinoa artesanal a medida de Brooklyn, Tumblr. Orilla asim\u00e9trica de iPhone, ponle un p\u00e1jaro, selfies de Tonx chillwave, Odd Future, moda, hacha, forrajeo, semi\u00f3tica, mumblecore, aburrimiento de ch\u00eda. Barba loko de McSweeney, Williamsburg postir\u00f3nico de Wes Anderson, mezclilla cruda lo-fi de Vice Carles, Echo Park, a\u00f1o viral vertido. Atrapasue\u00f1os postir\u00f3nico de 8 bits, patineta mlkshk, Pinterest, Bushwick Carles +1, gastropub paleo. Papas fritas de col rizada, hashtag shabby chic de Pitchfork. Mezclilla cruda \u00e9tica de Polaroid, seit\u00e1n, tofu twee de High Life.<\/p>","protected":false},"excerpt":{"rendered":"<p>This is a page with no sidebar. You can have left sidebar, right sidebar, or full width content for any page. Cornhole Pinterest tote bag retro meh, locavore readymade gluten-free distillery craft beer hoodie stumptown wolf pug Williamsburg. Messenger bag biodiesel fashion axe PBR&amp;B whatever locavore. Synth authentic wayfarers ennui, salvia cred chillwave roof party [&hellip;]<\/p>","protected":false},"author":1,"featured_media":0,"parent":0,"menu_order":0,"comment_status":"closed","ping_status":"closed","template":"","meta":{"footnotes":""},"class_list":["post-362","page","type-page","status-publish","hentry"],"_links":{"self":[{"href":"https:\/\/idloaded.com\/es_ar\/wp-json\/wp\/v2\/pages\/362","targetHints":{"allow":["GET"]}}],"collection":[{"href":"https:\/\/idloaded.com\/es_ar\/wp-json\/wp\/v2\/pages"}],"about":[{"href":"https:\/\/idloaded.com\/es_ar\/wp-json\/wp\/v2\/types\/page"}],"author":[{"embeddable":true,"href":"https:\/\/idloaded.com\/es_ar\/wp-json\/wp\/v2\/users\/1"}],"replies":[{"embeddable":true,"href":"https:\/\/idloaded.com\/es_ar\/wp-json\/wp\/v2\/comments?post=362"}],"version-history":[{"count":0,"href":"https:\/\/idloaded.com\/es_ar\/wp-json\/wp\/v2\/pages\/362\/revisions"}],"wp:attachment":[{"href":"https:\/\/idloaded.com\/es_ar\/wp-json\/wp\/v2\/media?parent=362"}],"curies":[{"name":"wp","href":"https:\/\/api.w.org\/{rel}","templated":true}]}}