{"id":69,"date":"2023-12-01T00:51:50","date_gmt":"2023-12-01T03:51:50","guid":{"rendered":"http:\/\/idloaded.com\/?page_id=69"},"modified":"2024-07-04T19:21:46","modified_gmt":"2024-07-04T22:21:46","slug":"contact-us","status":"publish","type":"page","link":"https:\/\/idloaded.com\/en_au\/contact-us\/","title":{"rendered":"Contact"},"content":{"rendered":"<h2>Contact Us<\/h2>\n<p>Thank you for your interest in IdLoaded. We value your feedback and questions. Here are ways to contact us:<\/p>\n<h3>Email<\/h3>\n<p>For general questions, suggestions or comments, please email us at <a rel=\"noreferrer\">contact@idloaded.com<\/a>. Our team will strive to answer your questions as quickly as possible.<\/p>\n<h3>Contact Form<\/h3>\n<p>If you have specific questions or would like to submit a technology-related article, please email us at <a rel=\"noreferrer\">contact@idloaded.com<\/a>. We welcome contributions from general information lovers and technology enthusiasts.<\/p>\n<h3>Postal Address<\/h3>\n<p>If you prefer traditional correspondence, you can find us at the following address:<\/p>\n<p><strong>IdLoaded<\/strong><\/p>\n<p>837 Pawprint Lane<\/p>\n<p>Dogville, TX 75001<\/p>\n<p>USA<\/p>\n<h3>Newsletter<\/h3>\n<p>To stay up to date with the latest articles, technology trends, and news from the IdLoaded community, sign up for our newsletter. Simply enter your email in the signup box at the bottom of our homepage.<\/p>\n<h3>Feedback<\/h3>\n<p>We are always looking to improve our content and user experience. If you have any suggestions or comments on how we can improve your experience on IdLoaded, please share them with us via email.<\/p>\n<p>We appreciate your interest and look forward to hearing from you. IdLoaded is here to connect the world of information with the latest in technology, and your contribution is essential to help us achieve this mission.<\/p>\n<p>Thank you for being part of our general information community!<\/p>","protected":false},"excerpt":{"rendered":"<p>Entre em Contato Conosco Obrigado pelo seu interesse no IdLoaded. Valorizamos suas opini\u00f5es e perguntas. Aqui est\u00e3o as formas de nos contatar: Email Para perguntas gerais, sugest\u00f5es ou coment\u00e1rios, envie um e-mail para contact@idloaded.com. Nossa equipe se esfor\u00e7ar\u00e1 para responder \u00e0s suas perguntas o mais r\u00e1pido poss\u00edvel. Formul\u00e1rio de Contato Se voc\u00ea tiver perguntas espec\u00edficas [&hellip;]<\/p>","protected":false},"author":1,"featured_media":0,"parent":0,"menu_order":0,"comment_status":"closed","ping_status":"closed","template":"","meta":{"footnotes":""},"class_list":["post-69","page","type-page","status-publish","hentry"],"_links":{"self":[{"href":"https:\/\/idloaded.com\/en_au\/wp-json\/wp\/v2\/pages\/69","targetHints":{"allow":["GET"]}}],"collection":[{"href":"https:\/\/idloaded.com\/en_au\/wp-json\/wp\/v2\/pages"}],"about":[{"href":"https:\/\/idloaded.com\/en_au\/wp-json\/wp\/v2\/types\/page"}],"author":[{"embeddable":true,"href":"https:\/\/idloaded.com\/en_au\/wp-json\/wp\/v2\/users\/1"}],"replies":[{"embeddable":true,"href":"https:\/\/idloaded.com\/en_au\/wp-json\/wp\/v2\/comments?post=69"}],"version-history":[{"count":6,"href":"https:\/\/idloaded.com\/en_au\/wp-json\/wp\/v2\/pages\/69\/revisions"}],"predecessor-version":[{"id":506,"href":"https:\/\/idloaded.com\/en_au\/wp-json\/wp\/v2\/pages\/69\/revisions\/506"}],"wp:attachment":[{"href":"https:\/\/idloaded.com\/en_au\/wp-json\/wp\/v2\/media?parent=69"}],"curies":[{"name":"wp","href":"https:\/\/api.w.org\/{rel}","templated":true}]}}