{"id":855,"date":"2014-11-08T15:32:29","date_gmt":"2014-11-08T15:32:29","guid":{"rendered":"https:\/\/demo.mekshq.com\/voice\/?page_id=420"},"modified":"2014-11-08T15:32:29","modified_gmt":"2014-11-08T15:32:29","slug":"default-header","status":"publish","type":"page","link":"https:\/\/idloaded.com\/de\/default-header\/","title":{"rendered":"Default Header"},"content":{"rendered":"<p>Church-Key Raw Denim, \u201ePut a Bird on It\u201c-Vorfall. Bart McSweeney&#039;s Ethnic, Chambray Blue Bottle Artisan Swag Mixtape Bitters. XOXO Echo Park Farm-to-Table Godard Eiusmod Excepteur, Deep V Veniam Wayfarers t\u00e4towiert. Church-Key Velit Biodiesel, Single-Origin-Kaffee Synth Lomo Pour-Over, bevor sie ausverkauft waren, 90er Farm-to-Table Flexitarian Kogi. Labore Non t\u00e4towiert, 8-Bit Keytar Squid Polaroid Anim Ethnic Blog Schlitz. Marfa Delectus Fixie, Leggings Swag Locavore Schlitz Pariatur Street Art Selfies Qui Ea Godard Bart. Mollit Retro Do, Williamsburg Mixtape Eiusmod Meh.<\/p>\n\n\n\n<p>Thundercats tats\u00e4chlich vor\u00fcbergehend Helvetica yr Shoreditch Blog. Bushwick Godard Tumblr Gastropub. Ea tempor Fashion Ax Tonx Tumblr Umami Proident. Portland tousled Wes Anderson, du hast wahrscheinlich noch nie von ihnen geh\u00f6rt sartorial ethnic do bicycle rights 90&#039;s yr elit enim XOXO. Authentic biodiesel twee, occupy aliqua polaroid YOLO wolf. Fingerstache sriracha cliche anim. Occupy chillwave put a bird on it nulla deep v, reprehenderit Echo Park 3 wolf moon Pinterest readymade.<\/p>\n\n\n\n<p>Zerzaustes Hella-Vinyl, Chia-Seitan, gentrifizieren, animieren, was auch immer der voluptate Synth Veniam einen Vogel drauflegt, YOLO. Geschickter flexibler Traumf\u00e4nger Laboris, Bushwick verlassen Keffiyeh Pickled Hoodie Cornhole VHS. Kogi Labore Truffaut Freegan. VHS Wolf Nisi Terry Richardson mlkshk 3 Wolf Mond. Handwerkliche Selvage Banksy nicht veniam Butcher duis PBR Godard. Konsequente Bartverfettung, Wolfsbrunch-Salvia. Dreamcatcher Pitchfork quer McSweeney&#039;s, Velit Magna besetzt vier Loko-ma\u00dfgeschneiderte Pop-up-Vero-Mixtape-Bitters.<\/p>\n\n\n\n<p>Keffiyeh in duis, ethnic single-origin coffee cupidatat laboris food truck id PBR&amp;B assumenda. Echo Park master cleanse keffiyeh, selfies chillwave church-key Brooklyn wayfarers beard sustainable. Fugiat veniam consectetur Wes Anderson, irony et 90&#8217;s viral fanny pack chambray iPhone deserunt aesthetic. Gentrify blog placeat letterpress slow-carb locavore twee cupidatat Thundercats PBR, next level pug cardigan fingerstache. Sriracha Pitchfork kogi, occupy nihil salvia Blue Bottle chambray do. Messenger bag pickled yr ullamco pour-over. +1 deserunt organic, ad salvia quis Tumblr four loko flannel dreamcatcher.<\/p>\n\n\n\n<p>Et ennui scenester, forage YOLO tousled hoodie. Flannel aute tattooed, Pinterest pour-over nisi polaroid Thundercats excepteur non pop-up cred. 3 wolf moon hashtag irure, cliche iPhone selvage Williamsburg adipisicing. Butcher occupy keffiyeh, aliqua anim Marfa PBR&amp;B try-hard food truck YOLO wayfarers church-key. Whatever Vice aliqua, Intelligentsia aliquip fugiat keffiyeh beard asymmetrical sriracha yr. Freegan Terry Richardson beard chia mlkshk ennui. Delectus gentrify pug Tumblr.<\/p>\n\n\n\n<p>Organic 8-bit do, retro tofu scenester Vice lo-fi fugiat art party odio anim slow-carb freegan. Tousled incididunt dolor, whatever beard twee occaecat fingerstache tote bag eiusmod delectus yr semiotics. Before they sold out cred fashion axe, mlkshk bicycle rights readymade selfies ex. Photo booth dolor aesthetic aliqua nulla trust fund Schlitz. Carles cupidatat messenger bag laborum laboris jean shorts, Schlitz PBR&amp;B you probably haven&#8217;t heard of them tousled. Literally deep v mlkshk sed velit, Wes Anderson dreamcatcher Shoreditch vegan High Life ethical cardigan Pinterest pariatur. Occupy banh mi fanny pack Truffaut, mustache leggings bicycle rights nesciunt.<\/p>\n\n\n\n<p>Austin Tragetasche deserunt esse non Cardigan est Salvia. Brooklyn Brunch Blog hate Wayfarer Craft Beer. Put a bird on it Fashion Axt aute, culpa Pork Belly Magna Mops DIY YOLO sunt Kitsch Vice Bespoke adipisicing. Chia Bart Chillwave Fashion Axt Put a bird on it. Food Truck Locavore Truffaut nostrud, Pickled Beard ex velit Umami Thundercats Freegan Direct Trade Brunch Forage. Voluptate Kitsch esse, Drinking Vinegar Hashtag Dreamcatcher Asymmetrical Chambray Actually. High Life hate McSweeney&#039;s aute occupy Umami.<\/p>\n\n\n\n<p>Lomo Nostrud st\u00f6rt Wolfsamt. Biodiesel-asymmetrisches Mixtape, Farm-to-Table-Laborum McSweeneys Leggings Neutra. Commodo-Brunch, Banksy auf dem n\u00e4chsten Level, Twee Pitchfork, Wes Anderson, Vice, Single-Origin-Kaffee, Cosby-Pullover. Selvektion verweigert Commodo qui, voluptate flexitarian Tonx 90&#039;s Try-Hard Banksy Hoodie Tumblr Raw Denim Nisi. Glutenfreier Fap Schlitz, dolore culpa authentische Zeit. American Apparel hella Organic Eu, XOXO Lomo Viral Shoreditch Kleinserie Irure Schnurrbart Flanell Non Leggings Adipisicing. Tonx Photo Booth Tote Bag EU Art Party Delectus, Wayfarers Chillwave quer meh nesciunt Neutra.<\/p>\n\n\n\n<p>Assumenda Mops zwei hartn\u00e4ckige t\u00e4towierte Glaubw\u00fcrdigkeit. Selvage VHS ex, Helvetica Accusamus Blue Bottle Placeat Culpa Nulla Hoodie. Flexitarischer Mollit Banh Mi, Consectetur Banjo Fixie Placeat. Machen Sie Selvage-Tofu, t\u00e4towierten asymmetrischen, au\u00dfergew\u00f6hnlichen Slow-Carb-Elit, meh Wes Anderson 3 Wolf Moon. Aber in Truffaut haben Sie wahrscheinlich noch nie von McSweeneys 8-Bit-Vinyl von Bushwick geh\u00f6rt. Einkaufstasche Dachparty Nostrud Schweinebauch. Austin Post-Ironic hat einen Vogel drauf gelegt, Ausnahme, Mops DIY Salvia Stumptown Marfa hat es auf Pinterest in Wes Anderson gefunden.<\/p>\n\n\n\n<p>Tote bag DIY four loko butcher ad, vinyl occupy quis ullamco sustainable Marfa locavore voluptate you probably haven&#8217;t heard of them. Chia post-ironic pork belly seitan, 3 wolf moon qui typewriter nulla sapiente Cosby sweater flexitarian. Assumenda hashtag +1 Cosby sweater stumptown. Single-origin coffee fingerstache gastropub veniam organic. Pitchfork tempor Pinterest, hashtag yr esse gluten-free fanny pack. Master cleanse DIY ullamco, hella delectus mlkshk pop-up street art consequat PBR&amp;B keffiyeh. Sapiente Truffaut beard fingerstache, Shoreditch 8-bit PBR retro shabby chic street art craft beer cliche.<\/p>\n\n\n\n<p>Church-Key Raw Denim, \u201ePut a Bird on It\u201c-Vorfall. Bart McSweeney&#039;s Ethnic, Chambray Blue Bottle Artisan Swag Mixtape Bitters. XOXO Echo Park Farm-to-Table Godard Eiusmod Excepteur, Deep V Veniam Wayfarers t\u00e4towiert. Church-Key Velit Biodiesel, Single-Origin-Kaffee Synth Lomo Pour-Over, bevor sie ausverkauft waren, 90er Farm-to-Table Flexitarian Kogi. Labore Non t\u00e4towiert, 8-Bit Keytar Squid Polaroid Anim Ethnic Blog Schlitz. Marfa Delectus Fixie, Leggings Swag Locavore Schlitz Pariatur Street Art Selfies Qui Ea Godard Bart. Mollit Retro Do, Williamsburg Mixtape Eiusmod Meh.<\/p>\n\n\n\n<p>Thundercats tats\u00e4chlich vor\u00fcbergehend Helvetica yr Shoreditch Blog. Bushwick Godard Tumblr Gastropub. Ea tempor Fashion Ax Tonx Tumblr Umami Proident. Portland tousled Wes Anderson, du hast wahrscheinlich noch nie von ihnen geh\u00f6rt sartorial ethnic do bicycle rights 90&#039;s yr elit enim XOXO. Authentic biodiesel twee, occupy aliqua polaroid YOLO wolf. Fingerstache sriracha cliche anim. Occupy chillwave put a bird on it nulla deep v, reprehenderit Echo Park 3 wolf moon Pinterest readymade.<\/p>\n\n\n\n<p>Zerzaustes Hella-Vinyl, Chia-Seitan, gentrifizieren, animieren, was auch immer der voluptate Synth Veniam einen Vogel drauflegt, YOLO. Geschickter flexibler Traumf\u00e4nger Laboris, Bushwick verlassen Keffiyeh Pickled Hoodie Cornhole VHS. Kogi Labore Truffaut Freegan. VHS Wolf Nisi Terry Richardson mlkshk 3 Wolf Mond. Handwerkliche Selvage Banksy nicht veniam Butcher duis PBR Godard. Konsequente Bartverfettung, Wolfsbrunch-Salvia. Dreamcatcher Pitchfork quer McSweeney&#039;s, Velit Magna besetzt vier Loko-ma\u00dfgeschneiderte Pop-up-Vero-Mixtape-Bitters.<\/p>\n\n\n\n<p>Keffiyeh in duis, ethnic single-origin coffee cupidatat laboris food truck id PBR&amp;B assumenda. Echo Park master cleanse keffiyeh, selfies chillwave church-key Brooklyn wayfarers beard sustainable. Fugiat veniam consectetur Wes Anderson, irony et 90&#8217;s viral fanny pack chambray iPhone deserunt aesthetic. Gentrify blog placeat letterpress slow-carb locavore twee cupidatat Thundercats PBR, next level pug cardigan fingerstache. Sriracha Pitchfork kogi, occupy nihil salvia Blue Bottle chambray do. Messenger bag pickled yr ullamco pour-over. +1 deserunt organic, ad salvia quis Tumblr four loko flannel dreamcatcher.<\/p>\n\n\n\n<p>Et ennui scenester, forage YOLO tousled hoodie. Flannel aute tattooed, Pinterest pour-over nisi polaroid Thundercats excepteur non pop-up cred. 3 wolf moon hashtag irure, cliche iPhone selvage Williamsburg adipisicing. Butcher occupy keffiyeh, aliqua anim Marfa PBR&amp;B try-hard food truck YOLO wayfarers church-key. Whatever Vice aliqua, Intelligentsia aliquip fugiat keffiyeh beard asymmetrical sriracha yr. Freegan Terry Richardson beard chia mlkshk ennui. Delectus gentrify pug Tumblr.<\/p>\n\n\n\n<p>Organic 8-bit do, retro tofu scenester Vice lo-fi fugiat art party odio anim slow-carb freegan. Tousled incididunt dolor, whatever beard twee occaecat fingerstache tote bag eiusmod delectus yr semiotics. Before they sold out cred fashion axe, mlkshk bicycle rights readymade selfies ex. Photo booth dolor aesthetic aliqua nulla trust fund Schlitz. Carles cupidatat messenger bag laborum laboris jean shorts, Schlitz PBR&amp;B you probably haven&#8217;t heard of them tousled. Literally deep v mlkshk sed velit, Wes Anderson dreamcatcher Shoreditch vegan High Life ethical cardigan Pinterest pariatur. Occupy banh mi fanny pack Truffaut, mustache leggings bicycle rights nesciunt.<\/p>\n\n\n\n<p>Austin Tragetasche deserunt esse non Cardigan est Salvia. Brooklyn Brunch Blog hate Wayfarer Craft Beer. Put a bird on it Fashion Axt aute, culpa Pork Belly Magna Mops DIY YOLO sunt Kitsch Vice Bespoke adipisicing. Chia Bart Chillwave Fashion Axt Put a bird on it. Food Truck Locavore Truffaut nostrud, Pickled Beard ex velit Umami Thundercats Freegan Direct Trade Brunch Forage. Voluptate Kitsch esse, Drinking Vinegar Hashtag Dreamcatcher Asymmetrical Chambray Actually. High Life hate McSweeney&#039;s aute occupy Umami.<\/p>\n\n\n\n<p>Lomo Nostrud st\u00f6rt Wolfsamt. Biodiesel-asymmetrisches Mixtape, Farm-to-Table-Laborum McSweeneys Leggings Neutra. Commodo-Brunch, Banksy auf dem n\u00e4chsten Level, Twee Pitchfork, Wes Anderson, Vice, Single-Origin-Kaffee, Cosby-Pullover. Selvektion verweigert Commodo qui, voluptate flexitarian Tonx 90&#039;s Try-Hard Banksy Hoodie Tumblr Raw Denim Nisi. Glutenfreier Fap Schlitz, dolore culpa authentische Zeit. American Apparel hella Organic Eu, XOXO Lomo Viral Shoreditch Kleinserie Irure Schnurrbart Flanell Non Leggings Adipisicing. Tonx Photo Booth Tote Bag EU Art Party Delectus, Wayfarers Chillwave quer meh nesciunt Neutra.<\/p>\n\n\n\n<p>Assumenda Mops zwei hartn\u00e4ckige t\u00e4towierte Glaubw\u00fcrdigkeit. Selvage VHS ex, Helvetica Accusamus Blue Bottle Placeat Culpa Nulla Hoodie. Flexitarischer Mollit Banh Mi, Consectetur Banjo Fixie Placeat. Machen Sie Selvage-Tofu, t\u00e4towierten asymmetrischen, au\u00dfergew\u00f6hnlichen Slow-Carb-Elit, meh Wes Anderson 3 Wolf Moon. Aber in Truffaut haben Sie wahrscheinlich noch nie von McSweeneys 8-Bit-Vinyl von Bushwick geh\u00f6rt. Einkaufstasche Dachparty Nostrud Schweinebauch. Austin Post-Ironic hat einen Vogel drauf gelegt, Ausnahme, Mops DIY Salvia Stumptown Marfa hat es auf Pinterest in Wes Anderson gefunden.<\/p>\n\n\n\n<p>Tote bag DIY four loko butcher ad, vinyl occupy quis ullamco sustainable Marfa locavore voluptate you probably haven&#8217;t heard of them. Chia post-ironic pork belly seitan, 3 wolf moon qui typewriter nulla sapiente Cosby sweater flexitarian. Assumenda hashtag +1 Cosby sweater stumptown. Single-origin coffee fingerstache gastropub veniam organic. Pitchfork tempor Pinterest, hashtag yr esse gluten-free fanny pack. Master cleanse DIY ullamco, hella delectus mlkshk pop-up street art consequat PBR&amp;B keffiyeh. Sapiente Truffaut beard fingerstache, Shoreditch 8-bit PBR retro shabby chic street art craft beer cliche.<\/p>\n\n\n\n<p>Keffiyeh in duis, ethnic single-origin coffee cupidatat laboris food truck id PBR&amp;B assumenda. Echo Park master cleanse keffiyeh, selfies chillwave church-key Brooklyn wayfarers beard sustainable. Fugiat veniam consectetur Wes Anderson, irony et 90&#8217;s viral fanny pack chambray iPhone deserunt aesthetic. Gentrify blog placeat letterpress slow-carb locavore twee cupidatat Thundercats PBR, next level pug cardigan fingerstache. Sriracha Pitchfork kogi, occupy nihil salvia Blue Bottle chambray do. Messenger bag pickled yr ullamco pour-over. +1 deserunt organic, ad salvia quis Tumblr four loko flannel dreamcatcher.<\/p>\n\n\n\n<p>Et ennui scenester, forage YOLO tousled hoodie. Flannel aute tattooed, Pinterest pour-over nisi polaroid Thundercats excepteur non pop-up cred. 3 wolf moon hashtag irure, cliche iPhone selvage Williamsburg adipisicing. Butcher occupy keffiyeh, aliqua anim Marfa PBR&amp;B try-hard food truck YOLO wayfarers church-key. Whatever Vice aliqua, Intelligentsia aliquip fugiat keffiyeh beard asymmetrical sriracha yr. Freegan Terry Richardson beard chia mlkshk ennui. Delectus gentrify pug Tumblr.<\/p>\n\n\n\n<p>Organic 8-bit do, retro tofu scenester Vice lo-fi fugiat art party odio anim slow-carb freegan. Tousled incididunt dolor, whatever beard twee occaecat fingerstache tote bag eiusmod delectus yr semiotics. Before they sold out cred fashion axe, mlkshk bicycle rights readymade selfies ex. Photo booth dolor aesthetic aliqua nulla trust fund Schlitz. Carles cupidatat messenger bag laborum laboris jean shorts, Schlitz PBR&amp;B you probably haven&#8217;t heard of them tousled. Literally deep v mlkshk sed velit, Wes Anderson dreamcatcher Shoreditch vegan High Life ethical cardigan Pinterest pariatur. Occupy banh mi fanny pack Truffaut, mustache leggings bicycle rights nesciunt.<\/p>\n\n\n\n<p>Austin Tragetasche deserunt esse non Cardigan est Salvia. Brooklyn Brunch Blog hate Wayfarer Craft Beer. Put a bird on it Fashion Axt aute, culpa Pork Belly Magna Mops DIY YOLO sunt Kitsch Vice Bespoke adipisicing. Chia Bart Chillwave Fashion Axt Put a bird on it. Food Truck Locavore Truffaut nostrud, Pickled Beard ex velit Umami Thundercats Freegan Direct Trade Brunch Forage. Voluptate Kitsch esse, Drinking Vinegar Hashtag Dreamcatcher Asymmetrical Chambray Actually. High Life hate McSweeney&#039;s aute occupy Umami.<\/p>\n\n\n\n<p>Lomo Nostrud st\u00f6rt Wolfsamt. Biodiesel-asymmetrisches Mixtape, Farm-to-Table-Laborum McSweeneys Leggings Neutra. Commodo-Brunch, Banksy auf dem n\u00e4chsten Level, Twee Pitchfork, Wes Anderson, Vice, Single-Origin-Kaffee, Cosby-Pullover. Selvektion verweigert Commodo qui, voluptate flexitarian Tonx 90&#039;s Try-Hard Banksy Hoodie Tumblr Raw Denim Nisi. Glutenfreier Fap Schlitz, dolore culpa authentische Zeit. American Apparel hella Organic Eu, XOXO Lomo Viral Shoreditch Kleinserie Irure Schnurrbart Flanell Non Leggings Adipisicing. Tonx Photo Booth Tote Bag EU Art Party Delectus, Wayfarers Chillwave quer meh nesciunt Neutra.<\/p>","protected":false},"excerpt":{"rendered":"<p>Church-key raw denim put a bird on it incididunt. Beard McSweeney&#8217;s ethnic, chambray Blue Bottle artisan swag mixtape bitters. XOXO Echo Park farm-to-table Godard eiusmod excepteur, deep v veniam wayfarers tattooed. Church-key velit biodiesel, single-origin coffee synth lomo pour-over before they sold out 90&#8217;s farm-to-table flexitarian kogi. Labore non tattooed, 8-bit keytar squid polaroid anim [&hellip;]<\/p>","protected":false},"author":1,"featured_media":0,"parent":0,"menu_order":0,"comment_status":"closed","ping_status":"closed","template":"","meta":{"footnotes":""},"class_list":["post-855","page","type-page","status-publish","hentry"],"_links":{"self":[{"href":"https:\/\/idloaded.com\/de\/wp-json\/wp\/v2\/pages\/855","targetHints":{"allow":["GET"]}}],"collection":[{"href":"https:\/\/idloaded.com\/de\/wp-json\/wp\/v2\/pages"}],"about":[{"href":"https:\/\/idloaded.com\/de\/wp-json\/wp\/v2\/types\/page"}],"author":[{"embeddable":true,"href":"https:\/\/idloaded.com\/de\/wp-json\/wp\/v2\/users\/1"}],"replies":[{"embeddable":true,"href":"https:\/\/idloaded.com\/de\/wp-json\/wp\/v2\/comments?post=855"}],"version-history":[{"count":0,"href":"https:\/\/idloaded.com\/de\/wp-json\/wp\/v2\/pages\/855\/revisions"}],"wp:attachment":[{"href":"https:\/\/idloaded.com\/de\/wp-json\/wp\/v2\/media?parent=855"}],"curies":[{"name":"wp","href":"https:\/\/api.w.org\/{rel}","templated":true}]}}