{"id":76,"date":"2023-12-01T00:53:30","date_gmt":"2023-12-01T03:53:30","guid":{"rendered":"http:\/\/idloaded.com\/?page_id=76"},"modified":"2024-07-04T19:23:39","modified_gmt":"2024-07-04T22:23:39","slug":"haftungsausschluss","status":"publish","type":"page","link":"https:\/\/idloaded.com\/de\/haftungsausschluss\/","title":{"rendered":"Haftungsausschluss"},"content":{"rendered":"<h2>Haftungsausschluss<\/h2>\n<p>Die auf der IdLoaded-Website verf\u00fcgbaren Informationen dienen allgemeinen Informationszwecken. Obwohl wir uns bem\u00fchen, genaue und aktuelle Informationen bereitzustellen, \u00fcbernehmen wir keine Gew\u00e4hr f\u00fcr die Vollst\u00e4ndigkeit, Zuverl\u00e4ssigkeit oder Genauigkeit der auf dieser Website pr\u00e4sentierten Inhalte.<\/p>\n<h3>Professionelle Beratung<\/h3>\n<p>Inhalte auf IdLoaded sind kein Ersatz f\u00fcr professionelle Beratung, Diagnose oder Behandlung. Wir empfehlen, bei Fragen oder Bedenken zu Gesundheit, Sicherheit oder Problemen im Zusammenhang mit Technologie und Innovationen stets einen qualifizierten Fachmann zu konsultieren.<\/p>\n<h3>Risiko \u00fcbernommen<\/h3>\n<p>Aktivit\u00e4ten im Zusammenhang mit Technologie und Innovationen bergen inh\u00e4rente Risiken. Wir haften nicht f\u00fcr Verletzungen, Verluste oder Sch\u00e4den, die durch die auf dieser Website bereitgestellten Informationen oder die Verwendung der besprochenen Produkte und Technologien entstehen k\u00f6nnen.<\/p>\n<h3>Externe Links<\/h3>\n<p>IdLoaded kann Links zu externen Websites oder Ressourcen enthalten. Wir \u00fcbernehmen keine Garantie f\u00fcr die Richtigkeit der auf diesen externen Websites bereitgestellten Informationen. Wir empfehlen Ihnen, Vorsicht walten zu lassen und die Bedingungen und Datenschutzrichtlinien aller von Ihnen besuchten Websites Dritter zu lesen.<\/p>\n<h3>Urheberrecht und Nutzung<\/h3>\n<p>Alle Inhalte dieser Website, einschlie\u00dflich Texte, Bilder, Grafiken und andere Materialien, sind urheberrechtlich gesch\u00fctzt. Die Vervielf\u00e4ltigung, Verbreitung oder Nutzung von IdLoaded-Inhalten ist ohne unsere ausdr\u00fcckliche schriftliche Genehmigung untersagt.<\/p>\n<h3>Inhaltliche \u00c4nderungen<\/h3>\n<p>Wir behalten uns das Recht vor, Inhalte auf dieser Website nach eigenem Ermessen zu \u00e4ndern, zu aktualisieren oder zu entfernen.<\/p>\n<h3>Zustimmung<\/h3>\n<p>Durch die Nutzung der IdLoaded-Website stimmen Sie dieser Erkl\u00e4rung zu und akzeptieren deren Bedingungen.<\/p>\n<h3>Fragen<\/h3>\n<p>Wenn Sie Fragen oder Bedenken zu dieser Mitteilung haben, kontaktieren Sie uns bitte unter <a rel=\"noreferrer\">contact@idloaded.com<\/a>.<\/p>\n<p>Durch die Nutzung dieser Website best\u00e4tigen Sie, dass Sie diesen Hinweis gelesen und verstanden haben. Wir bedanken uns f\u00fcr Ihr Verst\u00e4ndnis und Ihr Engagement, ein sicheres und informatives Erlebnis \u00fcber Technologie und Innovationen zu gew\u00e4hrleisten.<\/p>","protected":false},"excerpt":{"rendered":"<p>Aviso de Isen\u00e7\u00e3o de Responsabilidade As informa\u00e7\u00f5es dispon\u00edveis no site IdLoaded s\u00e3o para fins informativos gerais. Embora nos esforcemos para fornecer informa\u00e7\u00f5es precisas e atualizadas, n\u00e3o garantimos a completude, confiabilidade ou exatid\u00e3o do conte\u00fado apresentado neste site. Conselho Profissional O conte\u00fado do IdLoaded n\u00e3o substitui o conselho, diagn\u00f3stico ou tratamento profissional. Recomendamos sempre consultar um [&hellip;]<\/p>","protected":false},"author":1,"featured_media":0,"parent":0,"menu_order":0,"comment_status":"closed","ping_status":"closed","template":"","meta":{"footnotes":""},"class_list":["post-76","page","type-page","status-publish","hentry"],"_links":{"self":[{"href":"https:\/\/idloaded.com\/de\/wp-json\/wp\/v2\/pages\/76","targetHints":{"allow":["GET"]}}],"collection":[{"href":"https:\/\/idloaded.com\/de\/wp-json\/wp\/v2\/pages"}],"about":[{"href":"https:\/\/idloaded.com\/de\/wp-json\/wp\/v2\/types\/page"}],"author":[{"embeddable":true,"href":"https:\/\/idloaded.com\/de\/wp-json\/wp\/v2\/users\/1"}],"replies":[{"embeddable":true,"href":"https:\/\/idloaded.com\/de\/wp-json\/wp\/v2\/comments?post=76"}],"version-history":[{"count":6,"href":"https:\/\/idloaded.com\/de\/wp-json\/wp\/v2\/pages\/76\/revisions"}],"predecessor-version":[{"id":507,"href":"https:\/\/idloaded.com\/de\/wp-json\/wp\/v2\/pages\/76\/revisions\/507"}],"wp:attachment":[{"href":"https:\/\/idloaded.com\/de\/wp-json\/wp\/v2\/media?parent=76"}],"curies":[{"name":"wp","href":"https:\/\/api.w.org\/{rel}","templated":true}]}}