{"id":75,"date":"2023-12-01T00:53:30","date_gmt":"2023-12-01T03:53:30","guid":{"rendered":"http:\/\/idloaded.com\/?page_id=75"},"modified":"2024-07-04T19:24:35","modified_gmt":"2024-07-04T22:24:35","slug":"uber-uns","status":"publish","type":"page","link":"https:\/\/idloaded.com\/de\/uber-uns\/","title":{"rendered":"Um"},"content":{"rendered":"<h2>\u00dcber IdLoaded<\/h2>\n<p>Bei IdLoaded werden wir von unserer Leidenschaft angetrieben, die Welt der Technologie mit den neuesten und relevantesten Informationen zu verbinden. Unser Ziel ist es, der Bezugspunkt f\u00fcr Technikbegeisterte, Fachleute auf diesem Gebiet und alle, die sich f\u00fcr die neuesten Innovationen interessieren, zu sein.<\/p>\n<h3>Unser Ziel<\/h3>\n<p>Unser Hauptziel ist es, einen Raum zu schaffen, in dem Technikbegeisterte vielf\u00e4ltige Informationen zu technologischen Innovationen, Umsetzungsmethoden und neuesten Trends finden. Wir sind bestrebt, Tradition mit Innovation zu verbinden und Fachleuten dabei zu helfen, die neuesten Fortschritte zu nutzen und gleichzeitig ihre traditionellen Praktiken beizubehalten.<\/p>\n<h3>Unsere Leistungen<\/h3>\n<p><strong>Informative Artikel:<\/strong> Wir bieten eine breite Palette an Artikeln zu Themen vom intelligenten Datenmanagement bis hin zu den neuesten Wearables und Smart Devices.<\/p>\n<p><strong>Community-Interaktion:<\/strong> Wir laden Technologieliebhaber ein, sich zu beteiligen und ihr Wissen zu teilen, um so eine lebendige und vielf\u00e4ltige Community zu f\u00f6rdern.<\/p>\n<p><strong>Innovations-Highlights:<\/strong> Entdecken Sie die neuesten Technologien, Ger\u00e4te und Gadgets, die die Zukunft pr\u00e4gen.<\/p>\n<p><strong>Produktbewertungen:<\/strong> Treffen Sie fundierte Entscheidungen mit unseren unvoreingenommenen Produktbewertungen und Vorschl\u00e4gen.<\/p>\n<p><strong>Lernressourcen:<\/strong> Gewinnen Sie Wissen von erfahrenen Fachleuten und Experten mit unseren p\u00e4dagogischen Leitf\u00e4den und Tutorials.<\/p>\n<p><strong>Unser Engagement:<\/strong> Wir sind bestrebt, genaue und zuverl\u00e4ssige Informationen bereitzustellen. Unser Team ist bestrebt, mit der schnelllebigen Welt der Technologie Schritt zu halten und unsere Erkenntnisse mit Ihnen zu teilen.<\/p>\n<h3>Anerkennung<\/h3>\n<p>Wir danken unseren Lesern und Mitwirkenden herzlich. Ihre Unterst\u00fctzung erm\u00f6glicht es IdLoaded, erfolgreich zu sein. Entdecken Sie mit uns die faszinierende Kombination aus Tradition und technologischer Innovation. Gemeinsam k\u00f6nnen wir in die Zukunft gehen und gleichzeitig unserem Engagement f\u00fcr Informationsqualit\u00e4t und -genauigkeit treu bleiben.<\/p>\n<p>Vielen Dank, dass Sie Teil der IdLoaded-Community sind! Sie k\u00f6nnen \u00fcber unsere Website unter mit uns in Kontakt treten <a href=\"http:\/\/idloaded.com\/de\/\" target=\"_new\" rel=\"noreferrer noopener\">http:\/\/idloaded.com\/<\/a>. Weitere Informationen finden Sie auch auf unserer Social-Media-Seite unter IdLoaded.<\/p>","protected":false},"excerpt":{"rendered":"<p>Sobre o IdLoaded No IdLoaded, somos movidos pela nossa paix\u00e3o por integrar o mundo da tecnologia com as informa\u00e7\u00f5es mais recentes e relevantes. Nosso objetivo \u00e9 ser o ponto de refer\u00eancia para entusiastas de tecnologia, profissionais da \u00e1rea e todos aqueles interessados nas \u00faltimas inova\u00e7\u00f5es. Nosso Objetivo Nosso principal objetivo \u00e9 criar um espa\u00e7o onde [&hellip;]<\/p>","protected":false},"author":1,"featured_media":0,"parent":0,"menu_order":0,"comment_status":"closed","ping_status":"closed","template":"","meta":{"footnotes":""},"class_list":["post-75","page","type-page","status-publish","hentry"],"_links":{"self":[{"href":"https:\/\/idloaded.com\/de\/wp-json\/wp\/v2\/pages\/75","targetHints":{"allow":["GET"]}}],"collection":[{"href":"https:\/\/idloaded.com\/de\/wp-json\/wp\/v2\/pages"}],"about":[{"href":"https:\/\/idloaded.com\/de\/wp-json\/wp\/v2\/types\/page"}],"author":[{"embeddable":true,"href":"https:\/\/idloaded.com\/de\/wp-json\/wp\/v2\/users\/1"}],"replies":[{"embeddable":true,"href":"https:\/\/idloaded.com\/de\/wp-json\/wp\/v2\/comments?post=75"}],"version-history":[{"count":8,"href":"https:\/\/idloaded.com\/de\/wp-json\/wp\/v2\/pages\/75\/revisions"}],"predecessor-version":[{"id":508,"href":"https:\/\/idloaded.com\/de\/wp-json\/wp\/v2\/pages\/75\/revisions\/508"}],"wp:attachment":[{"href":"https:\/\/idloaded.com\/de\/wp-json\/wp\/v2\/media?parent=75"}],"curies":[{"name":"wp","href":"https:\/\/api.w.org\/{rel}","templated":true}]}}