{"id":69,"date":"2023-12-01T00:51:50","date_gmt":"2023-12-01T03:51:50","guid":{"rendered":"http:\/\/idloaded.com\/?page_id=69"},"modified":"2024-07-04T19:21:46","modified_gmt":"2024-07-04T22:21:46","slug":"kontaktiere-uns","status":"publish","type":"page","link":"https:\/\/idloaded.com\/de\/kontaktiere-uns\/","title":{"rendered":"Kontakt"},"content":{"rendered":"<h2>Kontaktiere uns<\/h2>\n<p>Vielen Dank f\u00fcr Ihr Interesse an IdLoaded. Wir sch\u00e4tzen Ihre Meinungen und Fragen. So k\u00f6nnen Sie mit uns Kontakt aufnehmen:<\/p>\n<h3>Email<\/h3>\n<p>F\u00fcr allgemeine Fragen, Anregungen oder Kommentare senden Sie bitte eine E-Mail <a rel=\"noreferrer\">contact@idloaded.com<\/a>. Unser Team wird sich bem\u00fchen, Ihre Fragen so schnell wie m\u00f6glich zu beantworten.<\/p>\n<h3>Kontakt Formular<\/h3>\n<p>Wenn Sie spezielle Fragen haben oder einen technologiebezogenen Artikel einreichen m\u00f6chten, senden Sie bitte eine E-Mail <a rel=\"noreferrer\">contact@idloaded.com<\/a>. Wir freuen uns \u00fcber Beitr\u00e4ge von allgemeinen Informationsliebhabern und Technologiebegeisterten.<\/p>\n<h3>Postleitzahl<\/h3>\n<p>Wenn Sie den klassischen Postweg bevorzugen, finden Sie uns unter folgender Adresse:<\/p>\n<p><strong>IdLoaded<\/strong><\/p>\n<p>837 Pawprint Lane<\/p>\n<p>Dogville, TX 75001<\/p>\n<p>USA<\/p>\n<h3>Newsletter<\/h3>\n<p>Um \u00fcber die neuesten Artikel, Technologietrends und Neuigkeiten aus der IdLoaded-Community auf dem Laufenden zu bleiben, melden Sie sich f\u00fcr unseren Newsletter an. Geben Sie einfach Ihre E-Mail-Adresse in das Anmeldefeld unten auf unserer Homepage ein.<\/p>\n<h3>R\u00fcckmeldung<\/h3>\n<p>Wir sind stets bestrebt, unsere Inhalte und Benutzererfahrung zu verbessern. Wenn Sie Vorschl\u00e4ge oder Kommentare dazu haben, wie wir Ihr IdLoaded-Erlebnis verbessern k\u00f6nnen, teilen Sie uns diese bitte per E-Mail mit.<\/p>\n<p>Wir freuen uns \u00fcber Ihr Interesse und freuen uns auf Ihre Kontaktaufnahme. IdLoaded ist hier, um die Informationswelt mit der neuesten Technologie zu verbinden, und Ihr Beitrag ist entscheidend, um uns bei der Verwirklichung dieser Mission zu helfen.<\/p>\n<p>Vielen Dank, dass Sie Teil unserer allgemeinen Informationsgemeinschaft sind!<\/p>","protected":false},"excerpt":{"rendered":"<p>Entre em Contato Conosco Obrigado pelo seu interesse no IdLoaded. Valorizamos suas opini\u00f5es e perguntas. Aqui est\u00e3o as formas de nos contatar: Email Para perguntas gerais, sugest\u00f5es ou coment\u00e1rios, envie um e-mail para contact@idloaded.com. Nossa equipe se esfor\u00e7ar\u00e1 para responder \u00e0s suas perguntas o mais r\u00e1pido poss\u00edvel. Formul\u00e1rio de Contato Se voc\u00ea tiver perguntas espec\u00edficas [&hellip;]<\/p>","protected":false},"author":1,"featured_media":0,"parent":0,"menu_order":0,"comment_status":"closed","ping_status":"closed","template":"","meta":{"footnotes":""},"class_list":["post-69","page","type-page","status-publish","hentry"],"_links":{"self":[{"href":"https:\/\/idloaded.com\/de\/wp-json\/wp\/v2\/pages\/69","targetHints":{"allow":["GET"]}}],"collection":[{"href":"https:\/\/idloaded.com\/de\/wp-json\/wp\/v2\/pages"}],"about":[{"href":"https:\/\/idloaded.com\/de\/wp-json\/wp\/v2\/types\/page"}],"author":[{"embeddable":true,"href":"https:\/\/idloaded.com\/de\/wp-json\/wp\/v2\/users\/1"}],"replies":[{"embeddable":true,"href":"https:\/\/idloaded.com\/de\/wp-json\/wp\/v2\/comments?post=69"}],"version-history":[{"count":6,"href":"https:\/\/idloaded.com\/de\/wp-json\/wp\/v2\/pages\/69\/revisions"}],"predecessor-version":[{"id":506,"href":"https:\/\/idloaded.com\/de\/wp-json\/wp\/v2\/pages\/69\/revisions\/506"}],"wp:attachment":[{"href":"https:\/\/idloaded.com\/de\/wp-json\/wp\/v2\/media?parent=69"}],"curies":[{"name":"wp","href":"https:\/\/api.w.org\/{rel}","templated":true}]}}