{"id":337,"date":"2014-11-25T13:52:17","date_gmt":"2014-11-25T13:52:17","guid":{"rendered":"https:\/\/demo.mekshq.com\/voice\/?page_id=337"},"modified":"2014-11-25T13:52:17","modified_gmt":"2014-11-25T13:52:17","slug":"kurzcodes","status":"publish","type":"page","link":"https:\/\/idloaded.com\/de\/kurzcodes\/","title":{"rendered":"Kurzcodes"},"content":{"rendered":"<p>\t\t\t\tDas Theme bietet volle Unterst\u00fctzung f\u00fcr unser WordPress-Plugin \u201eMeks Flexible Shortcodes\u201c. Sehen Sie sich einige Beispiele an, was Sie mit unseren Shortcodes im Seiten-\/Beitragsinhalt erstellen k\u00f6nnen.<\/p>\n<h3>Sie k\u00f6nnen weitere Spalten hinzuf\u00fcgen\u2026<\/h3>\n<p>[mks_col]<\/p>\n<p>[mks_one_half]Excepteur adiposicing try-hard kale chips et. Meh wolf anim delectus skateboard. Forage scenester mustache skateboard DIY, sapiente laborum whatever. Ethical consectetur non +1 tousled authentic. Enim viral delectus next level. Sustainable Helvetica Brooklyn roof party gluten-free veniam, nostrud tattooed irony pork belly shabby chic qui drinking vinegar. Truffaut flexitarian non reprehenderit Pitchfork, farm-to-table Bushwick incidence.[\/mks_one_half]<\/p>\n<p>[mks_one_half] Umami-Bart Godard, Cornhole-Semiotik, Cray Eiusmod, karierte Schreibmaschine, Shabby-Chic-Mode, Wes Anderson. Nicht-Futtermittel-Arbeit, t\u00e4towierte, Kunstparty-DIY-Mumblecore-Veniam-Accusamus-Master-Cleanse-Selfies von American Apparel besetzen jeden Farm-to-Table. \u00dcbung Buchdruck duis ennui ma\u00dfgeschneiderte fertige. Intelligenter Tofu entspricht vier Loko-Quer. Langeweile Vinyl Umami Inzidenz Austin Cardigan voluptate.[\/mks_one_half]<\/p>\n<p>[\/mks_col]<\/p>\n<h3>Vielleicht ein paar Fortschrittsbalken?<\/h3>\n<p>[mks_progressbar name=\u201dSmart\u201d level=\u201dHigh\u201d value=\u201d70\u2033 height=\u201d20\u2033 color=\u201d#e23a3e\u201d style=\u201dsquared\u201d]<br \/>\n[mks_progressbar name=\u201dCreative\u201d level=\u201dVery High\u201d value=\u201d90\u2033 height=\u201d20\u2033 color=\u201d#f7c24e\u201d style=\u201dsquared\u201d]<br \/>\n[mks_progressbar name=\u201dPessimist \u201d level=\u201dLow\u201d value=\u201d30\u2033 height=\u201d20\u2033 color=\u201d#2c9cb1\u2033 style=\u201dsquared\u201d]<br \/>\n[mks_progressbar name=\u201dOptimist\u201d level=\u201dAverage\u201d value=\u201d50\u2033 height=\u201d20\u2033 color=\u201d#000000\u2033 style=\u201dsquared\u201d]<\/p>\n<p>[mks_separator style=\u201dblank\u201d height=\u201d20\u2033]<\/p>\n<h4>Tolle Schriftart-Icons?<\/h4>\n<h3>[mks_icon icon=\u201dfa-power-off\u201d color=\u201d#e23a3e\u201d] [mks_icon icon=\u201dfa-cog\u201d color=\u201d#e23a3e\u201d] [mks_icon icon=\u201dfa-th-list\u201d color=\u201d#e23a3e\u201d] [mks_icon icon=\u201dfa-file-o\u201d color=\u201d#e23a3e\u201d] [mks_icon icon=\u201dfa-video-camera\u201d color=\u201d#e23a3e\u201d] [mks_icon icon=\u201dfa-calendar\u201d color=\u201d#e23a3e\u201d] [mks_icon icon=\u201dfa-book\u201d color=\u201d#e23a3e\u201d] [mks_icon icon=\u201dfa-eye\u201d color=\u201d#e23a3e\u201d] [mks_icon icon=\u201dfa-heart-o\u201d [mks_icon icon=\u201dfa-umbrella\u201d color=\u201d#2c9cb1\u201d] [mks_icon icon=\u201dfa-microphone\u201d color=\u201d#2c9cb1\u201d]<\/h3>\n<p>[mks_separator style=\u201dblank\u201d height=\u201d20\u2033]<\/p>\n<h3>Oder ein paar sch\u00f6ne Kn\u00f6pfe?<\/h3>\n<p>[mks_button size=\u201dsmall\u201d title=\u201dKlein\u201d style=\u201dsquared\u201d url=\u201dhttps:\/\/mekshq.com\u201d target=\u201d_blank\u201d bg_color=\u201d#e23a3e\u201d txt_color=\u201d#FFFFFF\u201d icon=\u201dfa-music\u201d]<\/p>\n<p>[mks_button size=\u201dsmall\u201d title=\u201dKlein\u201d style=\u201dsquared\u201d url=\u201dhttps:\/\/mekshq.com\u201d target=\u201d_blank\u201d bg_color=\u201d#f7c24e\u201d txt_color=\u201d#FFFFFF\u201d icon=\u201dfa-music\u201d]<\/p>\n<p>[mks_button size=\u201dsmall\u201d title=\u201dKlein\u201d style=\u201dsquared\u201d url=\u201dhttps:\/\/mekshq.com\u201d target=\u201d_blank\u201d bg_color=\u201d#2c9cb1\u2033 txt_color=\u201d#FFFFFF\u201d icon=\u201dfa-music\u201d]<\/p>\n<p>[mks_separator style=\u201dblank\u201d height=\u201d1\u2033]<\/p>\n<p>[mks_button size=\u201dmedium\u201d title=\u201dMedium\u201d style=\u201drounded\u201d url=\u201dhttps:\/\/mekshq.com\u201d target=\u201d_blank\u201d bg_color=\u201d#e23a3e\u201d txt_color=\u201d#FFFFFF\u201d icon=\u201dfa-power-off\u201d]<\/p>\n<p>[mks_button size=\u201dmedium\u201d title=\u201dMedium\u201d style=\u201drounded\u201d url=\u201dhttps:\/\/mekshq.com\u201d target=\u201d_blank\u201d bg_color=\u201d#f7c24e\u201d txt_color=\u201d#FFFFFF\u201d icon=\u201dfa-power-off\u201d]<\/p>\n<p>[mks_button size=\u201dmedium\u201d title=\u201dMedium\u201d style=\u201drounded\u201d url=\u201dhttps:\/\/mekshq.com\u201d target=\u201d_blank\u201d bg_color=\u201d#2c9cb1\u2033 txt_color=\u201d#FFFFFF\u201d icon=\u201dfa-power-off\u201d]<\/p>\n<p>[mks_separator style=\u201dblank\u201d height=\u201d1\u2033]<\/p>\n<p>[mks_button size=\u201dlarge\u201d title=\u201dGro\u00dfer Button\u201d style=\u201drounded\u201d url=\u201dhttps:\/\/mekshq.com\u201d target=\u201d_blank\u201d bg_color=\u201d#e23a3e\u201d txt_color=\u201d#FFFFFF\u201d icon=\u201d\u201d]<\/p>\n<p>[mks_button size=\u201dlarge\u201d title=\u201dGro\u00dfer Button\u201d style=\u201drounded\u201d url=\u201dhttps:\/\/mekshq.com\u201d target=\u201d_blank\u201d bg_color=\u201d#f7c24e\u201d txt_color=\u201d#FFFFFF\u201d icon=\u201d\u201d]<\/p>\n<p>[mks_button size=\u201dlarge\u201d title=\u201dGro\u00dfer Button\u201d style=\u201drounded\u201d url=\u201dhttps:\/\/mekshq.com\u201d target=\u201d_blank\u201d bg_color=\u201d#2c9cb1\u2033 txt_color=\u201d#FFFFFF\u201d icon=\u201d\u201d]<\/p>\n<p>[mks_separator style=\u201dblank\u201d height=\u201d20\u2033]<\/p>\n<h3>Vielleicht einige Social-Media-Ikonen?<\/h3>\n<p>[mks_social icon=\u201daim\u201d size=\u201d48\u2033 style=\u201drounded\u201d url=\u201dhttp:\/\/\u201d target=\u201d_self\u201d][mks_social icon=\u201dskype\u201d size=\u201d48\u2033 style=\u201drounded\u201d url=\u201dhttp:\/\/\u201d target=\u201d_self\u201d][mks_social icon=\u201ddribbble\u201d size=\u201d48\u2033 style=\u201drounded\u201d url=\u201dhttp:\/\/\u201d target=\u201d_self\u201d][mks_social icon=\u201dfacebook\u201d size=\u201d48\u2033 style=\u201drounded\u201d url=\u201dhttp:\/\/\u201d target=\u201d_self\u201d][mks_social icon=\u201dpinterest\u201d size=\u201d48\u2033 style=\u201drounded\u201d url=\u201dhttp:\/\/\u201d target=\u201d_self\u201d][mks_social icon=\u201dlinkedin\u201d size=\u201d48\u2033 style=\u201drounded\u201d url=\u201dhttp:\/\/\u201d target=\u201d_self\u201d][mks_social icon=\u201dgrooveshark\u201d size=\u201d48\u2033 style=\u201drounded\u201d url=\u201dhttp:\/\/\u201d target=\u201d_self\u201d][mks_social icon=\u201dforrst\u201d size=\u201d48\u2033 style=\u201drounded\u201d url=\u201dhttp:\/\/\u201d target=\u201d_self\u201d][mks_social icon=\u201dinstagram\u201d size=\u201d48\u2033 style=\u201drounded\u201d url=\u201dhttp:\/\/\u201d target=\u201d_self\u201d][mks_social icon=\u201dflickr\u201d size=\u201d48\u2033 style=\u201drounded\u201d url=\u201dhttp:\/\/\u201d target=\u201d_self\u201d][mks_social icon=\u201devernote\u201d size=\u201d48\u2033 style=\u201drounded\u201d url=\u201dhttp:\/\/\u201d target=\u201d_self\u201d][mks_social icon=\u201dyahoo\u201d size=\u201d48\u2033 style=\u201drounded\u201d url=\u201dhttp:\/\/\u201d target=\u201d_self\u201d]<\/p>\n<p>[mks_social icon=\u201daim\u201d size=\u201d48\u2033 style=\u201dcircle\u201d url=\u201dhttp:\/\/\u201d target=\u201d_self\u201d][mks_social icon=\u201dskype\u201d size=\u201d48\u2033 style=\u201dcircle\u201d url=\u201dhttp:\/\/\u201d target=\u201d_self\u201d][mks_social icon=\u201ddribbble\u201d size=\u201d48\u2033 style=\u201dcircle\u201d url=\u201dhttp:\/\/\u201d target=\u201d_self\u201d][mks_social icon=\u201dfacebook\u201d size=\u201d48\u2033 style=\u201dcircle\u201d url=\u201dhttp:\/\/\u201d target=\u201d_self\u201d][mks_social icon=\u201dpinterest\u201d size=\u201d48\u2033 style=\u201dcircle\u201d url=\u201dhttp:\/\/\u201d target=\u201d_self\u201d][mks_social icon=\u201dlinkedin\u201d size=\u201d48\u2033 style=\u201dcircle\u201d url=\u201dhttp:\/\/\u201d target=\u201d_self\u201d][mks_social icon=\u201dgrooveshark\u201d size=\u201d48\u2033 style=\u201dcircle\u201d url=\u201dhttp:\/\/\u201d target=\u201d_self\u201d][mks_social icon=\u201dforrst\u201d size=\u201d48\u2033 style=\u201dcircle\u201d url=\u201dhttp:\/\/\u201d target=\u201d_self\u201d][mks_social icon=\u201dinstagram\u201d size=\u201d48\u2033 style=\u201dcircle\u201d url=\u201dhttp:\/\/\u201d target=\u201d_self\u201d][mks_social icon=\u201dflickr\u201d size=\u201d48\u2033 style=\u201dcircle\u201d url=\u201dhttp:\/\/\u201d target=\u201d_self\u201d][mks_social icon=\u201devernote\u201d size=\u201d48\u2033 style=\u201dcircle\u201d url=\u201dhttp:\/\/\u201d target=\u201d_self\u201d][mks_social icon=\u201dyahoo\u201d size=\u201d48\u2033 style=\u201dcircle\u201d url=\u201dhttp:\/\/\u201d target=\u201d_self\u201d]<\/p>\n<p>[mks_social icon=\u201daim\u201d size=\u201d48\u2033 style=\u201dsquare\u201d url=\u201dhttp:\/\/\u201d target=\u201d_self\u201d][mks_social icon=\u201dskype\u201d size=\u201d48\u2033 style=\u201dsquare\u201d url=\u201dhttp:\/\/\u201d target=\u201d_self\u201d][mks_social icon=\u201ddribbble\u201d size=\u201d48\u2033 style=\u201dsquare\u201d url=\u201dhttp:\/\/\u201d target=\u201d_self\u201d][mks_social icon=\u201dfacebook\u201d size=\u201d48\u2033 style=\u201dsquare\u201d url=\u201dhttp:\/\/\u201d target=\u201d_self\u201d][mks_social icon=\u201dpinterest\u201d size=\u201d48\u2033 style=\u201dsquare\u201d url=\u201dhttp:\/\/\u201d target=\u201d_self\u201d][mks_social icon=\u201dlinkedin\u201d size=\u201d48\u2033 style=\u201dsquare\u201d url=\u201dhttp:\/\/\u201d target=\u201d_self\u201d][mks_social icon=\u201dgrooveshark\u201d size=\u201d48\u2033 style=\u201dsquare\u201d url=\u201dhttp:\/\/\u201d target=\u201d_self\u201d][mks_social icon=\u201dforrst\u201d size=\u201d48\u2033 style=\u201dsquare\u201d url=\u201dhttp:\/\/\u201d target=\u201d_self\u201d][mks_social icon=\u201dinstagram\u201d size=\u201d48\u2033 style=\u201dsquare\u201d url=\u201dhttp:\/\/\u201d target=\u201d_self\u201d][mks_social icon=\u201dflickr\u201d size=\u201d48\u2033 style=\u201dsquare\u201d url=\u201dhttp:\/\/\u201d target=\u201d_self\u201d][mks_social icon=\u201devernote\u201d size=\u201d48\u2033 style=\u201dsquare\u201d url=\u201dhttp:\/\/\u201d target=\u201d_self\u201d][mks_social icon=\u201dyahoo\u201d size=\u201d48\u2033 style=\u201dsquare\u201d url=\u201dhttp:\/\/\u201d target=\u201d_self\u201d]<\/p>\n<div class=\"clear\">[mks_separator style=\u201dblank\u201d height=\u201d30\u2033]<\/div>\n<h3>Initialen?<\/h3>\n<p>[mks_dropcap style=\u201dletter\u201d size=\u201d50\u2033 bg_color=\u201d#ffffff\u201d txt_color=\u201d#000000\u2033]A[\/mks_dropcap]xcepteur adiposicing try-hard kale chips et. Meh wolf anim delectus skateboard. Forage scenester mustache skateboard DIY, sapiente laborum whatever. Ethical consectetur non +1 tousled authentic. Enim viral delectus next level. Sustainable Helvetica Brooklyn roof party gluten-free veniam, nostrud tattooed irony pork belly shabby chic qui drinking vinegar. Truffaut flexitarian non reprehenderit Pitchfork, farm-to-table Bushwick incidence.<\/p>\n<p>[mks_dropcap style=\u201dsquare\u201d size=\u201d50\u2033 bg_color=\u201d#91c842\u2033 txt_color=\u201d#ffffff\u201d]A[\/mks_dropcap]xcepteur adiposicing try-hard kale chips et. Meh wolf anim delectus skateboard. Forage scenester mustache skateboard DIY, sapiente laborum whatever. Ethical consectetur non +1 tousled authentic. Enim viral delectus next level. Sustainable Helvetica Brooklyn roof party gluten-free veniam, nostrud tattooed irony pork belly shabby chic qui drinking vinegar. Truffaut flexitarian non reprehenderit Pitchfork, farm-to-table Bushwick incidence.<\/p>\n<p>[mks_dropcap style=\u201dcircle\u201d size=\u201d50\u2033 bg_color=\u201d#f7c24e\u201d txt_color=\u201d#ffffff\u201d]A[\/mks_dropcap]xcepteur adipisicing try-hard kale chips et. Meh wolf anim delectus skateboard. Forage scenester mustache skateboard DIY, sapiente laborum whatever. Ethical consectetur non +1 tousled authentic. Enim viral delectus next level. Sustainable Helvetica Brooklyn roof party gluten-free veniam, nostrud tattooed irony pork belly shabby chic qui drinking vinegar.<\/p>\n<p>[mks_dropcap style=\u201drounded\u201d size=\u201d50\u2033 bg_color=\u201d#2c9cb1\u2033 txt_color=\u201d#ffffff\u201d]A[\/mks_dropcap]xcepteur adiposicing try-hard kale chips et. Meh wolf anim delectus skateboard. Forage scenester mustache skateboard DIY, sapiente laborum whatever. Ethical consectetur non +1 tousled authentic. Enim viral delectus next level. Sustainable Helvetica Brooklyn roof party gluten-free veniam, nostrud tattooed irony pork belly shabby chic qui drinking vinegar. Truffaut flexitarian non reprehenderit Pitchfork, farm-to-table Bushwick incidence.<\/p>\n<h3>Zitate einholen?<\/h3>\n<p>[mks_pullquote align=\u201cleft\u201c width=\u201c300\u2033 size=\u201c24\u2033 bg_color=\u201c#f7c24e\u201c txt_color=\u201c#ffffff\u201c]Chia kitsch laborum, Etsy iPhone Echo Park Thundercats kirchlicher Cornhole-Bio-Lo-Fi. [\/mks_pullquote] Letterpress-Mode meh lomo Hashtag, eiusmod aliqua in. Semiotik ethnisches Futter, irure Traumf\u00e4nger st\u00f6ren Wanderer Slow-Carb EU. IPhone t\u00e4towiert Labore 3 Wolf Mond Odd Future, Dolore Skateboard. Es ist ein Vorwurf des Mops-Mumblecore-Swag-Ethnos. Chia Kitsch Laborum, Etsy iPhone Echo Park Thundercats Kirchenschl\u00fcssel-Cornhole-Bio-Lo-Fi. Verurteilen Sie den Pop-up-Wolf, versuchen Sie, Craft-Beer mit Tintenfisch und Einkaufstasche von Echo Park zu vergleichen. Vier Loko Mlkshk Proident, Single-Origin-Kaffee Ullamco st\u00f6ren Banh Mi Lo-Fi Freegan Shoreditch Ironie. Letterpress-Mode meh lomo Hashtag, eiusmod aliqua in. Semiotische ethnische Nahrung, irure Traumf\u00e4nger st\u00f6ren Wanderer Slow-Carb EU. IPhone t\u00e4towiert Labore 3 Wolf Mond Odd Future, Dolore Skateboard. Es ist ein Vorwurf des Mops-Mumblecore-Swag-Ethnos. Chia Kitsch Laborum, Etsy iPhone Echo Park Thundercats Kirchenschl\u00fcssel-Cornhole-Bio-Lo-Fi.<\/p>\n<p>[mks_pullquote align=\u201cright\u201c width=\u201c300\u2033 size=\u201c24\u2033 bg_color=\u201c#2c9cb1\u2033 txt_color=\u201c#ffffff\u201c]Chia Kitsch Laborum, Etsy iPhone Echo Park Thundercats Church-Key Cornhole Organic Lo-Fi. [\/mks_pullquote]Vorwurf des Pop-up-Wolfs, versuch hart, gleichwertiges Handwerk Bier Keytar Tintenfisch und Einkaufstasche Echo Park Thundercats Church-Key Cornhole Bio Lo-Fi. Verurteilen Sie den Pop-up-Wolf, versuchen Sie, Craft-Beer mit Tintenfisch und Einkaufstasche von Echo Park zu vergleichen. Vier Loko Mlkshk Proident, Single-Origin-Kaffee Ullamco st\u00f6ren Banh Mi Lo-Fi Freegan Shoreditch Ironie. Letterpress-Mode meh lomo Hashtag, eiusmod aliqua in. Semiotische ethnische Nahrung, irure Traumf\u00e4nger st\u00f6ren Wanderer Slow-Carb EU. IPhone t\u00e4towiert Labore 3 Wolf Mond Odd Future, Dolore Skateboard. Es ist ein Vorwurf des Mops-Mumblecore-Swag-Ethnos. Chia Kitsch Laborum, Etsy iPhone Echo Park Thundercats Kirchenschl\u00fcssel-Cornhole-Bio-Lo-Fi.<\/p>\n<h3>Tabs?<\/h3>\n<p>[mks_tabs nav=\u201dhorizontal\u201d]<br \/>\n[mks_tab_item title=\u201dTitel 1\u201d]<br \/>\nChia Kitsch Laborum, Etsy iPhone Echo Park Thundercats Kirchenschl\u00fcssel-Cornhole-Bio-Lo-Fi. Verurteilen Sie den Pop-up-Wolf, versuchen Sie, Craft-Beer mit Tintenfisch und Einkaufstasche von Echo Park zu vergleichen. Vier Loko Mlkshk Proident, Single-Origin-Kaffee Ullamco st\u00f6ren Banh Mi Lo-Fi Freegan Shoreditch Ironie. Letterpress-Mode meh lomo Hashtag, eiusmod aliqua in. Semiotische ethnische Nahrung, irure Traumf\u00e4nger st\u00f6ren Wanderer Slow-Carb EU. IPhone t\u00e4towiert Labore 3 Wolf Mond Odd Future, Dolore Skateboard.<br \/>\n[mks_tab_item]<br \/>\n[mks_tab_item title=\u201dTitel 2\u201d]<br \/>\nNarwal-Tattoo-Cardigan, Quinoa-Leggings in Synth-Pariatur-Ethno-Selfies High Life. In Master Cleanse Banjo Cred Non Thundercats. Gastropub Fap Fixie, Portland 8-Bit Ullamco Jeansshorts Flanell XOXO esse. Biodiesel Next Level Fixie Letterpress, Try-Hard Gluten-Free Pork Belly Laboris Sunt. Paleo Qui Thundercats Nostrud Keytar Nulla. Synth Church-Key Ad Terry Richardson Assumping Summer, Bitters Farm-to-Table Labore Non Ullamco Dreamcatcher. Typewriter Ex Helvetica, Polaroid Single-Origin Coffee Hashtag Sartorial Mixtape Pickled.<br \/>\n[mks_tab_item]<br \/>\n[mks_tab_item title=\u201dTitel 3\u201d]<br \/>\nIm wahrsten Sinne des Wortes enim elit id, Vice zerzauste die Intelligenz. Fixie sint nostrud mlkshk, delectus synth Marfa et. Nihil VHS authentischer Schweinebauch, gesungen in Austin Kogi Pal\u00e4o PBR&amp;B 8-Bit. Tumblr-Strickjacke st\u00f6rt pal\u00e4o-t\u00e4towierten Treuhandfonds, Truffaut odio trinkt Essig. Polaroid Readymade Cray Cardigan Shoreditch Pug Synth, authentischer Freegan Aliquip Banjo Fugiat. Treuhandfonds Hella McSweeneys Farm-to-Table-Verwerfung, Bart-Animations-Kirchenschl\u00fcssel-Cillum-EU-Lo-Fi-Schreibmaschinen-Popup. Doch bevor sie ausverkauft waren, war die Modeszene nicht mehr so toll wie Portland und Vice.<br \/>\n[mks_tab_item]<br \/>\n[\/mks_tabs]<\/p>\n<p>[mks_tabs nav=\u201dvertical\u201d]<br \/>\n[mks_tab_item title=\u201dTitel 1\u201d]<br \/>\nChia Kitsch Laborum, Etsy iPhone Echo Park Thundercats Kirchenschl\u00fcssel-Cornhole-Bio-Lo-Fi. Verurteilen Sie den Pop-up-Wolf, versuchen Sie, Craft-Beer mit Tintenfisch und Einkaufstasche von Echo Park zu vergleichen. Vier Loko Mlkshk Proident, Single-Origin-Kaffee Ullamco st\u00f6ren Banh Mi Lo-Fi Freegan Shoreditch Ironie. Letterpress-Mode meh lomo Hashtag, eiusmod aliqua in. Semiotische ethnische Nahrung, irure Traumf\u00e4nger st\u00f6ren Wanderer Slow-Carb EU. IPhone t\u00e4towiert Labore 3 Wolf Mond Odd Future, Dolore Skateboard.<br \/>\n[mks_tab_item]<br \/>\n[mks_tab_item title=\u201dTitel 2\u201d]<br \/>\nNarwal-Tattoo-Cardigan, Quinoa-Leggings in Synth-Pariatur-Ethno-Selfies High Life. In Master Cleanse Banjo Cred Non Thundercats. Gastropub Fap Fixie, Portland 8-Bit Ullamco Jeansshorts Flanell XOXO esse. Biodiesel Next Level Fixie Letterpress, Try-Hard Gluten-Free Pork Belly Laboris Sunt. Paleo Qui Thundercats Nostrud Keytar Nulla. Synth Church-Key Ad Terry Richardson Assumping Summer, Bitters Farm-to-Table Labore Non Ullamco Dreamcatcher. Typewriter Ex Helvetica, Polaroid Single-Origin Coffee Hashtag Sartorial Mixtape Pickled.<br \/>\n[mks_tab_item]<br \/>\n[mks_tab_item title=\u201dTitel 3\u201d]<br \/>\nIm wahrsten Sinne des Wortes enim elit id, Vice zerzauste die Intelligenz. Fixie sint nostrud mlkshk, delectus synth Marfa et. Nihil VHS authentischer Schweinebauch, gesungen in Austin Kogi Pal\u00e4o PBR&amp;B 8-Bit. Tumblr-Strickjacke st\u00f6rt pal\u00e4o-t\u00e4towierten Treuhandfonds, Truffaut odio trinkt Essig. Polaroid Readymade Cray Cardigan Shoreditch Pug Synth, authentischer Freegan Aliquip Banjo Fugiat. Treuhandfonds Hella McSweeneys Farm-to-Table-Verwerfung, Bart-Animations-Kirchenschl\u00fcssel-Cillum-EU-Lo-Fi-Schreibmaschinen-Popup. Doch bevor sie ausverkauft waren, war die Modeszene nicht mehr so toll wie Portland und Vice.<br \/>\n[mks_tab_item]<br \/>\n[\/mks_tabs]<\/p>\n<h3>Akkordeons?<\/h3>\n<p>[mks_accordion]<br \/>\n[mks_accordion_item title=\u201dTitel 1\u201d]<br \/>\nIm wahrsten Sinne des Wortes enim elit id, Vice zerzauste die Intelligenz. Fixie sint nostrud mlkshk, delectus synth Marfa et. Nihil VHS authentischer Schweinebauch, gesungen in Austin Kogi Pal\u00e4o PBR&amp;B 8-Bit. Tumblr-Strickjacke st\u00f6rt pal\u00e4o-t\u00e4towierten Treuhandfonds, Truffaut odio trinkt Essig. Polaroid Readymade Cray Cardigan Shoreditch Pug Synth, authentischer Freegan Aliquip Banjo Fugiat. Treuhandfonds Hella McSweeneys Farm-to-Table-Verwerfung, Bart-Animations-Kirchenschl\u00fcssel-Cillum-EU-Lo-Fi-Schreibmaschinen-Popup. Doch bevor sie ausverkauft waren, war die Modeszene nicht mehr so toll wie Portland und Vice.<br \/>\n[\/mks_accordion_item]<br \/>\n[mks_accordion_item title=\u201dTitel 2\u201d]<br \/>\nNarwal-Tattoo-Cardigan, Quinoa-Leggings in Synth-Pariatur-Ethno-Selfies High Life. In Master Cleanse Banjo Cred Non Thundercats. Gastropub Fap Fixie, Portland 8-Bit Ullamco Jeansshorts Flanell XOXO esse. Biodiesel Next Level Fixie Letterpress, Try-Hard Gluten-Free Pork Belly Laboris Sunt. Paleo Qui Thundercats Nostrud Keytar Nulla. Synth Church-Key Ad Terry Richardson Assumping Summer, Bitters Farm-to-Table Labore Non Ullamco Dreamcatcher. Typewriter Ex Helvetica, Polaroid Single-Origin Coffee Hashtag Sartorial Mixtape Pickled.<br \/>\n[\/mks_accordion_item]<br \/>\n[mks_accordion_item title=\u201dTitel 3\u201d]<br \/>\nChia Kitsch Laborum, Etsy iPhone Echo Park Thundercats Kirchenschl\u00fcssel-Cornhole-Bio-Lo-Fi. Verurteilen Sie den Pop-up-Wolf, versuchen Sie, Craft-Beer mit Tintenfisch und Einkaufstasche von Echo Park zu vergleichen. Vier Loko Mlkshk Proident, Single-Origin-Kaffee Ullamco st\u00f6ren Banh Mi Lo-Fi Freegan Shoreditch Ironie. Letterpress-Mode meh lomo Hashtag, eiusmod aliqua in. Semiotische ethnische Nahrung, irure Traumf\u00e4nger st\u00f6ren Wanderer Slow-Carb EU. IPhone t\u00e4towiert Labore 3 Wolf Mond Odd Future, Dolore Skateboard.<br \/>\n[\/mks_accordion_item]<br \/>\n[\/mks_accordion]<\/p>\n<h3>Schalter?<\/h3>\n<p>[mks_toggle title=\u201cExample Title\u201c state=\u201copen\u201c]Chia kitsch laborum, Etsy iPhone Echo Park Thundercats kirchentypischer Cornhole-Bio-Lo-Fi. Verurteilen Sie den Pop-up-Wolf, versuchen Sie, Craft-Beer mit Tintenfisch und Einkaufstasche von Echo Park zu vergleichen. Vier Loko Mlkshk Proident, Single-Origin-Kaffee Ullamco st\u00f6ren Banh Mi Lo-Fi Freegan Shoreditch Ironie. Letterpress-Mode meh lomo hashtag, eiusmod aliqua in.[\/mks_toggle]<\/p>\n<p>[mks_toggle title=\u201cExample Title\u201c state=\u201cclose\u201c]Chia kitsch laborum, Etsy iPhone Echo Park Thundercats kirchentypischer Cornhole-Bio-Lo-Fi. Verurteilen Sie den Pop-up-Wolf, versuchen Sie, Craft-Beer mit Tintenfisch und Einkaufstasche von Echo Park zu vergleichen. Vier Loko Mlkshk Proident, Single-Origin-Kaffee Ullamco st\u00f6ren Banh Mi Lo-Fi Freegan Shoreditch Ironie. Letterpress-Mode meh lomo hashtag, eiusmod aliqua in.[\/mks_toggle]\t\t<\/p>","protected":false},"excerpt":{"rendered":"<p>Theme comes with full support for our Meks Flexible Shortcodes WordPress plugin. Check some examples of what can you create inside page\/post content with our shortcodes. You can add some columns&#8230; [mks_col] [mks_one_half]Excepteur adipisicing try-hard kale chips et. Meh wolf anim delectus skateboard. Forage scenester mustache skateboard DIY, sapiente laborum whatever. Ethical consectetur non +1 [&hellip;]<\/p>","protected":false},"author":1,"featured_media":0,"parent":0,"menu_order":0,"comment_status":"closed","ping_status":"closed","template":"","meta":{"footnotes":""},"class_list":["post-337","page","type-page","status-publish","hentry"],"_links":{"self":[{"href":"https:\/\/idloaded.com\/de\/wp-json\/wp\/v2\/pages\/337","targetHints":{"allow":["GET"]}}],"collection":[{"href":"https:\/\/idloaded.com\/de\/wp-json\/wp\/v2\/pages"}],"about":[{"href":"https:\/\/idloaded.com\/de\/wp-json\/wp\/v2\/types\/page"}],"author":[{"embeddable":true,"href":"https:\/\/idloaded.com\/de\/wp-json\/wp\/v2\/users\/1"}],"replies":[{"embeddable":true,"href":"https:\/\/idloaded.com\/de\/wp-json\/wp\/v2\/comments?post=337"}],"version-history":[{"count":0,"href":"https:\/\/idloaded.com\/de\/wp-json\/wp\/v2\/pages\/337\/revisions"}],"wp:attachment":[{"href":"https:\/\/idloaded.com\/de\/wp-json\/wp\/v2\/media?parent=337"}],"curies":[{"name":"wp","href":"https:\/\/api.w.org\/{rel}","templated":true}]}}