{"id":328,"date":"2014-11-25T13:48:50","date_gmt":"2014-11-25T13:48:50","guid":{"rendered":"https:\/\/demo.mekshq.com\/voice\/?page_id=328"},"modified":"2014-11-25T13:48:50","modified_gmt":"2014-11-25T13:48:50","slug":"typografie","status":"publish","type":"page","link":"https:\/\/idloaded.com\/de\/typografie\/","title":{"rendered":"Typografie"},"content":{"rendered":"<p>[mks_dropcap style=\u201csquare\u201c size=\u201c50\u2033 bg_color=\u201c#cf4d35\u2033 txt_color=\u201c#ffffff\u201c]A[\/mks_dropcap]Orem ipsum Id tempor laborum in consequat ut in eu id eu incididunt ut sed quis veniam sint id sit Duis sunt laborum in consequat tempor laborum in consequenz Excepteur <a href=\"https:\/\/mekshq.com\" target=\"_blank\" rel=\"noopener noreferrer\">consectetur reprehenderit<\/a> Die Schuld verl\u00e4sst Cillum aute dolor dolor dolor qui. Id tempor laborum in consequat Ut in eu id eu. Shoreditch Gastropub was auch immer. Ich behaupte, dass Polaroid nicht manuell gelesen werden kann.<\/p>\n\n\n\n<h1 class=\"wp-block-heading\">Dies ist ein Beispiel f\u00fcr einen H1-Titel.<\/h1>\n\n\n\n<p>Narwal-Umh\u00e4ngetasche Normcore, Fingerstache Quinoa-Foodtruck Four Loko Fahrradrechte Letterpress Put a Bird on It Tofu Banjo Cray Semiotik iPhone. Mlkshk Twee Neutra Bushwick. Williamsburg Kruzifix Keytar Bauchtasche, American Apparel Flexitarian VHS. Chillwave Godard Cray Hoodie Neutra. Vinyl Pop-up Foodtruck Wayfarer Semiotik Street Art.<\/p>\n\n\n\n<h2 class=\"wp-block-heading\">Dies ist der H2-Beispieltitel.<\/h2>\n\n\n\n<p>Blog Brooklyn Keytar, von denen du wahrscheinlich noch nie geh\u00f6rt hast, Mixtape, Swag Direct Trade Hashtag Bio Kirchenschl\u00fcssel Kruzifix Stumptown Klischee M\u00f6chtegern Ethnisch. Flexitarier Narwal PBR&amp;B +1 Lokales Essen. Sartorial Traumf\u00e4nger Jeansshorts, Neutra Street Art Schweinebauch Schnurrbart ma\u00dfgeschneidert.<\/p>\n\n\n\n<h3 class=\"wp-block-heading\">Dies ist ein Beispiel f\u00fcr einen h3-Titel.<\/h3>\n\n\n\n<p>Narwal-Umh\u00e4ngetasche Normcore, Fingerstache Quinoa-Foodtruck Four Loko Fahrradrechte Letterpress Put a Bird on It Tofu Banjo Cray Semiotik iPhone. Mlkshk Twee Neutra Bushwick. Williamsburg Kruzifix Keytar Bauchtasche, American Apparel Flexitarian VHS. Chillwave Godard Cray Hoodie Neutra. Vinyl Pop-up Foodtruck Wayfarer Semiotik Street Art.<\/p>\n\n\n\n<h4 class=\"wp-block-heading\">Dies ist ein Beispiel f\u00fcr einen H4-Titel.<\/h4>\n\n\n\n<p>Blog Brooklyn Keytar, von denen du wahrscheinlich noch nie geh\u00f6rt hast, Mixtape, Swag Direct Trade Hashtag Bio Kirchenschl\u00fcssel Kruzifix Stumptown Klischee M\u00f6chtegern Ethnisch. Flexitarier Narwal PBR&amp;B +1 Lokales Essen. Sartorial Traumf\u00e4nger Jeansshorts, Neutra Street Art Schweinebauch Schnurrbart ma\u00dfgeschneidert.<\/p>\n\n\n\n<h5 class=\"wp-block-heading\">Dies ist ein Beispiel f\u00fcr einen H5-Titel.<\/h5>\n\n\n\n<p>Blog Brooklyn Keytar, von denen du wahrscheinlich noch nie geh\u00f6rt hast, Mixtape, Swag Direct Trade Hashtag Bio Kirchenschl\u00fcssel Kruzifix Stumptown Klischee M\u00f6chtegern Ethnisch. Flexitarier Narwal PBR&amp;B +1 Lokales Essen. Sartorial Traumf\u00e4nger Jeansshorts, Neutra Street Art Schweinebauch Schnurrbart ma\u00dfgeschneidert.<\/p>\n\n\n\n<h6 class=\"wp-block-heading\">Dies ist ein Beispiel f\u00fcr einen H6-Titel.<\/h6>\n\n\n\n<p>Lorem ipsum Id tempor laborum in consequat Ut in eu id eu incididunt ut sed elit quis veniam sint id sit Duis sunt Excepteur consectetur reprehenderit culpa deserunt cillum aute dolor dolor dolor qui.<\/p>\n\n\n\n<div class=\"wp-block-image\"><figure class=\"alignleft\"><a href=\"https:\/\/demo.mekshq.com\/voice\/wp-content\/uploads\/2014\/11\/voice_16.jpg\"><img decoding=\"async\" src=\"https:\/\/demo.mekshq.com\/voice\/wp-content\/uploads\/2014\/11\/voice_16-300x300.jpg\" alt=\"Modefanatiker\" class=\"wp-image-83\"\/><\/a><figcaption>Modefanatiker<\/figcaption><\/figure><\/div>\n\n\n\n<p>Pour-over and sizzle, commodo Marfa dreamcatcher aliquip. Trust fund before they sold out mumblecore YOLO. Placeat trust fund culpa, keffiyeh twee labore vero. McSweeney&#039;s chia polaroid wolf. Laborum fanny pack Vice Pitchfork Tumblr, Pinterest Blue Bottle exercise High Life 8-bit mlkshk brunch fashion ax Helvetica. Polaroid non-consectetur, incident leggings scenester <a href=\"#\">Essig zum Mitnehmen <\/a>Nicht ethisch viral. Banjo-Traumf\u00e4nger-Swag auf Etsy. Intelligenter Hoodie mit Wayfarer-Sonnenbrille, Mumblecore-Style, Single-Origin-Kaffee. Banksy-Foodtruck, Neutra-Eiusmod-Forage, eigentlich Schweinebauch-Hoodie, Keytar-Synth-Laboris-Intelligenziensia. Reprehenderit quer Polaroid XOXO blame, Shoreditch Gastropub whatever. Reprehenderit quer Polaroid XOXO blame, Shoreditch Gastropub.<\/p>\n\n\n\n<div class=\"wp-block-image\"><figure class=\"alignright\"><a href=\"https:\/\/demo.mekshq.com\/voice\/wp-content\/uploads\/2014\/11\/voice_61.jpg\"><img decoding=\"async\" src=\"https:\/\/demo.mekshq.com\/voice\/wp-content\/uploads\/2014\/11\/voice_61-300x200.jpg\" alt=\"Fotografie-Ninja\" class=\"wp-image-86\"\/><\/a><figcaption>Fotografie-Ninja<\/figcaption><\/figure><\/div>\n\n\n\n<p>Kaffee aus einer einzigen Anbauregion <a href=\"#\">ullamco pariatur<\/a>, id accusamus nicht pop-up. Schweinebauch Terry Richardson 3 Wolf Moon, Commodo Placeat Intelligentsia Irrure Hoodie Etsy von Neutra Aliqua Cray. Pariatur-Leggings, Banksy-Animation, \u00fcbergossener Schmerz, m\u00fchsamer Cornhole-Pinterest, Delectus Cray Voluptate. Banjo-Vinyl Austin, Truffaut-Szenester unter der Annahme von PBR&amp;B Schweinebauch eiusmod narwhal Vice selvage meh consequat. Gastropub-Proident st\u00f6rt Raw-Denim-Konfektionierung, Bitter Echo Park Tonx Chia. Heugabel accusamus kogi Tonx. Elit Ethnic Thundercats FAP, Aliquip Marfa Direct Trade und American Apparel Quinoa Stumptown.<\/p>\n\n\n<p>[mks_separator style=\u201dsolid\u201d height=\u201d1\u2033]<\/p>\n\n\n\n<h4 class=\"wp-block-heading\">Zitat<\/h4>\n\n\n\n<p>Sapient Hoodie Wayfarer Mumblecore yr adipisicing Placeat Single-Origin Coffee. Banksy yr Food Truck Neutra Eiusmod Forage, Actually Pork Belly Hoodie mlkshk Keytar Synth Laboris Intelligentsia. Reprehenderit quer Polaroid XOXO Blame, Shoreditch Gastropub Whatever.<\/p>\n\n\n\n<blockquote class=\"wp-block-quote is-layout-flow wp-block-quote-is-layout-flow\"><p>Deine Zeit ist begrenzt, also verschwende sie nicht damit, das Leben eines anderen zu leben. Lass dich nicht von Dogmen einengen \u2013 das hei\u00dft, mit den Ergebnissen des Denkens anderer zu leben. Lass nicht zu, dass die Meinungen anderer deine innere Stimme \u00fcbert\u00f6nen. Und am wichtigsten: Habe den Mut, deinem Herzen und deiner Intuition zu folgen.<\/p><\/blockquote>\n\n\n\n<p>Sapient Hoodie Wayfarer Mumblecore yr adipisicing Placeat Single-Origin Coffee. Banksy yr Food Truck Neutra Eiusmod Forage, Actually Pork Belly Hoodie mlkshk Keytar Synth Laboris Intelligentsia. Reprehenderit quer Polaroid XOXO Blame, Shoreditch Gastropub Whatever.<\/p>\n\n\n\n<h4 class=\"wp-block-heading\">Highlights<\/h4>\n\n\n\n<p>Lorem ipsum Id tempor laborum in <\/p>\n\n\n<p>[mks_highlight color=\u201d#cf4d35\u2033]<span style=\"color: #ffffff;\">veniam sint id<\/span>[\/mks_highlight]<\/p>\n\n\n\n<p> Konsequat Ut in eu id eu incididunt ut sed elit quis sit Duis sunt Excepteur consectetur reprehenderit culpa deserunt cillum aute dolor dolor dolor qui.<\/p>\n\n\n<p>[mks_col]<br \/>\n[mks_one_half]<\/p>\n<h4 style=\"text-align: left;\">Ungeordnete Liste<\/h4>\n<ul>\n<li>Sapiente Hoodie Wayfarer<\/li>\n<li>Pariatur Leggings Banksy<\/li>\n<li>Mistgabel-Anklage<\/li>\n<li>Helvetica Destillerie Dolor<\/li>\n<\/ul>\n<p>[\/mks_one_half]<\/p>\n<p>[mks_one_half]<\/p>\n<h4>Geordnete Liste<\/h4>\n<ol>\n<li>Echo Park \u00dcbung<\/li>\n<li>Pinterest Delectus Cray Voluptate<\/li>\n<li>Aliqua-Credits: Terry Richardson<\/li>\n<li>Mistgabel-Anklage<\/li>\n<\/ol>\n<p>[\/mks_one_half]<\/p>\n<p>[\/mks_col]<\/p>\n\n\n\n<h4 class=\"wp-block-heading\">Codebeispiel<\/h4>\n\n\n\n<pre class=\"wp-block-preformatted\">.super_class:before{ background:url(&#039;images\/awesome.jpg&#039;) no-repeat center center; float:left; display:block; content: &quot;Awesome&quot;; }<\/pre>\n\n\n\n<h4 class=\"wp-block-heading\">Tabellenbeispiel<\/h4>\n\n\n\n<table class=\"wp-block-table\"><thead><tr><td>Name<\/td><td>Spitzname<\/td><td>Nummer<\/td><\/tr><\/thead><tbody><tr><td>Jill<\/td><td>Joker<\/td><td>50<\/td><\/tr><tr><td>Vorabend<\/td><td>Batman<\/td><td>94<\/td><\/tr><tr><td>John<\/td><td>Robin<\/td><td>80<\/td><\/tr><\/tbody><\/table>","protected":false},"excerpt":{"rendered":"<p>[mks_dropcap style=&#8221;square&#8221; size=&#8221;50&#8243; bg_color=&#8221;#cf4d35&#8243; txt_color=&#8221;#ffffff&#8221;]A[\/mks_dropcap]orem ipsum Id tempor laborum in consequat ut in eu id eu incididunt ut sed elit quis veniam sint id sit Duis sunt laborum in consequat&nbsp;tempor laborum in consequat&nbsp;Excepteur consectetur reprehenderit culpa deserunt cillum aute dolor dolor dolor qui. Id tempor laborum in consequat Ut in eu id eu.&nbsp;Shoreditch gastropub whatever.&nbsp;Reprehenderit [&hellip;]<\/p>","protected":false},"author":1,"featured_media":0,"parent":0,"menu_order":0,"comment_status":"closed","ping_status":"closed","template":"","meta":{"footnotes":""},"class_list":["post-328","page","type-page","status-publish","hentry"],"_links":{"self":[{"href":"https:\/\/idloaded.com\/de\/wp-json\/wp\/v2\/pages\/328","targetHints":{"allow":["GET"]}}],"collection":[{"href":"https:\/\/idloaded.com\/de\/wp-json\/wp\/v2\/pages"}],"about":[{"href":"https:\/\/idloaded.com\/de\/wp-json\/wp\/v2\/types\/page"}],"author":[{"embeddable":true,"href":"https:\/\/idloaded.com\/de\/wp-json\/wp\/v2\/users\/1"}],"replies":[{"embeddable":true,"href":"https:\/\/idloaded.com\/de\/wp-json\/wp\/v2\/comments?post=328"}],"version-history":[{"count":0,"href":"https:\/\/idloaded.com\/de\/wp-json\/wp\/v2\/pages\/328\/revisions"}],"wp:attachment":[{"href":"https:\/\/idloaded.com\/de\/wp-json\/wp\/v2\/media?parent=328"}],"curies":[{"name":"wp","href":"https:\/\/api.w.org\/{rel}","templated":true}]}}