{"id":75,"date":"2023-12-01T00:53:30","date_gmt":"2023-12-01T03:53:30","guid":{"rendered":"http:\/\/idloaded.com\/?page_id=75"},"modified":"2024-07-04T19:24:35","modified_gmt":"2024-07-04T22:24:35","slug":"o-nas","status":"publish","type":"page","link":"https:\/\/idloaded.com\/cs\/o-nas\/","title":{"rendered":"O"},"content":{"rendered":"<h2>O IdLoaded<\/h2>\n<p>V IdLoaded n\u00e1s poh\u00e1n\u00ed na\u0161e v\u00e1\u0161e\u0148 pro integraci sv\u011bta technologi\u00ed s nejnov\u011bj\u0161\u00edmi a nejrelevantn\u011bj\u0161\u00edmi informacemi. Na\u0161\u00edm c\u00edlem je b\u00fdt referen\u010dn\u00edm bodem pro technologick\u00e9 nad\u0161ence, profesion\u00e1ly v oboru a v\u0161echny, kdo se zaj\u00edmaj\u00ed o nejnov\u011bj\u0161\u00ed inovace.<\/p>\n<h3>N\u00e1\u0161 c\u00edl<\/h3>\n<p>Na\u0161\u00edm hlavn\u00edm c\u00edlem je vytvo\u0159it prostor, kde technologick\u00ed nad\u0161enci najdou \u0161irokou \u0161k\u00e1lu informac\u00ed o technologick\u00fdch inovac\u00edch, zp\u016fsobech implementace a nejnov\u011bj\u0161\u00edch trendech. Sna\u017e\u00edme se propojit tradici s inovac\u00ed, pom\u00e1h\u00e1me profesion\u00e1l\u016fm p\u0159ijmout nejnov\u011bj\u0161\u00ed pokroky a z\u00e1rove\u0148 zachovat jejich tradi\u010dn\u00ed postupy.<\/p>\n<h3>Na\u0161e slu\u017eby<\/h3>\n<p><strong>Informativn\u00ed \u010dl\u00e1nky:<\/strong> Nab\u00edz\u00edme \u0161irokou \u0161k\u00e1lu \u010dl\u00e1nk\u016f diskutuj\u00edc\u00edch o t\u00e9matech od inteligentn\u00ed spr\u00e1vy dat a\u017e po nejnov\u011bj\u0161\u00ed nositeln\u00e1 za\u0159\u00edzen\u00ed a chytr\u00e1 za\u0159\u00edzen\u00ed.<\/p>\n<p><strong>Interakce komunity:<\/strong> Vyz\u00fdv\u00e1me milovn\u00edky technologi\u00ed, aby se z\u00fa\u010dastnili a sd\u00edleli sv\u00e9 znalosti a podpo\u0159ili tak \u017eivou a pestrou komunitu.<\/p>\n<p><strong>Nejd\u016fle\u017eit\u011bj\u0161\u00ed inovace:<\/strong> Objevte nejnov\u011bj\u0161\u00ed technologie, vybaven\u00ed a gadgety, kter\u00e9 utv\u00e1\u0159ej\u00ed budoucnost.<\/p>\n<p><strong>Recenze produktu:<\/strong> D\u011blejte informovan\u00e1 rozhodnut\u00ed s na\u0161imi nezaujat\u00fdmi recenzemi a n\u00e1vrhy produkt\u016f.<\/p>\n<p><strong>Studijn\u00ed zdroje:<\/strong> Z\u00edskejte znalosti od zku\u0161en\u00fdch profesion\u00e1l\u016f a odborn\u00edk\u016f pomoc\u00ed na\u0161ich vzd\u011bl\u00e1vac\u00edch pr\u016fvodc\u016f a tutori\u00e1l\u016f.<\/p>\n<p><strong>Na\u0161e v\u011bnov\u00e1n\u00ed:<\/strong> Jsme odhodl\u00e1ni poskytovat p\u0159esn\u00e9 a spolehliv\u00e9 informace. N\u00e1\u0161 t\u00fdm je odhodl\u00e1n dr\u017eet krok s rychle se rozv\u00edjej\u00edc\u00edm sv\u011btem technologi\u00ed a sd\u00edlet s v\u00e1mi na\u0161e poznatky.<\/p>\n<h3>Uzn\u00e1n\u00ed<\/h3>\n<p>Na\u0161im \u010dten\u00e1\u0159\u016fm a p\u0159isp\u011bvatel\u016fm up\u0159\u00edmn\u011b d\u011bkujeme. Va\u0161e podpora umo\u017e\u0148uje IdLoaded prosperovat. P\u0159ipojte se k n\u00e1m a objevte fascinuj\u00edc\u00ed kombinaci tradice a technologick\u00fdch inovac\u00ed. Spole\u010dn\u011b se m\u016f\u017eeme posunout do budoucnosti a z\u00e1rove\u0148 dodr\u017eet n\u00e1\u0161 z\u00e1vazek ke kvalit\u011b a p\u0159esnosti informac\u00ed.<\/p>\n<p>D\u011bkujeme, \u017ee jste sou\u010d\u00e1st\u00ed komunity IdLoaded! M\u016f\u017eete se s n\u00e1mi spojit prost\u0159ednictv\u00edm na\u0161ich webov\u00fdch str\u00e1nek na adrese <a href=\"http:\/\/idloaded.com\/cs\/\" target=\"_new\" rel=\"noreferrer noopener\">http:\/\/idloaded.com\/<\/a>. Pro v\u00edce podrobnost\u00ed m\u016f\u017eete tak\u00e9 nav\u0161t\u00edvit na\u0161i str\u00e1nku soci\u00e1ln\u00edch m\u00e9di\u00ed na IdLoaded.<\/p>","protected":false},"excerpt":{"rendered":"<p>Sobre o IdLoaded No IdLoaded, somos movidos pela nossa paix\u00e3o por integrar o mundo da tecnologia com as informa\u00e7\u00f5es mais recentes e relevantes. Nosso objetivo \u00e9 ser o ponto de refer\u00eancia para entusiastas de tecnologia, profissionais da \u00e1rea e todos aqueles interessados nas \u00faltimas inova\u00e7\u00f5es. Nosso Objetivo Nosso principal objetivo \u00e9 criar um espa\u00e7o onde [&hellip;]<\/p>","protected":false},"author":1,"featured_media":0,"parent":0,"menu_order":0,"comment_status":"closed","ping_status":"closed","template":"","meta":{"footnotes":""},"class_list":["post-75","page","type-page","status-publish","hentry"],"_links":{"self":[{"href":"https:\/\/idloaded.com\/cs\/wp-json\/wp\/v2\/pages\/75","targetHints":{"allow":["GET"]}}],"collection":[{"href":"https:\/\/idloaded.com\/cs\/wp-json\/wp\/v2\/pages"}],"about":[{"href":"https:\/\/idloaded.com\/cs\/wp-json\/wp\/v2\/types\/page"}],"author":[{"embeddable":true,"href":"https:\/\/idloaded.com\/cs\/wp-json\/wp\/v2\/users\/1"}],"replies":[{"embeddable":true,"href":"https:\/\/idloaded.com\/cs\/wp-json\/wp\/v2\/comments?post=75"}],"version-history":[{"count":8,"href":"https:\/\/idloaded.com\/cs\/wp-json\/wp\/v2\/pages\/75\/revisions"}],"predecessor-version":[{"id":508,"href":"https:\/\/idloaded.com\/cs\/wp-json\/wp\/v2\/pages\/75\/revisions\/508"}],"wp:attachment":[{"href":"https:\/\/idloaded.com\/cs\/wp-json\/wp\/v2\/media?parent=75"}],"curies":[{"name":"wp","href":"https:\/\/api.w.org\/{rel}","templated":true}]}}