{"id":73,"date":"2023-12-01T00:53:30","date_gmt":"2023-12-01T03:53:30","guid":{"rendered":"http:\/\/idloaded.com\/?page_id=73"},"modified":"2024-07-04T19:18:00","modified_gmt":"2024-07-04T22:18:00","slug":"zasady-ochrany-osobnich-udaju","status":"publish","type":"page","link":"https:\/\/idloaded.com\/cs\/zasady-ochrany-osobnich-udaju\/","title":{"rendered":"Z\u00e1sady ochrany osobn\u00edch \u00fadaj\u016f"},"content":{"rendered":"<h2>Z\u00e1sady ochrany osobn\u00edch \u00fadaj\u016f pro IdLoaded<\/h2>\n<p>V IdLoaded, kter\u00fd lze nal\u00e9zt na <a href=\"http:\/\/idloaded.com\/cs\/\" target=\"_new\" rel=\"noreferrer noopener\">http:\/\/idloaded.com\/<\/a>, up\u0159ednost\u0148ujeme soukrom\u00ed na\u0161ich n\u00e1v\u0161t\u011bvn\u00edk\u016f. Tento dokument popisuje typy informac\u00ed, kter\u00e9 shroma\u017e\u010fujeme a zaznamen\u00e1v\u00e1me na IdLoaded, a jak je pou\u017e\u00edv\u00e1me.<\/p>\n<p>M\u00e1te-li jak\u00e9koli dal\u0161\u00ed ot\u00e1zky nebo po\u017eadujete v\u00edce podrobnost\u00ed o na\u0161ich z\u00e1sad\u00e1ch ochrany osobn\u00edch \u00fadaj\u016f, nev\u00e1hejte n\u00e1s kontaktovat.<\/p>\n<p>Tyto Z\u00e1sady ochrany osobn\u00edch \u00fadaj\u016f se vztahuj\u00ed v\u00fdhradn\u011b na na\u0161e online aktivity a jsou relevantn\u00ed pro n\u00e1v\u0161t\u011bvn\u00edky na\u0161ich webov\u00fdch str\u00e1nek ve vztahu k informac\u00edm, kter\u00e9 sd\u00edlej\u00ed a\/nebo shroma\u017e\u010fuj\u00ed v IdLoaded. Tyto pokyny se nevztahuj\u00ed na \u017e\u00e1dn\u00e9 informace shrom\u00e1\u017ed\u011bn\u00e9 offline nebo prost\u0159ednictv\u00edm jin\u00fdch kan\u00e1l\u016f, ne\u017e je tato webov\u00e1 str\u00e1nka.<\/p>\n<h3>Dohoda<\/h3>\n<p>Vstupem na na\u0161e webov\u00e9 str\u00e1nky souhlas\u00edte s na\u0161imi Z\u00e1sadami ochrany osobn\u00edch \u00fadaj\u016f a souhlas\u00edte s jejich podm\u00ednkami.<\/p>\n<h3>\u00dadaje, kter\u00e9 shroma\u017e\u010fujeme<\/h3>\n<p>Jasn\u011b vysv\u011btl\u00edme, pro\u010d pot\u0159ebujeme osobn\u00ed \u00fadaje, kter\u00e9 po\u017eadujeme, v dob\u011b, kdy o n\u011b po\u017e\u00e1d\u00e1me.<\/p>\n<p>Pokud n\u00e1s kontaktujete p\u0159\u00edmo, m\u016f\u017eeme o v\u00e1s obdr\u017eet dal\u0161\u00ed informace, jako je va\u0161e jm\u00e9no, e-mailov\u00e1 adresa, telefonn\u00ed \u010d\u00edslo, obsah v\u0161ech zpr\u00e1v a\/nebo p\u0159\u00edloh, kter\u00e9 n\u00e1m m\u016f\u017eete poslat, a jak\u00e9koli dal\u0161\u00ed informace, kter\u00e9 se rozhodnete poskytnout.<\/p>\n<p>Kdy\u017e si vytvo\u0159\u00edte \u00da\u010det, m\u016f\u017eeme v\u00e1s po\u017e\u00e1dat o kontaktn\u00ed \u00fadaje, v\u010detn\u011b polo\u017eek, jako je jm\u00e9no, n\u00e1zev spole\u010dnosti, adresa, e-mailov\u00e1 adresa a telefonn\u00ed \u010d\u00edslo.<\/p>\n<h3>Jak pou\u017e\u00edv\u00e1me va\u0161e data<\/h3>\n<p>\u00dadaje, kter\u00e9 shroma\u017e\u010fujeme, pou\u017e\u00edv\u00e1me r\u016fzn\u00fdmi zp\u016fsoby, v\u010detn\u011b:<\/p>\n<ul>\n<li>Poskytovat, provozovat a udr\u017eovat na\u0161e webov\u00e9 str\u00e1nky<\/li>\n<li>Vylep\u0161ete, p\u0159izp\u016fsobte a roz\u0161i\u0159te na\u0161e webov\u00e9 str\u00e1nky<\/li>\n<li>Pochopte a analyzujte, jak pou\u017e\u00edv\u00e1te na\u0161e webov\u00e9 str\u00e1nky<\/li>\n<li>Vytv\u00e1\u0159ejte nov\u00e9 produkty, slu\u017eby, funkce a funkce<\/li>\n<li>Komunikovat s v\u00e1mi p\u0159\u00edmo nebo prost\u0159ednictv\u00edm n\u011bkter\u00e9ho z na\u0161ich partner\u016f za \u00fa\u010delem z\u00e1kaznick\u00e9ho servisu, poskytov\u00e1n\u00ed aktualizac\u00ed a dal\u0161\u00edch informac\u00ed t\u00fdkaj\u00edc\u00edch se webu a pro marketingov\u00e9 a propaga\u010dn\u00ed \u00fa\u010dely<\/li>\n<li>Odes\u00edlejte e-maily<\/li>\n<li>Odhalit podvody a zabr\u00e1nit jim<\/li>\n<\/ul>\n<h3>Soubory registru<\/h3>\n<p>IdLoaded se \u0159\u00edd\u00ed standardn\u00edm postupem pou\u017e\u00edv\u00e1n\u00ed soubor\u016f protokolu. Tyto soubory zaznamen\u00e1vaj\u00ed n\u00e1v\u0161t\u011bvn\u00edky, kdy\u017e nav\u0161t\u00edv\u00ed webov\u00e9 str\u00e1nky. V\u0161echny hostingov\u00e9 spole\u010dnosti to d\u011blaj\u00ed jako sou\u010d\u00e1st sv\u00fdch analytick\u00fdch slu\u017eeb hostingu. Informace shrom\u00e1\u017ed\u011bn\u00e9 protokolov\u00fdmi soubory zahrnuj\u00ed adresy internetov\u00e9ho protokolu (IP), typ prohl\u00ed\u017ee\u010de, poskytovatele internetov\u00fdch slu\u017eeb (ISP), datum a \u010dasov\u00e9 raz\u00edtko, odkazuj\u00edc\u00ed\/v\u00fdstupn\u00ed str\u00e1nky a p\u0159\u00edpadn\u011b po\u010det kliknut\u00ed. Tyto informace nejsou spojeny s \u017e\u00e1dn\u00fdmi informacemi, kter\u00e9 jsou osobn\u011b identifikovateln\u00e9. \u00da\u010delem informac\u00ed je analyzovat trendy, spravovat web, sledovat pohyb u\u017eivatel\u016f na webu a shroma\u017e\u010fovat demografick\u00e9 informace.<\/p>\n<h3>Soubory cookie a webov\u00e9 sign\u00e1ly<\/h3>\n<p>Jako ka\u017ed\u00e1 jin\u00e1 webov\u00e1 str\u00e1nka pou\u017e\u00edv\u00e1 IdLoaded \u201ecookies\u201c. Tyto soubory cookie se pou\u017e\u00edvaj\u00ed k ukl\u00e1d\u00e1n\u00ed informac\u00ed, v\u010detn\u011b preferenc\u00ed n\u00e1v\u0161t\u011bvn\u00edk\u016f a str\u00e1nek na webu, kter\u00e9 n\u00e1v\u0161t\u011bvn\u00edk nav\u0161t\u00edvil nebo je nav\u0161t\u00edvil. Tyto informace se pou\u017e\u00edvaj\u00ed k optimalizaci u\u017eivatelsk\u00e9ho z\u00e1\u017eitku p\u0159izp\u016fsoben\u00edm obsahu na\u0161\u00ed webov\u00e9 str\u00e1nky na z\u00e1klad\u011b typu prohl\u00ed\u017ee\u010de n\u00e1v\u0161t\u011bvn\u00edk\u016f a\/nebo jin\u00fdch informac\u00ed.<\/p>\n<h3>Google DoubleClick DART cookie<\/h3>\n<p>Google je jedn\u00edm z dodavatel\u016f t\u0159et\u00edch stran na na\u0161em webu. Pou\u017e\u00edv\u00e1 tak\u00e9 soubory cookie, zn\u00e1m\u00e9 jako soubory cookie DART, k zobrazov\u00e1n\u00ed reklam n\u00e1v\u0161t\u011bvn\u00edk\u016fm na\u0161ich webov\u00fdch str\u00e1nek na z\u00e1klad\u011b jejich n\u00e1v\u0161t\u011bvy <a href=\"http:\/\/www.website.com\" target=\"_new\" rel=\"noreferrer noopener\">www.website.com<\/a> a dal\u0161\u00ed str\u00e1nky na internetu. N\u00e1v\u0161t\u011bvn\u00edci se v\u0161ak mohou rozhodnout odm\u00edtnout pou\u017e\u00edv\u00e1n\u00ed soubor\u016f cookie DART t\u00edm, \u017ee nav\u0161t\u00edv\u00ed Z\u00e1sady ochrany osobn\u00edch \u00fadaj\u016f reklamn\u00ed a obsahov\u00e9 s\u00edt\u011b Google na n\u00e1sleduj\u00edc\u00ed adrese URL \u2013 <a href=\"https:\/\/policies.google.com\/technologies\/ads\" target=\"_new\" rel=\"noreferrer noopener\">https:\/\/policies.google.com\/technologies\/ads<\/a>.<\/p>\n<h3>Z\u00e1sady ochrany osobn\u00edch \u00fadaj\u016f pro reklamn\u00ed partnery IdLoaded<\/h3>\n<p>V tomto seznamu m\u016f\u017eete naj\u00edt pokyny k ochran\u011b osobn\u00edch \u00fadaj\u016f pro ka\u017ed\u00e9ho z reklamn\u00edch partner\u016f IdLoaded.<\/p>\n<p>Reklamn\u00ed servery nebo reklamn\u00ed s\u00edt\u011b t\u0159et\u00edch stran pou\u017e\u00edvaj\u00ed technologie jako soubory cookie, JavaScript nebo Web Beacons ve sv\u00fdch p\u0159\u00edslu\u0161n\u00fdch reklam\u00e1ch a odkazech, kter\u00e9 se zobrazuj\u00ed na IdLoaded a kter\u00e9 jsou odes\u00edl\u00e1ny p\u0159\u00edmo do prohl\u00ed\u017ee\u010de u\u017eivatel\u016f. Kdy\u017e k tomu dojde, automaticky obdr\u017e\u00ed va\u0161i IP adresu. Tyto technologie se pou\u017e\u00edvaj\u00ed k m\u011b\u0159en\u00ed \u00fa\u010dinnosti jejich reklamn\u00edch kampan\u00ed a\/nebo k personalizaci reklamn\u00edho obsahu, kter\u00fd vid\u00edte na webov\u00fdch str\u00e1nk\u00e1ch, kter\u00e9 nav\u0161t\u011bvujete.<\/p>\n<p>Upozor\u0148ujeme, \u017ee IdLoaded nem\u00e1 \u017e\u00e1dn\u00fd p\u0159\u00edstup ani kontrolu nad t\u011bmito soubory cookie, kter\u00e9 pou\u017e\u00edvaj\u00ed inzerenti t\u0159et\u00edch stran.<\/p>\n<h3>Z\u00e1sady ochrany osobn\u00edch \u00fadaj\u016f t\u0159et\u00edch stran<\/h3>\n<p>Z\u00e1sady ochrany osobn\u00edch \u00fadaj\u016f IdLoaded se nevztahuj\u00ed na jin\u00e9 inzerenty nebo webov\u00e9 str\u00e1nky. Proto v\u00e1m doporu\u010dujeme, abyste si pro podrobn\u011bj\u0161\u00ed informace prostudovali p\u0159\u00edslu\u0161n\u00e9 Z\u00e1sady ochrany osobn\u00edch \u00fadaj\u016f t\u011bchto reklamn\u00edch server\u016f t\u0159et\u00edch stran. M\u016f\u017ee obsahovat jeho postupy a pokyny, jak se odhl\u00e1sit z ur\u010dit\u00fdch mo\u017enost\u00ed.<\/p>\n<p>Soubory cookie m\u00e1te mo\u017enost zak\u00e1zat prost\u0159ednictv\u00edm jednotliv\u00fdch mo\u017enost\u00ed prohl\u00ed\u017ee\u010de. Chcete-li z\u00edskat podrobn\u011bj\u0161\u00ed informace o spr\u00e1v\u011b soubor\u016f cookie pomoc\u00ed konkr\u00e9tn\u00edch webov\u00fdch prohl\u00ed\u017ee\u010d\u016f, naleznete je na p\u0159\u00edslu\u0161n\u00fdch webov\u00fdch str\u00e1nk\u00e1ch t\u011bchto prohl\u00ed\u017ee\u010d\u016f.<\/p>\n<h3>Pr\u00e1va na ochranu osobn\u00edch \u00fadaj\u016f CCPA (Neprod\u00e1vejte m\u00e9 osobn\u00ed \u00fadaje)<\/h3>\n<p>Podle z\u00e1kona CCPA maj\u00ed spot\u0159ebitel\u00e9 v Kalifornii pr\u00e1vo:<\/p>\n<ul>\n<li>Po\u017eadovat, aby podnik, kter\u00fd shroma\u017e\u010fuje osobn\u00ed \u00fadaje spot\u0159ebitele, zve\u0159ejnil kategorie a konkr\u00e9tn\u00ed \u010d\u00e1sti osobn\u00edch \u00fadaj\u016f, kter\u00e9 podnik o spot\u0159ebitel\u00edch shrom\u00e1\u017edil.<\/li>\n<li>Po\u017e\u00e1dejte, aby podnik vymazal ve\u0161ker\u00e9 osobn\u00ed \u00fadaje o spot\u0159ebiteli, kter\u00e9 podnik shrom\u00e1\u017edil.<\/li>\n<li>Po\u017eadovat, aby spole\u010dnost, kter\u00e1 prod\u00e1v\u00e1 osobn\u00ed \u00fadaje spot\u0159ebitele, neprod\u00e1vala osobn\u00ed \u00fadaje spot\u0159ebitele.<\/li>\n<\/ul>\n<p>Pokud pod\u00e1te \u017e\u00e1dost, m\u00e1me jeden m\u011bs\u00edc na to, abychom v\u00e1m odpov\u011bd\u011bli. Pokud budete cht\u00edt n\u011bkter\u00e9ho z t\u011bchto pr\u00e1v vyu\u017e\u00edt, kontaktujte n\u00e1s.<\/p>\n<h3>Pr\u00e1va na ochranu osobn\u00edch \u00fadaj\u016f GDPR<\/h3>\n<p>Chceme zajistit, abyste si byli pln\u011b v\u011bdomi v\u0161ech sv\u00fdch pr\u00e1v na ochranu \u00fadaj\u016f. Ka\u017ed\u00fd u\u017eivatel m\u00e1 n\u00e1rok na n\u00e1sleduj\u00edc\u00ed:<\/p>\n<ul>\n<li>Pr\u00e1vo na p\u0159\u00edstup \u2013 M\u00e1te pr\u00e1vo po\u017eadovat kopie sv\u00fdch osobn\u00edch \u00fadaj\u016f. Za tuto slu\u017ebu m\u016f\u017eeme \u00fa\u010dtovat mal\u00fd poplatek.<\/li>\n<li>Pr\u00e1vo na opravu \u2013 M\u00e1te pr\u00e1vo po\u017eadovat, abychom opravili jak\u00e9koli informace, o kter\u00fdch se domn\u00edv\u00e1te, \u017ee jsou nespr\u00e1vn\u00e9. M\u00e1te tak\u00e9 pr\u00e1vo po\u017eadovat, abychom doplnili informace, o kter\u00fdch se domn\u00edv\u00e1te, \u017ee jsou ne\u00fapln\u00e9.<\/li>\n<li>Pr\u00e1vo na v\u00fdmaz \u2013 M\u00e1te pr\u00e1vo po\u017eadovat, abychom za ur\u010dit\u00fdch podm\u00ednek vymazali va\u0161e osobn\u00ed \u00fadaje.<\/li>\n<li>Pr\u00e1vo na omezen\u00ed zpracov\u00e1n\u00ed \u2013 M\u00e1te pr\u00e1vo po\u017eadovat, abychom za ur\u010dit\u00fdch podm\u00ednek omezili zpracov\u00e1n\u00ed va\u0161ich osobn\u00edch \u00fadaj\u016f.<\/li>\n<li>Pr\u00e1vo vzn\u00e9st n\u00e1mitku proti zpracov\u00e1n\u00ed \u2013 za ur\u010dit\u00fdch podm\u00ednek m\u00e1te pr\u00e1vo vzn\u00e9st n\u00e1mitku proti na\u0161emu zpracov\u00e1n\u00ed va\u0161ich osobn\u00edch \u00fadaj\u016f.<\/li>\n<li>Pr\u00e1vo na p\u0159enositelnost \u00fadaj\u016f \u2013 M\u00e1te pr\u00e1vo za ur\u010dit\u00fdch podm\u00ednek po\u017eadovat, abychom \u00fadaje, kter\u00e9 shroma\u017e\u010fujeme, p\u0159edali jin\u00e9 organizaci nebo p\u0159\u00edmo v\u00e1m.<\/li>\n<\/ul>\n<p>Pokud pod\u00e1te \u017e\u00e1dost, m\u00e1me jeden m\u011bs\u00edc na to, abychom v\u00e1m odpov\u011bd\u011bli. Pokud budete cht\u00edt n\u011bkter\u00e9ho z t\u011bchto pr\u00e1v vyu\u017e\u00edt, kontaktujte n\u00e1s.<\/p>\n<h3>Informace o nezletil\u00fdch<\/h3>\n<p>Jednou z na\u0161ich nejv\u011bt\u0161\u00edch priorit je p\u0159idat ochranu d\u011bt\u00ed p\u0159i pou\u017e\u00edv\u00e1n\u00ed internetu. Vyz\u00fdv\u00e1me rodi\u010de a opatrovn\u00edky, aby sledovali, \u00fa\u010dastnili se a\/nebo sledovali a \u0159\u00eddili sv\u00e9 online aktivity.<\/p>\n<p>IdLoaded v\u011bdom\u011b neshroma\u017e\u010fuje \u017e\u00e1dn\u00e9 osobn\u00ed \u00fadaje od d\u011bt\u00ed mlad\u0161\u00edch 13 let. Pokud se domn\u00edv\u00e1te, \u017ee va\u0161e d\u00edt\u011b poskytlo tento druh informac\u00ed na na\u0161ich webov\u00fdch str\u00e1nk\u00e1ch, d\u016frazn\u011b v\u00e1m doporu\u010dujeme, abyste n\u00e1s okam\u017eit\u011b kontaktovali a my ud\u011bl\u00e1me v\u0161e, co je v na\u0161ich sil\u00e1ch, abychom takov\u00e9 informace neprodlen\u011b odstranili z na\u0161ich z\u00e1znam\u016f.<\/p>\n<h3>Aktualizace na\u0161ich z\u00e1sad ochrany osobn\u00edch \u00fadaj\u016f<\/h3>\n<p>Na\u0161e Z\u00e1sady ochrany osobn\u00edch \u00fadaj\u016f se mohou \u010das od \u010dasu zm\u011bnit. Proto doporu\u010dujeme, abyste tuto str\u00e1nku pravideln\u011b nav\u0161t\u011bvovali, abyste byli informov\u00e1ni o p\u0159\u00edpadn\u00fdch zm\u011bn\u00e1ch. O v\u0161ech aktualizac\u00edch v\u00e1s budeme informovat zve\u0159ejn\u011bn\u00edm revidovan\u00fdch Pokyn\u016f k ochran\u011b osobn\u00edch \u00fadaj\u016f na t\u00e9to str\u00e1nce. Tyto aktualizace vstoup\u00ed v platnost okam\u017eit\u011b po zve\u0159ejn\u011bn\u00ed na t\u00e9to str\u00e1nce.<\/p>\n<p>P\u0159i vytv\u00e1\u0159en\u00ed na\u0161ich Z\u00e1sad ochrany osobn\u00edch \u00fadaj\u016f pom\u00e1hal Gener\u00e1tor z\u00e1sad ochrany osobn\u00edch \u00fadaj\u016f.<\/p>\n<h3>Kontaktujte n\u00e1s<\/h3>\n<p>Pokud m\u00e1te n\u011bjak\u00e9 dotazy nebo n\u00e1vrhy t\u00fdkaj\u00edc\u00ed se na\u0161ich Z\u00e1sad ochrany osobn\u00edch \u00fadaj\u016f, nev\u00e1hejte n\u00e1s kontaktovat na IdLoaded. Najdete n\u00e1s na na\u0161ich webov\u00fdch str\u00e1nk\u00e1ch na adrese <a href=\"http:\/\/idloaded.com\/cs\/\" target=\"_new\" rel=\"noreferrer noopener\">http:\/\/idloaded.com\/<\/a>. Pro v\u00edce podrobnost\u00ed se tak\u00e9 m\u016f\u017eete pod\u00edvat na na\u0161i str\u00e1nku soci\u00e1ln\u00edch m\u00e9di\u00ed na IdLoaded.<\/p>","protected":false},"excerpt":{"rendered":"<p>Z\u00e1sady ochrany osobn\u00edch \u00fadaj\u016f pro IdLoaded Na IdLoaded, kter\u00e9 lze nal\u00e9zt na http:\/\/idloaded.com\/, up\u0159ednost\u0148ujeme soukrom\u00ed na\u0161ich n\u00e1v\u0161t\u011bvn\u00edk\u016f. Tento dokument popisuje typy informac\u00ed, kter\u00e9 shroma\u017e\u010fujeme a zaznamen\u00e1v\u00e1me na IdLoaded, a jak je pou\u017e\u00edv\u00e1me. Pokud m\u00e1te n\u011bjak\u00e9 dal\u0161\u00ed ot\u00e1zky nebo po\u017eadujete dal\u0161\u00ed podrobnosti o na\u0161ich z\u00e1sad\u00e1ch ochrany osobn\u00edch \u00fadaj\u016f, nev\u00e1hejte n\u00e1s kontaktovat [\u2026]<\/p>","protected":false},"author":1,"featured_media":0,"parent":0,"menu_order":0,"comment_status":"closed","ping_status":"closed","template":"","meta":{"footnotes":""},"class_list":["post-73","page","type-page","status-publish","hentry"],"_links":{"self":[{"href":"https:\/\/idloaded.com\/cs\/wp-json\/wp\/v2\/pages\/73","targetHints":{"allow":["GET"]}}],"collection":[{"href":"https:\/\/idloaded.com\/cs\/wp-json\/wp\/v2\/pages"}],"about":[{"href":"https:\/\/idloaded.com\/cs\/wp-json\/wp\/v2\/types\/page"}],"author":[{"embeddable":true,"href":"https:\/\/idloaded.com\/cs\/wp-json\/wp\/v2\/users\/1"}],"replies":[{"embeddable":true,"href":"https:\/\/idloaded.com\/cs\/wp-json\/wp\/v2\/comments?post=73"}],"version-history":[{"count":6,"href":"https:\/\/idloaded.com\/cs\/wp-json\/wp\/v2\/pages\/73\/revisions"}],"predecessor-version":[{"id":503,"href":"https:\/\/idloaded.com\/cs\/wp-json\/wp\/v2\/pages\/73\/revisions\/503"}],"wp:attachment":[{"href":"https:\/\/idloaded.com\/cs\/wp-json\/wp\/v2\/media?parent=73"}],"curies":[{"name":"wp","href":"https:\/\/api.w.org\/{rel}","templated":true}]}}