{"id":69,"date":"2023-12-01T00:51:50","date_gmt":"2023-12-01T03:51:50","guid":{"rendered":"http:\/\/idloaded.com\/?page_id=69"},"modified":"2024-07-04T19:21:46","modified_gmt":"2024-07-04T22:21:46","slug":"kontaktujte-nas","status":"publish","type":"page","link":"https:\/\/idloaded.com\/cs\/kontaktujte-nas\/","title":{"rendered":"Kontakt"},"content":{"rendered":"<h2>Kontaktujte n\u00e1s<\/h2>\n<p>D\u011bkujeme za v\u00e1\u0161 z\u00e1jem o IdLoaded. V\u00e1\u017e\u00edme si va\u0161ich n\u00e1zor\u016f a dotaz\u016f. Zde jsou zp\u016fsoby, jak n\u00e1s kontaktovat:<\/p>\n<h3>E-mailem<\/h3>\n<p>V p\u0159\u00edpad\u011b obecn\u00fdch dotaz\u016f, n\u00e1vrh\u016f nebo p\u0159ipom\u00ednek n\u00e1s pros\u00edm kontaktujte e-mailem <a rel=\"noreferrer\">contact@iloaded.com<\/a>. N\u00e1\u0161 t\u00fdm se bude sna\u017eit odpov\u011bd\u011bt na va\u0161e dotazy co nejrychleji.<\/p>\n<h3>Kontaktn\u00ed formul\u00e1\u0159<\/h3>\n<p>Pokud m\u00e1te konkr\u00e9tn\u00ed dotazy nebo chcete odeslat \u010dl\u00e1nek t\u00fdkaj\u00edc\u00ed se technologi\u00ed, po\u0161lete n\u00e1m e-mail <a rel=\"noreferrer\">contact@iloaded.com<\/a>. V\u00edt\u00e1me p\u0159\u00edsp\u011bvky od milovn\u00edk\u016f obecn\u00fdch informac\u00ed a technologick\u00fdch nad\u0161enc\u016f.<\/p>\n<h3>Po\u0161tovn\u00ed adresa<\/h3>\n<p>Pokud d\u00e1v\u00e1te p\u0159ednost klasick\u00e9 po\u0161t\u011b, najdete n\u00e1s na n\u00e1sleduj\u00edc\u00ed adrese:<\/p>\n<p><strong>IdLoaded<\/strong><\/p>\n<p>837 Pawprint Lane<\/p>\n<p>Dogville, TX 75001<\/p>\n<p>USA<\/p>\n<h3>Zpravodaj<\/h3>\n<p>Chcete-li z\u016fstat v obraze s nejnov\u011bj\u0161\u00edmi \u010dl\u00e1nky, technologick\u00fdmi trendy a novinkami z komunity IdLoaded, p\u0159ihlaste se k odb\u011bru na\u0161eho newsletteru. Sta\u010d\u00ed zadat sv\u016fj e-mail do pole pro p\u0159ihl\u00e1\u0161en\u00ed ve spodn\u00ed \u010d\u00e1sti na\u0161\u00ed domovsk\u00e9 str\u00e1nky.<\/p>\n<h3>Zp\u011btn\u00e1 vazba<\/h3>\n<p>Neust\u00e1le se sna\u017e\u00edme zlep\u0161ovat n\u00e1\u0161 obsah a u\u017eivatelskou zku\u0161enost. Pokud m\u00e1te n\u00e1vrhy nebo p\u0159ipom\u00ednky, jak bychom mohli zlep\u0161it va\u0161i zku\u0161enost s IdLoaded, sd\u00edlejte je s n\u00e1mi prost\u0159ednictv\u00edm e-mailu.<\/p>\n<p>V\u00e1\u017e\u00edme si va\u0161eho z\u00e1jmu a t\u011b\u0161\u00edme se na va\u0161i zpr\u00e1vu. IdLoaded je zde, aby propojil sv\u011bt informac\u00ed s nejnov\u011bj\u0161\u00edmi technologiemi, a v\u00e1\u0161 p\u0159\u00edsp\u011bvek je z\u00e1sadn\u00ed, abyste n\u00e1m pomohli dos\u00e1hnout tohoto posl\u00e1n\u00ed.<\/p>\n<p>D\u011bkujeme, \u017ee jste sou\u010d\u00e1st\u00ed na\u0161\u00ed obecn\u00e9 informa\u010dn\u00ed komunity!<\/p>","protected":false},"excerpt":{"rendered":"<p>Entre em Contato Conosco Obrigado pelo seu interesse no IdLoaded. Valorizamos suas opini\u00f5es e perguntas. Aqui est\u00e3o as formas de nos contatar: Email Para perguntas gerais, sugest\u00f5es ou coment\u00e1rios, envie um e-mail para contact@idloaded.com. Nossa equipe se esfor\u00e7ar\u00e1 para responder \u00e0s suas perguntas o mais r\u00e1pido poss\u00edvel. Formul\u00e1rio de Contato Se voc\u00ea tiver perguntas espec\u00edficas [&hellip;]<\/p>","protected":false},"author":1,"featured_media":0,"parent":0,"menu_order":0,"comment_status":"closed","ping_status":"closed","template":"","meta":{"footnotes":""},"class_list":["post-69","page","type-page","status-publish","hentry"],"_links":{"self":[{"href":"https:\/\/idloaded.com\/cs\/wp-json\/wp\/v2\/pages\/69","targetHints":{"allow":["GET"]}}],"collection":[{"href":"https:\/\/idloaded.com\/cs\/wp-json\/wp\/v2\/pages"}],"about":[{"href":"https:\/\/idloaded.com\/cs\/wp-json\/wp\/v2\/types\/page"}],"author":[{"embeddable":true,"href":"https:\/\/idloaded.com\/cs\/wp-json\/wp\/v2\/users\/1"}],"replies":[{"embeddable":true,"href":"https:\/\/idloaded.com\/cs\/wp-json\/wp\/v2\/comments?post=69"}],"version-history":[{"count":6,"href":"https:\/\/idloaded.com\/cs\/wp-json\/wp\/v2\/pages\/69\/revisions"}],"predecessor-version":[{"id":506,"href":"https:\/\/idloaded.com\/cs\/wp-json\/wp\/v2\/pages\/69\/revisions\/506"}],"wp:attachment":[{"href":"https:\/\/idloaded.com\/cs\/wp-json\/wp\/v2\/media?parent=69"}],"curies":[{"name":"wp","href":"https:\/\/api.w.org\/{rel}","templated":true}]}}