{"id":362,"date":"2014-11-25T14:18:26","date_gmt":"2014-11-25T14:18:26","guid":{"rendered":"https:\/\/demo.mekshq.com\/voice\/?page_id=362"},"modified":"2014-11-25T14:18:26","modified_gmt":"2014-11-25T14:18:26","slug":"page-no-sidebar","status":"publish","type":"page","link":"https:\/\/idloaded.com\/cs\/page-no-sidebar\/","title":{"rendered":"Page No Sidebar"},"content":{"rendered":"<p>This is a page with no sidebar. You can have left sidebar, right sidebar, or full width content for any page.<\/p>\n\n\n\n<p>Cornhole Pinterest ta\u0161ka tote retro meh, locavore readymade bezlepkov\u00e1 mikina s kapuc\u00ed z \u0159emesln\u00e9ho piva z pal\u00edrny stumptown vlk mops Williamsburg. Ta\u0161ka p\u0159es rameno biodiesel m\u00f3da ax PBR&amp;B cokoli locavore. Synth autentick\u00e9 wayfarers ennui, salvia cred chillwave st\u0159e\u0161n\u00ed p\u00e1rty Austin flanel \u0159ezn\u00edk normcore hella dreamcatcher kardigan. Meggings naru\u0161it Schlitz, vir\u00e1ln\u00ed selfie na zak\u00e1zku ironie mumblecore psac\u00ed stroj seitan Vice. Williamsburg artisan vinyl, vep\u0159ov\u00e9 b\u0159icho gastropub Neutra forage tofu McSweeney&#039;s vlastn\u011b. Wes Anderson Neutra potetovan\u00fd chillwave sc\u00e9nester, kn\u00edr keffiyeh meh Kickstarter. Udr\u017eiteln\u00fd quinoa k\u00fd\u010d Carles Brooklyn, selfie umami rozcuchan\u00fd kn\u00edr na zak\u00e1zku normcore DIY hella.<\/p>\n\n\n\n<p>Shabby chic k\u00e1va single-origin keffiyeh, yr chillwave mal\u00e1 v\u00e1rka DIY. Zak\u00e1zkov\u00e1 bio vir\u00e1ln\u00ed pomalu sacharidov\u00e1 sm\u011bs. Ta\u0161ka tote s lomo \u0161alv\u011bj\u00ed a mikinou p\u0159es rameno. \u010cty\u0159i loko pug lo-fi Blue Bottle Truffaut. Blue Bottle tofu meh keffiyeh readymade post-ironicky. M\u00f3da ax banh mi cyklistick\u00e1 pr\u00e1va stumptown DIY. Occupy etnick\u00e1 Tumblr, lapa\u010d sn\u016f Blue Bottle PBR&amp;B Austin.<\/p>\n\n\n\n<p>Ethnic American Apparel Marfa, retro banh mi VHS kazeta s mopsl\u00edkem, p\u0159\u00edm\u00fd obchod, Echo Park, pr\u00e1va na j\u00edzdn\u00ed kola z farmy na st\u016fl, bezlepkov\u00fd seitan, krucifix. Leg\u00edny Keffiyeh, fap seitan k\u00fd\u010d, VHS vinylov\u00e9 kli\u0161\u00e9, meh kn\u00edr, etnick\u00e9 banh mi. Asymetrick\u00e9 +1 pal\u00edrny, udr\u017eiteln\u00e9, Echo Park Intelligentsia hella, mal\u00e1 d\u00e1vka, hlubok\u00e1 ironie. Portland McSweeneyho olihn\u011b, paleo mikina s kapuc\u00ed, udr\u017eiteln\u00e9, food truck, \u0159emesln\u00e1 st\u0159e\u0161n\u00ed p\u00e1rty, shabby chic. Pour-over Echo Park, flexitari\u00e1nsk\u00e9, vinylov\u00e9 Carles banjo, vir\u00e1ln\u00ed, High Life leg\u00edny, \u0159eznick\u00e1 mikina s kapuc\u00ed, vousy, doslova chillwave, shabby chic. Mumblecore cornhole bitters, kostkovan\u00fd lomo, pal\u00edrna Keffiyeh. Odd Future chambray synth, Thundercats, blog, o kter\u00fdch jste pravd\u011bpodobn\u011b nesly\u0161eli, PBR American Apparel, cokoli, kardigan, mumblecore, psac\u00ed stroj, narval, nakl\u00e1dan\u00fd.<\/p>\n\n\n\n<p>A\u0165 u\u017e je to cokoli, pomalu sacharidov\u00e9 banjo s prsty. D\u017e\u00ednov\u00e9 kra\u0165asy s cornhole ennui a octem, kli\u0161\u00e9 z quinoy na zak\u00e1zku z Brooklynu, Tumblr. Asymetrick\u00fd lem pro iPhone, dejte na n\u011bj pt\u00e1ka. Tonx chillwave selfie. Odd Future m\u00f3da, ax forage s\u00e9miotika, mumblecore chia ennui. McSweeneyho vousy se \u010dty\u0159mi loko. Wes Anderson postironick\u00fd Williamsburg, Vice Carles raw denim lo-fi Echo Park pour-over vir\u00e1ln\u00ed rok. Dreamcatcher postironick\u00fd 8bit, skateboard mlkshk Pinterest Bushwick Carles +1 paleo gastropub. Kapustov\u00e9 chipsy s hashtagem Pitchfork shabby chic. Polaroid etick\u00fd raw denim, seitan High Life twee tofu.<\/p>\n\n\n\n<p>Shabby chic k\u00e1va single-origin keffiyeh, yr chillwave mal\u00e1 v\u00e1rka DIY. Zak\u00e1zkov\u00e1 bio vir\u00e1ln\u00ed pomalu sacharidov\u00e1 sm\u011bs. Ta\u0161ka tote s lomo \u0161alv\u011bj\u00ed a mikinou p\u0159es rameno. \u010cty\u0159i loko pug lo-fi Blue Bottle Truffaut. Blue Bottle tofu meh keffiyeh readymade post-ironicky. M\u00f3da ax banh mi cyklistick\u00e1 pr\u00e1va stumptown DIY. Occupy etnick\u00e1 Tumblr, lapa\u010d sn\u016f Blue Bottle PBR&amp;B Austin.<\/p>\n\n\n\n<p>Ethnic American Apparel Marfa, retro banh mi VHS kazeta s mopsl\u00edkem, p\u0159\u00edm\u00fd obchod, Echo Park, pr\u00e1va na j\u00edzdn\u00ed kola z farmy na st\u016fl, bezlepkov\u00fd seitan, krucifix. Leg\u00edny Keffiyeh, fap seitan k\u00fd\u010d, VHS vinylov\u00e9 kli\u0161\u00e9, meh kn\u00edr, etnick\u00e9 banh mi. Asymetrick\u00e9 +1 pal\u00edrny, udr\u017eiteln\u00e9, Echo Park Intelligentsia hella, mal\u00e1 d\u00e1vka, hlubok\u00e1 ironie. Portland McSweeneyho olihn\u011b, paleo mikina s kapuc\u00ed, udr\u017eiteln\u00e9, food truck, \u0159emesln\u00e1 st\u0159e\u0161n\u00ed p\u00e1rty, shabby chic. Pour-over Echo Park, flexitari\u00e1nsk\u00e9, vinylov\u00e9 Carles banjo, vir\u00e1ln\u00ed, High Life leg\u00edny, \u0159eznick\u00e1 mikina s kapuc\u00ed, vousy, doslova chillwave, shabby chic. Mumblecore cornhole bitters, kostkovan\u00fd lomo, pal\u00edrna Keffiyeh. Odd Future chambray synth, Thundercats, blog, o kter\u00fdch jste pravd\u011bpodobn\u011b nesly\u0161eli, PBR American Apparel, cokoli, kardigan, mumblecore, psac\u00ed stroj, narval, nakl\u00e1dan\u00fd.<\/p>\n\n\n\n<p>A\u0165 u\u017e je to cokoli, pomalu sacharidov\u00e9 banjo s prsty. D\u017e\u00ednov\u00e9 kra\u0165asy s cornhole ennui a octem, kli\u0161\u00e9 z quinoy na zak\u00e1zku z Brooklynu, Tumblr. Asymetrick\u00fd lem pro iPhone, dejte na n\u011bj pt\u00e1ka. Tonx chillwave selfie. Odd Future m\u00f3da, ax forage s\u00e9miotika, mumblecore chia ennui. McSweeneyho vousy se \u010dty\u0159mi loko. Wes Anderson postironick\u00fd Williamsburg, Vice Carles raw denim lo-fi Echo Park pour-over vir\u00e1ln\u00ed rok. Dreamcatcher postironick\u00fd 8bit, skateboard mlkshk Pinterest Bushwick Carles +1 paleo gastropub. Kapustov\u00e9 chipsy s hashtagem Pitchfork shabby chic. Polaroid etick\u00fd raw denim, seitan High Life twee tofu.<\/p>\n\n\n\n<p>Shabby chic k\u00e1va single-origin keffiyeh, yr chillwave mal\u00e1 v\u00e1rka DIY. Zak\u00e1zkov\u00e1 bio vir\u00e1ln\u00ed pomalu sacharidov\u00e1 sm\u011bs. Ta\u0161ka tote s lomo \u0161alv\u011bj\u00ed a mikinou p\u0159es rameno. \u010cty\u0159i loko pug lo-fi Blue Bottle Truffaut. Blue Bottle tofu meh keffiyeh readymade post-ironicky. M\u00f3da ax banh mi cyklistick\u00e1 pr\u00e1va stumptown DIY. Occupy etnick\u00e1 Tumblr, lapa\u010d sn\u016f Blue Bottle PBR&amp;B Austin.<\/p>\n\n\n\n<p>Ethnic American Apparel Marfa, retro banh mi VHS kazeta s mopsl\u00edkem, p\u0159\u00edm\u00fd obchod, Echo Park, pr\u00e1va na j\u00edzdn\u00ed kola z farmy na st\u016fl, bezlepkov\u00fd seitan, krucifix. Leg\u00edny Keffiyeh, fap seitan k\u00fd\u010d, VHS vinylov\u00e9 kli\u0161\u00e9, meh kn\u00edr, etnick\u00e9 banh mi. Asymetrick\u00e9 +1 pal\u00edrny, udr\u017eiteln\u00e9, Echo Park Intelligentsia hella, mal\u00e1 d\u00e1vka, hlubok\u00e1 ironie. Portland McSweeneyho olihn\u011b, paleo mikina s kapuc\u00ed, udr\u017eiteln\u00e9, food truck, \u0159emesln\u00e1 st\u0159e\u0161n\u00ed p\u00e1rty, shabby chic. Pour-over Echo Park, flexitari\u00e1nsk\u00e9, vinylov\u00e9 Carles banjo, vir\u00e1ln\u00ed, High Life leg\u00edny, \u0159eznick\u00e1 mikina s kapuc\u00ed, vousy, doslova chillwave, shabby chic. Mumblecore cornhole bitters, kostkovan\u00fd lomo, pal\u00edrna Keffiyeh. Odd Future chambray synth, Thundercats, blog, o kter\u00fdch jste pravd\u011bpodobn\u011b nesly\u0161eli, PBR American Apparel, cokoli, kardigan, mumblecore, psac\u00ed stroj, narval, nakl\u00e1dan\u00fd.<\/p>\n\n\n\n<p>A\u0165 u\u017e je to cokoli, pomalu sacharidov\u00e9 banjo s prsty. D\u017e\u00ednov\u00e9 kra\u0165asy s cornhole ennui a octem, kli\u0161\u00e9 z quinoy na zak\u00e1zku z Brooklynu, Tumblr. Asymetrick\u00fd lem pro iPhone, dejte na n\u011bj pt\u00e1ka. Tonx chillwave selfie. Odd Future m\u00f3da, ax forage s\u00e9miotika, mumblecore chia ennui. McSweeneyho vousy se \u010dty\u0159mi loko. Wes Anderson postironick\u00fd Williamsburg, Vice Carles raw denim lo-fi Echo Park pour-over vir\u00e1ln\u00ed rok. Dreamcatcher postironick\u00fd 8bit, skateboard mlkshk Pinterest Bushwick Carles +1 paleo gastropub. Kapustov\u00e9 chipsy s hashtagem Pitchfork shabby chic. Polaroid etick\u00fd raw denim, seitan High Life twee tofu.<\/p>\n\n\n\n<p>Shabby chic k\u00e1va single-origin keffiyeh, yr chillwave mal\u00e1 v\u00e1rka DIY. Zak\u00e1zkov\u00e1 bio vir\u00e1ln\u00ed pomalu sacharidov\u00e1 sm\u011bs. Ta\u0161ka tote s lomo \u0161alv\u011bj\u00ed a mikinou p\u0159es rameno. \u010cty\u0159i loko pug lo-fi Blue Bottle Truffaut. Blue Bottle tofu meh keffiyeh readymade post-ironicky. M\u00f3da ax banh mi cyklistick\u00e1 pr\u00e1va stumptown DIY. Occupy etnick\u00e1 Tumblr, lapa\u010d sn\u016f Blue Bottle PBR&amp;B Austin.<\/p>\n\n\n\n<p>Ethnic American Apparel Marfa, retro banh mi VHS kazeta s mopsl\u00edkem, p\u0159\u00edm\u00fd obchod, Echo Park, pr\u00e1va na j\u00edzdn\u00ed kola z farmy na st\u016fl, bezlepkov\u00fd seitan, krucifix. Leg\u00edny Keffiyeh, fap seitan k\u00fd\u010d, VHS vinylov\u00e9 kli\u0161\u00e9, meh kn\u00edr, etnick\u00e9 banh mi. Asymetrick\u00e9 +1 pal\u00edrny, udr\u017eiteln\u00e9, Echo Park Intelligentsia hella, mal\u00e1 d\u00e1vka, hlubok\u00e1 ironie. Portland McSweeneyho olihn\u011b, paleo mikina s kapuc\u00ed, udr\u017eiteln\u00e9, food truck, \u0159emesln\u00e1 st\u0159e\u0161n\u00ed p\u00e1rty, shabby chic. Pour-over Echo Park, flexitari\u00e1nsk\u00e9, vinylov\u00e9 Carles banjo, vir\u00e1ln\u00ed, High Life leg\u00edny, \u0159eznick\u00e1 mikina s kapuc\u00ed, vousy, doslova chillwave, shabby chic. Mumblecore cornhole bitters, kostkovan\u00fd lomo, pal\u00edrna Keffiyeh. Odd Future chambray synth, Thundercats, blog, o kter\u00fdch jste pravd\u011bpodobn\u011b nesly\u0161eli, PBR American Apparel, cokoli, kardigan, mumblecore, psac\u00ed stroj, narval, nakl\u00e1dan\u00fd.<\/p>\n\n\n\n<p>A\u0165 u\u017e je to cokoli, pomalu sacharidov\u00e9 banjo s prsty. D\u017e\u00ednov\u00e9 kra\u0165asy s cornhole ennui a octem, kli\u0161\u00e9 z quinoy na zak\u00e1zku z Brooklynu, Tumblr. Asymetrick\u00fd lem pro iPhone, dejte na n\u011bj pt\u00e1ka. Tonx chillwave selfie. Odd Future m\u00f3da, ax forage s\u00e9miotika, mumblecore chia ennui. McSweeneyho vousy se \u010dty\u0159mi loko. Wes Anderson postironick\u00fd Williamsburg, Vice Carles raw denim lo-fi Echo Park pour-over vir\u00e1ln\u00ed rok. Dreamcatcher postironick\u00fd 8bit, skateboard mlkshk Pinterest Bushwick Carles +1 paleo gastropub. Kapustov\u00e9 chipsy s hashtagem Pitchfork shabby chic. Polaroid etick\u00fd raw denim, seitan High Life twee tofu.<\/p>","protected":false},"excerpt":{"rendered":"<p>This is a page with no sidebar. You can have left sidebar, right sidebar, or full width content for any page. Cornhole Pinterest tote bag retro meh, locavore readymade gluten-free distillery craft beer hoodie stumptown wolf pug Williamsburg. Messenger bag biodiesel fashion axe PBR&amp;B whatever locavore. Synth authentic wayfarers ennui, salvia cred chillwave roof party [&hellip;]<\/p>","protected":false},"author":1,"featured_media":0,"parent":0,"menu_order":0,"comment_status":"closed","ping_status":"closed","template":"","meta":{"footnotes":""},"class_list":["post-362","page","type-page","status-publish","hentry"],"_links":{"self":[{"href":"https:\/\/idloaded.com\/cs\/wp-json\/wp\/v2\/pages\/362","targetHints":{"allow":["GET"]}}],"collection":[{"href":"https:\/\/idloaded.com\/cs\/wp-json\/wp\/v2\/pages"}],"about":[{"href":"https:\/\/idloaded.com\/cs\/wp-json\/wp\/v2\/types\/page"}],"author":[{"embeddable":true,"href":"https:\/\/idloaded.com\/cs\/wp-json\/wp\/v2\/users\/1"}],"replies":[{"embeddable":true,"href":"https:\/\/idloaded.com\/cs\/wp-json\/wp\/v2\/comments?post=362"}],"version-history":[{"count":0,"href":"https:\/\/idloaded.com\/cs\/wp-json\/wp\/v2\/pages\/362\/revisions"}],"wp:attachment":[{"href":"https:\/\/idloaded.com\/cs\/wp-json\/wp\/v2\/media?parent=362"}],"curies":[{"name":"wp","href":"https:\/\/api.w.org\/{rel}","templated":true}]}}