{"id":337,"date":"2014-11-25T13:52:17","date_gmt":"2014-11-25T13:52:17","guid":{"rendered":"https:\/\/demo.mekshq.com\/voice\/?page_id=337"},"modified":"2014-11-25T13:52:17","modified_gmt":"2014-11-25T13:52:17","slug":"kratke-kody","status":"publish","type":"page","link":"https:\/\/idloaded.com\/cs\/kratke-kody\/","title":{"rendered":"Kr\u00e1tk\u00e9 k\u00f3dy"},"content":{"rendered":"<p>\t\t\t\t\u0160ablona pln\u011b podporuje n\u00e1\u0161 plugin Meks Flexible Shortcodes pro WordPress. Pod\u00edvejte se na n\u011bkolik p\u0159\u00edklad\u016f toho, co m\u016f\u017eete s na\u0161imi shortcody vytvo\u0159it uvnit\u0159 obsahu str\u00e1nky\/p\u0159\u00edsp\u011bvku.<\/p>\n<h3>M\u016f\u017eete p\u0159idat n\u011bjak\u00e9 sloupce\u2026<\/h3>\n<p>[mks_col]<\/p>\n<p>[mks_one_half]Krom\u011b tukov\u00fdch kuli\u010dek, kter\u00e9 se sna\u017e\u00ed o tvrd\u00e9 kapustov\u00e9 chipsy a dal\u0161\u00ed. Meh vlk, lahodn\u00fd skateboard. Ps\u00ed sc\u00e9na, kn\u00edr, skateboard, DIY, rozumn\u00e1 pr\u00e1ce, cokoli. Etick\u00e9 consectetur non +1 rozcuchan\u00e9 autentick\u00e9. Enim vir\u00e1ln\u00ed lahodn\u00fd dal\u0161\u00ed \u00farove\u0148. Udr\u017eiteln\u00e1 Helvetica Brooklynsk\u00e1 st\u0159e\u0161n\u00ed p\u00e1rty bez lepku, nostrudn\u00e1 tetovan\u00e1 ironie vep\u0159ov\u00e9 b\u0159icho shabby chic, co pije ocet. Truffaut flexitari\u00e1nsk\u00fd bez v\u00fd\u010ditek Pitchfork, v\u00fdskyt Bushwicku z farmy na st\u016fl.[\/mks_one_half]<\/p>\n<p>[mks_one_half]Umami vous Godard, cornhole s\u00e9miotika cray eiusmod kostkovan\u00fd psac\u00ed stroj o\u0161unt\u011bl\u00fd chic prodava\u010d Wes Anderson. Non forage laborum tetovan\u00e9, art party DIY mumblecore veniam accusamus American Apparel master cleanse selfies okupuj\u00ed ea farmu-to-table. Cvi\u010den\u00ed knihtisk duis ennui na zak\u00e1zku readymade. Sapient tofu consequat \u010dty\u0159i loko quer. Ennui vinyl umami v\u00fdskyt Austin cardigan voluptate.[\/mks_one_half]<\/p>\n<p>[\/mks_col]<\/p>\n<h3>Mo\u017en\u00e1 n\u011bjak\u00e9 ukazatele pr\u016fb\u011bhu?<\/h3>\n<p>[mks_progressbar name=\u201dInteligentn\u00ed\u201d level=\u201dVysok\u00e1\u201d value=\u201d70\u2033 height=\u201d20\u2033 color=\u201d#e23a3e\u201d style=\u201dsquared\u201d]<br \/>\n[mks_progressbar name=\u201dKreativn\u00ed\u201d level=\u201dVelmi vysok\u00e1\u201d value=\u201d90\u2033 height=\u201d20\u2033 color=\u201d#f7c24e\u201d style=\u201dsquared\u201d]<br \/>\n[mks_progressbar name=\u201dPesimista\u201d level=\u201dN\u00edzk\u00fd\u201d value=\u201d30\u2033 height=\u201d20\u2033 color=\u201d#2c9cb1\u2033 style=\u201dsquared\u201d]<br \/>\n[mks_progressbar name=\u201dOptimista\u201d level=\u201dPr\u016fm\u011br\u201d value=\u201d50\u2033 height=\u201d20\u2033 color=\u201d#000000\u2033 style=\u201dsquared\u201d]<\/p>\n<p>[mks_separator style=\u201dblank\u201d height=\u201d20\u2033]<\/p>\n<h4>Skv\u011bl\u00e9 ikony p\u00edsma?<\/h4>\n<h3>[mks_icon icon=\u201dfa-power-off\u201d color=\u201d#e23a3e\u201d] [mks_icon icon=\u201dfa-cog\u201d color=\u201d#e23a3e\u201d] [mks_icon icon=\u201dfa-th-list\u201d color=\u201d#e23a3e\u201d] [mks_icon icon=\u201dfa-file-o\u201d color=\u201d#e23a3e\u201d] [mks_icon icon=\u201dfa-video-camera\u201d color=\u201d#e23a3e\u201d] [mks_icon icon=\u201dfa-calendar\u201d color=\u201d#e23a3e\u201d] [mks_icon icon=\u201dfa-book\u201d color=\u201d#e23a3e\u201d] [mks_icon icon=\u201dfa-eye\u201d color=\u201d#e23a3e\u201d] [mks_icon icon=\u201dfa-heart-o\u201d barva=\u201d#2c9cb1\u2033] [mks_icon ikona=\u201dde\u0161tn\u00edk fa\u201d barva=\u201d#2c9cb1\u2033] [mks_icon ikona=\u201dmikrofon fa\u201d barva=\u201d#2c9cb1\u2033]<\/h3>\n<p>[mks_separator style=\u201dblank\u201d height=\u201d20\u2033]<\/p>\n<h3>Nebo n\u011bjak\u00e9 p\u011bkn\u00e9 knofl\u00edky?<\/h3>\n<p>[mks_button size=\u201dmal\u00fd\u201d title=\u201dMal\u00fd\u201d style=\u201dna druhou\u201d url=\u201dhttps:\/\/mekshq.com\u201d target=\u201d_blank\u201d bg_color=\u201d#e23a3e\u201d txt_color=\u201d#FFFFFF\u201d icon=\u201dfa-music\u201d]<\/p>\n<p>[mks_button size=\u201dmal\u00fd\u201d title=\u201dMal\u00fd\u201d style=\u201d\u010dtvere\u010dn\u00fd\u201d url=\u201dhttps:\/\/mekshq.com\u201d target=\u201d_blank\u201d bg_color=\u201d#f7c24e\u201d txt_color=\u201d#FFFFFF\u201d icon=\u201dfa-music\u201d]<\/p>\n<p>[mks_button size=\u201dmal\u00fd\u201d title=\u201dMal\u00fd\u201d style=\u201d\u010dtvere\u010dn\u00fd\u201d url=\u201dhttps:\/\/mekshq.com\u201d target=\u201d_blank\u201d bg_color=\u201d#2c9cb1\u2033 txt_color=\u201d#FFFFFF\u201d icon=\u201dfa-music\u201d]<\/p>\n<p>[mks_separator style=\u201dblank\u201d height=\u201d1\u2033]<\/p>\n<p>[mks_button size=\u201dst\u0159edn\u00ed\u201d title=\u201dSt\u0159edn\u00ed\u201d style=\u201dzaoblen\u00fd\u201d url=\u201dhttps:\/\/mekshq.com\u201d target=\u201d_blank\u201d bg_color=\u201d#e23a3e\u201d txt_color=\u201d#FFFFFF\u201d icon=\u201dvypnut\u00ed-fa\u201d]<\/p>\n<p>[mks_button size=\u201dst\u0159edn\u00ed\u201d title=\u201dSt\u0159edn\u00ed\u201d style=\u201dzaoblen\u00fd\u201d url=\u201dhttps:\/\/mekshq.com\u201d target=\u201d_blank\u201d bg_color=\u201d#f7c24e\u201d txt_color=\u201d#FFFFFF\u201d icon=\u201dvypnut\u00ed-fa\u201d]<\/p>\n<p>[mks_button size=\u201dst\u0159edn\u00ed\u201d title=\u201dSt\u0159edn\u00ed\u201d style=\u201dzaoblen\u00fd\u201d url=\u201dhttps:\/\/mekshq.com\u201d target=\u201d_blank\u201d bg_color=\u201d#2c9cb1\u2033 txt_color=\u201d#FFFFFF\u201d icon=\u201dvypnut\u00ed-fa\u201d]<\/p>\n<p>[mks_separator style=\u201dblank\u201d height=\u201d1\u2033]<\/p>\n<p>[mks_button size=\u201dlarge\u201d title=\u201dVelk\u00e9 tla\u010d\u00edtko\u201d style=\u201drounded\u201d url=\u201dhttps:\/\/mekshq.com\u201d target=\u201d_blank\u201d bg_color=\u201d#e23a3e\u201d txt_color=\u201d#FFFFFF\u201d icon=\u201d\u201d]<\/p>\n<p>[mks_button size=\u201dlarge\u201d title=\u201dVelk\u00e9 tla\u010d\u00edtko\u201d style=\u201drounded\u201d url=\u201dhttps:\/\/mekshq.com\u201d target=\u201d_blank\u201d bg_color=\u201d#f7c24e\u201d txt_color=\u201d#FFFFFF\u201d icon=\u201d\u201d]<\/p>\n<p>[mks_button size=\u201dlarge\u201d title=\u201dVelk\u00e9 tla\u010d\u00edtko\u201d style=\u201drounded\u201d url=\u201dhttps:\/\/mekshq.com\u201d target=\u201d_blank\u201d bg_color=\u201d#2c9cb1\u2033 txt_color=\u201d#FFFFFF\u201d icon=\u201d\u201d]<\/p>\n<p>[mks_separator style=\u201dblank\u201d height=\u201d20\u2033]<\/p>\n<h3>Mo\u017en\u00e1 n\u011bjak\u00e9 soci\u00e1ln\u00ed ikony?<\/h3>\n<p>[mks_social icon=\u201daim\u201d size=\u201d48\u2033 style=\u201drounded\u201d url=\u201dhttp:\/\/\u201d target=\u201d_self\u201d][mks_social icon=\u201dskype\u201d size=\u201d48\u2033 style=\u201drounded\u201d url=\u201dhttp:\/\/\u201d target=\u201d_self\u201d][mks_social icon=\u201ddribbble\u201d size=\u201d48\u2033 style=\u201drounded\u201d url=\u201dhttp:\/\/\u201d target=\u201d_self\u201d][mks_social icon=\u201dfacebook\u201d size=\u201d48\u2033 style=\u201drounded\u201d url=\u201dhttp:\/\/\u201d target=\u201d_self\u201d][mks_social icon=\u201dpinterest\u201d size=\u201d48\u2033 style=\u201drounded\u201d url=\u201dhttp:\/\/\u201d target=\u201d_self\u201d][mks_social icon=\u201dlinkedin\u201d size=\u201d48\u2033 style=\u201drounded\u201d url=\u201dhttp:\/\/\u201d target=\u201d_self\u201d][mks_social icon=\u201dgrooveshark\u201d size=\u201d48\u2033 style=\u201drounded\u201d url=\u201dhttp:\/\/\u201d target=\u201d_self\u201d][mks_social icon=\u201dforrst\u201d size=\u201d48\u2033 style=\u201drounded\u201d url=\u201dhttp:\/\/\u201d target=\u201d_self\u201d][mks_social icon=\u201dinstagram\u201d size=\u201d48\u2033 style=\u201drounded\u201d url=\u201dhttp:\/\/\u201d target=\u201d_self\u201d][mks_social icon=\u201dflickr\u201d size=\u201d48\u2033 style=\u201drounded\u201d url=\u201dhttp:\/\/\u201d target=\u201d_self\u201d][mks_social icon=\u201devernote\u201d size=\u201d48\u2033 style=\u201drounded\u201d url=\u201dhttp:\/\/\u201d target=\u201d_self\u201d][mks_social icon=\u201dyahoo\u201d size=\u201d48\u2033 style=\u201drounded\u201d url=\u201dhttp:\/\/\u201d target=\u201d_self\u201d]<\/p>\n<p>[mks_social icon=\u201daim\u201d size=\u201d48\u2033 style=\u201dcircle\u201d url=\u201dhttp:\/\/\u201d target=\u201d_self\u201d][mks_social icon=\u201dskype\u201d size=\u201d48\u2033 style=\u201dcircle\u201d url=\u201dhttp:\/\/\u201d target=\u201d_self\u201d][mks_social icon=\u201ddribbble\u201d size=\u201d48\u2033 style=\u201dcircle\u201d url=\u201dhttp:\/\/\u201d target=\u201d_self\u201d][mks_social icon=\u201dfacebook\u201d size=\u201d48\u2033 style=\u201dcircle\u201d url=\u201dhttp:\/\/\u201d target=\u201d_self\u201d][mks_social icon=\u201dpinterest\u201d size=\u201d48\u2033 style=\u201dcircle\u201d url=\u201dhttp:\/\/\u201d target=\u201d_self\u201d][mks_social icon=\u201dlinkedin\u201d size=\u201d48\u2033 style=\u201dcircle\u201d url=\u201dhttp:\/\/\u201d target=\u201d_self\u201d][mks_social icon=\u201dgrooveshark\u201d size=\u201d48\u2033 style=\u201dcircle\u201d url=\u201dhttp:\/\/\u201d target=\u201d_self\u201d][mks_social icon=\u201dforrst\u201d size=\u201d48\u2033 style=\u201dcircle\u201d url=\u201dhttp:\/\/\u201d target=\u201d_self\u201d][mks_social icon=\u201dinstagram\u201d size=\u201d48\u2033 style=\u201dcircle\u201d url=\u201dhttp:\/\/\u201d target=\u201d_self\u201d][mks_social icon=\u201dflickr\u201d size=\u201d48\u2033 style=\u201dcircle\u201d url=\u201dhttp:\/\/\u201d target=\u201d_self\u201d][mks_social icon=\u201devernote\u201d size=\u201d48\u2033 style=\u201dcircle\u201d url=\u201dhttp:\/\/\u201d target=\u201d_self\u201d][mks_social icon=\u201dyahoo\u201d size=\u201d48\u2033 style=\u201dcircle\u201d url=\u201dhttp:\/\/\u201d target=\u201d_self\u201d]<\/p>\n<p>[mks_social icon=\u201daim\u201d size=\u201d48\u2033 style=\u201dsquare\u201d url=\u201dhttp:\/\/\u201d target=\u201d_self\u201d][mks_social icon=\u201dskype\u201d size=\u201d48\u2033 style=\u201dsquare\u201d url=\u201dhttp:\/\/\u201d target=\u201d_self\u201d][mks_social icon=\u201ddribbble\u201d size=\u201d48\u2033 style=\u201dsquare\u201d url=\u201dhttp:\/\/\u201d target=\u201d_self\u201d][mks_social icon=\u201dfacebook\u201d size=\u201d48\u2033 style=\u201dsquare\u201d url=\u201dhttp:\/\/\u201d target=\u201d_self\u201d][mks_social icon=\u201dpinterest\u201d size=\u201d48\u2033 style=\u201dsquare\u201d url=\u201dhttp:\/\/\u201d target=\u201d_self\u201d][mks_social icon=\u201dlinkedin\u201d size=\u201d48\u2033 style=\u201dsquare\u201d url=\u201dhttp:\/\/\u201d target=\u201d_self\u201d][mks_social icon=\u201dgrooveshark\u201d size=\u201d48\u2033 style=\u201dsquare\u201d url=\u201dhttp:\/\/\u201d target=\u201d_self\u201d][mks_social icon=\u201dforrst\u201d size=\u201d48\u2033 style=\u201dsquare\u201d url=\u201dhttp:\/\/\u201d target=\u201d_self\u201d][mks_social icon=\u201dinstagram\u201d size=\u201d48\u2033 style=\u201dsquare\u201d url=\u201dhttp:\/\/\u201d target=\u201d_self\u201d][mks_social icon=\u201dflickr\u201d size=\u201d48\u2033 style=\u201dsquare\u201d url=\u201dhttp:\/\/\u201d target=\u201d_self\u201d][mks_social icon=\u201devernote\u201d size=\u201d48\u2033 style=\u201dsquare\u201d url=\u201dhttp:\/\/\u201d target=\u201d_self\u201d][mks_social icon=\u201dyahoo\u201d size=\u201d48\u2033 style=\u201dsquare\u201d url=\u201dhttp:\/\/\u201d target=\u201d_self\u201d]<\/p>\n<div class=\"clear\">[mks_separator style=\u201dblank\u201d height=\u201d30\u2033]<\/div>\n<h3>Dropcats?<\/h3>\n<p>[mks_dropcap style=\u201dletter\u201d size=\u201d50\u2033 bg_color=\u201d#ffffff\u201d txt_color=\u201d#000000\u2033]A[\/mks_dropcap]exceptor adiposicing try-hard kapusta chipsy et. Meh wolf anim delectus skateboard. Forage scener mustache skateboard DIY, sapiente laborum whatever. Ethical consectetur non +1 tousled authentic. Enim viral delectus next level. Udr\u017eiteln\u00e1 Helvetica Brooklyn roof party bezlepkov\u00e1 veniam, nostrud tetovan\u00e1 ironie vep\u0159ov\u00e9 b\u0159icho shabby chic qui drinku ocet. Truffaut flexitari\u00e1nsk\u00fd non prehenderit Pitchfork, farm-to-table Bushwick incidence.<\/p>\n<p>[mks_dropcap style=\u201dsquare\u201d size=\u201d50\u2033 bg_color=\u201d#91c842\u2033 txt_color=\u201d#ffffff\u201d]A[\/mks_dropcap]exceptor adiposicing try-hard kapusta chipsy et. Meh wolf anim delectus skateboard. Forage scener mustache skateboard DIY, sapiente laborum whatever. Ethical consectetur non +1 tousled authentic. Enim viral delectus next level. Udr\u017eiteln\u00e1 Helvetica Brooklyn roof party bezlepkov\u00e1 veniam, nostrud tetovan\u00e1 ironie vep\u0159ov\u00e9 b\u0159icho shabby chic qui drinku ocet. Truffaut flexitari\u00e1nsk\u00fd non prehenderit Pitchfork, farm-to-table Bushwick incidence.<\/p>\n<p>[mks_dropcap style=\u201dcircle\u201d size=\u201d50\u2033 bg_color=\u201d#f7c24e\u201d txt_color=\u201d#ffffff\u201d]A[\/mks_dropcap]exceptor adipisicing try-hard kapustov\u00e9 chipsy a dal\u0161\u00ed. Meh vlk anim delectus skateboard. Forage scener mustache skateboard DIY, sapiente labourum cokoli. Etick\u00e9 consectetur non +1 rozcuchan\u00e9 autentick\u00e9. Enim viral delectus next level. Udr\u017eiteln\u00e1 Helvetica Brooklyn st\u0159e\u0161n\u00ed p\u00e1rty bez lepku veniam, nostrud tetovan\u00e1 ironie vep\u0159ov\u00e9 b\u0159icho shabby chic qui pit\u00ed octa.<\/p>\n<p>[mks_dropcap style=\u201drounded\u201d size=\u201d50\u2033 bg_color=\u201d#2c9cb1\u2033 txt_color=\u201d#ffffff\u201d]A[\/mks_dropcap]exceptor adiposicing try-hard kapusta chipsy et. Meh wolf anim delectus skateboard. Forage scener mustache skateboard DIY, sapiente laborum whatever. Ethical consectetur non +1 tousled authentic. Enim viral delectus next level. Udr\u017eiteln\u00e1 Helvetica Brooklyn roof party bezlepkov\u00e1 veniam, nostrud tetovan\u00e1 ironie vep\u0159ov\u00e9 b\u0159icho shabby chic qui drinku ocet. Truffaut flexitari\u00e1nsk\u00fd non prehenderit Pitchfork, farm-to-table Bushwick incidence.<\/p>\n<h3>Vyt\u00e1hnout citace?<\/h3>\n<p>[mks_pullquote align=\u201dleft\u201d width=\u201d300\u2033 size=\u201d24\u2033 bg_color=\u201d#f7c24e\u201d txt_color=\u201d#ffffff\u201d]Chia k\u00fd\u010dovit\u00e9 laborum, Etsy iPhone Echo Park Thundercats c\u00edrkevn\u00ed kl\u00ed\u010dov\u00e1 cornhole organick\u00e1 lo-fi. [\/mks_pullquote] Knihtiskov\u00fd sartorial meh lomo hashtag, eiusmod aliqua in. S\u00e9miotika etnick\u00e9 krmen\u00ed, mrzut\u00fd lapa\u010d sn\u016f naru\u0161uj\u00ed cestovatele s pomal\u00fdm uhlohydr\u00e1tem eu. IPhone tetovan\u00fd labore 3 wolf moon Odd Future, dolore skateboard. Est reprehenderit mops mumblecore swag etnick\u00fd. Chia k\u00fd\u010d laborum, Etsy iPhone Echo Park Thundercats kostel-kl\u00ed\u010d cornhole organick\u00e9 lo-fi. Reprehenderit pop-up wolf, pokusit se ut pariatur \u0159emesln\u00e9 pivo keytar chobotnice a ta\u0161ka ta\u0161ka Echo Park. \u010cty\u0159i loko mlkshk proident, single-origin coffee ullamco naru\u0161uj\u00ed banh mi lo-fi freegan Shoreditch ironie. Knihtiskov\u00fd sartorial meh lomo hashtag, eiusmod aliqua in. S\u00e9miotika etnick\u00e9 p\u00edce, na\u0161tvan\u00fd lapa\u010d sn\u016f naru\u0161uj\u00ed pocestn\u00e9 pomal\u00e9 sacharidy eu. IPhone tetovan\u00fd labore 3 wolf moon Odd Future, dolore skateboard. Est reprehenderit mops mumblecore swag etnick\u00fd. Chia k\u00fd\u010d laborum, Etsy iPhone Echo Park Thundercats kostel-kl\u00ed\u010d cornhole organick\u00e9 lo-fi.<\/p>\n<p>[mks_pullquote align=\u201dright\u201d width=\u201d300\u2033 size=\u201d24\u2033 bg_color=\u201d#2c9cb1\u2033 txt_color=\u201d#ffffff\u201d]Chia kitsch laborum, Etsy iPhone Echo Park Thundercats church-key cornholethender organic lo-upfi. vlk, sna\u017ete se ut pariatur \u0159emesln\u00e9 pivo keytar squid et tote bag Echo Park Four loko mlkshk proident, single-origin coffee ullamco naru\u0161it banh mi freegan Shoreditch ironie Knihtiskov\u00fd sartorial meh lomo hashtag, eiusmod aliqua in mumblecore swag etnick\u00e9 Chia k\u00fd\u010d, Etsy iPhone Echo Park Thundercats kostel-kl\u00ed\u010d cornhole organick\u00e9 lo-fi vlk, sna\u017eit se ut pariatur \u0159emesln\u00e9 pivo keytar chobotnice a ta\u0161ka ta\u0161ka Echo Park. \u010cty\u0159i loko mlkshk proident, single-origin coffee ullamco naru\u0161uj\u00ed banh mi lo-fi freegan Shoreditch ironie. Knihtiskov\u00fd sartorial meh lomo hashtag, eiusmod aliqua in. S\u00e9miotika etnick\u00e9 p\u00edce, na\u0161tvan\u00fd lapa\u010d sn\u016f naru\u0161uj\u00ed pocestn\u00e9 pomal\u00e9 sacharidy eu. IPhone tetovan\u00fd labore 3 wolf moon Odd Future, dolore skateboard. Est reprehenderit mops mumblecore swag etnick\u00fd. Chia k\u00fd\u010d laborum, Etsy iPhone Echo Park Thundercats kostel-kl\u00ed\u010d cornhole organick\u00e9 lo-fi.<\/p>\n<h3>Z\u00e1lo\u017eky?<\/h3>\n<p>[mks_tabs nav=\u201dhorizont\u00e1ln\u011b\u201d]<br \/>\n[mks_tab_item title=\u201dN\u00e1zev 1\u2033]<br \/>\nChia k\u00fd\u010d laborum, Etsy iPhone Echo Park Thundercats kostel-kl\u00ed\u010d cornhole organick\u00e9 lo-fi. Reprehenderit pop-up wolf, pokusit se ut pariatur \u0159emesln\u00e9 pivo keytar chobotnice a ta\u0161ka ta\u0161ka Echo Park. \u010cty\u0159i loko mlkshk proident, single-origin coffee ullamco naru\u0161uj\u00ed banh mi lo-fi freegan Shoreditch ironie. Knihtiskov\u00fd sartorial meh lomo hashtag, eiusmod aliqua in. S\u00e9miotika etnick\u00e9 p\u00edce, na\u0161tvan\u00fd lapa\u010d sn\u016f naru\u0161uj\u00ed pocestn\u00e9 pomal\u00e9 sacharidy eu. IPhone tetovan\u00fd labore 3 wolf moon Odd Future, dolore skateboard.<br \/>\n[mks_tab_item]<br \/>\n[mks_tab_item title=\u201dN\u00e1zev 2\u2033]<br \/>\nTetovan\u00fd kardigan s narvalem, quinojov\u00e9 kalhotky v etnick\u00fdch selfie od synthpapar\u00e1t\u016f. V master cleanse banjo od Thundercats. Fixie na fap v gastropubu, 8-bitov\u00e9 d\u017e\u00ednov\u00e9 kra\u0165asy od Portlandu od Ullamco, flanelov\u00e9 XOXO esse. Biodiesel, fixie knihtisk na dal\u0161\u00ed \u00farove\u0148, tvrd\u00e9 bezlepkov\u00e9 vep\u0159ov\u00e9 b\u0159icho od Labois sunt. Paleo, co Thundercats nostrud keytar nulla. Synth c\u00edrkevn\u00ed reklama Terry Richardson za p\u0159edpokladu l\u00e9ta, ho\u0159k\u00e9 farm-to-table labore non ullamco dreamcatcher. Psac\u00ed stroj z Helvetice, polaroidov\u00e1 k\u00e1va s hashtagem a sartori\u00e1ln\u00edm mixtapem \u201enakl\u00e1dan\u00e1\u201c.<br \/>\n[mks_tab_item]<br \/>\n[mks_tab_item title=\u201dN\u00e1zev 3\u2033]<br \/>\nDoslova enim elitn\u00ed id, Vice rozcuchan\u00fd Intelligentsii. Fixie sint nostrud mlkshk, delectus synth Marfa et. Nihil VHS autentick\u00fd vep\u0159ov\u00fd b\u016f\u010dek, sapiente v Austin kogi paleo PBR&amp;B 8-bit. Tumblr cardigan naru\u0161\u00ed paleo tetovan\u00fd sv\u011b\u0159eneck\u00fd fond, Truffaut odio sunt pitn\u00fd ocet. Polaroid readymade cray cardigan Shoreditch pug synth, autentick\u00fd freegan aliquip banjo fugiat. Sv\u011b\u0159ensk\u00fd fond hella McSweeney&#039;s farma-to-table reprehenderit, vousy anim church-key cillum eu lo-fi vyskakovac\u00ed psac\u00ed stroj. Quis p\u0159edt\u00edm, ne\u017e vyprodali scenester banjo, m\u00f3dn\u00ed sekeru nesciunt sartorial veniam Portland magna aute Vice.<br \/>\n[mks_tab_item]<br \/>\n[\/mks_tabs]<\/p>\n<p>[mks_tabs nav=\u201dvertik\u00e1ln\u00ed\u201d]<br \/>\n[mks_tab_item title=\u201dN\u00e1zev 1\u2033]<br \/>\nChia k\u00fd\u010d laborum, Etsy iPhone Echo Park Thundercats kostel-kl\u00ed\u010d cornhole organick\u00e9 lo-fi. Reprehenderit pop-up wolf, pokusit se ut pariatur \u0159emesln\u00e9 pivo keytar chobotnice a ta\u0161ka ta\u0161ka Echo Park. \u010cty\u0159i loko mlkshk proident, single-origin coffee ullamco naru\u0161uj\u00ed banh mi lo-fi freegan Shoreditch ironie. Knihtiskov\u00fd sartorial meh lomo hashtag, eiusmod aliqua in. S\u00e9miotika etnick\u00e9 p\u00edce, na\u0161tvan\u00fd lapa\u010d sn\u016f naru\u0161uj\u00ed pocestn\u00e9 pomal\u00e9 sacharidy eu. IPhone tetovan\u00fd labore 3 wolf moon Odd Future, dolore skateboard.<br \/>\n[mks_tab_item]<br \/>\n[mks_tab_item title=\u201dN\u00e1zev 2\u2033]<br \/>\nTetovan\u00fd kardigan s narvalem, quinojov\u00e9 kalhotky v etnick\u00fdch selfie od synthpapar\u00e1t\u016f. V master cleanse banjo od Thundercats. Fixie na fap v gastropubu, 8-bitov\u00e9 d\u017e\u00ednov\u00e9 kra\u0165asy od Portlandu od Ullamco, flanelov\u00e9 XOXO esse. Biodiesel, fixie knihtisk na dal\u0161\u00ed \u00farove\u0148, tvrd\u00e9 bezlepkov\u00e9 vep\u0159ov\u00e9 b\u0159icho od Labois sunt. Paleo, co Thundercats nostrud keytar nulla. Synth c\u00edrkevn\u00ed reklama Terry Richardson za p\u0159edpokladu l\u00e9ta, ho\u0159k\u00e9 farm-to-table labore non ullamco dreamcatcher. Psac\u00ed stroj z Helvetice, polaroidov\u00e1 k\u00e1va s hashtagem a sartori\u00e1ln\u00edm mixtapem \u201enakl\u00e1dan\u00e1\u201c.<br \/>\n[mks_tab_item]<br \/>\n[mks_tab_item title=\u201dN\u00e1zev 3\u2033]<br \/>\nDoslova enim elitn\u00ed id, Vice rozcuchan\u00fd Intelligentsii. Fixie sint nostrud mlkshk, delectus synth Marfa et. Nihil VHS autentick\u00fd vep\u0159ov\u00fd b\u016f\u010dek, sapiente v Austin kogi paleo PBR&amp;B 8-bit. Tumblr cardigan naru\u0161\u00ed paleo tetovan\u00fd sv\u011b\u0159eneck\u00fd fond, Truffaut odio sunt pitn\u00fd ocet. Polaroid readymade cray cardigan Shoreditch pug synth, autentick\u00fd freegan aliquip banjo fugiat. Sv\u011b\u0159ensk\u00fd fond hella McSweeney&#039;s farma-to-table reprehenderit, vousy anim church-key cillum eu lo-fi vyskakovac\u00ed psac\u00ed stroj. Quis p\u0159edt\u00edm, ne\u017e vyprodali scenester banjo, m\u00f3dn\u00ed sekeru nesciunt sartorial veniam Portland magna aute Vice.<br \/>\n[mks_tab_item]<br \/>\n[\/mks_tabs]<\/p>\n<h3>Akordeony?<\/h3>\n<p>[mks_akordeon]<br \/>\n[mks_accordion_item title=\u201dN\u00e1zev 1\u2033]<br \/>\nDoslova enim elitn\u00ed id, Vice rozcuchan\u00fd Intelligentsii. Fixie sint nostrud mlkshk, delectus synth Marfa et. Nihil VHS autentick\u00fd vep\u0159ov\u00fd b\u016f\u010dek, sapiente v Austin kogi paleo PBR&amp;B 8-bit. Tumblr cardigan naru\u0161\u00ed paleo tetovan\u00fd sv\u011b\u0159eneck\u00fd fond, Truffaut odio sunt pitn\u00fd ocet. Polaroid readymade cray cardigan Shoreditch pug synth, autentick\u00fd freegan aliquip banjo fugiat. Sv\u011b\u0159ensk\u00fd fond hella McSweeney&#039;s farma-to-table reprehenderit, vousy anim church-key cillum eu lo-fi vyskakovac\u00ed psac\u00ed stroj. Quis p\u0159edt\u00edm, ne\u017e vyprodali scenester banjo, m\u00f3dn\u00ed sekeru nesciunt sartorial veniam Portland magna aute Vice.<br \/>\n[\/mks_accordion_item]<br \/>\n[mks_accordion_item title=\u201dN\u00e1zev 2\u2033]<br \/>\nTetovan\u00fd kardigan s narvalem, quinojov\u00e9 kalhotky v etnick\u00fdch selfie od synthpapar\u00e1t\u016f. V master cleanse banjo od Thundercats. Fixie na fap v gastropubu, 8-bitov\u00e9 d\u017e\u00ednov\u00e9 kra\u0165asy od Portlandu od Ullamco, flanelov\u00e9 XOXO esse. Biodiesel, fixie knihtisk na dal\u0161\u00ed \u00farove\u0148, tvrd\u00e9 bezlepkov\u00e9 vep\u0159ov\u00e9 b\u0159icho od Labois sunt. Paleo, co Thundercats nostrud keytar nulla. Synth c\u00edrkevn\u00ed reklama Terry Richardson za p\u0159edpokladu l\u00e9ta, ho\u0159k\u00e9 farm-to-table labore non ullamco dreamcatcher. Psac\u00ed stroj z Helvetice, polaroidov\u00e1 k\u00e1va s hashtagem a sartori\u00e1ln\u00edm mixtapem \u201enakl\u00e1dan\u00e1\u201c.<br \/>\n[\/mks_accordion_item]<br \/>\n[mks_accordion_item title=\u201dN\u00e1zev 3\u2033]<br \/>\nChia k\u00fd\u010d laborum, Etsy iPhone Echo Park Thundercats kostel-kl\u00ed\u010d cornhole organick\u00e9 lo-fi. Reprehenderit pop-up wolf, pokusit se ut pariatur \u0159emesln\u00e9 pivo keytar chobotnice a ta\u0161ka ta\u0161ka Echo Park. \u010cty\u0159i loko mlkshk proident, single-origin coffee ullamco naru\u0161uj\u00ed banh mi lo-fi freegan Shoreditch ironie. Knihtiskov\u00fd sartorial meh lomo hashtag, eiusmod aliqua in. S\u00e9miotika etnick\u00e9 p\u00edce, na\u0161tvan\u00fd lapa\u010d sn\u016f naru\u0161uj\u00ed pocestn\u00e9 pomal\u00e9 sacharidy eu. IPhone tetovan\u00fd labore 3 wolf moon Odd Future, dolore skateboard.<br \/>\n[\/mks_accordion_item]<br \/>\n[\/mks_akordeon]<\/p>\n<h3>P\u0159ep\u00edn\u00e1?<\/h3>\n<p>[mks_toggle title=\u201dExample Title\u201d state=\u201dopen\u201d]Chia k\u00fd\u010dov\u00e9 laborum, Etsy iPhone Echo Park Thundercats Church-key cornhole organic lo-fi. Reprehenderit pop-up wolf, pokusit se ut pariatur \u0159emesln\u00e9 pivo keytar chobotnice a ta\u0161ka ta\u0161ka Echo Park. \u010cty\u0159i loko mlkshk proident, single-origin coffee ullamco naru\u0161uj\u00ed banh mi lo-fi freegan Shoreditch ironie. Knihtiskov\u00fd sartorial meh lomo hashtag, eiusmod aliqua in.[\/mks_toggle]<\/p>\n<p>[mks_toggle title=\u201dUk\u00e1zkov\u00fd n\u00e1zev\u201d state=\u201dzav\u0159\u00edt\u201d]Chia k\u00fd\u010dov\u00e9 laborum, Etsy iPhone Echo Park Thundercats organick\u00e9 lo-fi v kostele na kl\u00ed\u010d. Reprehenderit pop-up wolf, pokusit se ut pariatur \u0159emesln\u00e9 pivo keytar chobotnice a ta\u0161ka ta\u0161ka Echo Park. \u010cty\u0159i loko mlkshk proident, single-origin coffee ullamco naru\u0161uj\u00ed banh mi lo-fi freegan Shoreditch ironie. Knihtiskov\u00fd sartorial meh lomo hashtag, eiusmod aliqua in.[\/mks_toggle]\t\t<\/p>","protected":false},"excerpt":{"rendered":"<p>Theme comes with full support for our Meks Flexible Shortcodes WordPress plugin. Check some examples of what can you create inside page\/post content with our shortcodes. You can add some columns&#8230; [mks_col] [mks_one_half]Excepteur adipisicing try-hard kale chips et. Meh wolf anim delectus skateboard. Forage scenester mustache skateboard DIY, sapiente laborum whatever. Ethical consectetur non +1 [&hellip;]<\/p>","protected":false},"author":1,"featured_media":0,"parent":0,"menu_order":0,"comment_status":"closed","ping_status":"closed","template":"","meta":{"footnotes":""},"class_list":["post-337","page","type-page","status-publish","hentry"],"_links":{"self":[{"href":"https:\/\/idloaded.com\/cs\/wp-json\/wp\/v2\/pages\/337","targetHints":{"allow":["GET"]}}],"collection":[{"href":"https:\/\/idloaded.com\/cs\/wp-json\/wp\/v2\/pages"}],"about":[{"href":"https:\/\/idloaded.com\/cs\/wp-json\/wp\/v2\/types\/page"}],"author":[{"embeddable":true,"href":"https:\/\/idloaded.com\/cs\/wp-json\/wp\/v2\/users\/1"}],"replies":[{"embeddable":true,"href":"https:\/\/idloaded.com\/cs\/wp-json\/wp\/v2\/comments?post=337"}],"version-history":[{"count":0,"href":"https:\/\/idloaded.com\/cs\/wp-json\/wp\/v2\/pages\/337\/revisions"}],"wp:attachment":[{"href":"https:\/\/idloaded.com\/cs\/wp-json\/wp\/v2\/media?parent=337"}],"curies":[{"name":"wp","href":"https:\/\/api.w.org\/{rel}","templated":true}]}}