{"id":328,"date":"2014-11-25T13:48:50","date_gmt":"2014-11-25T13:48:50","guid":{"rendered":"https:\/\/demo.mekshq.com\/voice\/?page_id=328"},"modified":"2014-11-25T13:48:50","modified_gmt":"2014-11-25T13:48:50","slug":"typografie","status":"publish","type":"page","link":"https:\/\/idloaded.com\/cs\/typografie\/","title":{"rendered":"Typografie"},"content":{"rendered":"<p>[mks_dropcap style=\u201dsquare\u201d size=\u201d50\u2033 bg_color=\u201d#cf4d35\u2033 txt_color=\u201d#ffffff\u201d]A[\/mks_dropcap]orem ipsum Id tempor laborum in consequat ut in eu id uint eu squids incididis sunt laborum in consequat tempor laborum v d\u016fsledku Excepteur <a href=\"https:\/\/mekshq.com\" target=\"_blank\" rel=\"noopener noreferrer\">consectetur reprehenderit<\/a> culpa deserunt cillum aute dolor dolor dolor qui. Id tempor laborum in consequat Ut in eu id eu. Shoreditch gastropub cokoliv. Reprehenderit quer polaroid aben digeth manu.<\/p>\n\n\n\n<h1 class=\"wp-block-heading\">Toto je p\u0159\u00edklad titulku H1<\/h1>\n\n\n\n<p>Ta\u0161ka p\u0159es rameno Narwhal, normcore, quinoa, food truck s p\u0159\u00edchut\u00ed Four Loko, pr\u00e1va na cyklisty, letterpress, pt\u00e1k na n\u011bm, tofu banjo, cray semiotics, iPhone. Mlkshk twee Neutra, Bushwick. Ledvinka s k\u0159\u00ed\u017eovkou Williamsburg, keytarsk\u00e1 VHS kazeta od American Apparel. Mikina s kapuc\u00ed Chillwave Godard, Cray Neutra. Vinylov\u00e1 vyskakovac\u00ed food truck s p\u0159\u00edchut\u00ed Wayfarers, s\u00e9miotika, street art.<\/p>\n\n\n\n<h2 class=\"wp-block-heading\">Toto je n\u00e1zev p\u0159\u00edkladu H2.<\/h2>\n\n\n\n<p>Blog Brooklyn keytar o nich jste asi nesly\u0161eli mixtape, swag direct trade hashtag organic church-key crucifix stumptown cliche try-hard ethnic. Flexitari\u00e1nsk\u00fd narval PBR&amp;B +1 locavore. D\u017e\u00ednov\u00e9 kra\u0165asy Sartorial Dreamcatcher, kn\u00edr z vep\u0159ov\u00e9ho b\u0159icha z Neutra street artu na zak\u00e1zku.<\/p>\n\n\n\n<h3 class=\"wp-block-heading\">Toto je p\u0159\u00edklad titulku H3<\/h3>\n\n\n\n<p>Ta\u0161ka p\u0159es rameno Narwhal, normcore, quinoa, food truck s p\u0159\u00edchut\u00ed Four Loko, pr\u00e1va na cyklisty, letterpress, pt\u00e1k na n\u011bm, tofu banjo, cray semiotics, iPhone. Mlkshk twee Neutra, Bushwick. Ledvinka s k\u0159\u00ed\u017eovkou Williamsburg, keytarsk\u00e1 VHS kazeta od American Apparel. Mikina s kapuc\u00ed Chillwave Godard, Cray Neutra. Vinylov\u00e1 vyskakovac\u00ed food truck s p\u0159\u00edchut\u00ed Wayfarers, s\u00e9miotika, street art.<\/p>\n\n\n\n<h4 class=\"wp-block-heading\">Toto je p\u0159\u00edklad titulku H4<\/h4>\n\n\n\n<p>Blog Brooklyn keytar o nich jste asi nesly\u0161eli mixtape, swag direct trade hashtag organic church-key crucifix stumptown cliche try-hard ethnic. Flexitari\u00e1nsk\u00fd narval PBR&amp;B +1 locavore. D\u017e\u00ednov\u00e9 kra\u0165asy Sartorial Dreamcatcher, kn\u00edr z vep\u0159ov\u00e9ho b\u0159icha z Neutra street artu na zak\u00e1zku.<\/p>\n\n\n\n<h5 class=\"wp-block-heading\">Toto je p\u0159\u00edklad titulku H5<\/h5>\n\n\n\n<p>Blog Brooklyn keytar o nich jste asi nesly\u0161eli mixtape, swag direct trade hashtag organic church-key crucifix stumptown cliche try-hard ethnic. Flexitari\u00e1nsk\u00fd narval PBR&amp;B +1 locavore. D\u017e\u00ednov\u00e9 kra\u0165asy Sartorial Dreamcatcher, kn\u00edr z vep\u0159ov\u00e9ho b\u0159icha z Neutra street artu na zak\u00e1zku.<\/p>\n\n\n\n<h6 class=\"wp-block-heading\">Toto je p\u0159\u00edklad titulku H6<\/h6>\n\n\n\n<p>Lorem ipsum Id tempor laborum in consequat Ut in eu id eu incididunt ut sed elit quis veniam sint id sit Duis sunt Excepteur consectetur reprehenderit culpa deserunt cillum aute dolor dolor dolor qui.<\/p>\n\n\n\n<div class=\"wp-block-image\"><figure class=\"alignleft\"><a href=\"https:\/\/demo.mekshq.com\/voice\/wp-content\/uploads\/2014\/11\/voice_16.jpg\"><img decoding=\"async\" src=\"https:\/\/demo.mekshq.com\/voice\/wp-content\/uploads\/2014\/11\/voice_16-300x300.jpg\" alt=\"M\u00f3dn\u00ed fanatik\" class=\"wp-image-83\"\/><\/a><figcaption>M\u00f3dn\u00ed fanatik<\/figcaption><\/figure><\/div>\n\n\n\n<p>P\u0159elij a sy\u010d, commodo Marfa dreamcatcher aliquip. Sv\u011b\u0159eneck\u00fd fond p\u0159edt\u00edm, ne\u017e vyprodali mumblecore YOLO. Placeat sv\u011b\u0159eneck\u00fd fond culpa, keffiyeh twee labore vero. McSweeneyho chia polaroid vlk. Ledvinka Laborum Vice Pitchfork Tumblr, Pinterest Blue Bottle cvi\u010den\u00ed High Life 8-bit mlkshk brunch m\u00f3da ax Helvetica. Polaroid bez vazby, incident leg\u00edny scenester <a href=\"#\">Vidle pije ocet <\/a>Neetick\u00fd vir\u00e1ln\u00ed produkt. Etsy s motivem lapa\u010d\u016f sn\u016f z banjo. Mikina Sapient s kapuc\u00ed, Wayfarers, Mumblecore a dal\u0161\u00ed produkty v single-origin coffee. Banksy a dal\u0161\u00ed poj\u00edzdn\u00e9 j\u00eddlo. Neutra eiusmod forage, vlastn\u011b mikina s kapuc\u00ed s vep\u0159ov\u00fdm b\u0159ichem, mlkshk keytar synth laboris Intelligence. Reprehenderit que polaroid xOXO blame, Shoreditch gastropub, cokoli. Reprehenderit que polaroid xOXO blame, Shoreditch gastropub.<\/p>\n\n\n\n<div class=\"wp-block-image\"><figure class=\"alignright\"><a href=\"https:\/\/demo.mekshq.com\/voice\/wp-content\/uploads\/2014\/11\/voice_61.jpg\"><img decoding=\"async\" src=\"https:\/\/demo.mekshq.com\/voice\/wp-content\/uploads\/2014\/11\/voice_61-300x200.jpg\" alt=\"Fotografick\u00fd ninja\" class=\"wp-image-86\"\/><\/a><figcaption>Fotografick\u00fd ninja<\/figcaption><\/figure><\/div>\n\n\n\n<p>K\u00e1va jednoho p\u016fvodu <a href=\"#\">ullamco pariatur<\/a>, id accusamus sunt pop-up. Fugiat vep\u0159ov\u00fd b\u016f\u010dek Terry Richardson 3 vl\u010d\u00ed m\u011bs\u00edc, commodo placeat Intelligentsia irure mikina Etsy do Neutra aliqua cray. Pariatur leg\u00edny Banksy anim pour-over dolor, labore cornhole Pinterest delectus cray voluptate. Banjo vinyl Austin, sc\u00e9n\u00e1r Truffaut za p\u0159edpokladu PBR&amp;B vep\u0159ov\u00fd b\u016f\u010dek eiusmod narval Vice selvage meh consequat. Gastropub proident naru\u0161uje syrovou d\u017e\u00ednovinu, ho\u0159k\u00e1 chia Echo Park Tonx. Vidle accusamus kogi Tonx. Elit etnick\u00e9 Thundercats fap, aliquip Marfa direct trade a American Apparel quinoa stumptown.<\/p>\n\n\n<p>[mks_separator style=\u201dsolid\u201d height=\u201d1\u2033]<\/p>\n\n\n\n<h4 class=\"wp-block-heading\">Blokov\u00e1 citace<\/h4>\n\n\n\n<p>Mikina s kapuc\u00ed Sapient, Wayfarers, Mumblecore a dal\u0161\u00ed, kde se d\u011bl\u00e1 tuk, v k\u00e1v\u011b s jedn\u00edm p\u016fvodem. Banksy a jeho poj\u00edzdn\u00e9 j\u00eddlo. Neutra eiusmod, vlastn\u011b mikina s kapuc\u00ed a b\u0159ichem, mlkshk keytar synth laboris, Intelligentsia. Reprehenderit quer polaroid XOXO blame, Shoreditch gastropub, cokoliv.<\/p>\n\n\n\n<blockquote class=\"wp-block-quote is-layout-flow wp-block-quote-is-layout-flow\"><p>V\u00e1\u0161 \u010das je omezen\u00fd, tak\u017ee ho nepromar\u0148ujte t\u00edm, \u017ee budete \u017e\u00edt \u017eivot n\u011bkoho jin\u00e9ho. Nenechte se un\u00e9st dogmatem \u2013 co\u017e je \u017eivot s v\u00fdsledky my\u0161len\u00ed jin\u00fdch lid\u00ed. Nenechte hluk n\u00e1zor\u016f ostatn\u00edch p\u0159ehlu\u0161it v\u00e1\u0161 vlastn\u00ed vnit\u0159n\u00ed hlas. A co je nejd\u016fle\u017eit\u011bj\u0161\u00ed, m\u011bjte odvahu n\u00e1sledovat sv\u00e9 srdce a intuici.<\/p><\/blockquote>\n\n\n\n<p>Mikina s kapuc\u00ed Sapient, Wayfarers, Mumblecore a dal\u0161\u00ed, kde se d\u011bl\u00e1 tuk, v k\u00e1v\u011b s jedn\u00edm p\u016fvodem. Banksy a jeho poj\u00edzdn\u00e9 j\u00eddlo. Neutra eiusmod, vlastn\u011b mikina s kapuc\u00ed a b\u0159ichem, mlkshk keytar synth laboris, Intelligentsia. Reprehenderit quer polaroid XOXO blame, Shoreditch gastropub, cokoliv.<\/p>\n\n\n\n<h4 class=\"wp-block-heading\">Hlavn\u00ed body<\/h4>\n\n\n\n<p>Lorem ipsum Id tempor laborum in <\/p>\n\n\n<p>[mks_highlight color=\u201d#cf4d35\u2033]<span style=\"color: #ffffff;\">Veniam je identifik\u00e1tor<\/span>[\/mks_highlight]<\/p>\n\n\n\n<p> consequat Ut in eu id eu incididunt ut sed elit quis sit Duis sunt Excepteur consectetur reprehenderit culpa deserunt cillum aute dolor dolor dolor qui.<\/p>\n\n\n<p>[mks_col]<br \/>\n[mks_one_half]<\/p>\n<h4 style=\"text-align: left;\">Neuspo\u0159\u00e1dan\u00fd seznam<\/h4>\n<ul>\n<li>Sapiente mikina s kapuc\u00ed Wayfarers<\/li>\n<li>Leg\u00edny Pariatur Banksy<\/li>\n<li>Obvin\u011bn\u00ed z vidle<\/li>\n<li>Bolest pal\u00edrny Helvetica<\/li>\n<\/ul>\n<p>[\/mks_one_half]<\/p>\n<p>[mks_one_half]<\/p>\n<h4>Se\u0159azen\u00fd seznam<\/h4>\n<ol>\n<li>Cvi\u010den\u00ed v Echo Parku<\/li>\n<li>Pinterest delectus cray voluptate<\/li>\n<li>Aliqua credit Terry Richardson<\/li>\n<li>Obvin\u011bn\u00ed z vidle<\/li>\n<\/ol>\n<p>[\/mks_one_half]<\/p>\n<p>[\/mks_col]<\/p>\n\n\n\n<h4 class=\"wp-block-heading\">P\u0159\u00edklad k\u00f3du<\/h4>\n\n\n\n<pre class=\"wp-block-preformatted\">.super_class:p\u0159ed{ background:url(&#039;images\/awesome.jpg&#039;) neopakov\u00e1n\u00ed st\u0159ed st\u0159ed; float:left; display:block; obsah: &quot;Awesome&quot;; }<\/pre>\n\n\n\n<h4 class=\"wp-block-heading\">P\u0159\u00edklad tabulky<\/h4>\n\n\n\n<table class=\"wp-block-table\"><thead><tr><td>Jm\u00e9no<\/td><td>P\u0159ezd\u00edvka<\/td><td>\u010c\u00edslo<\/td><\/tr><\/thead><tbody><tr><td>Jill<\/td><td>\u017dol\u00edk<\/td><td>50<\/td><\/tr><tr><td>P\u0159edve\u010der<\/td><td>Batman<\/td><td>94<\/td><\/tr><tr><td>Jan<\/td><td>\u010cervenka<\/td><td>80<\/td><\/tr><\/tbody><\/table>","protected":false},"excerpt":{"rendered":"<p>[mks_dropcap style=&#8221;square&#8221; size=&#8221;50&#8243; bg_color=&#8221;#cf4d35&#8243; txt_color=&#8221;#ffffff&#8221;]A[\/mks_dropcap]orem ipsum Id tempor laborum in consequat ut in eu id eu incididunt ut sed elit quis veniam sint id sit Duis sunt laborum in consequat&nbsp;tempor laborum in consequat&nbsp;Excepteur consectetur reprehenderit culpa deserunt cillum aute dolor dolor dolor qui. Id tempor laborum in consequat Ut in eu id eu.&nbsp;Shoreditch gastropub whatever.&nbsp;Reprehenderit [&hellip;]<\/p>","protected":false},"author":1,"featured_media":0,"parent":0,"menu_order":0,"comment_status":"closed","ping_status":"closed","template":"","meta":{"footnotes":""},"class_list":["post-328","page","type-page","status-publish","hentry"],"_links":{"self":[{"href":"https:\/\/idloaded.com\/cs\/wp-json\/wp\/v2\/pages\/328","targetHints":{"allow":["GET"]}}],"collection":[{"href":"https:\/\/idloaded.com\/cs\/wp-json\/wp\/v2\/pages"}],"about":[{"href":"https:\/\/idloaded.com\/cs\/wp-json\/wp\/v2\/types\/page"}],"author":[{"embeddable":true,"href":"https:\/\/idloaded.com\/cs\/wp-json\/wp\/v2\/users\/1"}],"replies":[{"embeddable":true,"href":"https:\/\/idloaded.com\/cs\/wp-json\/wp\/v2\/comments?post=328"}],"version-history":[{"count":0,"href":"https:\/\/idloaded.com\/cs\/wp-json\/wp\/v2\/pages\/328\/revisions"}],"wp:attachment":[{"href":"https:\/\/idloaded.com\/cs\/wp-json\/wp\/v2\/media?parent=328"}],"curies":[{"name":"wp","href":"https:\/\/api.w.org\/{rel}","templated":true}]}}