{"id":69,"date":"2023-12-01T00:51:50","date_gmt":"2023-12-01T03:51:50","guid":{"rendered":"http:\/\/idloaded.com\/?page_id=69"},"modified":"2024-07-04T19:21:46","modified_gmt":"2024-07-04T22:21:46","slug":"%d0%b7%d0%b2%d1%8f%d0%b6%d1%8b%d1%86%d0%b5%d1%81%d1%8f-%d0%b7-%d0%bd%d0%b0%d0%bc%d1%96","status":"publish","type":"page","link":"https:\/\/idloaded.com\/be\/%d0%b7%d0%b2%d1%8f%d0%b6%d1%8b%d1%86%d0%b5%d1%81%d1%8f-%d0%b7-%d0%bd%d0%b0%d0%bc%d1%96\/","title":{"rendered":"\u041a\u0430\u043d\u0442\u0430\u043a\u0442"},"content":{"rendered":"<h2>\u0417\u0432\u044f\u0436\u044b\u0446\u0435\u0441\u044f \u0437 \u043d\u0430\u043c\u0456<\/h2>\n<p>\u0414\u0437\u044f\u043a\u0443\u0439 \u0437\u0430 \u0446\u0456\u043a\u0430\u0432\u0430\u0441\u0446\u044c \u0434\u0430 IdLoaded. \u041c\u044b \u0446\u044d\u043d\u0456\u043c \u0432\u0430\u0448\u044b \u043c\u0435\u0440\u043a\u0430\u0432\u0430\u043d\u043d\u0456 \u0456 \u043f\u044b\u0442\u0430\u043d\u043d\u0456. \u0412\u043e\u0441\u044c \u0441\u043f\u043e\u0441\u0430\u0431\u044b \u0437\u0432\u044f\u0437\u0430\u0446\u0446\u0430 \u0437 \u043d\u0430\u043c\u0456:<\/p>\n<h3>\u042d\u043b\u0435\u043a\u0442\u0440\u043e\u043d\u043d\u0430\u044f \u043f\u043e\u0448\u0442\u0430<\/h3>\n<p>\u0417 \u0430\u0433\u0443\u043b\u044c\u043d\u044b\u043c\u0456 \u043f\u044b\u0442\u0430\u043d\u043d\u044f\u043c\u0456, \u043f\u0440\u0430\u043f\u0430\u043d\u043e\u0432\u0430\u043c\u0456 \u0456 \u043a\u0430\u043c\u0435\u043d\u0442\u0430\u0440\u0430\u043c\u0456 \u0437\u0432\u044f\u0440\u0442\u0430\u0439\u0446\u0435\u0441\u044f \u043f\u0430 \u044d\u043b\u0435\u043a\u0442\u0440\u043e\u043d\u043d\u0430\u0439 \u043f\u043e\u0448\u0446\u0435 <a rel=\"noreferrer\">contact@idloaded.com<\/a>. \u041d\u0430\u0448\u0430 \u043a\u0430\u043c\u0430\u043d\u0434\u0430 \u0431\u0443\u0434\u0437\u0435 \u0456\u043c\u043a\u043d\u0443\u0446\u0446\u0430 \u0430\u0434\u043a\u0430\u0437\u0430\u0446\u044c \u043d\u0430 \u0432\u0430\u0448\u044b \u043f\u044b\u0442\u0430\u043d\u043d\u0456 \u044f\u043a \u043c\u0430\u0433\u0430 \u0445\u0443\u0442\u0447\u044d\u0439.<\/p>\n<h3>\u041a\u0430\u043d\u0442\u0430\u043a\u0442\u043d\u0430\u044f \u0444\u043e\u0440\u043c\u0430<\/h3>\n<p>\u041a\u0430\u043b\u0456 \u045e \u0432\u0430\u0441 \u0451\u0441\u0446\u044c \u043a\u0430\u043d\u043a\u0440\u044d\u0442\u043d\u044b\u044f \u043f\u044b\u0442\u0430\u043d\u043d\u0456 \u0446\u0456 \u0432\u044b \u0445\u043e\u0447\u0430\u0446\u0435 \u0430\u0434\u043f\u0440\u0430\u0432\u0456\u0446\u044c \u0430\u0440\u0442\u044b\u043a\u0443\u043b, \u0437\u0432\u044f\u0437\u0430\u043d\u044b \u0437 \u0442\u044d\u0445\u043d\u0430\u043b\u043e\u0433\u0456\u044f\u043c\u0456, \u043a\u0430\u043b\u0456 \u043b\u0430\u0441\u043a\u0430, \u043d\u0430\u043f\u0456\u0448\u044b\u0446\u0435 <a rel=\"noreferrer\">contact@idloaded.com<\/a>. \u041c\u044b \u0432\u0456\u0442\u0430\u0435\u043c \u0443\u043d\u0451\u0441\u043a\u0456 \u0430\u0434 \u0430\u043c\u0430\u0442\u0430\u0440\u0430\u045e \u0430\u0433\u0443\u043b\u044c\u043d\u0430\u0439 \u0456\u043d\u0444\u0430\u0440\u043c\u0430\u0446\u044b\u0456 \u0456 \u044d\u043d\u0442\u0443\u0437\u0456\u044f\u0441\u0442\u0430\u045e \u0442\u044d\u0445\u043d\u0430\u043b\u043e\u0433\u0456\u0439.<\/p>\n<h3>\u041f\u0430\u0448\u0442\u043e\u0432\u044b \u0430\u0434\u0440\u0430\u0441<\/h3>\n<p>\u041a\u0430\u043b\u0456 \u0432\u044b \u0430\u0434\u0434\u0430\u0435\u0446\u0435 \u043f\u0435\u0440\u0430\u0432\u0430\u0433\u0443 \u0442\u0440\u0430\u0434\u044b\u0446\u044b\u0439\u043d\u0443\u044e \u043f\u043e\u0448\u0442\u0443, \u0432\u044b \u043c\u043e\u0436\u0430\u0446\u0435 \u0437\u043d\u0430\u0439\u0441\u0446\u0456 \u043d\u0430\u0441 \u043f\u0430 \u043d\u0430\u0441\u0442\u0443\u043f\u043d\u044b\u043c \u0430\u0434\u0440\u0430\u0441\u0435:<\/p>\n<p><strong>IdLoaded<\/strong><\/p>\n<p>837 \u041b\u0430\u043f\u0447\u0430\u0442\u044b \u0437\u0430\u0432<\/p>\n<p>\u0414\u043e\u0433\u0432\u0456\u043b\u044c, \u0422\u044d\u0445\u0430\u0441 75001<\/p>\n<p>\u0417\u0428\u0410<\/p>\n<h3>\u0406\u043d\u0444\u0430\u0440\u043c\u0430\u0446\u044b\u0439\u043d\u044b \u0431\u044e\u043b\u0435\u0442\u044d\u043d\u044c<\/h3>\n<p>\u041a\u0430\u0431 \u0431\u044b\u0446\u044c \u0443 \u043a\u0443\u0440\u0441\u0435 \u0430\u043f\u043e\u0448\u043d\u0456\u0445 \u0430\u0440\u0442\u044b\u043a\u0443\u043b\u0430\u045e, \u0442\u044d\u0445\u043d\u0430\u043b\u0430\u0433\u0456\u0447\u043d\u044b\u0445 \u0442\u044d\u043d\u0434\u044d\u043d\u0446\u044b\u0439 \u0456 \u043d\u0430\u0432\u0456\u043d \u0430\u0434 \u0441\u0443\u043f\u043e\u043b\u044c\u043d\u0430\u0441\u0446\u0456 IdLoaded, \u043f\u0430\u0434\u043f\u0456\u0448\u044b\u0446\u0435\u0441\u044f \u043d\u0430 \u043d\u0430\u0448\u0443 \u0440\u0430\u0441\u0441\u044b\u043b\u043a\u0443. \u041f\u0440\u043e\u0441\u0442\u0430 \u045e\u0432\u044f\u0434\u0437\u0456\u0446\u0435 \u0441\u0432\u043e\u0439 \u0430\u0434\u0440\u0430\u0441 \u044d\u043b\u0435\u043a\u0442\u0440\u043e\u043d\u043d\u0430\u0439 \u043f\u043e\u0448\u0442\u044b \u045e \u043f\u043e\u043b\u0435 \u0434\u043b\u044f \u0440\u044d\u0433\u0456\u0441\u0442\u0440\u0430\u0446\u044b\u0456 \u045e\u043d\u0456\u0437\u0435 \u043d\u0430\u0448\u0430\u0439 \u0445\u0430\u0442\u043d\u044f\u0439 \u0441\u0442\u0430\u0440\u043e\u043d\u043a\u0456.<\/p>\n<h3>\u0417\u0432\u0430\u0440\u043e\u0442\u043d\u0430\u044f \u0441\u0443\u0432\u044f\u0437\u044c<\/h3>\n<p>\u041c\u044b \u0437\u0430\u045e\u0441\u0451\u0434\u044b \u0456\u043c\u043a\u043d\u0435\u043c\u0441\u044f \u043f\u0430\u043b\u0435\u043f\u0448\u044b\u0446\u044c \u043d\u0430\u0448 \u043a\u0430\u043d\u0442\u044d\u043d\u0442 \u0456 \u043a\u0430\u0440\u044b\u0441\u0442\u0430\u0446\u043a\u0456 \u0434\u043e\u0441\u0432\u0435\u0434. \u041a\u0430\u043b\u0456 \u045e \u0432\u0430\u0441 \u0451\u0441\u0446\u044c \u043f\u0440\u0430\u043f\u0430\u043d\u043e\u0432\u044b \u0430\u0431\u043e \u043a\u0430\u043c\u0435\u043d\u0442\u0430\u0440\u044b\u0456 \u0430\u0431 \u0442\u044b\u043c, \u044f\u043a \u043c\u044b \u043c\u043e\u0436\u0430\u043c \u043f\u0430\u043b\u0435\u043f\u0448\u044b\u0446\u044c \u0432\u0430\u0448 \u0432\u043e\u043f\u044b\u0442 IdLoaded, \u043f\u0430\u0434\u0437\u044f\u043b\u0456\u0446\u0435\u0441\u044f \u0456\u043c\u0456 \u0437 \u043d\u0430\u043c\u0456 \u043f\u0430 \u044d\u043b\u0435\u043a\u0442\u0440\u043e\u043d\u043d\u0430\u0439 \u043f\u043e\u0448\u0446\u0435.<\/p>\n<p>\u041c\u044b \u0446\u044d\u043d\u0456\u043c \u0432\u0430\u0448\u0443 \u0446\u0456\u043a\u0430\u0432\u0430\u0441\u0446\u044c \u0456 \u0437 \u043d\u0435\u0446\u044f\u0440\u043f\u0435\u043d\u043d\u0435\u043c \u0447\u0430\u043a\u0430\u0435\u043c \u0432\u0430\u0448\u0430\u0433\u0430 \u0430\u0434\u043a\u0430\u0437\u0443. IdLoaded \u0442\u0443\u0442, \u043a\u0430\u0431 \u0437\u043b\u0443\u0447\u044b\u0446\u044c \u0441\u0432\u0435\u0442 \u0456\u043d\u0444\u0430\u0440\u043c\u0430\u0446\u044b\u0456 \u0437 \u043d\u0430\u0439\u043d\u043e\u045e\u0448\u044b\u043c\u0456 \u0442\u044d\u0445\u043d\u0430\u043b\u043e\u0433\u0456\u044f\u043c\u0456, \u0456 \u0432\u0430\u0448 \u0443\u043a\u043b\u0430\u0434 \u0432\u0435\u043b\u044c\u043c\u0456 \u0432\u0430\u0436\u043d\u044b \u0434\u043b\u044f \u0442\u0430\u0433\u043e, \u043a\u0430\u0431 \u0434\u0430\u043f\u0430\u043c\u0430\u0433\u0447\u044b \u043d\u0430\u043c \u0434\u0430\u0441\u044f\u0433\u043d\u0443\u0446\u044c \u0433\u044d\u0442\u0430\u0439 \u043c\u0456\u0441\u0456\u0456.<\/p>\n<p>\u0414\u0437\u044f\u043a\u0443\u0439 \u0437\u0430 \u045e\u0434\u0437\u0435\u043b \u0443 \u043d\u0430\u0448\u0430\u0439 \u0430\u0433\u0443\u043b\u044c\u043d\u0430\u0439 \u0456\u043d\u0444\u0430\u0440\u043c\u0430\u0446\u044b\u0439\u043d\u0430\u0439 \u0441\u0443\u043f\u043e\u043b\u044c\u043d\u0430\u0441\u0446\u0456!<\/p>","protected":false},"excerpt":{"rendered":"<p>Entre em Contato Conosco Obrigado pelo seu interesse no IdLoaded. Valorizamos suas opini\u00f5es e perguntas. Aqui est\u00e3o as formas de nos contatar: Email Para perguntas gerais, sugest\u00f5es ou coment\u00e1rios, envie um e-mail para contact@idloaded.com. Nossa equipe se esfor\u00e7ar\u00e1 para responder \u00e0s suas perguntas o mais r\u00e1pido poss\u00edvel. Formul\u00e1rio de Contato Se voc\u00ea tiver perguntas espec\u00edficas [&hellip;]<\/p>","protected":false},"author":1,"featured_media":0,"parent":0,"menu_order":0,"comment_status":"closed","ping_status":"closed","template":"","meta":{"footnotes":""},"class_list":["post-69","page","type-page","status-publish","hentry"],"_links":{"self":[{"href":"https:\/\/idloaded.com\/be\/wp-json\/wp\/v2\/pages\/69","targetHints":{"allow":["GET"]}}],"collection":[{"href":"https:\/\/idloaded.com\/be\/wp-json\/wp\/v2\/pages"}],"about":[{"href":"https:\/\/idloaded.com\/be\/wp-json\/wp\/v2\/types\/page"}],"author":[{"embeddable":true,"href":"https:\/\/idloaded.com\/be\/wp-json\/wp\/v2\/users\/1"}],"replies":[{"embeddable":true,"href":"https:\/\/idloaded.com\/be\/wp-json\/wp\/v2\/comments?post=69"}],"version-history":[{"count":6,"href":"https:\/\/idloaded.com\/be\/wp-json\/wp\/v2\/pages\/69\/revisions"}],"predecessor-version":[{"id":506,"href":"https:\/\/idloaded.com\/be\/wp-json\/wp\/v2\/pages\/69\/revisions\/506"}],"wp:attachment":[{"href":"https:\/\/idloaded.com\/be\/wp-json\/wp\/v2\/media?parent=69"}],"curies":[{"name":"wp","href":"https:\/\/api.w.org\/{rel}","templated":true}]}}